{"id":79,"date":"2014-02-24T16:51:20","date_gmt":"2014-02-24T18:51:20","guid":{"rendered":"http:\/\/sites.usp.br\/msol\/?page_id=79"},"modified":"2025-03-21T23:58:19","modified_gmt":"2025-03-22T01:58:19","slug":"pagina-inicial","status":"publish","type":"page","link":"https:\/\/sites.usp.br\/msol\/","title":{"rendered":"Multiphysics Systems Optimization Laboratory (MSOL)"},"content":{"rendered":"<p>The <strong>Multiphysics Systems Optimization Laboratory (MSOL, &#8220;Laborat\u00f3rio de Otimiza\u00e7\u00e3o de Sistemas Multif\u00edsicos&#8221;)<\/strong> is a research group of the Department of Mechatronics and Mechanical Systems Engineering (PMR) of the Polytechnic School of the University of S\u00e3o Paulo (Poli-USP). The main objectives of this group are centered in computational optimization techniques (in particular of topology optimization) applied to the design of mechatronic systems, including the fabrication of the optimized structures through 3D printer (additive manufacturing).<\/p>\n<p><span style=\"font-size: 18pt;\"><strong>Professor<\/strong> <\/span><\/p>\n<table style=\"height: 63px; width: 100%; border-collapse: collapse; border-style: hidden;\">\n<tbody>\n<tr style=\"height: 63px; border-style: hidden;\">\n<td style=\"width: 21.3576%; border-style: none; height: 63px;\"><img loading=\"lazy\" decoding=\"async\" class=\"alignleft wp-image-361 size-thumbnail\" src=\"https:\/\/sites.usp.br\/msol\/wp-content\/uploads\/sites\/686\/2021\/01\/Emilio_Carlos_Nelli_Silva-150x150.jpg\" alt=\"\" width=\"150\" height=\"150\" srcset=\"https:\/\/sites.usp.br\/msol\/wp-content\/uploads\/sites\/686\/2021\/01\/Emilio_Carlos_Nelli_Silva-150x150.jpg 150w, https:\/\/sites.usp.br\/msol\/wp-content\/uploads\/sites\/686\/2021\/01\/Emilio_Carlos_Nelli_Silva-45x45.jpg 45w, https:\/\/sites.usp.br\/msol\/wp-content\/uploads\/sites\/686\/2021\/01\/Emilio_Carlos_Nelli_Silva-200x200.jpg 200w\" sizes=\"auto, (max-width: 150px) 100vw, 150px\" \/><\/td>\n<td style=\"width: 78.6424%; border-style: none; height: 63px;\"><a style=\"color: #3465a4;\" href=\"https:\/\/sites.usp.br\/msol\/members\/\"><span style=\"font-size: 12pt;\">Em\u00edlio Carlos Nelli Silva<\/span><\/a><\/td>\n<\/tr>\n<\/tbody>\n<\/table>\n<p class=\"inner_title\"><span style=\"font-size: 18pt;\"><strong>Research topics<br \/>\n<\/strong><\/span><\/p>\n<ul style=\"list-style-type: disc;\">\n<li style=\"list-style-type: none;\">\n<ul style=\"list-style-type: disc;\">\n<li>Microelectromechanical systems (<q>MEMS<\/q>) &#8211; electrostatic, piezoresistive e electrothermomechanical;<\/li>\n<li>Nanopositioners, actuators e piezoelectric motors and piezocomposites;<\/li>\n<li>Piezoelectric flow pumps;<\/li>\n<li>Devices based on the concept of functionally graded materials;<\/li>\n<li>Design of composite materials;<\/li>\n<li>Fluid flow devices (radial pumps, Tesla pump, compressor rotor, labyrinth seal etc.);<\/li>\n<li>Imaging by acoustic tomography;<\/li>\n<li>Gas storage tanks adsorption by adsorption based on PCM (Phase Change Materials).<\/li>\n<\/ul>\n<\/li>\n<\/ul>\n<p><!--\n \t\n\n<li>etc.<\/li>\n\n\n--><\/p>\n<p>&nbsp;<\/p>\n\r\n\t<div class=\"slideshow_container slideshow_container_slideshow-jquery-image-gallery-custom-styles_3\" style=\" \" data-slideshow-id=\"82\" data-style-name=\"slideshow-jquery-image-gallery-custom-styles_3\" data-style-version=\"1581295302\" >\r\n\r\n\t\t\t\t\t<div class=\"slideshow_loading_icon\"><\/div>\r\n\t\t\r\n\t\t<div class=\"slideshow_content\" style=\"display: none;\">\r\n\r\n\t\t\t<div class=\"slideshow_view\">\r\n\t\t\t\t<div class=\"slideshow_slide slideshow_slide_image\">\r\n\t\t\t\t\t\t\t\t\t\t\t<img src=\"https:\/\/sites.usp.br\/msol\/wp-content\/uploads\/sites\/686\/2020\/02\/topology-optimization-pump-rotor-1.png\" alt=\"topology-optimization-pump-rotor\" width=\"2000\" height=\"900\" \/>\r\n\t\t\t\t\t\t\t\t\t\t<div class=\"slideshow_description_box slideshow_transparent\">\r\n\t\t\t\t\t\t<div class=\"slideshow_title\">topology-optimization-pump-rotor<\/div>\t\t\t\t\t\t\t\t\t\t\t<\/div>\r\n\t\t\t\t<\/div>\r\n\r\n\t\t\t\t\t\t<div style=\"clear: both;\"><\/div><\/div><div class=\"slideshow_view\">\r\n\t\t\t\t<div class=\"slideshow_slide slideshow_slide_image\">\r\n\t\t\t\t\t\t\t\t\t\t\t<img src=\"https:\/\/sites.usp.br\/msol\/wp-content\/uploads\/sites\/686\/2020\/02\/topology-optimization-composite-1.png\" alt=\"topology-optimization-composite\" width=\"2000\" height=\"900\" \/>\r\n\t\t\t\t\t\t\t\t\t\t<div class=\"slideshow_description_box slideshow_transparent\">\r\n\t\t\t\t\t\t<div class=\"slideshow_title\">topology-optimization-composite<\/div>\t\t\t\t\t\t\t\t\t\t\t<\/div>\r\n\t\t\t\t<\/div>\r\n\r\n\t\t\t\t\t\t<div style=\"clear: both;\"><\/div><\/div><div class=\"slideshow_view\">\r\n\t\t\t\t<div class=\"slideshow_slide slideshow_slide_image\">\r\n\t\t\t\t\t\t\t\t\t\t\t<img src=\"https:\/\/sites.usp.br\/msol\/wp-content\/uploads\/sites\/686\/2020\/02\/topology-optimization-Tesla-pump-1.png\" alt=\"topology-optimization-Tesla-pump\" width=\"2000\" height=\"900\" \/>\r\n\t\t\t\t\t\t\t\t\t\t<div class=\"slideshow_description_box slideshow_transparent\">\r\n\t\t\t\t\t\t<div class=\"slideshow_title\">topology-optimization-Tesla-pump<\/div>\t\t\t\t\t\t\t\t\t\t\t<\/div>\r\n\t\t\t\t<\/div>\r\n\r\n\t\t\t\t\t\t<div style=\"clear: both;\"><\/div><\/div>\r\n\t\t<\/div>\r\n\r\n\t\t<div class=\"slideshow_controlPanel slideshow_transparent\" style=\"display: none;\"><ul><li class=\"slideshow_togglePlay\" data-play-text=\"Play\" data-pause-text=\"Pause\"><\/li><\/ul><\/div>\r\n\r\n\t\t<div class=\"slideshow_button slideshow_previous slideshow_transparent\" role=\"button\" data-previous-text=\"Previous\" style=\"display: none;\"><\/div>\r\n\t\t<div class=\"slideshow_button slideshow_next slideshow_transparent\" role=\"button\" data-next-text=\"Next\" style=\"display: none;\"><\/div>\r\n\r\n\t\t<div class=\"slideshow_pagination\" style=\"display: none;\" data-go-to-text=\"Go to slide\"><div class=\"slideshow_pagination_center\"><\/div><\/div>\r\n\r\n\t\t<!-- WordPress Slideshow Version 2.3.1 -->\r\n\r\n\t\t\t<\/div>\r\n\r\n\n<p><!--\n&nbsp;\n\n<a href=\"https:\/\/sites.usp.br\/msol\/wp-content\/uploads\/sites\/686\/2020\/02\/topology-optimization-pump-rotor.png\"><img loading=\"lazy\" decoding=\"async\" class=\"aligncenter wp-image-323 size-large\" style=\"box-shadow: 0 4px 8px 0 rgba(0, 0, 0, 0.2), 0 6px 20px 0 rgba(0, 0, 0, 0.19);\" src=\"https:\/\/sites.usp.br\/msol\/wp-content\/uploads\/sites\/686\/2020\/02\/topology-optimization-pump-rotor-1024x461.png\" alt=\"\" width=\"604\" height=\"272\" \/><\/a>\n\n&nbsp;\n\n<a href=\"https:\/\/sites.usp.br\/msol\/wp-content\/uploads\/sites\/686\/2020\/02\/topology-optimization-composite.png\"><img loading=\"lazy\" decoding=\"async\" class=\"aligncenter wp-image-322 size-large\" style=\"box-shadow: 0 4px 8px 0 rgba(0, 0, 0, 0.2), 0 6px 20px 0 rgba(0, 0, 0, 0.19);\" src=\"https:\/\/sites.usp.br\/msol\/wp-content\/uploads\/sites\/686\/2020\/02\/topology-optimization-composite-1024x461.png\" alt=\"\" width=\"604\" height=\"272\" \/><\/a>\n\n<a href=\"https:\/\/sites.usp.br\/msol\/wp-content\/uploads\/sites\/686\/2020\/02\/topology-optimization-2Dswirl.png\"><img loading=\"lazy\" decoding=\"async\" class=\"aligncenter wp-image-321 size-large\" style=\"box-shadow: 0 4px 8px 0 rgba(0, 0, 0, 0.2), 0 6px 20px 0 rgba(0, 0, 0, 0.19);\" src=\"https:\/\/sites.usp.br\/msol\/wp-content\/uploads\/sites\/686\/2020\/02\/topology-optimization-2Dswirl-1024x461.png\" alt=\"\" width=\"604\" height=\"272\" \/><\/a>\n--><\/p>\n<p class=\"inner_title\"><span style=\"font-size: 28pt;color:#1094ab;\"><strong>News<br \/>\n<\/strong><\/span><\/p>\n<p><strong>March 15<sup>th<\/sup>, 2025<\/strong> Jornal Nacional. <a href=\"https:\/\/g1.globo.com\/jornal-nacional\/noticia\/2025\/03\/15\/cientistas-brasileiros-desenvolvem-tecnologia-para-reduzir-queda-de-arvores-nas-grandes-cidades.ghtml\">Cientistas brasileiros desenvolvem tecnologia para reduzir queda de \u00e1rvores nas grandes cidades<\/a> (<em>Brazilian scientists develop technology to reduce tree falls in large cities<\/em>).<\/p>\n","protected":false},"excerpt":{"rendered":"<p>The Multiphysics Systems Optimization Laboratory (MSOL, &#8220;Laborat\u00f3rio de Otimiza\u00e7\u00e3o de Sistemas Multif\u00edsicos&#8221;) is a research group of the Department of Mechatronics and Mechanical Systems Engineering (PMR) of the Polytechnic School of the University of S\u00e3o Paulo (Poli-USP). The main objectives of this group are centered in computational optimization techniques (in particular of topology optimization) applied [&hellip;]<\/p>\n","protected":false},"author":1,"featured_media":0,"parent":0,"menu_order":0,"comment_status":"closed","ping_status":"closed","template":"","meta":{"footnotes":"","_links_to":"","_links_to_target":""},"class_list":["post-79","page","type-page","status-publish","hentry"],"_links":{"self":[{"href":"https:\/\/sites.usp.br\/msol\/wp-json\/wp\/v2\/pages\/79","targetHints":{"allow":["GET"]}}],"collection":[{"href":"https:\/\/sites.usp.br\/msol\/wp-json\/wp\/v2\/pages"}],"about":[{"href":"https:\/\/sites.usp.br\/msol\/wp-json\/wp\/v2\/types\/page"}],"author":[{"embeddable":true,"href":"https:\/\/sites.usp.br\/msol\/wp-json\/wp\/v2\/users\/1"}],"replies":[{"embeddable":true,"href":"https:\/\/sites.usp.br\/msol\/wp-json\/wp\/v2\/comments?post=79"}],"version-history":[{"count":4,"href":"https:\/\/sites.usp.br\/msol\/wp-json\/wp\/v2\/pages\/79\/revisions"}],"predecessor-version":[{"id":434,"href":"https:\/\/sites.usp.br\/msol\/wp-json\/wp\/v2\/pages\/79\/revisions\/434"}],"wp:attachment":[{"href":"https:\/\/sites.usp.br\/msol\/wp-json\/wp\/v2\/media?parent=79"}],"curies":[{"name":"wp","href":"https:\/\/api.w.org\/{rel}","templated":true}]}}