{"id":179,"date":"2021-11-20T19:27:28","date_gmt":"2021-11-20T21:27:28","guid":{"rendered":"https:\/\/sites.usp.br\/multibmc\/?page_id=179"},"modified":"2023-09-01T17:26:18","modified_gmt":"2023-09-01T19:26:18","slug":"shakers","status":"publish","type":"page","link":"https:\/\/sites.usp.br\/multibmc\/equipamentos\/shakers\/","title":{"rendered":"Shakers"},"content":{"rendered":"<p><em>O Laborat\u00f3rio Multiusu\u00e1rios atualmente possui 4 Shakers dispon\u00edveis na sala 433.<br \/>\n<\/em><\/p>\n<p>Devido \u00e0 disponibilidade e baixa demanda, estes equipamentos n\u00e3o necessitam ser agendados previamente.<\/p>\n<p><span style=\"color: #0000ff;\"><strong>Shaker New Brunswick 25D Series:<\/strong><\/span><\/p>\n<p><em>Temperatura m\u00ednima de 5\u00b0C acima da temperatura ambiente.<\/em><\/p>\n<ul>\n<li><em>POP<br \/>\n<\/em><\/li>\n<li><em><a href=\"https:\/\/drive.google.com\/file\/d\/1_hXq8JCn_1c-fPvR3f82xJLp7rEpF955\/view?usp=sharing\">Manual de opera\u00e7<\/a><\/em><em><a href=\"https:\/\/drive.google.com\/file\/d\/1_hXq8JCn_1c-fPvR3f82xJLp7rEpF955\/view?usp=sharing\">\u00e3o<\/a><br \/>\n<\/em><\/li>\n<\/ul>\n<p>&nbsp;<\/p>\n<p><span style=\"color: #0000ff;\"><strong>Shaker Nova \u00c9tica 430:<\/strong><\/span><\/p>\n<p><em>Com temperatura fixada em 37\u00b0C.<\/em><\/p>\n<ul>\n<li><em>POP<\/em><\/li>\n<li><em>Manual de opera\u00e7\u00e3o<br \/>\n<\/em><\/li>\n<\/ul>\n<p>&nbsp;<\/p>\n<p><span style=\"color: #0000ff;\"><strong>Shaker com resfriamento New Brunswick Innova 4430:<\/strong><\/span><\/p>\n<p><em>Temperatura m\u00ednima de 15\u00b0C abaixo da temperatura ambiente.<\/em><\/p>\n<ul>\n<li><em>POP<\/em><\/li>\n<li><em><a href=\"https:\/\/drive.google.com\/file\/d\/12Y2Ny3xaGB4tJKk4eGTjTo2oHWfkeyjC\/view?usp=sharing\">Manual de opera\u00e7\u00e3o<\/a><\/em><\/li>\n<\/ul>\n<p>&nbsp;<\/p>\n<p><span style=\"color: #0000ff;\"><strong>Shaker Forma Scientific 4520:<\/strong><\/span><\/p>\n<p><em>Temperatura m\u00ednima de 5\u00b0C acima da temperatura ambiente.<\/em><\/p>\n<ul>\n<li><a href=\"https:\/\/drive.google.com\/file\/d\/1m8DHQEvdNcK98tx9ftBGcMLFPxz71aCG\/view?usp=sharing\"><em>POP<\/em><\/a><\/li>\n<li><a href=\"https:\/\/drive.google.com\/file\/d\/11Zr9Ls02bPnT2T7LtcXryOR2l-N6acUk\/view?usp=sharing\"><em>Manual de opera\u00e7\u00e3o<\/em><\/a><\/li>\n<\/ul>\n<p>&nbsp;<\/p>\n","protected":false},"excerpt":{"rendered":"<p>O Laborat\u00f3rio Multiusu\u00e1rios atualmente possui 4 Shakers dispon\u00edveis na sala 433. Devido \u00e0 disponibilidade e [&hellip;]<\/p>\n","protected":false},"author":22667,"featured_media":0,"parent":62,"menu_order":20,"comment_status":"closed","ping_status":"closed","template":"","meta":{"footnotes":"","_links_to":"","_links_to_target":""},"class_list":["post-179","page","type-page","status-publish","hentry"],"_links":{"self":[{"href":"https:\/\/sites.usp.br\/multibmc\/wp-json\/wp\/v2\/pages\/179","targetHints":{"allow":["GET"]}}],"collection":[{"href":"https:\/\/sites.usp.br\/multibmc\/wp-json\/wp\/v2\/pages"}],"about":[{"href":"https:\/\/sites.usp.br\/multibmc\/wp-json\/wp\/v2\/types\/page"}],"author":[{"embeddable":true,"href":"https:\/\/sites.usp.br\/multibmc\/wp-json\/wp\/v2\/users\/22667"}],"replies":[{"embeddable":true,"href":"https:\/\/sites.usp.br\/multibmc\/wp-json\/wp\/v2\/comments?post=179"}],"version-history":[{"count":5,"href":"https:\/\/sites.usp.br\/multibmc\/wp-json\/wp\/v2\/pages\/179\/revisions"}],"predecessor-version":[{"id":648,"href":"https:\/\/sites.usp.br\/multibmc\/wp-json\/wp\/v2\/pages\/179\/revisions\/648"}],"up":[{"embeddable":true,"href":"https:\/\/sites.usp.br\/multibmc\/wp-json\/wp\/v2\/pages\/62"}],"wp:attachment":[{"href":"https:\/\/sites.usp.br\/multibmc\/wp-json\/wp\/v2\/media?parent=179"}],"curies":[{"name":"wp","href":"https:\/\/api.w.org\/{rel}","templated":true}]}}