{"id":186,"date":"2021-11-20T19:32:09","date_gmt":"2021-11-20T21:32:09","guid":{"rendered":"https:\/\/sites.usp.br\/multibmc\/?page_id=186"},"modified":"2025-03-28T11:39:40","modified_gmt":"2025-03-28T13:39:40","slug":"balanca-analitica","status":"publish","type":"page","link":"https:\/\/sites.usp.br\/multibmc\/equipamentos\/balanca-analitica\/","title":{"rendered":"Balan\u00e7as Anal\u00edticas"},"content":{"rendered":"<p><a href=\"https:\/\/sites.usp.br\/multibmc\/wp-content\/uploads\/sites\/1041\/2021\/11\/Balanca.jpg\"><img loading=\"lazy\" decoding=\"async\" class=\"size-full wp-image-239 alignright\" src=\"https:\/\/sites.usp.br\/multibmc\/wp-content\/uploads\/sites\/1041\/2021\/11\/Balanca.jpg\" alt=\"\" width=\"152\" height=\"224\" \/><\/a><\/p>\n<p>H\u00e1 duas balan\u00e7as \u00e0 disposi\u00e7\u00e3o para uso no local sempre que necess\u00e1rio, uma na sala 301 e outra na sala 433.<\/p>\n<p>Ap\u00f3s o uso da mesma, limpe-a imediatamente com pincel e papel toalha dispon\u00edveis no local.<\/p>\n<p>A mesma deve ser utilizada principalmente na verifica\u00e7\u00e3o da pesagem de tubos utilizados para ultracentrifuga\u00e7\u00e3o.Veja a lista completa de rotores <a href=\"https:\/\/sites.usp.br\/multibmc\/equipamentos\/centrifugas\/\">aqui<\/a>.<\/p>\n<p>&nbsp;<\/p>\n<p><strong>Balan\u00e7a Shimadzu ATX224 (sala 433):<\/strong><\/p>\n<p><em>Capacidade: 220g | Leitura : 0,0001g<br \/>\n<\/em><\/p>\n<ul>\n<li><a href=\"https:\/\/drive.google.com\/file\/d\/10mUBQh8TRbUOe3yycWSoYm9jHzGat0Ma\/view?usp=sharing\">POP<\/a><\/li>\n<li><a href=\"https:\/\/drive.google.com\/file\/d\/11698P-9G9YINsUYmPPA3qtgmdIqcc6L0\/view?usp=sharing\">Manual de opera\u00e7\u00f5es<\/a><\/li>\n<\/ul>\n<p>&nbsp;<\/p>\n<p><strong>Balan\u00e7a Marte AL500 (sala 301):<\/strong><\/p>\n<p><em>Capacidade: 500g | Leitura: 0,001g.<\/em><\/p>\n<ul>\n<li><a href=\"https:\/\/drive.google.com\/file\/d\/1sgyojcHQS42ismyMo55rDvvXPCRPQ0_h\/view?usp=sharing\">POP<\/a><\/li>\n<li><a href=\"https:\/\/drive.google.com\/file\/d\/1QRCquiMuFpqzMsG-X4XLn24Ko3P3mLfE\/view?usp=sharing\">Manual de opera\u00e7\u00f5es<\/a><\/li>\n<\/ul>\n","protected":false},"excerpt":{"rendered":"<p>H\u00e1 duas balan\u00e7as \u00e0 disposi\u00e7\u00e3o para uso no local sempre que necess\u00e1rio, uma na sala [&hellip;]<\/p>\n","protected":false},"author":22667,"featured_media":0,"parent":62,"menu_order":2,"comment_status":"closed","ping_status":"closed","template":"","meta":{"footnotes":"","_links_to":"","_links_to_target":""},"class_list":["post-186","page","type-page","status-publish","hentry"],"_links":{"self":[{"href":"https:\/\/sites.usp.br\/multibmc\/wp-json\/wp\/v2\/pages\/186","targetHints":{"allow":["GET"]}}],"collection":[{"href":"https:\/\/sites.usp.br\/multibmc\/wp-json\/wp\/v2\/pages"}],"about":[{"href":"https:\/\/sites.usp.br\/multibmc\/wp-json\/wp\/v2\/types\/page"}],"author":[{"embeddable":true,"href":"https:\/\/sites.usp.br\/multibmc\/wp-json\/wp\/v2\/users\/22667"}],"replies":[{"embeddable":true,"href":"https:\/\/sites.usp.br\/multibmc\/wp-json\/wp\/v2\/comments?post=186"}],"version-history":[{"count":4,"href":"https:\/\/sites.usp.br\/multibmc\/wp-json\/wp\/v2\/pages\/186\/revisions"}],"predecessor-version":[{"id":749,"href":"https:\/\/sites.usp.br\/multibmc\/wp-json\/wp\/v2\/pages\/186\/revisions\/749"}],"up":[{"embeddable":true,"href":"https:\/\/sites.usp.br\/multibmc\/wp-json\/wp\/v2\/pages\/62"}],"wp:attachment":[{"href":"https:\/\/sites.usp.br\/multibmc\/wp-json\/wp\/v2\/media?parent=186"}],"curies":[{"name":"wp","href":"https:\/\/api.w.org\/{rel}","templated":true}]}}