{"id":224,"date":"2021-11-20T23:46:08","date_gmt":"2021-11-21T01:46:08","guid":{"rendered":"https:\/\/sites.usp.br\/multibmc\/?page_id=224"},"modified":"2026-03-17T10:30:46","modified_gmt":"2026-03-17T12:30:46","slug":"agendas","status":"publish","type":"page","link":"https:\/\/sites.usp.br\/multibmc\/agendas\/","title":{"rendered":"Agenda de equipamentos das salas 433 e 301"},"content":{"rendered":"<h4><em>Consulte <\/em><em><a href=\"https:\/\/sites.usp.br\/multibmc\/regras-de-uso\/\">aqui <\/a><\/em><em>as orienta\u00e7\u00f5es de uso dos Laborat\u00f3rios Multiusu\u00e1rios .<\/em><\/h4>\n<p>Caso precise, a sala 436 conta com computadores \u00e0 disposi\u00e7\u00e3o dos usu\u00e1rios.<\/p>\n<p><span style=\"color: #000080;\"><em><strong>&gt;&gt; As ultracentr\u00edfugas requerem treinamento pr\u00e9vio com o t\u00e9cnico do local antes do primeiro agendamento.<\/strong><\/em><\/span><\/p>\n<p><strong>Na reserva de hor\u00e1rio, o usu\u00e1rio dever\u00e1 selecionar o equipamento, indicar o n\u00famero do laborat\u00f3rio, os dias e os hor\u00e1rios a serem reservados. O nome do usu\u00e1rio \u00e9 preenchido automaticamente.<br \/>\n<\/strong><\/p>\n<p>Para agendar mais de um equipamento, o procedimento deve ser repetido.<\/p>\n<hr \/>\n<p><strong>Observa\u00e7\u00f5es importantes durante o agendamento:<\/strong><\/p>\n<p>&gt;&gt; O agendamento dos equipamentos dever\u00e1 ser feito previamente ao in\u00edcio do uso do equipamento.<\/p>\n<p>&gt;&gt; Em caso de desist\u00eancia, a agenda dever\u00e1 ser liberada imediatamente para que outros usu\u00e1rios possam utilizar o hor\u00e1rio.<\/p>\n<p>&gt;&gt; Caso precise utilizar o equipamento em hor\u00e1rios j\u00e1 reservados, entre em contato diretamente com o usu\u00e1rio que fez a reserva.<\/p>\n<p><em>&gt;&gt; Se o equipamento n\u00e3o estiver na agenda, a mesma pode estar em fase de implementa\u00e7\u00e3o ou ainda n\u00e3o h\u00e1 demanda que justifique agendamentos. Portanto, seu uso \u00e9 livre at\u00e9 que uma agenda seja estabelecida.<\/em><\/p>\n<p>&gt;&gt; A aus\u00eancia de agenda para alguns equipamentos n\u00e3o dispensa a anota\u00e7\u00e3o nos respectivos cadernos de observa\u00e7\u00f5es azuis.<\/p>\n<p><span style=\"color: #333399;\"><em><strong>O agendamento pode ser realizado <a style=\"color: #333399;\" href=\"http:\/\/watson.icb.usp.br\/agendamultiuserirene\" target=\"_blank\" rel=\"noopener\">aqui<\/a>.<\/strong><\/em><\/span><\/p>\n<hr \/>\n<p><strong>Cadastros de novos usu\u00e1rios na agenda (<\/strong><em><a href=\"https:\/\/sites.usp.br\/multibmc\/regras-de-uso\/\">Orienta\u00e7\u00f5es de uso do Multiusu\u00e1rios<\/a><\/em><strong>):<\/strong><\/p>\n<ul>\n<li><em>O usu\u00e1rio deve <span class=\"il\">cadastrar<\/span> seus dados pessoais (<b>Nome completo, e-mail e senha de acesso<\/b>) e os dados do laborat\u00f3rio que possui v\u00ednculo\u00a0 no departamento.<br \/>\n<\/em><\/li>\n<\/ul>\n<p>&nbsp;<\/p>\n<ul>\n<li><em>Exemplo:<\/em>\n<ul>\n<li><em>Nome completo<\/em><\/li>\n<li>E-mail: <em>Preferencialmente o institucional<\/em><\/li>\n<li><i>Laborat\u00f3rio: n\u00famero da sala<\/i><\/li>\n<li><i>Ramal: n\u00famero do ramal do laborat\u00f3rio<br \/>\n<\/i><\/li>\n<li><i>Departamento: BMC<\/i><\/li>\n<\/ul>\n<\/li>\n<\/ul>\n<p>&nbsp;<\/p>\n<p><em><strong>Observa\u00e7\u00e3o:<\/strong> N\u00e3o ser\u00e3o efetivados cadastros de usu\u00e1rios sem o preenchimento dos dados supracitados.<\/em><\/p>\n<p>Cadastros novos na agenda s\u00e3o autorizados individualmente no prazo m\u00e1ximo de 24h via sistema.<\/p>\n<p>Caso tenha dificuldades no agendamento, entre em <a href=\"https:\/\/sites.usp.br\/multibmc\/contato\/\">contato conosco<\/a>.<\/p>\n","protected":false},"excerpt":{"rendered":"<p>Consulte aqui as orienta\u00e7\u00f5es de uso dos Laborat\u00f3rios Multiusu\u00e1rios . Caso precise, a sala 436 [&hellip;]<\/p>\n","protected":false},"author":22667,"featured_media":0,"parent":0,"menu_order":2,"comment_status":"closed","ping_status":"closed","template":"","meta":{"footnotes":"","_links_to":"","_links_to_target":""},"class_list":["post-224","page","type-page","status-publish","hentry"],"_links":{"self":[{"href":"https:\/\/sites.usp.br\/multibmc\/wp-json\/wp\/v2\/pages\/224","targetHints":{"allow":["GET"]}}],"collection":[{"href":"https:\/\/sites.usp.br\/multibmc\/wp-json\/wp\/v2\/pages"}],"about":[{"href":"https:\/\/sites.usp.br\/multibmc\/wp-json\/wp\/v2\/types\/page"}],"author":[{"embeddable":true,"href":"https:\/\/sites.usp.br\/multibmc\/wp-json\/wp\/v2\/users\/22667"}],"replies":[{"embeddable":true,"href":"https:\/\/sites.usp.br\/multibmc\/wp-json\/wp\/v2\/comments?post=224"}],"version-history":[{"count":5,"href":"https:\/\/sites.usp.br\/multibmc\/wp-json\/wp\/v2\/pages\/224\/revisions"}],"predecessor-version":[{"id":766,"href":"https:\/\/sites.usp.br\/multibmc\/wp-json\/wp\/v2\/pages\/224\/revisions\/766"}],"wp:attachment":[{"href":"https:\/\/sites.usp.br\/multibmc\/wp-json\/wp\/v2\/media?parent=224"}],"curies":[{"name":"wp","href":"https:\/\/api.w.org\/{rel}","templated":true}]}}