{"id":341,"date":"2022-01-17T12:06:54","date_gmt":"2022-01-17T14:06:54","guid":{"rendered":"https:\/\/sites.usp.br\/multibmc\/?page_id=341"},"modified":"2025-03-28T11:41:15","modified_gmt":"2025-03-28T13:41:15","slug":"criostato","status":"publish","type":"page","link":"https:\/\/sites.usp.br\/multibmc\/equipamentos\/criostato\/","title":{"rendered":"Criostato"},"content":{"rendered":"<p>O Laborat\u00f3rio Multiusu\u00e1rios disp\u00f5e de um criostato Microm HM500 dentro da sala 429-B.<\/p>\n<p>A navalha deve ser providenciada pelo usu\u00e1rio, pois o Laborat\u00f3rio Multiusu\u00e1rios n\u00e3o disponibiliza este item de consumo.<\/p>\n<p>A liga\u00e7\u00e3o do ar condicionado e do equipamento previamente ao uso \u00e9 de responsabilidade do usu\u00e1rio.<\/p>\n<ul>\n<li>POP<\/li>\n<li><a href=\"https:\/\/drive.google.com\/file\/d\/1d5eWEYuKc5cq_VHQpzSxTfYXzl3cL0ly\/view?usp=sharing\">Manual de opera\u00e7\u00f5es<\/a><\/li>\n<\/ul>\n","protected":false},"excerpt":{"rendered":"<p>O Laborat\u00f3rio Multiusu\u00e1rios disp\u00f5e de um criostato Microm HM500 dentro da sala 429-B. A navalha [&hellip;]<\/p>\n","protected":false},"author":22667,"featured_media":0,"parent":62,"menu_order":6,"comment_status":"closed","ping_status":"closed","template":"","meta":{"footnotes":"","_links_to":"","_links_to_target":""},"class_list":["post-341","page","type-page","status-publish","hentry"],"_links":{"self":[{"href":"https:\/\/sites.usp.br\/multibmc\/wp-json\/wp\/v2\/pages\/341","targetHints":{"allow":["GET"]}}],"collection":[{"href":"https:\/\/sites.usp.br\/multibmc\/wp-json\/wp\/v2\/pages"}],"about":[{"href":"https:\/\/sites.usp.br\/multibmc\/wp-json\/wp\/v2\/types\/page"}],"author":[{"embeddable":true,"href":"https:\/\/sites.usp.br\/multibmc\/wp-json\/wp\/v2\/users\/22667"}],"replies":[{"embeddable":true,"href":"https:\/\/sites.usp.br\/multibmc\/wp-json\/wp\/v2\/comments?post=341"}],"version-history":[{"count":5,"href":"https:\/\/sites.usp.br\/multibmc\/wp-json\/wp\/v2\/pages\/341\/revisions"}],"predecessor-version":[{"id":751,"href":"https:\/\/sites.usp.br\/multibmc\/wp-json\/wp\/v2\/pages\/341\/revisions\/751"}],"up":[{"embeddable":true,"href":"https:\/\/sites.usp.br\/multibmc\/wp-json\/wp\/v2\/pages\/62"}],"wp:attachment":[{"href":"https:\/\/sites.usp.br\/multibmc\/wp-json\/wp\/v2\/media?parent=341"}],"curies":[{"name":"wp","href":"https:\/\/api.w.org\/{rel}","templated":true}]}}