{"id":464,"date":"2023-01-26T11:45:31","date_gmt":"2023-01-26T13:45:31","guid":{"rendered":"https:\/\/sites.usp.br\/multibmc\/?page_id=464"},"modified":"2025-03-28T11:43:15","modified_gmt":"2025-03-28T13:43:15","slug":"impressora-3d","status":"publish","type":"page","link":"https:\/\/sites.usp.br\/multibmc\/equipamentos\/impressora-3d\/","title":{"rendered":"Impressora 3D"},"content":{"rendered":"<p><a href=\"https:\/\/sites.usp.br\/multibmc\/wp-content\/uploads\/sites\/1041\/2023\/01\/3D-printer-be3D-DeeGreen-1.jpg\"><img loading=\"lazy\" decoding=\"async\" class=\"alignleft size-thumbnail wp-image-467\" src=\"https:\/\/sites.usp.br\/multibmc\/wp-content\/uploads\/sites\/1041\/2023\/01\/3D-printer-be3D-DeeGreen-1-150x150.jpg\" alt=\"\" width=\"150\" height=\"150\" srcset=\"https:\/\/sites.usp.br\/multibmc\/wp-content\/uploads\/sites\/1041\/2023\/01\/3D-printer-be3D-DeeGreen-1-150x150.jpg 150w, https:\/\/sites.usp.br\/multibmc\/wp-content\/uploads\/sites\/1041\/2023\/01\/3D-printer-be3D-DeeGreen-1-45x45.jpg 45w, https:\/\/sites.usp.br\/multibmc\/wp-content\/uploads\/sites\/1041\/2023\/01\/3D-printer-be3D-DeeGreen-1-200x200.jpg 200w\" sizes=\"auto, (max-width: 150px) 100vw, 150px\" \/><\/a>O Laborat\u00f3rio Multiusu\u00e1rios disp\u00f5e de 1 impressora 3D DeeGreen dispon\u00edvel mediante <a href=\"https:\/\/sites.usp.br\/multibmc\/agendas\/\">agendamento<\/a>.<\/p>\n<p>O uso da mesma requer treinamento pr\u00e9vio de opera\u00e7\u00e3o com o <a href=\"https:\/\/sites.usp.br\/multibmc\/contato\/\">t\u00e9cnico do local<\/a>.<\/p>\n<p>O usu\u00e1rio poder\u00e1 fazer o desenho tridimensional em qualquer software de seu pr\u00f3prio interesse, por\u00e9m o pragrama fatiador deve ser o pr\u00f3prio da impressora. Caso precise, o Espa\u00e7o Multiusu\u00e1rios disp\u00f5e de computador com os softwares necess\u00e1rios para preparo dos arquivos a serem impressos (veja descri\u00e7\u00e3o abaixo).<\/p>\n<p>&nbsp;<\/p>\n<p><em>O usu\u00e1rio \u00e9 respons\u00e1vel pela aquisi\u00e7\u00e3o do pr\u00f3prio filamento. Este item n\u00e3o ser\u00e1 disponibilizado pelo setor.<\/em><\/p>\n<p><span style=\"color: #0000ff;\">&gt; Filamentos de baixa qualidade podem causar entupimentos e mau funcionamento da impressora. Por gentileza, consulte o t\u00e9cnico do local para refer\u00eancias de fornecedores com filamentos j\u00e1 testados.&lt;<\/span><\/p>\n<p>&nbsp;<\/p>\n<p><strong>Caracter\u00edsticas t\u00e9cnicas da impressora DeeGreen:<\/strong><\/p>\n<ul>\n<li><em>Volume de impress\u00e3o: 150x150x150 mm<\/em><\/li>\n<li><em>Material suportado: PLA e seus derivados<\/em><\/li>\n<li><em>Filamento: 1,75 mm de di\u00e2metro<\/em><\/li>\n<li><em>Bico hot end: 0,4 mm<\/em><\/li>\n<li><em>Transfer\u00eancia de arquivo exclusiva por cart\u00e3o SD (dispon\u00edvel no laborat\u00f3rio).<\/em><\/li>\n<\/ul>\n<p>&nbsp;<\/p>\n<p><em><span style=\"color: #333333;\"><strong>Recursos dispon\u00edveis no Laborat\u00f3rio Multiusu\u00e1rios (sala 301):<\/strong><\/span><\/em><\/p>\n<ul>\n<li>Solu\u00e7\u00e3o \u00e0 base de polivinilpirrolidona (PVP) para fixa\u00e7\u00e3o de pe\u00e7as na mesa durante a impress\u00e3o\n<ul>\n<li><span style=\"color: #ff6600;\"><em>Proibido o uso colas e \/ ou fitas para fixa\u00e7\u00e3o de pe\u00e7as na mesa de impress\u00e3o<br \/>\n<\/em><\/span><\/li>\n<\/ul>\n<\/li>\n<li>Pin\u00e7a<\/li>\n<li>Esp\u00e1tula<\/li>\n<li>Computador dispon\u00edvel para :<\/li>\n<\/ul>\n<ul>\n<li style=\"list-style-type: none;\">\n<ul>\n<li><em>Desenho t\u00e9cnico tridimensional: <a href=\"https:\/\/www.autodesk.com.br\/products\/inventor\/\">Autodesk Inventor<\/a><\/em><\/li>\n<li><em>Software fatiador Y-Soft para preparo do arquivo gcode: <a href=\"https:\/\/drive.google.com\/file\/d\/1XajpYTp7Kz3low6FafssE_9EztFEYa6m\/view?usp=sharing\">software<\/a><\/em><\/li>\n<\/ul>\n<\/li>\n<\/ul>\n<p><em><strong>Links \u00fateis:<\/strong><\/em><\/p>\n<ul>\n<li><em><a href=\"https:\/\/drive.google.com\/file\/d\/1AeZjjdBJO0y9f5wAFIFnlTv139ydOuzV\/view?usp=drive_link\">POP \u2013 Impressora 3D DeeGreen<\/a><br \/>\n<\/em><\/li>\n<li><a href=\"https:\/\/drive.google.com\/file\/d\/13N7iJm74Ni7VtCgM7XdYS_5FBXQwgyPc\/view?usp=drive_link\"><em>Manual <\/em><em>Impressora 3D DeeGreen<\/em><\/a><\/li>\n<\/ul>\n","protected":false},"excerpt":{"rendered":"<p>O Laborat\u00f3rio Multiusu\u00e1rios disp\u00f5e de 1 impressora 3D DeeGreen dispon\u00edvel mediante agendamento. O uso da [&hellip;]<\/p>\n","protected":false},"author":22667,"featured_media":0,"parent":62,"menu_order":14,"comment_status":"closed","ping_status":"closed","template":"","meta":{"footnotes":"","_links_to":"","_links_to_target":""},"class_list":["post-464","page","type-page","status-publish","hentry"],"_links":{"self":[{"href":"https:\/\/sites.usp.br\/multibmc\/wp-json\/wp\/v2\/pages\/464","targetHints":{"allow":["GET"]}}],"collection":[{"href":"https:\/\/sites.usp.br\/multibmc\/wp-json\/wp\/v2\/pages"}],"about":[{"href":"https:\/\/sites.usp.br\/multibmc\/wp-json\/wp\/v2\/types\/page"}],"author":[{"embeddable":true,"href":"https:\/\/sites.usp.br\/multibmc\/wp-json\/wp\/v2\/users\/22667"}],"replies":[{"embeddable":true,"href":"https:\/\/sites.usp.br\/multibmc\/wp-json\/wp\/v2\/comments?post=464"}],"version-history":[{"count":5,"href":"https:\/\/sites.usp.br\/multibmc\/wp-json\/wp\/v2\/pages\/464\/revisions"}],"predecessor-version":[{"id":752,"href":"https:\/\/sites.usp.br\/multibmc\/wp-json\/wp\/v2\/pages\/464\/revisions\/752"}],"up":[{"embeddable":true,"href":"https:\/\/sites.usp.br\/multibmc\/wp-json\/wp\/v2\/pages\/62"}],"wp:attachment":[{"href":"https:\/\/sites.usp.br\/multibmc\/wp-json\/wp\/v2\/media?parent=464"}],"curies":[{"name":"wp","href":"https:\/\/api.w.org\/{rel}","templated":true}]}}