{"id":507,"date":"2023-02-01T12:49:19","date_gmt":"2023-02-01T14:49:19","guid":{"rendered":"https:\/\/sites.usp.br\/multibmc\/?page_id=507"},"modified":"2025-03-28T11:38:52","modified_gmt":"2025-03-28T13:38:52","slug":"equipamentos-de-uso-geral","status":"publish","type":"page","link":"https:\/\/sites.usp.br\/multibmc\/equipamentos\/equipamentos-de-uso-geral\/","title":{"rendered":"Equipamentos diversos"},"content":{"rendered":"<p>Al\u00e9m dos equipamentos localizados na sala 433, o Laborat\u00f3rio Multiusu\u00e1rios conta com equipamentos na sala 301 voltados para experimenta\u00e7\u00e3o em t\u00e9cnicas bioqu\u00edmicas e moleculares, entre outros.<\/p>\n<p>Em caso de d\u00favidas, <a href=\"https:\/\/sites.usp.br\/multibmc\/contato\/\">consulte o t\u00e9cnico do local<\/a>.<\/p>\n<p><strong>Agitadores Vortex (sala 301):<\/strong><\/p>\n<ul>\n<li><em>POP \u2013 Thermolyne Maxi-Mix Type 16700<br \/>\n<\/em><\/li>\n<li><em><a href=\"https:\/\/drive.google.com\/file\/d\/170691PoA5rsJZHT0Vdq_eF2Uccyh1h8F\/view?usp=sharing\">Manual Thermolyne Maxi-Mix Type 16700<\/a><br \/>\n<\/em><\/li>\n<li><em>POP \u2013 Diagger Genie 2<br \/>\n<\/em><\/li>\n<li><em><a href=\"https:\/\/drive.google.com\/file\/d\/18R9mm7Cl-s6z5RD-cIaKdqG7QKDzooDG\/view?usp=sharing\">Manual Diagger Genie 2<\/a><br \/>\n<\/em><\/li>\n<\/ul>\n<p>&nbsp;<\/p>\n<p><strong>Agitador magn\u00e9tico com aquecimento (sala 301):<\/strong><\/p>\n<ul>\n<li><em>POP \u2013 Variomag 583<br \/>\n<\/em><\/li>\n<li><em>Manual Variomag 583<br \/>\n<\/em><\/li>\n<\/ul>\n<p>&nbsp;<\/p>\n<p><strong>Banho seco para microtubos (sala 301):<\/strong><\/p>\n<ul>\n<li><em>POP \u2013 BioGer HB-100<br \/>\n<\/em><\/li>\n<li><em>Manual BioGer HB-100<br \/>\n<\/em><\/li>\n<\/ul>\n<p>&nbsp;<\/p>\n<p><strong>Desmembrador Ultrass\u00f4nico (sala 429-B):<\/strong><\/p>\n<ul>\n<li><em>POP \u2013 Fisher Scientific F60<br \/>\n<\/em><\/li>\n<li><em><a href=\"https:\/\/drive.google.com\/file\/d\/1lVDvip-s6VpmIsMr_QUuryErJfHk_NYq\/view?usp=drive_link\">Manual compat\u00edvel com Fisher Scientific F60<\/a><br \/>\n<\/em><\/li>\n<\/ul>\n<p>&nbsp;<\/p>\n<p><strong>Estufas de secagem:<\/strong><\/p>\n<ul>\n<li>Sala 433:\n<ul>\n<li><em>POP \u2013 Fanen 502C<br \/>\n<\/em><\/li>\n<li><em><a href=\"https:\/\/drive.google.com\/file\/d\/1lqik9Z5QRJZ7OdOr7NKZrpp_sVDzwH9z\/view?usp=sharing\">Manual Fanen 502C<\/a><\/em><\/li>\n<\/ul>\n<\/li>\n<\/ul>\n<p>&nbsp;<\/p>\n<p><strong>pHmetro (sala 301):<\/strong><\/p>\n<ul>\n<li><em>POP \u2013 Micronal B474<br \/>\n<\/em><\/li>\n<li><em>Manual Micronal B474<br \/>\n<\/em><\/li>\n<li><a href=\"https:\/\/drive.google.com\/file\/d\/1xC-JIfl5_NqxcDcEpL2Xwk1nN-n1DqX9\/view?usp=sharing\"><em>Limpeza e manuten\u00e7\u00e3o de eletrodos de pH<\/em><\/a><\/li>\n<\/ul>\n<p>&nbsp;<\/p>\n<p><strong>Refrigeradores e freezers de apoio (sala 301):<\/strong><\/p>\n<ul>\n<li>Os refrigeradores e os freezers de apoio da sala 301 se destinam ao apoio nas limpezas, degelos e manuten\u00e7\u00f5es dos equipamentos dos laborat\u00f3rios do departamento. Neste caso, solicita-se o agendamento pr\u00e9vio dos mesmos atrav\u00e9s do <a href=\"https:\/\/sites.usp.br\/multibmc\/agendas\/\">site<\/a>.<\/li>\n<li>Em caso de armazenamento prolongado, favor entrar em <a href=\"https:\/\/sites.usp.br\/multibmc\/contato\/\">contato com o t\u00e9cnico do local<\/a>.<\/li>\n<\/ul>\n<p>&nbsp;<\/p>\n<p><strong>Refrigerador para experimenta\u00e7\u00e3o (sala 433):<\/strong><\/p>\n<ul>\n<li><em>O refrigerador 1 da sala 433 \u00e9 destinado exclusivamente para a acomoda\u00e7\u00e3o de equipamentos e acess\u00e1rios que dependam de baixa temperatura durante a execu\u00e7\u00e3o de experimentos.<\/em><\/li>\n<li>O refrigerador conta com tomadas internas de 127V, no entanto, caso precise ligar um equipamento, <a href=\"https:\/\/sites.usp.br\/multibmc\/contato\/\">consulte previamente o t\u00e9cnico do local<\/a> para evitar sobrecarga nas tomadas e, eventualmente, danos ao refrigerador e aos experimentos em andamento.<\/li>\n<li>O uso deste refrigerador n\u00e3o requer agendamento.<\/li>\n<li>A fim de evitar contamina\u00e7ao cruzada e danos aos equipamentos e acess\u00f3rios contidos no interior do refrigerador \u00e9 <em><span style=\"color: #0000ff;\">explicitamente proibido armazenar reagentes e\/ou amostras neste equipamento<\/span>.<\/em><\/li>\n<\/ul>\n<p>&nbsp;<\/p>\n<p><strong>Secador de gel (sala 301):<\/strong><\/p>\n<ul>\n<li><em>POP \u2013 Secador de gel Bio-Rad 583<br \/>\n<\/em><\/li>\n<li><a href=\"https:\/\/drive.google.com\/file\/d\/1xhkhZWgr8Ri61Nec7pcVZIpcQVuoMaBS\/view?usp=sharing\"><em>Manual Secador de gel Bio-Rad 583<\/em><\/a><\/li>\n<\/ul>\n<p>&nbsp;<\/p>\n<p><strong>Sistema para Western Blotting (sala 301):<\/strong><\/p>\n<ul>\n<li><em>POP \u2013 Fonte GSR 300STD com cuba horizontal<br \/>\n<\/em><\/li>\n<li><em>Manual Fonte GSR 300STD com cuba horizontal<br \/>\n<\/em><\/li>\n<\/ul>\n","protected":false},"excerpt":{"rendered":"<p>Al\u00e9m dos equipamentos localizados na sala 433, o Laborat\u00f3rio Multiusu\u00e1rios conta com equipamentos na sala [&hellip;]<\/p>\n","protected":false},"author":22667,"featured_media":0,"parent":62,"menu_order":0,"comment_status":"closed","ping_status":"closed","template":"","meta":{"footnotes":"","_links_to":"","_links_to_target":""},"class_list":["post-507","page","type-page","status-publish","hentry"],"_links":{"self":[{"href":"https:\/\/sites.usp.br\/multibmc\/wp-json\/wp\/v2\/pages\/507","targetHints":{"allow":["GET"]}}],"collection":[{"href":"https:\/\/sites.usp.br\/multibmc\/wp-json\/wp\/v2\/pages"}],"about":[{"href":"https:\/\/sites.usp.br\/multibmc\/wp-json\/wp\/v2\/types\/page"}],"author":[{"embeddable":true,"href":"https:\/\/sites.usp.br\/multibmc\/wp-json\/wp\/v2\/users\/22667"}],"replies":[{"embeddable":true,"href":"https:\/\/sites.usp.br\/multibmc\/wp-json\/wp\/v2\/comments?post=507"}],"version-history":[{"count":4,"href":"https:\/\/sites.usp.br\/multibmc\/wp-json\/wp\/v2\/pages\/507\/revisions"}],"predecessor-version":[{"id":747,"href":"https:\/\/sites.usp.br\/multibmc\/wp-json\/wp\/v2\/pages\/507\/revisions\/747"}],"up":[{"embeddable":true,"href":"https:\/\/sites.usp.br\/multibmc\/wp-json\/wp\/v2\/pages\/62"}],"wp:attachment":[{"href":"https:\/\/sites.usp.br\/multibmc\/wp-json\/wp\/v2\/media?parent=507"}],"curies":[{"name":"wp","href":"https:\/\/api.w.org\/{rel}","templated":true}]}}