{"id":62,"date":"2014-02-12T11:28:30","date_gmt":"2014-02-12T13:28:30","guid":{"rendered":"http:\/\/sites.usp.br\/multibmc\/?page_id=62"},"modified":"2022-09-14T13:24:37","modified_gmt":"2022-09-14T15:24:37","slug":"equipamentos","status":"publish","type":"page","link":"https:\/\/sites.usp.br\/multibmc\/equipamentos\/","title":{"rendered":"Equipamentos dispon\u00edveis"},"content":{"rendered":"<p>Verifique a disponibilidade do equipamento atrav\u00e9s de sua <a href=\"http:\/\/www.sites.usp.br\/multibmc\/agendas\/\">agenda<\/a>.<\/p>\n<p><strong><span style=\"color: #000080;\">&gt;&gt; Alguns equipamentos n\u00e3o possuem agenda em fun\u00e7\u00e3o de sua baixa demanda e disponibilidade. Verifique na p\u00e1gina do equipamento de interesse a necessidade de agendamento. &lt;<\/span>&lt;<\/strong><\/p>\n<p>Al\u00e9m da vers\u00e3o digital dos POPs que podem se baixadas \u00e0 partir da p\u00e1gina de cada equipamento, o laborat\u00f3rio possui uma c\u00f3pia impressa dispon\u00edvel que pode ser consultada sempre que precisar.<\/p>\n<p>Cada equipamento possui um QRCode fixado ao mesmo com o link do respectivo POP.<\/p>\n<p>Siga as instru\u00e7\u00f5es contidas no POP de cada equipamento e, em caso de d\u00favidas, entre em <a href=\"http:\/\/www.sites.usp.br\/multibmc\/contato\/\">contato<\/a> com o respons\u00e1vel.<\/p>\n","protected":false},"excerpt":{"rendered":"<p>Verifique a disponibilidade do equipamento atrav\u00e9s de sua agenda. &gt;&gt; Alguns equipamentos n\u00e3o possuem agenda [&hellip;]<\/p>\n","protected":false},"author":1,"featured_media":0,"parent":0,"menu_order":0,"comment_status":"closed","ping_status":"closed","template":"","meta":{"footnotes":"","_links_to":"","_links_to_target":""},"class_list":["post-62","page","type-page","status-publish","hentry"],"_links":{"self":[{"href":"https:\/\/sites.usp.br\/multibmc\/wp-json\/wp\/v2\/pages\/62","targetHints":{"allow":["GET"]}}],"collection":[{"href":"https:\/\/sites.usp.br\/multibmc\/wp-json\/wp\/v2\/pages"}],"about":[{"href":"https:\/\/sites.usp.br\/multibmc\/wp-json\/wp\/v2\/types\/page"}],"author":[{"embeddable":true,"href":"https:\/\/sites.usp.br\/multibmc\/wp-json\/wp\/v2\/users\/1"}],"replies":[{"embeddable":true,"href":"https:\/\/sites.usp.br\/multibmc\/wp-json\/wp\/v2\/comments?post=62"}],"version-history":[{"count":4,"href":"https:\/\/sites.usp.br\/multibmc\/wp-json\/wp\/v2\/pages\/62\/revisions"}],"predecessor-version":[{"id":444,"href":"https:\/\/sites.usp.br\/multibmc\/wp-json\/wp\/v2\/pages\/62\/revisions\/444"}],"wp:attachment":[{"href":"https:\/\/sites.usp.br\/multibmc\/wp-json\/wp\/v2\/media?parent=62"}],"curies":[{"name":"wp","href":"https:\/\/api.w.org\/{rel}","templated":true}]}}