{"id":79,"date":"2014-02-24T16:51:20","date_gmt":"2014-02-24T18:51:20","guid":{"rendered":"http:\/\/sites.usp.br\/multibmc\/?page_id=79"},"modified":"2021-11-26T22:10:51","modified_gmt":"2021-11-27T00:10:51","slug":"pagina-inicial","status":"publish","type":"page","link":"https:\/\/sites.usp.br\/multibmc\/","title":{"rendered":"Home"},"content":{"rendered":"<p style=\"text-align: left;\"><a href=\"https:\/\/sites.usp.br\/multibmc\/wp-content\/uploads\/sites\/1041\/2021\/11\/Multi_PCR-1-scaled-e1637959033335.jpg\"><img loading=\"lazy\" decoding=\"async\" class=\"alignleft wp-image-230 size-medium\" src=\"https:\/\/sites.usp.br\/multibmc\/wp-content\/uploads\/sites\/1041\/2021\/11\/Multi_PCR-1-scaled-e1637959033335-300x125.jpg\" alt=\"\" width=\"300\" height=\"125\" srcset=\"https:\/\/sites.usp.br\/multibmc\/wp-content\/uploads\/sites\/1041\/2021\/11\/Multi_PCR-1-scaled-e1637959033335-300x125.jpg 300w, https:\/\/sites.usp.br\/multibmc\/wp-content\/uploads\/sites\/1041\/2021\/11\/Multi_PCR-1-scaled-e1637959033335-1024x427.jpg 1024w, https:\/\/sites.usp.br\/multibmc\/wp-content\/uploads\/sites\/1041\/2021\/11\/Multi_PCR-1-scaled-e1637959033335-768x320.jpg 768w, https:\/\/sites.usp.br\/multibmc\/wp-content\/uploads\/sites\/1041\/2021\/11\/Multi_PCR-1-scaled-e1637959033335-1536x641.jpg 1536w, https:\/\/sites.usp.br\/multibmc\/wp-content\/uploads\/sites\/1041\/2021\/11\/Multi_PCR-1-scaled-e1637959033335-2048x854.jpg 2048w, https:\/\/sites.usp.br\/multibmc\/wp-content\/uploads\/sites\/1041\/2021\/11\/Multi_PCR-1-scaled-e1637959033335-400x167.jpg 400w\" sizes=\"auto, (max-width: 300px) 100vw, 300px\" \/> <\/a>\u00a0\u00a0\u00a0\u00a0\u00a0\u00a0\u00a0 O Laborat\u00f3rio Multiusu\u00e1rios tem como objetivo contribuir ativamente para o desenvolvimento de pesquisas realizadas no \u00e2mbito do <a href=\"http:\/\/biocel.icb.usp.br\/\">Departamento de Biologia Celular e do Desenvolvimento<\/a> atrav\u00e9s do uso racional e respons\u00e1vel dos recursos t\u00e9cnicos e de infraestrutura que comp\u00f5e o respectivo laborat\u00f3rio.<\/p>\n<p style=\"text-align: left;\">\u00a0\u00a0\u00a0\u00a0\u00a0\u00a0 O\u00a0 laborat\u00f3rio oferece o uso compartilhado de diversos equipamentos que comp\u00f5e sua infraestrutura,\u00a0 sendo o mesmo constitu\u00eddo de capela de seguran\u00e7a qu\u00edmica, capela de fluxo laminar, ultracentr\u00edfugas,\u00a0 termocicladores, equipamentos para experimenta\u00e7\u00e3o em t\u00e9cnicas bioqu\u00edmicas e moleculares, dentre outros.<\/p>\n<p style=\"text-align: left;\">\n","protected":false},"excerpt":{"rendered":"<p>\u00a0\u00a0\u00a0\u00a0\u00a0\u00a0\u00a0 O Laborat\u00f3rio Multiusu\u00e1rios tem como objetivo contribuir ativamente para o desenvolvimento de pesquisas realizadas [&hellip;]<\/p>\n","protected":false},"author":1,"featured_media":0,"parent":0,"menu_order":2,"comment_status":"closed","ping_status":"closed","template":"","meta":{"footnotes":"","_links_to":"","_links_to_target":""},"class_list":["post-79","page","type-page","status-publish","hentry"],"_links":{"self":[{"href":"https:\/\/sites.usp.br\/multibmc\/wp-json\/wp\/v2\/pages\/79","targetHints":{"allow":["GET"]}}],"collection":[{"href":"https:\/\/sites.usp.br\/multibmc\/wp-json\/wp\/v2\/pages"}],"about":[{"href":"https:\/\/sites.usp.br\/multibmc\/wp-json\/wp\/v2\/types\/page"}],"author":[{"embeddable":true,"href":"https:\/\/sites.usp.br\/multibmc\/wp-json\/wp\/v2\/users\/1"}],"replies":[{"embeddable":true,"href":"https:\/\/sites.usp.br\/multibmc\/wp-json\/wp\/v2\/comments?post=79"}],"version-history":[{"count":4,"href":"https:\/\/sites.usp.br\/multibmc\/wp-json\/wp\/v2\/pages\/79\/revisions"}],"predecessor-version":[{"id":248,"href":"https:\/\/sites.usp.br\/multibmc\/wp-json\/wp\/v2\/pages\/79\/revisions\/248"}],"wp:attachment":[{"href":"https:\/\/sites.usp.br\/multibmc\/wp-json\/wp\/v2\/media?parent=79"}],"curies":[{"name":"wp","href":"https:\/\/api.w.org\/{rel}","templated":true}]}}