{"id":158,"date":"2019-05-14T18:07:03","date_gmt":"2019-05-14T20:07:03","guid":{"rendered":"http:\/\/sites.usp.br\/maxfeffer\/?page_id=158"},"modified":"2023-06-05T15:37:30","modified_gmt":"2023-06-05T17:37:30","slug":"custos","status":"publish","type":"page","link":"https:\/\/sites.usp.br\/multiomicas\/custos\/","title":{"rendered":"Custos"},"content":{"rendered":"<p>&nbsp;<\/p>\n<table width=\"567\">\n<tbody>\n<tr>\n<td style=\"border-style: solid; border-color: #000000; text-align: center;\" colspan=\"3\" width=\"567\">\n<h4><span style=\"color: #ff0000;\"><strong>Prote\u00f4mica<\/strong><\/span><\/h4>\n<\/td>\n<\/tr>\n<tr>\n<td style=\"border-style: solid; border-color: #000000; text-align: center;\" colspan=\"3\" width=\"567\"><span style=\"font-size: 12pt;\"><strong>TimsTof Pro da Bruker<\/strong><\/span><\/td>\n<\/tr>\n<tr>\n<td style=\"border-style: solid; border-color: #000000;\" width=\"322\"><\/td>\n<td style=\"border-style: solid; border-color: #000000; text-align: center;\" width=\"113\"><strong>Universidade<\/strong><\/td>\n<td style=\"border-style: solid; border-color: #000000; text-align: center;\" width=\"132\"><strong>Empresa<\/strong><\/td>\n<\/tr>\n<tr>\n<td style=\"border-style: solid; border-color: #000000;\" width=\"322\"><strong>Prote\u00f4mica: Spot de gel<\/strong><\/td>\n<td style=\"border-style: solid; border-color: #000000; text-align: center;\" width=\"113\">R$ 500,00<\/td>\n<td style=\"border-style: solid; border-color: #000000; text-align: center;\" width=\"132\">R$ 600,00<\/td>\n<\/tr>\n<tr>\n<td style=\"border-style: solid; border-color: #000000;\" width=\"322\"><strong>Prote\u00f4mica: Amostras Complexas<\/strong><\/td>\n<td style=\"border-style: solid; border-color: #000000; text-align: center;\" width=\"113\">R$ 3000,00<\/td>\n<td style=\"border-style: solid; border-color: #000000; text-align: center;\" width=\"132\">R$ 5000,00<\/td>\n<\/tr>\n<tr>\n<td style=\"border-style: solid; border-color: #000000;\" colspan=\"3\" width=\"567\">* Amostra j\u00e1 digerida e dessalinizadas por ZipTip seguindo os protocolos do site <span style=\"font-size: 14pt;\"><a href=\"http:\/\/sites.usp.br\/multiomicas\/protocolos\/\">Protocolos<\/a> <\/span>. Para amostras a serem preparadas pelo pessoal t\u00e9cnico do laborat\u00f3rio multiusu\u00e1rios, favor entrar em contato para a avalia\u00e7\u00e3o e acr\u00e9scimo dos custos de preparo.<\/td>\n<\/tr>\n<\/tbody>\n<\/table>\n<p><strong>\u00a0<\/strong><\/p>\n<table width=\"605\">\n<tbody>\n<tr>\n<td style=\"border-style: solid; border-color: #000000; text-align: center;\" colspan=\"3\" width=\"605\">\n<h4><span style=\"color: #ff0000;\"><strong>Metabol\u00f4mica\/Lipid\u00f4mica<\/strong><\/span><\/h4>\n<\/td>\n<\/tr>\n<tr>\n<td style=\"border-style: solid; border-color: #000000; text-align: center;\" colspan=\"3\" width=\"605\"><span style=\"font-size: 12pt;\"><strong>Synapt-G2 da Waters (LC-MSE)<\/strong><\/span><\/td>\n<\/tr>\n<tr>\n<td style=\"border-style: solid; border-color: #000000;\" width=\"322\"><\/td>\n<td style=\"border-style: solid; border-color: #000000; text-align: center;\" width=\"113\"><strong>Universidade<\/strong><\/td>\n<td style=\"border-style: solid; border-color: #000000; text-align: center;\" width=\"170\"><strong>Empresa<\/strong><\/td>\n<\/tr>\n<tr>\n<td style=\"border-style: solid; border-color: #000000;\" width=\"322\"><strong>Metabol\u00f4mica (valor inclui os dois modos de opera\u00e7\u00e3o do ESI)<\/strong><\/td>\n<td style=\"border-style: solid; border-color: #000000; text-align: center;\" width=\"113\">R$ 1000,00<\/td>\n<td style=\"border-style: solid; border-color: #000000; text-align: center;\" width=\"170\">R$ 2000,00<\/td>\n<\/tr>\n<tr>\n<td style=\"border-style: solid; border-color: #000000;\"><strong>Lipid\u00f4mica (valor inclui os dois modos de opera\u00e7\u00e3o do ESI)<\/strong><\/td>\n<td style=\"border-style: solid; border-color: #000000; text-align: center;\">R$ 1000,00<\/td>\n<td style=\"border-style: solid; border-color: #000000; text-align: center;\">R$ 2000,00<\/td>\n<\/tr>\n<tr>\n<td style=\"border-style: solid; border-color: #000000;\" colspan=\"3\" width=\"605\">* Amostras j\u00e1 extra\u00eddas. Para amostras a serem preparadas pelo pessoal t\u00e9cnico do laborat\u00f3rio multiusu\u00e1rios, favor entrar em contato para a avalia\u00e7\u00e3o e acr\u00e9scimo dos custos de preparo.<\/td>\n<\/tr>\n<tr>\n<td style=\"border-style: solid; border-color: #000000; text-align: center;\" colspan=\"3\"><span style=\"font-size: 12pt;\"><strong>GC-MS da Leco (Pegasus BT e Pegaus 4D)<\/strong><\/span><\/td>\n<\/tr>\n<tr>\n<td style=\"border-style: solid; border-color: #000000;\" width=\"322\"><\/td>\n<td style=\"text-align: center; border-style: solid; border-color: #000000;\" width=\"113\"><strong>Universidade<\/strong><\/td>\n<td style=\"text-align: center; border-style: solid; border-color: #000000;\" width=\"170\"><strong>Empresa<\/strong><\/td>\n<\/tr>\n<tr>\n<td style=\"border-style: solid; border-color: #000000;\">Lipid\u00f4mica (valor inclui os dois modos de opera\u00e7\u00e3o do ESI)<\/td>\n<td style=\"border-style: solid; border-color: #000000; text-align: center;\">R$ 750,00<\/td>\n<td style=\"border-style: solid; border-color: #000000; text-align: center;\">R$ 1000,00<\/td>\n<\/tr>\n<tr>\n<td style=\"border-style: solid; border-color: #000000;\" colspan=\"3\" width=\"605\">* Amostras j\u00e1 extra\u00eddas. Para amostras a serem preparadas pelo pessoal t\u00e9cnico do laborat\u00f3rio multiusu\u00e1rios, favor entrar em contato para a avalia\u00e7\u00e3o e acr\u00e9scimo dos custos de preparo.<\/td>\n<\/tr>\n<\/tbody>\n<\/table>\n<p>&nbsp;<\/p>\n","protected":false},"excerpt":{"rendered":"<p>&nbsp; Prote\u00f4mica TimsTof Pro da Bruker Universidade Empresa Prote\u00f4mica: Spot de gel R$ 500,00 R$ 600,00 Prote\u00f4mica: Amostras Complexas R$ 3000,00 R$ 5000,00 * Amostra j\u00e1 digerida e dessalinizadas por ZipTip seguindo os protocolos do site Protocolos . Para amostras a serem preparadas pelo pessoal t\u00e9cnico do laborat\u00f3rio multiusu\u00e1rios, favor entrar em contato para a [&hellip;]<\/p>\n","protected":false},"author":937,"featured_media":0,"parent":0,"menu_order":0,"comment_status":"closed","ping_status":"closed","template":"","meta":{"footnotes":"","_links_to":"","_links_to_target":""},"class_list":["post-158","page","type-page","status-publish","hentry"],"_links":{"self":[{"href":"https:\/\/sites.usp.br\/multiomicas\/wp-json\/wp\/v2\/pages\/158","targetHints":{"allow":["GET"]}}],"collection":[{"href":"https:\/\/sites.usp.br\/multiomicas\/wp-json\/wp\/v2\/pages"}],"about":[{"href":"https:\/\/sites.usp.br\/multiomicas\/wp-json\/wp\/v2\/types\/page"}],"author":[{"embeddable":true,"href":"https:\/\/sites.usp.br\/multiomicas\/wp-json\/wp\/v2\/users\/937"}],"replies":[{"embeddable":true,"href":"https:\/\/sites.usp.br\/multiomicas\/wp-json\/wp\/v2\/comments?post=158"}],"version-history":[{"count":5,"href":"https:\/\/sites.usp.br\/multiomicas\/wp-json\/wp\/v2\/pages\/158\/revisions"}],"predecessor-version":[{"id":383,"href":"https:\/\/sites.usp.br\/multiomicas\/wp-json\/wp\/v2\/pages\/158\/revisions\/383"}],"wp:attachment":[{"href":"https:\/\/sites.usp.br\/multiomicas\/wp-json\/wp\/v2\/media?parent=158"}],"curies":[{"name":"wp","href":"https:\/\/api.w.org\/{rel}","templated":true}]}}