{"id":170,"date":"2019-05-15T17:58:20","date_gmt":"2019-05-15T19:58:20","guid":{"rendered":"http:\/\/sites.usp.br\/maxfeffer\/?page_id=170"},"modified":"2019-09-10T17:53:27","modified_gmt":"2019-09-10T19:53:27","slug":"comite-gestor","status":"publish","type":"page","link":"https:\/\/sites.usp.br\/multiomicas\/comite-gestor\/","title":{"rendered":"Comit\u00ea Gestor"},"content":{"rendered":"<ul>\n<li style=\"list-style-type: none;\">\n<ul>\n<li><strong>Carlos Alberto Labate (Coordenador &#8211; LGN &#8211; ESALQ)<\/strong><\/li>\n<li><strong>Thais Regiani Cataldi (T\u00e9cnica Respons\u00e1vel &#8211; Procontes &#8211; LGN &#8211; ESALQ)<\/strong><\/li>\n<li><strong>Jos\u00e9 Baldin Pinheiro (LGN &#8211; ESALQ)<\/strong><\/li>\n<\/ul>\n<\/li>\n<\/ul>\n","protected":false},"excerpt":{"rendered":"<p>Carlos Alberto Labate (Coordenador &#8211; LGN &#8211; ESALQ) Thais Regiani Cataldi (T\u00e9cnica Respons\u00e1vel &#8211; Procontes &#8211; LGN &#8211; ESALQ) Jos\u00e9 Baldin Pinheiro (LGN &#8211; ESALQ)<\/p>\n","protected":false},"author":937,"featured_media":0,"parent":0,"menu_order":0,"comment_status":"closed","ping_status":"closed","template":"","meta":{"footnotes":"","_links_to":"","_links_to_target":""},"class_list":["post-170","page","type-page","status-publish","hentry"],"_links":{"self":[{"href":"https:\/\/sites.usp.br\/multiomicas\/wp-json\/wp\/v2\/pages\/170","targetHints":{"allow":["GET"]}}],"collection":[{"href":"https:\/\/sites.usp.br\/multiomicas\/wp-json\/wp\/v2\/pages"}],"about":[{"href":"https:\/\/sites.usp.br\/multiomicas\/wp-json\/wp\/v2\/types\/page"}],"author":[{"embeddable":true,"href":"https:\/\/sites.usp.br\/multiomicas\/wp-json\/wp\/v2\/users\/937"}],"replies":[{"embeddable":true,"href":"https:\/\/sites.usp.br\/multiomicas\/wp-json\/wp\/v2\/comments?post=170"}],"version-history":[{"count":5,"href":"https:\/\/sites.usp.br\/multiomicas\/wp-json\/wp\/v2\/pages\/170\/revisions"}],"predecessor-version":[{"id":367,"href":"https:\/\/sites.usp.br\/multiomicas\/wp-json\/wp\/v2\/pages\/170\/revisions\/367"}],"wp:attachment":[{"href":"https:\/\/sites.usp.br\/multiomicas\/wp-json\/wp\/v2\/media?parent=170"}],"curies":[{"name":"wp","href":"https:\/\/api.w.org\/{rel}","templated":true}]}}