{"id":176,"date":"2019-05-15T18:04:38","date_gmt":"2019-05-15T20:04:38","guid":{"rendered":"http:\/\/sites.usp.br\/maxfeffer\/?page_id=176"},"modified":"2019-09-10T17:54:31","modified_gmt":"2019-09-10T19:54:31","slug":"normas-de-funcionamento","status":"publish","type":"page","link":"https:\/\/sites.usp.br\/multiomicas\/normas-de-funcionamento\/","title":{"rendered":"Normas de Funcionamento"},"content":{"rendered":"<div class=\"article-content\">\n<p>O acesso aos servi\u00e7os, ser\u00e1 garantido a todos os interessados.<\/p>\n<p>Os or\u00e7amentos e servi\u00e7os do Laborat\u00f3rio ser\u00e3o realizados mediante o preenchimento de Formul\u00e1rio de Servi\u00e7os que est\u00e1 dispon\u00edvel ao lado.<\/p>\n<p>As amostras recebidas, ser\u00e3o registradas com o n\u00famero gerado pelo Formul\u00e1rio de Servi\u00e7o e analisadas por ordem de chegada. O andamento das an\u00e1lises ser\u00e1 informado pela equipe t\u00e9cnica via e-mail do Formul\u00e1rio de Servi\u00e7o, bem como a previs\u00e3o de conclus\u00e3o do servi\u00e7o.<\/p>\n<p>O pagamento dos servi\u00e7os ser\u00e1 efetuado via boleto banc\u00e1rio emitido pela Funda\u00e7\u00e3o de Estudos Agr\u00e1rios Luiz de Queiroz (<strong>FEALQ<\/strong>).<\/p>\n<p style=\"text-align: left;\"><strong>REGIMENTO DA CENTRAL MULTIUSU\u00c1RIO<\/strong><br \/>\n<strong>LABORAT\u00d3RIO MULTIUSU\u00c1RIOS DE PROTE\u00d4MICA, METABOL\u00d4MICA E LIPID\u00d4MICA (MULTI\u00d4MICAS)<\/strong><br \/>\nArtigo 1\u00ba &#8211; A Central Multiusu\u00e1rio DE PROTE\u00d4MICA, METABOL\u00d4MICA E LIPID\u00d4MICA, sediada no(a) Departamento de Gen\u00e9tica &#8211; ESALQ, \u00e9 uma instala\u00e7\u00e3o de apoio \u00e0 pesquisa que congrega equipamentos e que oferece servi\u00e7os aos usu\u00e1rios, executados por t\u00e9cnicos especialistas, com o objetivo de otimizar o uso desses equipamentos.<br \/>\nArtigo 2\u00ba &#8211; Os equipamentos que fazem parte da Central Laborat\u00f3rio Multiusu\u00e1rios de Prote\u00f4mica, Metabol\u00f4mica e Lipid\u00f4mica est\u00e3o listados no sistema eletr\u00f4nico da Pr\u00f3-Reitoria de Pesquisa e apresentam n\u00famero de patrim\u00f4nio USP, com exce\u00e7\u00e3o de eventuais equipamentos n\u00e3o patrimoni\u00e1veis.<br \/>\nArtigo 3\u00ba &#8211; Novos equipamentos adquiridos pela unidade sede ou por outras unidades da USP poder\u00e3o ser vinculados \u00e0 Central Multiusu\u00e1rio Laborat\u00f3rio Multiusu\u00e1rios de Prote\u00f4mica, Metabol\u00f4mica e Lipid\u00f4mica ap\u00f3s aprova\u00e7\u00e3o do Comit\u00ea Gestor, referendada pela Congrega\u00e7\u00e3o da Unidade.<br \/>\nArtigo 4\u00ba &#8211; A organiza\u00e7\u00e3o administrativa da Central Multiusu\u00e1rio est\u00e1 estruturada da seguinte forma:<br \/>\nI &#8211; Comit\u00ea Gestor;<br \/>\nII &#8211; Comiss\u00e3o de Usu\u00e1rios.<br \/>\nArtigo 5\u00ba &#8211; O Comit\u00ea Gestor, \u00f3rg\u00e3o executivo da Laborat\u00f3rio Multiusu\u00e1rios de Prote\u00f4mica, Metabol\u00f4mica e Lipid\u00f4mica, tem a seguinte composi\u00e7\u00e3o:<br \/>\nI &#8211; Presidente;<br \/>\nII &#8211; Vice-Presidente;<br \/>\nIII &#8211; no m\u00ednimo, um respons\u00e1vel pelos equipamentos e respectivo suplente.<br \/>\n\u00a7 1\u00ba &#8211; O Presidente e o Vice-Presidente do Comit\u00ea Gestor devem ser docentes ativos, sendo os demais membros docentes ativos ou servidores t\u00e9cnicos ou administrativos.<br \/>\n\u00a7 2\u00ba &#8211; Os membros do Comit\u00ea Gestor ser\u00e3o aprovados pela Congrega\u00e7\u00e3o da Unidade ou \u00f3rg\u00e3o equivalente, com mandato de 3 (tr\u00eas) anos, permitidas recondu\u00e7\u00f5es.<br \/>\n\u00a7 3\u00ba &#8211; A proposta de cria\u00e7\u00e3o da Central Multiusu\u00e1rio indicar\u00e1 a composi\u00e7\u00e3o inicial do seu Comit\u00ea Gestor para aprova\u00e7\u00e3o da Congrega\u00e7\u00e3o da Unidade ou \u00f3rg\u00e3o equivalente.<br \/>\n\u00a7 4\u00ba &#8211; Nas Centrais Multiusu\u00e1rios em funcionamento, a proposta de nova composi\u00e7\u00e3o ou de recondu\u00e7\u00e3o dos membros do Comit\u00ea Gestor ser\u00e1 apresentada \u00e0 Congrega\u00e7\u00e3o da Unidade ou \u00f3rg\u00e3o equivalente pelo Comit\u00ea Gestor em exerc\u00edcio.<br \/>\n\u00a7 5\u00ba &#8211; O Vice-Presidente substituir\u00e1 o Presidente em suas faltas e impedimentos e suced\u00ea-lo-\u00e1 em caso de vac\u00e2ncia, devendo-se realizar, nesta \u00faltima hip\u00f3tese, escolha exclusiva para a fun\u00e7\u00e3o de Vice-Presidente, que apenas completar\u00e1 o mandato em curso.<br \/>\n\u00a7 6\u00ba &#8211; Em caso de vac\u00e2ncia apenas da fun\u00e7\u00e3o de Vice-Presidente, o Comit\u00ea Gestor indicar\u00e1 \u00e0 Congrega\u00e7\u00e3o ou \u00f3rg\u00e3o equivalente um novo Vice-Presidente, que completar\u00e1 o mandato em curso.<br \/>\n\u00a7 7\u00ba &#8211; No caso de vac\u00e2ncia simult\u00e2nea das fun\u00e7\u00f5es de Presidente e Vice-Presidente, o Diretor da Unidade\/\u00f3rg\u00e3o assumir\u00e1 temporariamente as fun\u00e7\u00f5es de Presidente e, no prazo m\u00e1ximo de 30 dias, tomar\u00e1 provid\u00eancias para indica\u00e7\u00e3o \u00e0 Congrega\u00e7\u00e3o ou \u00f3rg\u00e3o equivalente de nomes para essas fun\u00e7\u00f5es, que ser\u00e3o exercidas pelos novos escolhidos com mandato integral.<br \/>\n\u00a7 8\u00ba &#8211; Na vac\u00e2ncia de membro do Comit\u00ea Gestor ou de seu suplente, caber\u00e1 ao Comit\u00ea Gestor a indica\u00e7\u00e3o de novo nome, no prazo de 30 dias, para aprova\u00e7\u00e3o da Congrega\u00e7\u00e3o da Unidade ou \u00f3rg\u00e3o equivalente.<br \/>\nArtigo 6\u00ba &#8211; S\u00e3o compet\u00eancias do Comit\u00ea Gestor:<br \/>\nI &#8211; gerir a Central Multiusu\u00e1rio;<br \/>\nII &#8211; administrar o website da Central, pr\u00f3prio ou fornecido pela Pr\u00f3-Reitoria de Pesquisa, para gerenciamento dos servi\u00e7os;<br \/>\nIII &#8211; supervisionar a garantia de acesso de forma igualit\u00e1ria e sem prioriza\u00e7\u00e3o aos servi\u00e7os da Central Multiusu\u00e1rio;<br \/>\nIV &#8211; controlar os agendamentos dos usu\u00e1rios e suas filia\u00e7\u00f5es que dever\u00e3o ser feitas por meio do website, bem como a garantia de acesso aos servi\u00e7os de acordo com a ordem de cadastramento da atividade no website;<br \/>\nV &#8211; garantir a otimiza\u00e7\u00e3o e manuten\u00e7\u00e3o dos equipamentos da Central Multiusu\u00e1rio;<br \/>\nVI &#8211; decidir sobre o procedimento de manuten\u00e7\u00e3o e conserto dos equipamentos, definindo crit\u00e9rios e prioridades na utiliza\u00e7\u00e3o das receitas;<br \/>\nVII &#8211; propiciar consultoria e apoio t\u00e9cnico aos pesquisadores para o uso dos servi\u00e7os;<br \/>\nVIII &#8211; elaborar e encaminhar ao CTA da Unidade ou \u00f3rg\u00e3o equivalente as propostas de fixa\u00e7\u00e3o de taxas para custeio b\u00e1sico de manuten\u00e7\u00e3o e de reagentes;<br \/>\nIX &#8211; avaliar solicita\u00e7\u00f5es de inclus\u00e3o de equipamentos e servi\u00e7os propostos pelos Departamentos e Unidades\/\u00f3rg\u00e3os da Universidade;<br \/>\nX &#8211; apreciar os relat\u00f3rios anuais das atividades da Central Multiusu\u00e1rio, elaborados pelos respons\u00e1veis pelos equipamentos ou plataformas da Central Multiusu\u00e1rio;<br \/>\nXI &#8211; elaborar o relat\u00f3rio f\u00edsico-financeiro anual da Central Multiusu\u00e1rio para aprecia\u00e7\u00e3o da Congrega\u00e7\u00e3o da Unidade ou \u00f3rg\u00e3o equivalente e para envio \u00e0 Pr\u00f3-Reitoria de Pesquisa quando solicitado;<br \/>\nXII &#8211; promover atividades de apoio ao ensino e treinamento t\u00e9cnico nas \u00e1reas de atua\u00e7\u00e3o;<br \/>\nXIII &#8211; elaborar projetos multiusu\u00e1rios e de manuten\u00e7\u00e3o de equipamentos, a serem submetidos \u00e0s ag\u00eancias de fomento;<br \/>\nXIV &#8211; registrar informa\u00e7\u00f5es atualizadas sobre a Central no sistema eletr\u00f4nico da Pr\u00f3-Reitoria de Pesquisa, incluindo informa\u00e7\u00f5es sobre seus equipamentos e respons\u00e1veis e sobre os membros do Comit\u00ea Gestor e da Comiss\u00e3o de Usu\u00e1rios.<br \/>\nArtigo 7\u00ba &#8211; A Comiss\u00e3o de Usu\u00e1rios ser\u00e1 formada para atuar como \u00f3rg\u00e3o regulador\/interlocutor da Central Multiusu\u00e1rio e ser\u00e1 composta por:<br \/>\nI \u2013 1 membro(s) docente(s) e respectivo(s) suplente(s), pertencentes \u00e0 Unidade\/\u00f3rg\u00e3o sede da Central Multiusu\u00e1rio;<br \/>\nII &#8211; 3 membro(s) docente(s) e respectivo(s) suplente(s) de Unidades\/\u00f3rg\u00e3os da USP usu\u00e1rios da Central Multiusu\u00e1rio;<br \/>\nIII &#8211; 1 membro(s) servidor(es) t\u00e9cnico(s) e administrativo(s) da Central Multiusu\u00e1rio e, facultativamente, respectivo(s) suplente(s);<br \/>\nIV &#8211; 1 membro(s) discente(s) de p\u00f3s-gradua\u00e7\u00e3o e, facultativamente, respectivo(s) suplente(s);<br \/>\nV &#8211; 2 membro(s) de institui\u00e7\u00f5es externas \u00e0 Universidade e, facultativamente, respectivo(s) suplente(s).<br \/>\n\u00a7 1\u00ba &#8211; A proposta de cria\u00e7\u00e3o da Central Multiusu\u00e1rio indicar\u00e1 a composi\u00e7\u00e3o inicial da sua Comiss\u00e3o de Usu\u00e1rios para aprova\u00e7\u00e3o da Congrega\u00e7\u00e3o da Unidade ou \u00f3rg\u00e3o equivalente.<br \/>\n\u00a7 2\u00ba &#8211; Nas Centrais Multiusu\u00e1rios em funcionamento, a proposta de nova composi\u00e7\u00e3o ou de recondu\u00e7\u00e3o dos membros da Comiss\u00e3o de Usu\u00e1rios ser\u00e1 apresentada \u00e0 Congrega\u00e7\u00e3o da Unidade ou \u00f3rg\u00e3o equivalente pelo Comit\u00ea Gestor em exerc\u00edcio, exceto quanto ao membro discente.<br \/>\n\u00a7 3\u00ba &#8211; Os mandatos do membro e do suplente ser\u00e3o independentes, com dura\u00e7\u00e3o inicial de 3 (tr\u00eas) anos, exceto para o membro discente, permitidas recondu\u00e7\u00f5es mediante anu\u00eancia da Congrega\u00e7\u00e3o da Unidade ou \u00f3rg\u00e3o equivalente.<br \/>\n\u00a7 4\u00ba &#8211; O(s) membro(s) discente(s) e eventual(is) suplente(s) ser\u00e1(\u00e3o) designado(s) pelo Comit\u00ea Gestor para mandato de 1 (um) ano, sem submiss\u00e3o \u00e0 Congrega\u00e7\u00e3o ou \u00f3rg\u00e3o equivalente, permitidas recondu\u00e7\u00f5es.<br \/>\n\u00a7 5\u00ba &#8211; Os nomes dos membros e suplentes da Comiss\u00e3o de Usu\u00e1rios dever\u00e3o ser registrados no sistema eletr\u00f4nico da Pr\u00f3-Reitoria de Pesquisa.<br \/>\n\u00a7 6\u00ba &#8211; O membro ser\u00e1 substitu\u00eddo, em suas faltas, impedimentos e vac\u00e2ncia, pelo suplente.<br \/>\n\u00a7 7\u00ba &#8211; Na vac\u00e2ncia exclusiva ou simult\u00e2nea de membro ou de seu suplente, caber\u00e1 ao Comit\u00ea Gestor, no prazo de 30 (trinta) dias, a indica\u00e7\u00e3o de novo(s) nome(s) para aprova\u00e7\u00e3o da Congrega\u00e7\u00e3o da Unidade ou \u00f3rg\u00e3o equivalente, exceto quanto ao membro discente.<br \/>\n\u00a7 8\u00ba &#8211; A Comiss\u00e3o de Usu\u00e1rios dever\u00e1 se reportar ao Comit\u00ea Gestor nas reuni\u00f5es especificadas no artigo 9\u00ba.<br \/>\nArtigo 8\u00ba &#8211; S\u00e3o compet\u00eancias da Comiss\u00e3o de Usu\u00e1rios:<br \/>\nI &#8211; avaliar o cumprimento da garantia de acesso igualit\u00e1rio dos usu\u00e1rios aos servi\u00e7os das plataformas de apoio;<br \/>\nII &#8211; avaliar junto ao Comit\u00ea Gestor a fixa\u00e7\u00e3o de valores para os servi\u00e7os e uso de insumos e reagentes;<br \/>\nIII &#8211; avaliar o andamento da Central Multiusu\u00e1rio frente a sugest\u00f5es, reclama\u00e7\u00f5es e propostas vindas dos demais usu\u00e1rios da Central Multiusu\u00e1rio, por meio de question\u00e1rios e pelo atendimento individualizado aos usu\u00e1rios quando solicitado por estes, desempenhando tamb\u00e9m a fun\u00e7\u00e3o de ombudsman;<br \/>\nIV &#8211; controlar os mandatos e procedimentos para indica\u00e7\u00e3o dos membros titulares e suplentes da Comiss\u00e3o de Usu\u00e1rios, de acordo com as regras contidas no artigo 7\u00ba.<br \/>\nArtigo 9\u00ba &#8211; O Comit\u00ea Gestor reunir-se-\u00e1 com a Comiss\u00e3o de Usu\u00e1rios periodicamente, em sess\u00f5es ordin\u00e1rias semestrais, e extraordinariamente, quando necess\u00e1rio, a crit\u00e9rio do Presidente do Comit\u00ea Gestor ou por solicita\u00e7\u00e3o de 2\/3 dos membros da Comiss\u00e3o de Usu\u00e1rios, devendo manter os registros dos atos das sess\u00f5es, em ordem cronol\u00f3gica e numeradas.<br \/>\nArtigo 10\u00ba &#8211; A Central Multiusu\u00e1rio n\u00e3o deve ter fins lucrativos, por\u00e9m, deve cobrar valores que garantam os custos b\u00e1sicos para o funcionamento pleno dos equipamentos.<br \/>\n\u00a7 1\u00ba &#8211; As planilhas de custos e as tabelas de valores a serem recolhidos ser\u00e3o elaboradas pelo Comit\u00ea Gestor da Central Multiusu\u00e1rio e ser\u00e3o apreciadas no Conselho T\u00e9cnico-Administrativo (CTA) da Unidade ou \u00f3rg\u00e3o equivalente.<br \/>\n\u00a7 2\u00ba &#8211; O recolhimento das taxas de cobran\u00e7a pelo uso do(s) equipamento(s) ser\u00e1 feito por meio da Funda\u00e7\u00e3o de Estudos Agr\u00e1rios Luiz de Queiroz &#8211; Fealq, conforme especificado pelo Comit\u00ea Gestor e autorizado pelo CTA da Unidade ou \u00f3rg\u00e3o equivalente.<br \/>\n\u00a7 3\u00ba &#8211; O Comit\u00ea Gestor dever\u00e1 estipular valores inferiores para entidades p\u00fablicas em rela\u00e7\u00e3o aos valores estipulados para entes privados.<br \/>\nArtigo 11 &#8211; As eventuais quest\u00f5es pendentes relacionadas \u00e0 Central Multiusu\u00e1rio, assim como os casos omissos, ser\u00e3o resolvidas:<br \/>\nI &#8211; pelo CTA da Unidade ou \u00f3rg\u00e3o equivalente, nas quest\u00f5es de natureza financeira;<br \/>\nII &#8211; pela Congrega\u00e7\u00e3o da Unidade ou \u00f3rg\u00e3o equivalente, nos demais casos.<br \/>\nPar\u00e1grafo \u00fanico &#8211; Em caso de recurso, a decis\u00e3o final caber\u00e1 ao Pr\u00f3-Reitor de Pesquisa.<br \/>\nArtigo 12 &#8211; Nas Centrais Multiusu\u00e1rios que re\u00fanam mais de uma Unidade ou \u00f3rg\u00e3o, as compet\u00eancias previstas na Portaria GR-7.311, de 19 de dezembro de 2018, para a Congrega\u00e7\u00e3o e para o CTA, ser\u00e3o exercidas, de forma sucessiva, pelos \u00f3rg\u00e3os equivalentes de todas as Unidades ou \u00f3rg\u00e3os que as integrem.<\/p>\n<\/div>\n","protected":false},"excerpt":{"rendered":"<p>O acesso aos servi\u00e7os, ser\u00e1 garantido a todos os interessados. Os or\u00e7amentos e servi\u00e7os do Laborat\u00f3rio ser\u00e3o realizados mediante o preenchimento de Formul\u00e1rio de Servi\u00e7os que est\u00e1 dispon\u00edvel ao lado. As amostras recebidas, ser\u00e3o registradas com o n\u00famero gerado pelo Formul\u00e1rio de Servi\u00e7o e analisadas por ordem de chegada. O andamento das an\u00e1lises ser\u00e1 informado [&hellip;]<\/p>\n","protected":false},"author":937,"featured_media":0,"parent":0,"menu_order":0,"comment_status":"closed","ping_status":"closed","template":"","meta":{"footnotes":"","_links_to":"","_links_to_target":""},"class_list":["post-176","page","type-page","status-publish","hentry"],"_links":{"self":[{"href":"https:\/\/sites.usp.br\/multiomicas\/wp-json\/wp\/v2\/pages\/176","targetHints":{"allow":["GET"]}}],"collection":[{"href":"https:\/\/sites.usp.br\/multiomicas\/wp-json\/wp\/v2\/pages"}],"about":[{"href":"https:\/\/sites.usp.br\/multiomicas\/wp-json\/wp\/v2\/types\/page"}],"author":[{"embeddable":true,"href":"https:\/\/sites.usp.br\/multiomicas\/wp-json\/wp\/v2\/users\/937"}],"replies":[{"embeddable":true,"href":"https:\/\/sites.usp.br\/multiomicas\/wp-json\/wp\/v2\/comments?post=176"}],"version-history":[{"count":4,"href":"https:\/\/sites.usp.br\/multiomicas\/wp-json\/wp\/v2\/pages\/176\/revisions"}],"predecessor-version":[{"id":364,"href":"https:\/\/sites.usp.br\/multiomicas\/wp-json\/wp\/v2\/pages\/176\/revisions\/364"}],"wp:attachment":[{"href":"https:\/\/sites.usp.br\/multiomicas\/wp-json\/wp\/v2\/media?parent=176"}],"curies":[{"name":"wp","href":"https:\/\/api.w.org\/{rel}","templated":true}]}}