{"id":178,"date":"2019-05-15T18:06:14","date_gmt":"2019-05-15T20:06:14","guid":{"rendered":"http:\/\/sites.usp.br\/maxfeffer\/?page_id=178"},"modified":"2019-06-26T18:30:47","modified_gmt":"2019-06-26T20:30:47","slug":"plano-de-gestao","status":"publish","type":"page","link":"https:\/\/sites.usp.br\/multiomicas\/plano-de-gestao\/","title":{"rendered":"Plano de Gest\u00e3o"},"content":{"rendered":"<p style=\"text-align: left;\">Plano de Gest\u00e3o EMU: Laborat\u00f3rio Multiusu\u00e1rios de Prote\u00f4mica, Metabol\u00f4mica e Lipid\u00f4mica<\/p>\n<p style=\"text-align: left;\">Coordena\u00e7\u00e3o: A coordena\u00e7\u00e3o do EMU \u00e9 exercida pelo Dr. Carlos Alberto Labate do Departamento de Gen\u00e9tica da ESALQ, respons\u00e1vel pelo pleno funcionamento do EMU, organiza\u00e7\u00e3o dos cursos de treinamento e workshops entre os usu\u00e1rios.<\/p>\n<p style=\"text-align: left;\">Comit\u00ea Gestor: Este comit\u00ea ser\u00e1 respons\u00e1vel por assessorar a coordena\u00e7\u00e3o e analisar o funcionamento do EMU, garantindo o acesso a todos os usu\u00e1rios, avaliando a qualidade t\u00e9cnica dos resultados obtidos, a velocidade no atendimento dos usu\u00e1rios, o conte\u00fado e qualidade dos cursos de treinamento e a necessidade de adequa\u00e7\u00e3o dos equipamentos e infra-estrutura do EMU.\u00a0 O comit\u00ea gestor \u00e9 composto pelos seguintes pesquisadores associados, representando as diferentes institui\u00e7\u00f5es ou unidades da USP: Marcos A. Machado (IAC-Centro de Citricultura Sylvio Moreira), Heloisa S. S. de Ara\u00fajo (UFSCAR), Marilia Buzalaf (FOB-USP-Bauru), Luis Juliano Neto (AC Camargo Cancer Center) e Junior Barrera (IME-USP).<\/p>\n<p style=\"text-align: left;\">Equipe operacional: \u00c9 composta pela especialista de laborat\u00f3rio com doutorado em espectrometria de massas,\u00a0 Thais Regiani Cataldi do quadro permanente da USP, e dois p\u00f3s-doutores contratados por projetos em parceria com o setor privado, via Fealq.<\/p>\n<p style=\"text-align: left;\">Normas de funcionamento:<\/p>\n<ul>\n<li style=\"text-align: left;\">i) O acesso aos servi\u00e7os de Prote\u00f4mica, Metabol\u00f4mica e Lipid\u00f4mica do EMU ser\u00e1 garantido a todos os pesquisadores de institui\u00e7\u00f5es p\u00fablicas, privadas e empresas que tenham necessidade do seu uso.<\/li>\n<li style=\"text-align: left;\">ii) Os interessados nos servi\u00e7os do EMU poder\u00e3o realizar cursos de aplica\u00e7\u00e3o de prote\u00f4mica, metabol\u00f4mica e lipid\u00f4mica oferecidos pela EMU, que envolver\u00e3o metodologia de desenho experimental, preparo de amostra, troubleshutting e an\u00e1lise dos resultados. Os cursos ser\u00e3o ministrados pelos pesquisadores associados, t\u00e9cnicos do EMU e cientistas convidados. Os cursos ser\u00e3o oferecidos regularmente.<\/li>\n<li style=\"text-align: left;\">iii) Os servi\u00e7os do EMU ser\u00e3o solicitados por meio do preenchimento do Formul\u00e1rio de Servi\u00e7os que est\u00e1 dispon\u00edvel ao lado.<\/li>\n<li style=\"text-align: left;\">iv) Para o uso da EMU ser\u00e1 cobrada uma taxa\u00a0 de servi\u00e7o referente ao custo de reagentes e custo do contrato de manuten\u00e7\u00e3o dos equipamentos, de acordo com tabela de\u00a0<strong>CUSTOS<\/strong> dispon\u00edvel no site. A presta\u00e7\u00e3o de servi\u00e7os ser\u00e1 feita via Funda\u00e7\u00e3o de Estudos Agr\u00e1rios Luiz de Queiroz (FEALQ), por meio de conv\u00eanio especifico.<\/li>\n<\/ul>\n","protected":false},"excerpt":{"rendered":"<p>Plano de Gest\u00e3o EMU: Laborat\u00f3rio Multiusu\u00e1rios de Prote\u00f4mica, Metabol\u00f4mica e Lipid\u00f4mica Coordena\u00e7\u00e3o: A coordena\u00e7\u00e3o do EMU \u00e9 exercida pelo Dr. Carlos Alberto Labate do Departamento de Gen\u00e9tica da ESALQ, respons\u00e1vel pelo pleno funcionamento do EMU, organiza\u00e7\u00e3o dos cursos de treinamento e workshops entre os usu\u00e1rios. Comit\u00ea Gestor: Este comit\u00ea ser\u00e1 respons\u00e1vel por assessorar a coordena\u00e7\u00e3o [&hellip;]<\/p>\n","protected":false},"author":937,"featured_media":0,"parent":0,"menu_order":0,"comment_status":"closed","ping_status":"closed","template":"","meta":{"footnotes":"","_links_to":"","_links_to_target":""},"class_list":["post-178","page","type-page","status-publish","hentry"],"_links":{"self":[{"href":"https:\/\/sites.usp.br\/multiomicas\/wp-json\/wp\/v2\/pages\/178","targetHints":{"allow":["GET"]}}],"collection":[{"href":"https:\/\/sites.usp.br\/multiomicas\/wp-json\/wp\/v2\/pages"}],"about":[{"href":"https:\/\/sites.usp.br\/multiomicas\/wp-json\/wp\/v2\/types\/page"}],"author":[{"embeddable":true,"href":"https:\/\/sites.usp.br\/multiomicas\/wp-json\/wp\/v2\/users\/937"}],"replies":[{"embeddable":true,"href":"https:\/\/sites.usp.br\/multiomicas\/wp-json\/wp\/v2\/comments?post=178"}],"version-history":[{"count":4,"href":"https:\/\/sites.usp.br\/multiomicas\/wp-json\/wp\/v2\/pages\/178\/revisions"}],"predecessor-version":[{"id":336,"href":"https:\/\/sites.usp.br\/multiomicas\/wp-json\/wp\/v2\/pages\/178\/revisions\/336"}],"wp:attachment":[{"href":"https:\/\/sites.usp.br\/multiomicas\/wp-json\/wp\/v2\/media?parent=178"}],"curies":[{"name":"wp","href":"https:\/\/api.w.org\/{rel}","templated":true}]}}