{"id":79,"date":"2014-02-24T16:51:20","date_gmt":"2014-02-24T18:51:20","guid":{"rendered":"http:\/\/sites.usp.br\/maxfeffer\/?page_id=79"},"modified":"2019-07-03T09:57:25","modified_gmt":"2019-07-03T11:57:25","slug":"pagina-inicial","status":"publish","type":"page","link":"https:\/\/sites.usp.br\/multiomicas\/","title":{"rendered":""},"content":{"rendered":"<p>Esta iniciativa tem por objetivo disponibilizar\u00a0um laborat\u00f3rio multiusu\u00e1rios &#8211;\u00a0<strong>EMU<\/strong> nas \u00e1reas de <strong>Prote\u00f4mica, Metabol\u00f4mica <\/strong>e <strong>Lipid\u00f4mica<\/strong>. O <strong>EMU<\/strong> j\u00e1 oferece servi\u00e7os \u00e0 comunidade desde 2004, tendo por objetivo atender pesquisadores de v\u00e1rias institui\u00e7\u00f5es de ensino e pesquisa publicas e privadas, Empresas, Incubadoras de Empresas, empresas do P\u00f3lo Tecnol\u00f3gico de Piracicaba, al\u00e9m de outras institui\u00e7\u00f5es da comunidade cient\u00edfica do Estado de S\u00e3o Paulo.<\/p>\n<p>O <strong>Laborat\u00f3rio Multiusu\u00e1rios<\/strong>\u00a0conta com recursos aprovados pela <strong>FAPESP,<\/strong>\u00a0\u00a0<strong>FINEP<\/strong>,\u00a0<strong>CNPq, CAPES <\/strong>e<strong> Universidade de S\u00e3o Paulo<\/strong> .<\/p>\n<p>Coordenador: <strong>Prof. Dr. Carlos Alberto Labate<\/strong>.<\/p>\n<table class=\" aligncenter\" style=\"width: 100%;\" cellspacing=\"5\">\n<tbody>\n<tr>\n<td><img loading=\"lazy\" decoding=\"async\" class=\"size-full wp-image-349 alignnone\" src=\"https:\/\/sites.usp.br\/multiomicas\/wp-content\/uploads\/sites\/509\/2019\/07\/fapesp_logo.jpg\" alt=\"\" width=\"266\" height=\"92\" \/><\/td>\n<td><img loading=\"lazy\" decoding=\"async\" class=\"alignnone size-full wp-image-350\" src=\"https:\/\/sites.usp.br\/multiomicas\/wp-content\/uploads\/sites\/509\/2019\/07\/finep_logo.jpg\" alt=\"\" width=\"266\" height=\"152\" \/><\/td>\n<td style=\"border-style: none;\"><img loading=\"lazy\" decoding=\"async\" class=\"alignnone size-full wp-image-348\" src=\"https:\/\/sites.usp.br\/multiomicas\/wp-content\/uploads\/sites\/509\/2019\/07\/cnpq_logo.jpg\" alt=\"\" width=\"295\" height=\"127\" \/><\/td>\n<td><img loading=\"lazy\" decoding=\"async\" class=\"alignnone size-full wp-image-347\" src=\"https:\/\/sites.usp.br\/multiomicas\/wp-content\/uploads\/sites\/509\/2019\/07\/capes_logo.jpg\" alt=\"\" width=\"141\" height=\"141\" srcset=\"https:\/\/sites.usp.br\/multiomicas\/wp-content\/uploads\/sites\/509\/2019\/07\/capes_logo.jpg 141w, https:\/\/sites.usp.br\/multiomicas\/wp-content\/uploads\/sites\/509\/2019\/07\/capes_logo-45x45.jpg 45w\" sizes=\"auto, (max-width: 141px) 100vw, 141px\" \/><\/td>\n<\/tr>\n<\/tbody>\n<\/table>\n","protected":false},"excerpt":{"rendered":"<p>Esta iniciativa tem por objetivo disponibilizar\u00a0um laborat\u00f3rio multiusu\u00e1rios &#8211;\u00a0EMU nas \u00e1reas de Prote\u00f4mica, Metabol\u00f4mica e Lipid\u00f4mica. O EMU j\u00e1 oferece servi\u00e7os \u00e0 comunidade desde 2004, tendo por objetivo atender pesquisadores de v\u00e1rias institui\u00e7\u00f5es de ensino e pesquisa publicas e privadas, Empresas, Incubadoras de Empresas, empresas do P\u00f3lo Tecnol\u00f3gico de Piracicaba, al\u00e9m de outras institui\u00e7\u00f5es da [&hellip;]<\/p>\n","protected":false},"author":1,"featured_media":0,"parent":0,"menu_order":0,"comment_status":"closed","ping_status":"closed","template":"","meta":{"footnotes":"","_links_to":"","_links_to_target":""},"class_list":["post-79","page","type-page","status-publish","hentry"],"_links":{"self":[{"href":"https:\/\/sites.usp.br\/multiomicas\/wp-json\/wp\/v2\/pages\/79","targetHints":{"allow":["GET"]}}],"collection":[{"href":"https:\/\/sites.usp.br\/multiomicas\/wp-json\/wp\/v2\/pages"}],"about":[{"href":"https:\/\/sites.usp.br\/multiomicas\/wp-json\/wp\/v2\/types\/page"}],"author":[{"embeddable":true,"href":"https:\/\/sites.usp.br\/multiomicas\/wp-json\/wp\/v2\/users\/1"}],"replies":[{"embeddable":true,"href":"https:\/\/sites.usp.br\/multiomicas\/wp-json\/wp\/v2\/comments?post=79"}],"version-history":[{"count":4,"href":"https:\/\/sites.usp.br\/multiomicas\/wp-json\/wp\/v2\/pages\/79\/revisions"}],"predecessor-version":[{"id":352,"href":"https:\/\/sites.usp.br\/multiomicas\/wp-json\/wp\/v2\/pages\/79\/revisions\/352"}],"wp:attachment":[{"href":"https:\/\/sites.usp.br\/multiomicas\/wp-json\/wp\/v2\/media?parent=79"}],"curies":[{"name":"wp","href":"https:\/\/api.w.org\/{rel}","templated":true}]}}