{"id":355,"date":"2025-09-03T11:30:53","date_gmt":"2025-09-03T13:30:53","guid":{"rendered":"https:\/\/sites.usp.br\/musicarp\/?page_id=355"},"modified":"2025-09-04T14:00:43","modified_gmt":"2025-09-04T16:00:43","slug":"home-2","status":"publish","type":"page","link":"https:\/\/sites.usp.br\/musicarp\/","title":{"rendered":"Apresenta\u00e7\u00e3o"},"content":{"rendered":"<p style=\"text-align: justify;\">O <strong>Programa de\u00a0P\u00f3s-Gradua\u00e7\u00e3o Profissional em M\u00fasica<\/strong> pelo Departamento de M\u00fasica da Faculdade de Filosofia, Ci\u00eancias e Letras de Ribeir\u00e3o Preto da Universidade de S\u00e3o Paulo (DM-FFCLRP-USP) prop\u00f5e a forma\u00e7\u00e3o de profissionais especializados em pr\u00e1ticas musicais e docentes para atuar em diversos n\u00edveis e diversas modalidades de ensino, haja vista a interdisciplinaridade do conhecimento art\u00edstico, gra\u00e7as \u00e0 permeabilidade entre a linguagem musical universal e o regional caipira.<\/p>\n<p style=\"text-align: justify;\">O corpo docente \u00e9 constitu\u00eddo por professores de forma\u00e7\u00e3o diversa, que contempla a pluralidade da linguagem musical, em todas as suas inst\u00e2ncias, desde a composi\u00e7\u00e3o \u00e0 execu\u00e7\u00e3o, perpassando ensino, produ\u00e7\u00e3o e interpreta\u00e7\u00e3o. Em ess\u00eancia, nessa perspectiva plural, contemplam-se a pr\u00e1xis, a theoria e a po\u00edesis, enquanto tr\u00edade fundamental do pensamento do curso, em sua miss\u00e3o de expandir o conhecimento em m\u00fasica considerando fortemente o seu vi\u00e9s em performance.<\/p>\n<p style=\"text-align: justify;\">A \u00e1rea de concentra\u00e7\u00e3o do Mestrado Profissional \u00e9 em Performance Musical, inserido no \u00e2mbito das Artes (M\u00fasica), com as seguintes linhas de atua\u00e7\u00e3o profissional \u2013 Processos de Desenvolvimento Art\u00edstico e Pedagogia Instrumental\/Vocal\/Reg\u00eancias.<\/p>\n<p>&nbsp;<\/p>\n<p style=\"text-align: justify;\"><b>Linhas de atua\u00e7\u00e3o profissional<\/b><\/p>\n<p style=\"text-align: justify;\">A \u00e1rea de concentra\u00e7\u00e3o do Mestrado Profissional \u00e9 em <i>Performance Musical<\/i>, inserido no \u00e2mbito das Artes (M\u00fasica), com as seguintes linhas de atua\u00e7\u00e3o profissional (linhas de pesquisa):<\/p>\n<p style=\"text-align: justify;\">L1 \u2013 Processos de Desenvolvimento Art\u00edstico<\/p>\n<p style=\"text-align: justify;\">Objetiva a forma\u00e7\u00e3o continuada de profissionais especializados em pr\u00e1ticas musicais avan\u00e7adas e transformadoras, englobando o dom\u00ednio individual do meio expressivo (instrumento espec\u00edfico, voz, reg\u00eancia etc.), a composi\u00e7\u00e3o e o arranjo, a experi\u00eancia orientada da pr\u00e1tica coletiva, bem como a forma\u00e7\u00e3o em atividades auxiliares na constru\u00e7\u00e3o da carreira musical.<\/p>\n<p style=\"text-align: justify;\">L2 \u2013 Pedagogia Instrumental\/Vocal\/Reg\u00eancias<\/p>\n<p style=\"text-align: justify;\">Objetiva a forma\u00e7\u00e3o avan\u00e7ada e cont\u00ednua de profissionais especializados em pr\u00e1ticas docentes para atuar, especificamente, por meio da pr\u00e1tica de ensino de instrumentos musicais, canto e reg\u00eancias, nas modalidades coletiva, individual ou a dist\u00e2ncia, em projetos de m\u00fasica pertencentes aos diversos n\u00edveis de ensino.<\/p>\n<p>&nbsp;<\/p>\n<p style=\"text-align: justify;\"><b>P\u00fablico-alvo<\/b><\/p>\n<p style=\"text-align: justify;\">O p\u00fablico-alvo s\u00e3o os alunos egressos do curso de gradua\u00e7\u00e3o em M\u00fasica, profissionais de orquestras e professores de m\u00fasica de conservat\u00f3rios p\u00fablicos e privados e do ensino m\u00e9dio e fundamental, bem como de demais institui\u00e7\u00f5es de ensino musical, quer seja do interior, quer de regi\u00f5es metropolitanas, sem excluir a vasta possibilidade de atua\u00e7\u00e3o profissional-musical, incluindo aqueles profissionais aut\u00f4nomos e pedagogos musicais que desejam se aperfei\u00e7oar.<\/p>\n","protected":false},"excerpt":{"rendered":"<p>O Programa de\u00a0P\u00f3s-Gradua\u00e7\u00e3o Profissional em M\u00fasica pelo Departamento de M\u00fasica da Faculdade de Filosofia, Ci\u00eancias e Letras de Ribeir\u00e3o Preto da Universidade de S\u00e3o Paulo (DM-FFCLRP-USP) prop\u00f5e a forma\u00e7\u00e3o de profissionais especializados em pr\u00e1ticas musicais e docentes para atuar em diversos n\u00edveis e diversas modalidades de ensino, haja vista a interdisciplinaridade do conhecimento art\u00edstico, gra\u00e7as [&hellip;]<\/p>\n","protected":false},"author":24877,"featured_media":0,"parent":0,"menu_order":0,"comment_status":"closed","ping_status":"closed","template":"","meta":{"footnotes":"","_links_to":"","_links_to_target":""},"class_list":["post-355","page","type-page","status-publish","hentry"],"_links":{"self":[{"href":"https:\/\/sites.usp.br\/musicarp\/wp-json\/wp\/v2\/pages\/355","targetHints":{"allow":["GET"]}}],"collection":[{"href":"https:\/\/sites.usp.br\/musicarp\/wp-json\/wp\/v2\/pages"}],"about":[{"href":"https:\/\/sites.usp.br\/musicarp\/wp-json\/wp\/v2\/types\/page"}],"author":[{"embeddable":true,"href":"https:\/\/sites.usp.br\/musicarp\/wp-json\/wp\/v2\/users\/24877"}],"replies":[{"embeddable":true,"href":"https:\/\/sites.usp.br\/musicarp\/wp-json\/wp\/v2\/comments?post=355"}],"version-history":[{"count":4,"href":"https:\/\/sites.usp.br\/musicarp\/wp-json\/wp\/v2\/pages\/355\/revisions"}],"predecessor-version":[{"id":674,"href":"https:\/\/sites.usp.br\/musicarp\/wp-json\/wp\/v2\/pages\/355\/revisions\/674"}],"wp:attachment":[{"href":"https:\/\/sites.usp.br\/musicarp\/wp-json\/wp\/v2\/media?parent=355"}],"curies":[{"name":"wp","href":"https:\/\/api.w.org\/{rel}","templated":true}]}}