{"id":428,"date":"2025-09-04T09:27:15","date_gmt":"2025-09-04T11:27:15","guid":{"rendered":"https:\/\/sites.usp.br\/musicarp\/?page_id=428"},"modified":"2025-12-12T15:00:38","modified_gmt":"2025-12-12T17:00:38","slug":"ingresso","status":"publish","type":"page","link":"https:\/\/sites.usp.br\/musicarp\/ingresso\/","title":{"rendered":"Ingresso"},"content":{"rendered":"<div id=\"abas\">\n<ul style=\"padding: 0; margin: 0;\">\n<li><a href=\"#mestrado\">Mestrado<\/a><\/li>\n<\/ul>\n<p><a href=\"https:\/\/www.ffclrp.usp.br\/imagens_editais\/18_09_2025__08_49_29__33.pdf\" target=\"_blank\" rel=\"noopener\">Abertura de inscri\u00e7\u00e3o Programa de P\u00f3s-Gradua\u00e7\u00e3o de Mestrado Profissional em M\u00fasica para o Primeiro Semestre de 2026<\/a><\/p>\n<p><a href=\"https:\/\/sites.usp.br\/musicarp\/wp-content\/uploads\/sites\/1728\/2025\/11\/Inscricoeshomologadas.pdf\">Inscri\u00e7oes Homologadas<\/a><\/p>\n<p><a href=\"https:\/\/sites.usp.br\/musicarp\/wp-content\/uploads\/sites\/1728\/2025\/11\/ResultadoFaseaendamento-das-arguicoes-da-Fase-II.pdf\">Resultado da Fase I agendamento das argui\u00e7\u00f5es da Fase II<\/a><\/p>\n<\/div>\n<p><a href=\"https:\/\/sites.usp.br\/musicarp\/wp-content\/uploads\/sites\/1728\/2025\/12\/AnaliseHeteroidentificacao.pdf\">Resultado da an\u00e1lise de heteroidentifica\u00e7\u00e3o<\/a><\/p>\n<p><a href=\"https:\/\/sites.usp.br\/musicarp\/wp-content\/uploads\/sites\/1728\/2025\/12\/ResultadoFaseII.pdf\">Resultado da Fase II<\/a><\/p>\n<p><a href=\"https:\/\/sites.usp.br\/musicarp\/wp-content\/uploads\/sites\/1728\/2025\/12\/ResultadoFinal.pdf\">Resultado Final<\/a><\/p>\n","protected":false},"excerpt":{"rendered":"<p>Mestrado Abertura de inscri\u00e7\u00e3o Programa de P\u00f3s-Gradua\u00e7\u00e3o de Mestrado Profissional em M\u00fasica para o Primeiro Semestre de 2026 Inscri\u00e7oes Homologadas Resultado da Fase I agendamento das argui\u00e7\u00f5es da Fase II Resultado da an\u00e1lise de heteroidentifica\u00e7\u00e3o Resultado da Fase II Resultado Final<\/p>\n","protected":false},"author":24877,"featured_media":0,"parent":0,"menu_order":0,"comment_status":"closed","ping_status":"closed","template":"","meta":{"footnotes":"","_links_to":"","_links_to_target":""},"class_list":["post-428","page","type-page","status-publish","hentry"],"_links":{"self":[{"href":"https:\/\/sites.usp.br\/musicarp\/wp-json\/wp\/v2\/pages\/428","targetHints":{"allow":["GET"]}}],"collection":[{"href":"https:\/\/sites.usp.br\/musicarp\/wp-json\/wp\/v2\/pages"}],"about":[{"href":"https:\/\/sites.usp.br\/musicarp\/wp-json\/wp\/v2\/types\/page"}],"author":[{"embeddable":true,"href":"https:\/\/sites.usp.br\/musicarp\/wp-json\/wp\/v2\/users\/24877"}],"replies":[{"embeddable":true,"href":"https:\/\/sites.usp.br\/musicarp\/wp-json\/wp\/v2\/comments?post=428"}],"version-history":[{"count":4,"href":"https:\/\/sites.usp.br\/musicarp\/wp-json\/wp\/v2\/pages\/428\/revisions"}],"predecessor-version":[{"id":891,"href":"https:\/\/sites.usp.br\/musicarp\/wp-json\/wp\/v2\/pages\/428\/revisions\/891"}],"wp:attachment":[{"href":"https:\/\/sites.usp.br\/musicarp\/wp-json\/wp\/v2\/media?parent=428"}],"curies":[{"name":"wp","href":"https:\/\/api.w.org\/{rel}","templated":true}]}}