{"id":62,"date":"2014-02-12T11:28:30","date_gmt":"2014-02-12T13:28:30","guid":{"rendered":"http:\/\/sites.usp.br\/nacedo\/?page_id=62"},"modified":"2018-10-25T16:55:51","modified_gmt":"2018-10-25T18:55:51","slug":"pagina-1","status":"publish","type":"page","link":"https:\/\/sites.usp.br\/nacedo\/pagina-1\/","title":{"rendered":"Educa\u00e7\u00e3o"},"content":{"rendered":"<p style=\"text-align: justify;\"><strong>N\u00facleo\u00a0 de Apoio \u00e0 Cultura e Extens\u00e3o em Diagn\u00f3stico Odontol\u00f3gico<\/strong> acr\u00f4nimo\u00a0 (<em><strong>NACEDO<\/strong><\/em>), est\u00e1 localizado na cidade de Ribeir\u00e3o Preto, S\u00e3o Paulo (MAPS) na\u00a0 Faculdade de Odontologia de Ribeir\u00e3o Preto, ( FORP \/ USP \/ Sistema USP ) junto ao\u00a0 Departamento de Estomatologia, Sa\u00fade Coletiva e Odontologia Legal (DESCOL) ampliando a\u00e7\u00f5es educacionais da Extens\u00e3o Universit\u00e1ria aliada aos conhecimentos das atividaes de; Gradua\u00e7\u00e3o, Programa de P\u00f3s-Gradua\u00e7\u00e3o e Gest\u00e3o Educacional<\/p>\n<p style=\"text-align: justify;\"><strong>NACEDO<\/strong>; Colabora com a divulga\u00e7\u00e3o da USP com rela\u00e7\u00e3o:<\/p>\n<ul>\n<li><span style=\"font-family: Arial;\"><span style=\"font-family: Arial;\"><span style=\"font-family: Arial;\"><span style=\"font-size: 13px;\"><strong>USP: <span style=\"color: #0000ff;\"><a style=\"color: #0000ff;\" href=\"https:\/\/uspdigital.usp.br\/wsusuario\/\">SistemaDigital<\/a> \/ <a style=\"color: #0000ff;\" href=\"https:\/\/uspdigital.usp.br\/telefonia\/listaTelefonica?codmnu=666\">Lista Telef\u00f4nica<\/a> \/ <a style=\"color: #0000ff;\" href=\"http:\/\/www.eventos.usp.br\/\">Portal de Eventos<\/a> <span style=\"color: #000000;\">\/<\/span> <\/span><\/strong><\/span><\/span><\/span><\/span><\/li>\n<li><span style=\"font-family: Arial;\"><span style=\"font-family: Arial;\"><span style=\"font-family: Arial;\"><span style=\"font-size: 13px;\"><strong>USP: <span style=\"color: #0000ff;\"><a style=\"color: #0000ff;\" href=\"\/\/webmail.usp.br\/\">EmailUS<\/a><a style=\"color: #0000ff;\" href=\"https:\/\/correio.usp.br\/\">P<\/a><\/span> <a href=\"https:\/\/accounts.google.com\/ServiceLogin?service=mail&amp;passive=true&amp;rm=false&amp;continue=\/\/mail.google.com\/mail\/&amp;scc=1&amp;ltmpl=default&amp;ltmplcache=2#identifier\"><span style=\"color: #0000ff;\">\/<\/span><\/a> <span style=\"color: #0000ff;\"><a style=\"color: #0000ff;\" href=\"https:\/\/correio.usp.br\/\">EmailFORP<\/a> <a style=\"color: #0000ff;\" href=\"https:\/\/login.live.com\/login.srf?wa=wsignin1.0&amp;rpsnv=12&amp;ct=1426765696&amp;rver=6.4.6456.0&amp;wp=MBI_SSL_SHARED&amp;wreply=https:%2F%2Fmail.live.com%2Fdefault.aspx%3Frru%3Dinbox&amp;lc=1046&amp;id=64855&amp;mkt=pt-br&amp;cbcxt=mai\">\/<\/a><\/span> <a href=\"https:\/\/uspdigital.usp.br\/tycho\/listarUnidadeNumeros?codmnu=4201\"><span style=\"color: #0000ff;\">Unidade em N\u00fameros<\/span><\/a> \/ <\/strong><\/span><\/span><\/span><\/span><\/li>\n<li><span style=\"font-family: Arial;\"><span style=\"font-family: Arial;\"><span style=\"font-family: Arial;\"><span style=\"font-size: 13px;\"><strong>USP: Portal das Normas<\/strong> (<strong><span style=\"color: #0000ff;\"><a style=\"color: #0000ff;\" href=\"http:\/\/biton.uspnet.usp.br\/leginf\/\">Resolu\u00e7\u00e3o\/Portaria\/Regimento\/USP<\/a><\/span><\/strong>) &#8211; <\/span><\/span><\/span><\/span><\/li>\n<li><span style=\"font-size: 13px;\"><span style=\"font-family: Arial;\"><strong>USP: <\/strong>(<strong>Portal Acad\u00eamico &#8211; Docente:<span style=\"color: #0000ff;\"><a style=\"color: #0000ff;\" href=\"https:\/\/uspdigital.usp.br\/tycho\/index.jsp\">Sistema Thyco<\/a> <\/span> \/ Discente<\/strong><strong>: <span style=\"color: #0000ff;\"><a style=\"color: #0000ff;\" href=\"https:\/\/uspdigital.usp.br\/wsusuario\/\">USPdigita<\/a>l<\/span> <\/strong><\/span><\/span><\/li>\n<li><span style=\"font-size: 13px;\"><span style=\"font-family: Arial;\"><strong>USP: <a href=\"http:\/\/www5.usp.br\/pesquisa\/bibliotecas\/\"><span style=\"color: #0000ff;\">Biblioteca<\/span><\/a> \/ <span style=\"color: #0000ff;\"><a style=\"color: #0000ff;\" href=\"http:\/\/www5.usp.br\/pesquisa\/acervos-online\/\">Acervo Online<\/a><\/span> \/ <\/strong><\/span><\/span><span style=\"font-family: Arial;\"><span style=\"font-family: Arial;\"><span style=\"font-family: Arial;\"><span style=\"font-size: 13px;\"><strong><span style=\"color: #0000ff;\"><a style=\"color: #0000ff;\" href=\"http:\/\/www.teses.usp.br\/\">Banco de Tese<\/a><\/span><\/strong> \/ <strong><span style=\"color: #0000ff;\"><a style=\"color: #0000ff;\" href=\"http:\/\/www.teses.usp.br\/index.php?option=com_jumi&amp;fileid=30&amp;Itemid=162&amp;lang=pt-br&amp;id=58\">Banco de Tese (FORP)<\/a><\/span><\/strong><\/span><\/span><\/span><\/span><\/li>\n<li><span style=\"font-size: 13px;\"><span style=\"font-family: Arial;\"><strong>USP:<\/strong> <strong><span style=\"color: #0000ff;\"><a style=\"color: #0000ff;\" href=\"http:\/\/www5.usp.br\/ensino\/graduacao\/\">Gradua\u00e7\u00e3o<\/a><\/span><\/strong> \/ <\/span><\/span><span style=\"font-size: 13px;\"><span style=\"font-family: Arial;\"><a href=\"http:\/\/www5.usp.br\/ensino\/pos-graduacao\/\"><strong><span style=\"color: #0000ff;\">P\u00f3s-Gradua<\/span><\/strong><span style=\"color: #0000ff;\">\u00e7<\/span><span style=\"color: #0000ff;\">\u00e3o<\/span><\/a> \/ <strong><span style=\"color: #0000ff;\"><a style=\"color: #0000ff;\" href=\"http:\/\/www5.usp.br\/ensino\/cursos-de-extensao\/\">Extens\u00e3o<\/a><\/span><\/strong> \/ <span style=\"color: #0000ff;\"><strong><a style=\"color: #0000ff;\" href=\"http:\/\/www5.usp.br\/ensino\/educacao-a-distancia\/\">Educa\u00e7\u00e3o \u00e0 Dist\u00e2ncia<\/a><\/strong><\/span> <\/span><\/span><\/li>\n<li><span style=\"font-size: 13px;\"><span style=\"font-family: Arial;\"><strong>USP:<\/strong> <strong><span style=\"color: #0000ff;\"><a style=\"color: #0000ff;\" href=\"http:\/\/www5.usp.br\/pesquisa\/pesquisa-na-usp\/\">Pesquisa na USP<\/a><\/span><\/strong> \/ <\/span><\/span><span style=\"font-size: 13px;\"><span style=\"font-family: Arial;\"><a href=\"http:\/\/www5.usp.br\/pesquisa\/inovacao-tecnologica\/\"><span style=\"color: #0000ff;\"><strong>Inovac\u00e3o Tecnol\u00f3gica<\/strong><\/span><\/a> <\/span><\/span><\/li>\n<li><span style=\"font-size: 13px;\"><span style=\"font-family: Arial;\"><strong>USP:<\/strong> <strong>Produ\u00e7\u00e3o Intelectual<\/strong> (<a href=\"https:\/\/uspdigital.usp.br\/tycho\/ProducaoAcademicaIntelectualUSP?producaoExtenso1=Produ%E7%E3o%20bibliogr%E1fica&amp;nivelFiltroProducao=2&amp;anoInicio=2012&amp;anoTermino=2016&amp;nivelProducaoClicado=1\"><span style=\"color: #0000ff;\"><strong>Produ\u00e7\u00e3o Bibliogr\u00e1fica<\/strong><\/span><\/a> &#8211; Produ\u00e7\u00e3o T\u00e9cnica)<\/span><\/span><\/li>\n<li><span style=\"font-size: 13px; color: #000000;\"><span style=\"font-family: Arial;\"><strong>USP: <strong>Stoa<\/strong> (<span style=\"color: #0000ff;\"><strong><a style=\"color: #0000ff;\" href=\"https:\/\/social.stoa.usp.br\/\">ComunidadeUSP<\/a><\/strong><\/span>) &#8211; (<span style=\"color: #0000ff;\"><strong><a style=\"color: #0000ff;\" href=\"http:\/\/disciplinas.stoa.usp.br\/\">Unidades\/Disciplinas<\/a><\/strong><\/span>)<br \/>\n<\/strong><\/span><\/span><\/li>\n<\/ul>\n<p><span style=\"font-family: Arial;\"><span style=\"font-size: 13px;\"><strong>USP (<em>FORP<\/em>) V\u00eddeos <\/strong><\/span><\/span><\/p>\n<ul>\n<li>\n<ul>\n<li><span style=\"font-family: Arial;\"><span style=\"font-size: 13px;\"><strong>Institucional (<span style=\"color: #0000ff;\"><strong><a style=\"color: #0000ff;\" href=\"http:\/\/iptv.usp.br\/portal\/video.action?idItem=1057\">Portugu\u00eas<\/a><\/strong><\/span> &#8211; <strong><a href=\"http:\/\/iptv.usp.br\/portal\/video.action?idItem=1066\"><span style=\"color: #0000ff;\">Espanho<\/span>l<\/a><\/strong> &#8211; <span style=\"color: #0000ff;\"><strong><a style=\"color: #0000ff;\" href=\"http:\/\/iptv.usp.br\/portal\/video.action?idItem=1068\">Ingl\u00eas<\/a><\/strong><\/span>)<\/strong><\/span><\/span><\/li>\n<li><span style=\"font-family: Arial;\"><span style=\"font-size: 13px;\"><strong>Comemorativo (&#8220;FORP\/USP&#8221;<span style=\"color: #0000ff;\"> <strong><a style=\"color: #0000ff;\" href=\"http:\/\/iptv.usp.br\/portal\/video.action?idItem=24716\">90 anos<\/a><\/strong><\/span>)<br \/>\n<\/strong><\/span><\/span><\/li>\n<li><span style=\"font-family: Arial;\"><span style=\"font-size: 13px;\"><strong>Videoteca &#8211; Arquivo de V\u00eddeos: <span style=\"color: #0000ff;\"><a style=\"color: #0000ff;\" href=\"http:\/\/iptv.usp.br\/portal\/search.action?idFilter=13359&amp;filterType=201\">IPTV<\/a><\/span> &#8211;<br \/>\n<\/strong><\/span><\/span><\/li>\n<\/ul>\n<\/li>\n<li><span style=\"font-family: Arial;\"><span style=\"font-size: 13px;\"><strong>USP (<em>FORP<\/em>):<\/strong> Indicadores de Produ\u00e7\u00e3o Cient\u00edfica:<strong><span style=\"color: #0000ff;\"> <a style=\"color: #0000ff;\" href=\"https:\/\/uspdigital.usp.br\/tycho\/curriculoLattesListarPessoas?codigoUnidade=58&amp;nomeUnidade=Faculdade%20de%20Odontologia%20de%20Ribeir%E3o%20Preto&amp;tipoVinculo=DOCENTE\">Curr\u00edculo Lattes<\/a><\/span><\/strong><\/span><\/span><\/li>\n<li><span style=\"font-family: Arial;\"><span style=\"font-size: 13px;\"><strong>USP (<em>FORP<\/em>):<\/strong> <\/span><\/span><span style=\"font-family: Arial;\"><span style=\"font-family: Arial;\"><span style=\"font-family: Arial;\"><span style=\"font-size: 13px;\">Grupos de Pesquisa da FORP: <strong><span style=\"color: #0000ff;\"><a style=\"color: #0000ff;\" href=\"http:\/\/dgp.cnpq.br\/dgp\/espelhogrupo\/7823090133066976\">PODAE<\/a><\/span><\/strong>, <strong><span style=\"color: #0000ff;\"><a style=\"color: #0000ff;\" href=\"http:\/\/dgp.cnpq.br\/dgp\/espelhogrupo\/8539124714161383\">CAEDO<\/a><\/span><\/strong>, <strong><span style=\"color: #0000ff;\"><a style=\"color: #0000ff;\" href=\"http:\/\/dgp.cnpq.br\/dgp\/espelhogrupo\/8688250186864370\">LaMEPET<\/a><\/span><\/strong>, <strong><span style=\"color: #0000ff;\"><a style=\"color: #0000ff;\" href=\"http:\/\/dgp.cnpq.br\/dgp\/espelhogrupo\/7860212987967525\">LACIRO<\/a><\/span><\/strong>, <strong><span style=\"color: #0000ff;\"><a style=\"color: #0000ff;\" href=\"http:\/\/dgp.cnpq.br\/dgp\/espelhogrupo\/6453615543447962\">LaABio<\/a><\/span><\/strong>, <strong><span style=\"color: #0000ff;\"><a style=\"color: #0000ff;\" href=\"http:\/\/dgp.cnpq.br\/dgp\/espelhogrupo\/3705994927048643\">NupBios<\/a><\/span><\/strong> .<\/span><\/span><\/span><\/span><\/li>\n<li><span style=\"font-family: Arial;\"><span style=\"font-size: 13px;\"><strong>USP (<em>FORP<\/em>):<\/strong> <strong>Enciclop\u00e9dia Brasileira de Teleodontologia<\/strong> (<span style=\"color: #0000ff;\"><strong><a style=\"color: #0000ff;\" href=\"\/\/sites.usp.br\/ebt\/\">Enc. Bras. Teleodont <\/a><\/strong><\/span>&#8211; ISSN 2448-1181)<\/span><\/span><\/li>\n<\/ul>\n<p style=\"text-align: justify;\"><span style=\"font-family: Arial;\"><span style=\"font-family: Arial;\"><span style=\"font-family: Arial;\"><span style=\"font-size: 13px;\"><strong>NACEDO:\u00a0<\/strong> Tem como objetivo as a\u00e7\u00f5es educadoras preventivas e empreendedoras auxiliando o processo educacional com qualidade associado com as habilidades, compet\u00eancias e atitudes comportamentais e avalia\u00e7\u00e3o do Ensino e do Aprendizado.<\/span><\/span><\/span><\/span><\/p>\n<p style=\"text-align: justify;\"><span style=\"font-family: Arial;\"><span style=\"font-family: Arial;\"><span style=\"font-family: Arial;\"><span style=\"font-size: 13px;\">Sugest\u00f5es e cr\u00edticas utilize o nosso canal de comunica\u00e7\u00e3o interativo <span style=\"color: #ff0000;\"><span style=\"font-size: 13px; color: #ff0000;\"><span style=\"color: #000000;\"><span style=\"font-size: 10px;\"><strong><span style=\"color: #0000ff;\">(<\/span><\/strong><\/span><\/span><\/span><\/span><span style=\"color: #ff0000;\"><span style=\"font-size: 13px; color: #ff0000;\"><span style=\"color: #000000;\"><span style=\"font-size: 10px;\"><strong><span style=\"color: #0000ff;\"><a style=\"color: #0000ff;\" href=\"https:\/\/uspdigital.usp.br\/telefonia\/telFormularioEmail.jsp?codigoPessoaUsuario=0&amp;codigoPessoa=75623&amp;nomePessoa=Luiz Carlos Pardini&amp;print=s\">E-mail(USP<\/a>)<br \/>\n<\/span><\/strong><\/span><\/span><\/span><\/span><\/span><\/span><\/span><\/span><\/p>\n<div style=\"text-align: center;\" align=\"center\">\n<div style=\"text-align: center;\" align=\"center\">\n<hr \/>\n<hr \/>\n<h6 style=\"text-align: right;\" align=\"justify\"><span style=\"font-family: Arial; font-size: xx-small;\"><strong><strong>Prof. Dr. Plauto Christofer Aranha Watanabe (Curr\u00edculo Lattes) ,desde 2004, \u00e9 respons\u00e1vel pelo NACEDO (FORP \/ USP). Cria\u00e7\u00e30o do Site do <\/strong><\/strong>NACEDO auxiliado pela Equipe da &#8220;<em><span style=\"color: #0000ff;\"><a href=\"\/\/sites.usp.br\/\"><span style=\"color: #0000ff;\">Incubadora de Sites<\/span><\/a><\/span><\/em>&#8221; (<span style=\"color: #0000ff;\"><a href=\"http:\/\/www5.usp.br\/\"><span style=\"color: #0000ff;\">USP<\/span><\/a><\/span>)<\/span><\/h6>\n<\/div>\n<\/div>\n<hr \/>\n","protected":false},"excerpt":{"rendered":"<p>N\u00facleo\u00a0 de Apoio \u00e0 Cultura e Extens\u00e3o em Diagn\u00f3stico Odontol\u00f3gico acr\u00f4nimo\u00a0 (NACEDO), est\u00e1 localizado na cidade de Ribeir\u00e3o Preto, S\u00e3o&#46;&#46;&#46;<\/p>\n","protected":false},"author":1,"featured_media":0,"parent":0,"menu_order":0,"comment_status":"closed","ping_status":"closed","template":"","meta":{"footnotes":"","_links_to":"","_links_to_target":""},"class_list":["post-62","page","type-page","status-publish","hentry"],"_links":{"self":[{"href":"https:\/\/sites.usp.br\/nacedo\/wp-json\/wp\/v2\/pages\/62","targetHints":{"allow":["GET"]}}],"collection":[{"href":"https:\/\/sites.usp.br\/nacedo\/wp-json\/wp\/v2\/pages"}],"about":[{"href":"https:\/\/sites.usp.br\/nacedo\/wp-json\/wp\/v2\/types\/page"}],"author":[{"embeddable":true,"href":"https:\/\/sites.usp.br\/nacedo\/wp-json\/wp\/v2\/users\/1"}],"replies":[{"embeddable":true,"href":"https:\/\/sites.usp.br\/nacedo\/wp-json\/wp\/v2\/comments?post=62"}],"version-history":[{"count":5,"href":"https:\/\/sites.usp.br\/nacedo\/wp-json\/wp\/v2\/pages\/62\/revisions"}],"predecessor-version":[{"id":215,"href":"https:\/\/sites.usp.br\/nacedo\/wp-json\/wp\/v2\/pages\/62\/revisions\/215"}],"wp:attachment":[{"href":"https:\/\/sites.usp.br\/nacedo\/wp-json\/wp\/v2\/media?parent=62"}],"curies":[{"name":"wp","href":"https:\/\/api.w.org\/{rel}","templated":true}]}}