{"id":64,"date":"2014-02-12T11:28:54","date_gmt":"2014-02-12T13:28:54","guid":{"rendered":"http:\/\/sites.usp.br\/nacedo\/?page_id=64"},"modified":"2018-10-25T17:06:04","modified_gmt":"2018-10-25T19:06:04","slug":"pagina-2","status":"publish","type":"page","link":"https:\/\/sites.usp.br\/nacedo\/pagina-2\/","title":{"rendered":"Pesquisa"},"content":{"rendered":"<p style=\"text-align: justify;\"><span style=\"font-family: Arial;\"><strong>Projeto Pol\u00edtico Pedag\u00f3gico<\/strong> (PPP)A forma\u00e7\u00e3o acad\u00eamica e profissional do Educando (Cirurgi\u00e3o &#8211; Dentista) com aux\u00edlio das ferramentas educacionais inovadoras (<\/span><span style=\"font-family: Arial;\"><strong>Multimeios Educativos Interativos Virtuais<\/strong> &#8211; <strong>MEVI<\/strong>) <\/span><span style=\"font-family: Arial;\">consolida o <strong>Projeto Pol\u00edtico Pedag\u00f3gico.<br \/>\n<\/strong><\/span><\/p>\n<ul>\n<li><span style=\"font-family: Arial;\"> Ensino a Dist\u00e2ncia (<strong>EaD<\/strong>), <\/span><span style=\"font-family: Arial;\">Ensino Presencial (<strong>EP<\/strong>), Ensino H\u00edbrido \/ Ensino Semipresencial (<strong>ESp<\/strong>),<\/span><\/li>\n<li><span style=\"font-family: Arial;\"> Estudo de Casos (Segunda Opini\u00e3o &#8211; F\u00f3rum de Discuss\u00e3o &#8211; Discuss\u00e3o de Casos), Portif\u00f3lio<br \/>\n<\/span><\/li>\n<li><span style=\"font-family: Arial;\">M\u00eddias Digitais: CD-ROM, V\u00eddeo, Hipertexto, Bog. <\/span><\/li>\n<li><span style=\"font-family: Arial;\">Semin\u00e1rio, <\/span><span style=\"font-family: Arial;\">Simp\u00f3sio, <\/span><span style=\"font-family: Arial;\">Palestra, <\/span><span style=\"font-family: Arial;\">Debate.<br \/>\n<\/span><\/li>\n<li><span style=\"font-family: Arial;\">Teleconfer\u00eancia, Teleassist\u00eancia, Telessa\u00fade, Telediagn\u00f3stico (Telerradiologia), Teleconsulta, Tele-educa\u00e7\u00e3o (Teleduca\u00e7\u00e3o), <\/span><\/li>\n<li><span style=\"font-family: Arial;\"> Portf\u00f3lio Online (Caso Cl\u00ednico)<br \/>\n<\/span><\/li>\n<li><span style=\"font-family: Arial;\">Curso de P\u00f3s-Gradua\u00e7\u00e3o (Especializa\u00e7\u00e3o \/ Lato Sensu; Stricto Sensu), <\/span><\/li>\n<li><span style=\"font-family: Arial;\">Atualiza\u00e7\u00e3o, AprimoramENTO<\/span><\/li>\n<\/ul>\n<p style=\"text-align: justify;\"><span style=\"font-family: Arial;\">Neste s\u00e9culo XXI \u00e9 fundamental a necessidade da constante atualiza\u00e7\u00e3o profissional. <span style=\"color: #0000ff;\"><span style=\"color: #000000;\">em Odontologia<\/span><\/span>. <\/span><span style=\"font-family: Arial;\">Cumpre enfatizar que o <strong>Coaching Educacional<\/strong> em Odontologia orienta a Doc\u00eancia co foco no Educador, e Educando estimulando o Ensino e o Aprendizagem com a correta Motiva\u00e7\u00e3o com foco nas Diretrizes Educacionais [<strong><span style=\"color: #0000ff;\"><a style=\"color: #0000ff;\" href=\"https:\/\/www.mec.gov.br\/\">MEC<\/a><\/span><\/strong>] e nas Doen\u00e7as [<span style=\"color: #0000ff;\"><strong><a style=\"color: #0000ff;\" href=\"http:\/\/www.who.int\/\">WHO<\/a><\/strong><\/span>]. <\/span><span style=\"font-family: Arial;\">.<br \/>\n<\/span><\/p>\n<hr \/>\n<div align=\"justify\">\n<div align=\"justify\">\n<div align=\"justify\">\n<div align=\"justify\">\n<div align=\"justify\">\n<div align=\"justify\">\n<div align=\"justify\"><span style=\"font-size: 12px;\"><em><strong><span style=\"text-decoration: underline;\">REFER\u00caNCIAS<\/span><\/strong><\/em><\/span><\/div>\n<div style=\"font-size: 12px;\" align=\"justify\">\n<div align=\"justify\"><span style=\"font-size: 12px;\">1.<\/span><span style=\"font-size: 14px;\"> BRASIL &#8211; Diretrizes e Bases da Educa\u00e7\u00e3o Nacional, 1996. [<span style=\"color: #0000ff;\"><strong><a style=\"color: #0000ff;\" href=\"http:\/\/sites.usp.br\/ebt\/wp-content\/uploads\/sites\/44\/2014\/11\/Lei_9.394.pdf\">Lei 9.394<\/a><\/strong><\/span>]<\/span><\/div>\n<div align=\"justify\">2. BRASIL &#8211; Regula o Exerc\u00edcio da Odontologia. Lei n\u00ba 5.081 de 24\/08\/1966. Di\u00e1rio Oficial, Se\u00e7\u00e3o I. Parte I, 26\/08\/1966. [<strong><span style=\"color: #0000ff;\"><a style=\"color: #0000ff;\" href=\"http:\/\/www.planalto.gov.br\/ccivil_03\/leis\/L5081.htm\">Lei n\u00ba 5.081<\/a><\/span><\/strong>]<\/div>\n<div align=\"justify\"><span style=\"font-size: 12px;\">3. BRASIL &#8211; Diretrizes Curriculares Nacionais do Curso de Gradua\u00e7\u00e3o em Odontologia, 2002. [<span style=\"color: #0000ff;\"><strong><a style=\"color: #0000ff;\" href=\"http:\/\/sites.usp.br\/ebt\/wp-content\/uploads\/sites\/44\/2014\/11\/Resolu\u00e7\u00e3o-19-02-2002.pdf\">Resolu\u00e7\u00e3o CNE\/CES 3<\/a><\/strong><\/span>].<\/span><\/div>\n<div align=\"justify\"><span style=\"font-size: 12px;\">4. ROZENDO, C.A.; CASAGRANDE, L.D.R.; SCHNEIDER, J.F.; PARDINI, L.C. Uma an\u00e1lise das pr\u00e1ticas docentes de professores universit\u00e1rios da \u00e1rea de sa\u00fade. Rev. latino-am.enfermagem, Ribeir\u00e3o Preto, 7( 2):15-23, 1999. [<strong><span style=\"color: #0000ff;\"><a style=\"color: #0000ff;\" href=\"http:\/\/www.scielo.br\/scielo.php?script=sci_arttext&amp;pid=S0104-11691999000200003&amp;lng=pt&amp;nrm=iso\">LINK<\/a><\/span><\/strong>].<\/span><\/div>\n<div style=\"font-size: 12px;\" align=\"justify\"><span style=\"font-size: 12px;\">5.<\/span> <span style=\"font-size: 14px;\">World Health Organization: International Statistical Classification of Diseases and Related Health Problems, Tenth Revision Instruction Manual. Geneva, World Health Organization, 2004. [<span style=\"color: #0000ff;\"><strong><a style=\"color: #0000ff;\" href=\"http:\/\/sites.usp.br\/ebt\/wp-content\/uploads\/sites\/44\/2014\/11\/ICD10-2010.pdf\">ICD<\/a><\/strong><\/span>]<\/span><\/div>\n<\/div>\n<\/div>\n<\/div>\n<\/div>\n<\/div>\n<\/div>\n<\/div>\n<div align=\"justify\">\n<div align=\"justify\">\n<div style=\"text-align: center;\" align=\"justify\">\n<address style=\"text-align: right;\">\n<hr \/>\n<hr \/>\n<\/address>\n<\/div>\n<\/div>\n<div style=\"text-align: left;\" align=\"center\">\n<div style=\"text-align: center;\" align=\"center\">\n<div align=\"justify\">\n<p><span style=\"font-size: 10px;\"><strong><em><span style=\"color: #ff0000; font-size: 14px;\">\u2666 <\/span><\/em> <\/strong><\/span><span style=\"font-size: 10px;\"><strong>Universidade de S\u00e3o Paulo (<\/strong><\/span><span style=\"font-size: 10px;\"><strong><span style=\"color: #0000ff;\"><a style=\"color: #0000ff;\" href=\"http:\/\/www5.usp.br\/\">USP<\/a><\/span><\/strong><\/span><span style=\"font-size: 10px;\"><strong>), Pr\u00f3-Reitoria de P\u00f3s-Gradua\u00e7\u00e3o (<span style=\"color: #0000ff;\"><a style=\"color: #0000ff;\" href=\"http:\/\/www.prpg.usp.br\/index.php\/pt-br\/\">PrGra<\/a><\/span>), Sistemas de Apoio \u00e0 P\u00f3s-Gradua\u00e7\u00e3o (<span style=\"color: #0000ff;\"><a style=\"color: #0000ff;\" href=\"https:\/\/uspdigital.usp.br\/janus\/comum\/apresentacao.jsf\">Janus<\/a><\/span>). Faculdade de Odontologia de Ribeir\u00e3o (<\/strong><\/span><span style=\"font-size: 10px;\"><strong><span style=\"color: #0000ff;\"><a style=\"color: #0000ff;\" href=\"http:\/\/www.forp.usp.br\/\">FORP<\/a><\/span><\/strong><\/span><span style=\"font-size: 10px;\"><strong>) &#8211; <\/strong><strong><br \/>\n<\/strong><\/span><\/p>\n<hr \/>\n<\/div>\n<\/div>\n<\/div>\n<\/div>\n<hr \/>\n","protected":false},"excerpt":{"rendered":"<p>Projeto Pol\u00edtico Pedag\u00f3gico (PPP)A forma\u00e7\u00e3o acad\u00eamica e profissional do Educando (Cirurgi\u00e3o &#8211; Dentista) com aux\u00edlio das ferramentas educacionais inovadoras (Multimeios&#46;&#46;&#46;<\/p>\n","protected":false},"author":1,"featured_media":0,"parent":0,"menu_order":0,"comment_status":"closed","ping_status":"closed","template":"","meta":{"footnotes":"","_links_to":"","_links_to_target":""},"class_list":["post-64","page","type-page","status-publish","hentry"],"_links":{"self":[{"href":"https:\/\/sites.usp.br\/nacedo\/wp-json\/wp\/v2\/pages\/64","targetHints":{"allow":["GET"]}}],"collection":[{"href":"https:\/\/sites.usp.br\/nacedo\/wp-json\/wp\/v2\/pages"}],"about":[{"href":"https:\/\/sites.usp.br\/nacedo\/wp-json\/wp\/v2\/types\/page"}],"author":[{"embeddable":true,"href":"https:\/\/sites.usp.br\/nacedo\/wp-json\/wp\/v2\/users\/1"}],"replies":[{"embeddable":true,"href":"https:\/\/sites.usp.br\/nacedo\/wp-json\/wp\/v2\/comments?post=64"}],"version-history":[{"count":5,"href":"https:\/\/sites.usp.br\/nacedo\/wp-json\/wp\/v2\/pages\/64\/revisions"}],"predecessor-version":[{"id":219,"href":"https:\/\/sites.usp.br\/nacedo\/wp-json\/wp\/v2\/pages\/64\/revisions\/219"}],"wp:attachment":[{"href":"https:\/\/sites.usp.br\/nacedo\/wp-json\/wp\/v2\/media?parent=64"}],"curies":[{"name":"wp","href":"https:\/\/api.w.org\/{rel}","templated":true}]}}