{"id":1130,"date":"2025-03-01T20:59:40","date_gmt":"2025-03-01T23:59:40","guid":{"rendered":"https:\/\/sites.usp.br\/naifeusp\/?page_id=1130"},"modified":"2025-08-16T14:52:42","modified_gmt":"2025-08-16T17:52:42","slug":"2025-1","status":"publish","type":"page","link":"https:\/\/sites.usp.br\/naifeusp\/2025-1\/","title":{"rendered":"2\u00ba semestre &#8211; 2025"},"content":{"rendered":"<p><strong>PROGRAMA DE EST\u00c1GIO &#8211; 2\u00ba semestre 2025<\/strong><\/p>\n<p><strong>N\u00daCLEO DE AVALIA\u00c7\u00c3O INSTITUCIONAL NAI-FEUSP<\/strong><\/p>\n<p><span style=\"font-weight: 400;\">O QUE \u00c9 O NAI-FEUSP?<\/span><\/p>\n<p><span style=\"font-weight: 400;\">O N\u00facleo de Avalia\u00e7\u00e3o Institucional da Faculdade de Educa\u00e7\u00e3o da USP (NAI-FEUSP) \u00e9 um n\u00facleo de extens\u00e3o, pesquisa, forma\u00e7\u00e3o inicial e continuada, que articula uma rede de escolas p\u00fablicas da Educa\u00e7\u00e3o B\u00e1sica acerca dos temas da Avalia\u00e7\u00e3o Institucional, da Gest\u00e3o Democr\u00e1tica e da import\u00e2ncia da inser\u00e7\u00e3o da escola p\u00fablica nos processos de transforma\u00e7\u00e3o dos territ\u00f3rios em favor da comunidade escolar.<\/span><\/p>\n<p><span style=\"font-weight: 400;\">Est\u00e1 sediado no Departamento de Administra\u00e7\u00e3o Escolar e Economia da Educa\u00e7\u00e3o da Faculdade de Educa\u00e7\u00e3o da Universidade de S\u00e3o Paulo. Tem origem em 2011, com um projeto internacional envolvendo pesquisadores da USP, UNICAMP e Universidade do Porto\/PT. Em 2016, passa a integrar o Programa de Forma\u00e7\u00e3o de Professores (PFP) e a oferecer est\u00e1gios junto \u00e0 rede de escolas que articula.<\/span><\/p>\n<p><span style=\"font-weight: 400;\">O NAI-FEUSP tem como objetivo a defesa da escola p\u00fablica e de sua autonomia na constru\u00e7\u00e3o democr\u00e1tica e participativa de sua identidade e de seu projeto pol\u00edtico pedag\u00f3gico.<\/span><\/p>\n<p>Apresenta\u00e7\u00e3o de Est\u00e1gio: <a href=\"https:\/\/drive.google.com\/file\/d\/1egYlUTVk5SaJtkaldfy38zbyLzgAIdJk\/view?usp=sharing\" target=\"_blank\" rel=\"noopener\">PROGRAMA-DE-ESTAGIO_NAIFEUSP_2025.pdf<\/a><\/p>\n<p>&nbsp;<\/p>\n<p>Link para formul\u00e1rio de inscri\u00e7\u00e3o: <a href=\"https:\/\/forms.gle\/Fspzt811mHpkUevT9\">Formul\u00e1rio Est\u00e1gio 2\u00ba semestre &#8211; 2025<\/a><\/p>\n<p><strong>Escolas da Rede NAI 2025<\/strong><\/p>\n<p>Atualmente participam da Rede NAI 29 escolas p\u00fablicas de 3 munic\u00edpios (S\u00e3o Paulo, S\u00e3o Bernardo e Diadema). Clicando no nome da escola voc\u00ea ser\u00e1 direcionado ao Portal CulturaEduca onde poder\u00e1 conhecer caracter\u00edsticas da escola e do seu territ\u00f3rio de entorno.<\/p>\n<table width=\"989\">\n<tbody>\n<tr>\n<td colspan=\"4\" width=\"989\"><\/td>\n<\/tr>\n<tr>\n<td width=\"345\">Escola<\/td>\n<td width=\"291\">Etapas<\/td>\n<td width=\"127\">Bairro \/ Regi\u00e3o<\/td>\n<td width=\"226\">Munic\u00edpio<\/td>\n<\/tr>\n<tr>\n<td width=\"345\"><a href=\"https:\/\/culturaeduca.cc\/equipamento\/escola_detalhe\/35437256\/\">EMEB Sagrado Cora\u00e7\u00e3o de Jesus<\/a><\/td>\n<td width=\"291\">Ensino Fundamental<\/td>\n<td width=\"127\">Casa Grande<\/td>\n<td width=\"226\">Diadema<\/td>\n<\/tr>\n<tr>\n<td width=\"345\"><a href=\"http:\/\/culturaeduca.cc\/equipamento\/escola_detalhe\/35083033\">EMEB Carlos Drummond de Andrade<\/a><\/td>\n<td width=\"291\">Educa\u00e7\u00e3o Infantil (Pr\u00e9-escola)<\/td>\n<td width=\"127\">Promiss\u00e3o<\/td>\n<td width=\"226\">Diadema<\/td>\n<\/tr>\n<tr>\n<td width=\"345\"><a href=\"http:\/\/culturaeduca.cc\/equipamento\/escola_detalhe\/35202794\">EMEB Zelia Gattai Amado<\/a><\/td>\n<td width=\"291\">Educa\u00e7\u00e3o Infantil (Creche)<\/td>\n<td width=\"127\">Promiss\u00e3o<\/td>\n<td width=\"226\">Diadema<\/td>\n<\/tr>\n<tr>\n<td width=\"345\"><a href=\"http:\/\/culturaeduca.cc\/equipamento\/escola_detalhe\/35041282\">EE Prof Maria Os\u00f3rio Teixeira<\/a><\/td>\n<td width=\"291\">Ensino Fund. II \/ Ensino M\u00e9dio<\/td>\n<td width=\"127\">Vila Ferreira<\/td>\n<td width=\"226\">S\u00e3o Bernardo do Campo<\/td>\n<\/tr>\n<tr>\n<td width=\"345\"><a href=\"http:\/\/culturaeduca.cc\/equipamento\/escola_detalhe\/35217517\">EMEB Florestan Fernandes<\/a><\/td>\n<td width=\"291\">Ensino Fundamental I<\/td>\n<td width=\"127\">Vila Ferreira<\/td>\n<td width=\"226\">S\u00e3o Bernardo do Campo<\/td>\n<\/tr>\n<tr>\n<td width=\"345\"><a href=\"http:\/\/culturaeduca.cc\/equipamento\/escola_detalhe\/35430134\">EMEB Marcelo Peres Ribeiro<\/a><\/td>\n<td width=\"291\">Educa\u00e7\u00e3o Infantil (Creche)<\/td>\n<td width=\"127\">Vila Ferreira<\/td>\n<td width=\"226\">S\u00e3o Bernardo do Campo<\/td>\n<\/tr>\n<tr>\n<td width=\"345\"><a href=\"http:\/\/culturaeduca.cc\/equipamento\/escola_detalhe\/35082831\">EMEB Padre Jos\u00e9 Maur\u00edcio<\/a><\/td>\n<td width=\"291\">Educa\u00e7\u00e3o Infantil (Pr\u00e9-escola)<\/td>\n<td width=\"127\">Vila Ferreira<\/td>\n<td width=\"226\">S\u00e3o Bernardo do Campo<\/td>\n<\/tr>\n<tr>\n<td width=\"345\"><a href=\"http:\/\/culturaeduca.cc\/equipamento\/escola_detalhe\/35053624\">EMEF Espa\u00e7o de Bitita<\/a><\/td>\n<td width=\"291\">Ensino Fundamental<\/td>\n<td width=\"127\">Centro<\/td>\n<td width=\"226\">S\u00e3o Paulo<\/td>\n<\/tr>\n<tr>\n<td width=\"345\"><a href=\"http:\/\/culturaeduca.cc\/equipamento\/escola_detalhe\/35400075\">EMEF Dama Entre Rios Verdes<\/a><\/td>\n<td width=\"291\">Ensino Fundamental<\/td>\n<td width=\"127\">Zona Leste<\/td>\n<td width=\"226\">S\u00e3o Paulo<\/td>\n<\/tr>\n<tr>\n<td width=\"345\"><a href=\"http:\/\/culturaeduca.cc\/equipamento\/escola_detalhe\/35055268\">EMEF Saturnino Pereira<\/a><\/td>\n<td width=\"291\">Ensino Fundamental<\/td>\n<td width=\"127\">Zona Leste<\/td>\n<td width=\"226\">S\u00e3o Paulo<\/td>\n<\/tr>\n<tr>\n<td width=\"345\"><a href=\"http:\/\/culturaeduca.cc\/equipamento\/escola_detalhe\/35357091\">EMEF Tatiana Belinky<\/a><\/td>\n<td width=\"291\">Ensino Fundamental<\/td>\n<td width=\"127\">Zona Leste<\/td>\n<td width=\"226\">S\u00e3o Paulo<\/td>\n<\/tr>\n<tr>\n<td width=\"345\"><a href=\"http:\/\/culturaeduca.cc\/equipamento\/escola_detalhe\/35091418\">EMEF Vladimir Herzog<\/a><\/td>\n<td width=\"291\">Ensino Fundamental<\/td>\n<td width=\"127\">Zona Leste<\/td>\n<td width=\"226\">S\u00e3o Paulo<\/td>\n<\/tr>\n<tr>\n<td width=\"345\"><a href=\"http:\/\/culturaeduca.cc\/equipamento\/escola_detalhe\/35581537\">CIEJA Perus<\/a><\/td>\n<td width=\"291\">Ed. de Jovens e Adultos<\/td>\n<td width=\"127\">Zona Norte<\/td>\n<td width=\"226\">S\u00e3o Paulo<\/td>\n<\/tr>\n<tr>\n<td width=\"345\"><a href=\"http:\/\/culturaeduca.cc\/equipamento\/escola_detalhe\/35271068\">EMEF Enzo Antonio Silvestrin<\/a><\/td>\n<td width=\"291\">Ensino Fundamental<\/td>\n<td width=\"127\">Zona Norte<\/td>\n<td width=\"226\">S\u00e3o Paulo<\/td>\n<\/tr>\n<tr>\n<td width=\"345\"><a href=\"http:\/\/culturaeduca.cc\/equipamento\/escola_detalhe\/35201923\">EMEF Fernando Gracioso<\/a><\/td>\n<td width=\"291\">Ensino Fundamental<\/td>\n<td width=\"127\">Zona Norte<\/td>\n<td width=\"226\">S\u00e3o Paulo<\/td>\n<\/tr>\n<tr>\n<td width=\"345\"><a href=\"https:\/\/culturaeduca.cc\/equipamento\/escola_detalhe\/35054872\/\">EMEF Prof. Ant\u00f4nio Prudente<\/a><\/td>\n<td width=\"291\">Ensino Fundamental<\/td>\n<td width=\"127\">Zona Norte<\/td>\n<td width=\"226\">S\u00e3o Paulo<\/td>\n<\/tr>\n<tr>\n<td width=\"345\"><a href=\"http:\/\/culturaeduca.cc\/equipamento\/escola_detalhe\/35238545\">CEI Aloysio de Menezes Greenhalgh<\/a><\/td>\n<td width=\"291\">Educa\u00e7\u00e3o Infantil (Creche)<\/td>\n<td width=\"127\">Zona Oeste<\/td>\n<td width=\"226\">S\u00e3o Paulo<\/td>\n<\/tr>\n<tr>\n<td width=\"345\"><a href=\"http:\/\/culturaeduca.cc\/equipamento\/escola_detalhe\/35260228\">CIEJA Aluna Jessica Nunes Herculano<\/a><\/td>\n<td width=\"291\">Ed. de Jovens e Adultos<\/td>\n<td width=\"127\">Zona Oeste<\/td>\n<td width=\"226\">S\u00e3o Paulo<\/td>\n<\/tr>\n<tr>\n<td width=\"345\"><a href=\"http:\/\/culturaeduca.cc\/equipamento\/escola_detalhe\/35053193\">EMEF General Euclydes de Oliveira Figueiredo<\/a><\/td>\n<td width=\"291\">Ensino Fundamental<\/td>\n<td width=\"127\">Zona Oeste<\/td>\n<td width=\"226\">S\u00e3o Paulo<\/td>\n<\/tr>\n<tr>\n<td width=\"345\"><a href=\"https:\/\/culturaeduca.cc\/equipamento\/escola_detalhe\/35051743\/\">EMEI Patr\u00edcia Galv\u00e3o<\/a><\/td>\n<td width=\"291\">Educa\u00e7\u00e3o Infantil (Pr\u00e9-escola)<\/td>\n<td width=\"127\">Zona Oeste<\/td>\n<td width=\"226\">S\u00e3o Paulo<\/td>\n<\/tr>\n<tr>\n<td width=\"345\"><a href=\"http:\/\/culturaeduca.cc\/equipamento\/escola_detalhe\/35051731\">EMEI Monteiro Lobato<\/a><\/td>\n<td width=\"291\">Educa\u00e7\u00e3o Infantil (Pr\u00e9-escola)<\/td>\n<td width=\"127\">Zona Oeste<\/td>\n<td width=\"226\">S\u00e3o Paulo<\/td>\n<\/tr>\n<tr>\n<td width=\"345\"><a href=\"http:\/\/culturaeduca.cc\/equipamento\/escola_detalhe\/35084372\">EMEI Prof Ronaldo Porto Macedo<\/a><\/td>\n<td width=\"291\">Educa\u00e7\u00e3o Infantil (Pr\u00e9-escola)<\/td>\n<td width=\"127\">Zona Oeste<\/td>\n<td width=\"226\">S\u00e3o Paulo<\/td>\n<\/tr>\n<tr>\n<td width=\"345\"><a href=\"http:\/\/culturaeduca.cc\/equipamento\/escola_detalhe\/35238739\">CEI Olga Ben\u00e1rio Prestes<\/a><\/td>\n<td width=\"291\">Educa\u00e7\u00e3o Infantil (Creche)<\/td>\n<td width=\"127\">Zona Sul<\/td>\n<td width=\"226\">S\u00e3o Paulo<\/td>\n<\/tr>\n<tr>\n<td width=\"345\"><a href=\"http:\/\/culturaeduca.cc\/equipamento\/escola_detalhe\/35259214\">CIEJA Clovis Caitano Miquelazzo Ipiranga<\/a><\/td>\n<td width=\"291\">Ed. de Jovens e Adultos<\/td>\n<td width=\"127\">Zona Sul<\/td>\n<td width=\"226\">S\u00e3o Paulo<\/td>\n<\/tr>\n<tr>\n<td width=\"345\"><a href=\"http:\/\/culturaeduca.cc\/equipamento\/escola_detalhe\/35068767\">EMEF Luiz Gonzaga do Nascimento Jr \u2013 Gonzaguinha<\/a><\/td>\n<td width=\"291\">Ensino Fundamental<\/td>\n<td width=\"127\">Zona Sul<\/td>\n<td width=\"226\">S\u00e3o Paulo<\/td>\n<\/tr>\n<tr>\n<td width=\"345\"><a href=\"http:\/\/culturaeduca.cc\/equipamento\/escola_detalhe\/35419285\">EMEF LM&#8217;Boi Mirim I<\/a><\/td>\n<td width=\"291\">Ensino Fundamental<\/td>\n<td width=\"127\">Zona Sul<\/td>\n<td width=\"226\">S\u00e3o Paulo<\/td>\n<\/tr>\n<tr>\n<td width=\"345\"><a href=\"http:\/\/culturaeduca.cc\/equipamento\/escola_detalhe\/35396692\">EMEF Profa Mara Cristina Tartaglia Sena<\/a><\/td>\n<td width=\"291\">Ensino Fundamental<\/td>\n<td width=\"127\">Zona Sul<\/td>\n<td width=\"226\">S\u00e3o Paulo<\/td>\n<\/tr>\n<tr>\n<td width=\"345\"><a href=\"http:\/\/culturaeduca.cc\/equipamento\/escola_detalhe\/35417440\">EMEF S\u00f3crates Brasileiro<\/a><\/td>\n<td width=\"291\">Ensino Fundamental<\/td>\n<td width=\"127\">Zona Sul<\/td>\n<td width=\"226\">S\u00e3o Paulo<\/td>\n<\/tr>\n<tr>\n<td width=\"345\"><a href=\"http:\/\/culturaeduca.cc\/equipamento\/escola_detalhe\/35052280\">EMEI Borba Gato<\/a><\/td>\n<td width=\"291\">Educa\u00e7\u00e3o Infantil (Pr\u00e9-escola)<\/td>\n<td width=\"127\">Zona Sul<\/td>\n<td width=\"226\">S\u00e3o Paulo<\/td>\n<\/tr>\n<\/tbody>\n<\/table>\n<h2 style=\"text-align: center;\"><\/h2>\n","protected":false},"excerpt":{"rendered":"<p>PROGRAMA DE EST\u00c1GIO &#8211; 2\u00ba semestre 2025 N\u00daCLEO DE AVALIA\u00c7\u00c3O INSTITUCIONAL NAI-FEUSP O QUE \u00c9 O NAI-FEUSP? O N\u00facleo de Avalia\u00e7\u00e3o Institucional da Faculdade de Educa\u00e7\u00e3o da USP (NAI-FEUSP) \u00e9 um n\u00facleo de extens\u00e3o, pesquisa, forma\u00e7\u00e3o inicial e continuada, que articula uma rede de escolas p\u00fablicas da Educa\u00e7\u00e3o B\u00e1sica acerca dos temas da Avalia\u00e7\u00e3o Institucional, [&hellip;]<\/p>\n","protected":false},"author":22396,"featured_media":0,"parent":0,"menu_order":0,"comment_status":"closed","ping_status":"closed","template":"","meta":{"ocean_post_layout":"","ocean_both_sidebars_style":"","ocean_both_sidebars_content_width":0,"ocean_both_sidebars_sidebars_width":0,"ocean_sidebar":"0","ocean_second_sidebar":"0","ocean_disable_margins":"enable","ocean_add_body_class":"","ocean_shortcode_before_top_bar":"","ocean_shortcode_after_top_bar":"","ocean_shortcode_before_header":"","ocean_shortcode_after_header":"","ocean_has_shortcode":"","ocean_shortcode_after_title":"","ocean_shortcode_before_footer_widgets":"","ocean_shortcode_after_footer_widgets":"","ocean_shortcode_before_footer_bottom":"","ocean_shortcode_after_footer_bottom":"","ocean_display_top_bar":"default","ocean_display_header":"default","ocean_header_style":"","ocean_center_header_left_menu":"0","ocean_custom_header_template":"0","ocean_custom_logo":0,"ocean_custom_retina_logo":0,"ocean_custom_logo_max_width":0,"ocean_custom_logo_tablet_max_width":0,"ocean_custom_logo_mobile_max_width":0,"ocean_custom_logo_max_height":0,"ocean_custom_logo_tablet_max_height":0,"ocean_custom_logo_mobile_max_height":0,"ocean_header_custom_menu":"0","ocean_menu_typo_font_family":"0","ocean_menu_typo_font_subset":"","ocean_menu_typo_font_size":0,"ocean_menu_typo_font_size_tablet":0,"ocean_menu_typo_font_size_mobile":0,"ocean_menu_typo_font_size_unit":"px","ocean_menu_typo_font_weight":"","ocean_menu_typo_font_weight_tablet":"","ocean_menu_typo_font_weight_mobile":"","ocean_menu_typo_transform":"","ocean_menu_typo_transform_tablet":"","ocean_menu_typo_transform_mobile":"","ocean_menu_typo_line_height":0,"ocean_menu_typo_line_height_tablet":0,"ocean_menu_typo_line_height_mobile":0,"ocean_menu_typo_line_height_unit":"","ocean_menu_typo_spacing":0,"ocean_menu_typo_spacing_tablet":0,"ocean_menu_typo_spacing_mobile":0,"ocean_menu_typo_spacing_unit":"","ocean_menu_link_color":"","ocean_menu_link_color_hover":"","ocean_menu_link_color_active":"","ocean_menu_link_background":"","ocean_menu_link_hover_background":"","ocean_menu_link_active_background":"","ocean_menu_social_links_bg":"","ocean_menu_social_hover_links_bg":"","ocean_menu_social_links_color":"","ocean_menu_social_hover_links_color":"","ocean_disable_title":"default","ocean_disable_heading":"default","ocean_post_title":"","ocean_post_subheading":"","ocean_post_title_style":"","ocean_post_title_background_color":"","ocean_post_title_background":0,"ocean_post_title_bg_image_position":"","ocean_post_title_bg_image_attachment":"","ocean_post_title_bg_image_repeat":"","ocean_post_title_bg_image_size":"","ocean_post_title_height":0,"ocean_post_title_bg_overlay":0.5,"ocean_post_title_bg_overlay_color":"","ocean_disable_breadcrumbs":"default","ocean_breadcrumbs_color":"","ocean_breadcrumbs_separator_color":"","ocean_breadcrumbs_links_color":"","ocean_breadcrumbs_links_hover_color":"","ocean_display_footer_widgets":"default","ocean_display_footer_bottom":"default","ocean_custom_footer_template":"0","footnotes":"","_links_to":"","_links_to_target":""},"class_list":["post-1130","page","type-page","status-publish","hentry","entry"],"_links":{"self":[{"href":"https:\/\/sites.usp.br\/naifeusp\/wp-json\/wp\/v2\/pages\/1130","targetHints":{"allow":["GET"]}}],"collection":[{"href":"https:\/\/sites.usp.br\/naifeusp\/wp-json\/wp\/v2\/pages"}],"about":[{"href":"https:\/\/sites.usp.br\/naifeusp\/wp-json\/wp\/v2\/types\/page"}],"author":[{"embeddable":true,"href":"https:\/\/sites.usp.br\/naifeusp\/wp-json\/wp\/v2\/users\/22396"}],"replies":[{"embeddable":true,"href":"https:\/\/sites.usp.br\/naifeusp\/wp-json\/wp\/v2\/comments?post=1130"}],"version-history":[{"count":5,"href":"https:\/\/sites.usp.br\/naifeusp\/wp-json\/wp\/v2\/pages\/1130\/revisions"}],"predecessor-version":[{"id":1208,"href":"https:\/\/sites.usp.br\/naifeusp\/wp-json\/wp\/v2\/pages\/1130\/revisions\/1208"}],"wp:attachment":[{"href":"https:\/\/sites.usp.br\/naifeusp\/wp-json\/wp\/v2\/media?parent=1130"}],"curies":[{"name":"wp","href":"https:\/\/api.w.org\/{rel}","templated":true}]}}