{"id":1133,"date":"2025-03-01T21:13:35","date_gmt":"2025-03-02T00:13:35","guid":{"rendered":"https:\/\/sites.usp.br\/naifeusp\/?page_id=1133"},"modified":"2025-03-01T21:13:35","modified_gmt":"2025-03-02T00:13:35","slug":"historico-estagio","status":"publish","type":"page","link":"https:\/\/sites.usp.br\/naifeusp\/historico-estagio\/","title":{"rendered":"Hist\u00f3rico Est\u00e1gio"},"content":{"rendered":"<h1 style=\"text-align: center;\">NAI-FEUSP: Monitoria Integrada de est\u00e1gio como dispositivo da forma\u00e7\u00e3o inicial e continuada de professores em Escolas P\u00fablicas<b><\/b><\/h1>\n<p>&nbsp;<\/p>\n<p>&nbsp;<\/p>\n<h1 style=\"text-align: center;\">Os Est\u00e1gios e o Programa de Forma\u00e7\u00e3o de professores &#8211; dispositivos de integra\u00e7\u00e3o entre as escolas e a Universidade<\/h1>\n<p>Desde 2016, o NAI-FEUSP passou a integrar as iniciativas de est\u00e1gio da Faculdade de Educa\u00e7\u00e3o da USP, junto a diversas disciplinas, com base num percurso formativo realizado em conjunto com escolas da Rede NAI-FEUSP. O percurso inclui: (1) leituras e prepara\u00e7\u00e3o do trabalho de campo: referenciais te\u00f3ricos da avalia\u00e7\u00e3o institucional e documentos da escola, dispon\u00edveis no arquivo virtual do N\u00facleo, al\u00e9m de outras informa\u00e7\u00f5es, dispon\u00edveis no Portal CulturaEduca; (2) reuni\u00e3o com o representante da escola, em reuni\u00f5es ordin\u00e1rias ou outras atividades do NAI-FEUSP, \u00e0s quais o\/a estagi\u00e1rio\/a \u00e9 convidado\/a a participar; (3) realiza\u00e7\u00e3o das atividades acordadas junto \u00e0 escola; (4) orienta\u00e7\u00e3o e acompanhamento da produ\u00e7\u00e3o e apresenta\u00e7\u00e3o do relat\u00f3rio de est\u00e1gio e de sua devolu\u00e7\u00e3o \u00e0s escolas.<\/p>\n<p>Estimula-se que os\/as alunos\/as realizem est\u00e1gios de gest\u00e3o e de pr\u00e1ticas curriculares em atividades integradas numa mesma escola da REDE-NAI, tendo plena concord\u00e2ncia e buscando fortalecer os princ\u00edpios do Programa de Forma\u00e7\u00e3o de Professores, que, conforme documento norteador (2004, p 4-6), afirma:<\/p>\n<h6>(1) a forma\u00e7\u00e3o de professores exige empenho permanente de suas diversas unidades, em projetos integrados;<br \/>\n(2) a doc\u00eancia, a \u201cvida escolar\u201d e as institui\u00e7\u00f5es a ela ligadas, na peculiaridade de seus saberes, valores, metas e pr\u00e1ticas cotidianas, devem ser os objetos privilegiados na forma\u00e7\u00e3o;<br \/>\n(3) a forma\u00e7\u00e3o de professores deve ter na escola p\u00fablica seu principal foco de interesse de estudo, investiga\u00e7\u00e3o, acompanhamento, interven\u00e7\u00e3o e melhoria da a\u00e7\u00e3o docente;<br \/>\n(4) a projeto de forma\u00e7\u00e3o deve prever a indissociabilidade entre ensino, pesquisa e extens\u00e3o;<br \/>\n(5) a forma\u00e7\u00e3o do professor dar-se-\u00e1 ao longo de todo o processo de forma\u00e7\u00e3o nos cursos de gradua\u00e7\u00e3o;<br \/>\n(6) as estruturas curriculares dos cursos de forma\u00e7\u00e3o de professores devem ser flex\u00edveis, oferecendo uma pluralidade de caminhos;<br \/>\n(7) a institui\u00e7\u00e3o escolar e sua proposta pedag\u00f3gica, concomitantemente com as caracter\u00edsticas das \u00e1reas espec\u00edficas de atua\u00e7\u00e3o dos licenciandos, devem ser o eixo norteador das diferentes modalidades de est\u00e1gio supervisionado, que poder\u00e3o tamb\u00e9m estender suas a\u00e7\u00f5es investigativas e propositivas a \u00f3rg\u00e3os centrais e espa\u00e7os socioinstitucionais relevantes para a educa\u00e7\u00e3o p\u00fablica.<\/h6>\n<p>Como atividade acordada com a escola, o\/a estagi\u00e1rio\/a n\u00e3o tem se limitado \u00e0 observa\u00e7\u00e3o. Muitas vezes, ele\/a tem se envolvido em pesquisa-participante, de menor ou de maior vulto, contribuindo com as a\u00e7\u00f5es da escola. S\u00e3o exemplos dessas a\u00e7\u00f5es os levantamentos feitos para a caracteriza\u00e7\u00e3o da comunidade escolar. Em uma das escolas, esse levantamento, realizado na forma de Censo, produziu \u00e0 escola as informa\u00e7\u00f5es necess\u00e1rias para a abertura de salas de EJA. O georeferenciamento dos domic\u00edlios dos\/as estudantes tamb\u00e9m vem contando com a participa\u00e7\u00e3o de estagi\u00e1rios\/as. Em 2020, estudantes participaram de levantamentos realizados junto \u00e0s fam\u00edlias em oito escolas da Rede NAI-FEUSP, relativamente ao impacto provocado pela COVID-19 e o ensino virtual. <span style=\"font-weight: 400;\">Em 2020, estudantes participaram de levantamentos realizados junto \u00e0s fam\u00edlias em oito escolas da Rede NAI-FEUSP, relativamente ao impacto provocado pela COVID-19 e o ensino virtual. Em 2021, os Relat\u00f3rios mostram que essas pequenas pesquisas ganharam ainda maior densidade.<\/span><\/p>\n<p>Em 2019, foi realizada uma pesquisa com egressos, na qual estagi\u00e1rios avaliaram o trabalho realizado, no per\u00edodo do 1\u00ba sem. de 2016 ao 1\u00ba sem. de 2019. Realizada via question\u00e1rio online, desenvolvido na plataforma LimeSurvey, software livre instalado no servidor do Instituto Lidas\/CulturaEduca (http:\/\/pesquisas.culturaeduca.cc), o link do question\u00e1rio foi enviado, por e-mail, aos 193 estudantes das diferentes licenciaturas com disciplinas na FEUSP, que estagiaram pelo NAI. Cinquenta e cinco estudantes responderam. Na quest\u00e3o aberta, que solicitava \u201ca avalia\u00e7\u00e3o cr\u00edtica sobre a relev\u00e2ncia do NAI-FEUSP para a forma\u00e7\u00e3o e pr\u00e1tica do futuro profissional\u201d, 48 destacaram pontos positivos, o que \u00e9 um indicador positivo da orienta\u00e7\u00e3o do NAI-FEUSP quanto ao est\u00e1gio.<\/p>\n<p>Apresenta\u00e7\u00e3o de Est\u00e1gio (Reuni\u00e3o Inicial): [download id=&#8221;999&#8243;]<\/p>\n<p>Orienta\u00e7\u00f5es do monitor Leonardo Musumeci: <a href=\"https:\/\/tinyurl.com\/orientacoesLeo\">V\u00eddeo<\/a><\/p>\n<p>&nbsp;<\/p>\n<h2><strong>Escolas da REDE NAI 2024<\/strong><\/h2>\n<p>Atualmente participam da Rede NAI 34 escolas p\u00fablicas de 3 munic\u00edpios (S\u00e3o Paulo, S\u00e3o Bernardo e Diadema). Clicando no nome da escola voc\u00ea ser\u00e1 direcionado ao Portal CulturaEduca onde poder\u00e1 conhecer caracter\u00edsticas da escola e do seu territ\u00f3rio de entorno.<\/p>\n<table style=\"height: 1136px;\" border=\"0\" width=\"855\" cellspacing=\"0\">\n<colgroup width=\"278\"><\/colgroup>\n<colgroup width=\"240\"><\/colgroup>\n<colgroup span=\"2\" width=\"159\"><\/colgroup>\n<tbody>\n<tr>\n<td align=\"left\" height=\"17\"><b>Escola<\/b><\/td>\n<td align=\"left\"><b>Etapas<\/b><\/td>\n<td align=\"left\"><b>Bairro \/ Regi\u00e3o<\/b><\/td>\n<td align=\"left\"><b>Munic\u00edpio<\/b><\/td>\n<\/tr>\n<tr>\n<td align=\"left\" height=\"17\"><a href=\"http:\/\/culturaeduca.cc\/equipamento\/escola_detalhe\/35238545\" target=\"_blank\" rel=\"noopener\">CEI Aloysio de Menezes Greenhalgh<\/a><\/td>\n<td align=\"left\">Educa\u00e7\u00e3o Infantil (Creche)<\/td>\n<td align=\"left\">Zona Oeste<\/td>\n<td align=\"left\">S\u00e3o Paulo<\/td>\n<\/tr>\n<tr>\n<td align=\"left\" height=\"17\"><a href=\"http:\/\/culturaeduca.cc\/equipamento\/escola_detalhe\/35238739\" target=\"_blank\" rel=\"noopener\">CEI Olga Ben\u00e1rio Prestes<\/a><\/td>\n<td align=\"left\">Educa\u00e7\u00e3o Infantil (Creche)<\/td>\n<td align=\"left\">Zona Sul<\/td>\n<td align=\"left\">S\u00e3o Paulo<\/td>\n<\/tr>\n<tr>\n<td align=\"left\" height=\"17\"><a href=\"http:\/\/culturaeduca.cc\/equipamento\/escola_detalhe\/35006664\" target=\"_blank\" rel=\"noopener\">CEMEI Morumbi<\/a><\/td>\n<td align=\"left\">Educa\u00e7\u00e3o Infantil (Creche e Pr\u00e9-escola)<\/td>\n<td align=\"left\">Zona Sul<\/td>\n<td align=\"left\">S\u00e3o Paulo<\/td>\n<\/tr>\n<tr>\n<td align=\"left\" height=\"17\"><a href=\"http:\/\/culturaeduca.cc\/equipamento\/escola_detalhe\/35581537\" target=\"_blank\" rel=\"noopener\">CIEJA Perus<\/a><\/td>\n<td align=\"left\">Ed. de Jovens e Adultos<\/td>\n<td align=\"left\">Zona Norte<\/td>\n<td align=\"left\">S\u00e3o Paulo<\/td>\n<\/tr>\n<tr>\n<td align=\"left\" height=\"17\"><a href=\"http:\/\/culturaeduca.cc\/equipamento\/escola_detalhe\/35260228\" target=\"_blank\" rel=\"noopener\">CIEJA Aluna Jessica Nunes Herculano<\/a><\/td>\n<td align=\"left\">Ed. de Jovens e Adultos<\/td>\n<td align=\"left\">Zona Oeste<\/td>\n<td align=\"left\">S\u00e3o Paulo<\/td>\n<\/tr>\n<tr>\n<td align=\"left\" height=\"17\"><a href=\"http:\/\/culturaeduca.cc\/equipamento\/escola_detalhe\/35259214\" target=\"_blank\" rel=\"noopener\">CIEJA Clovis Caitano Miquelazzo Ipiranga<\/a><\/td>\n<td align=\"left\">Ed. de Jovens e Adultos<\/td>\n<td align=\"left\">Zona Sul<\/td>\n<td align=\"left\">S\u00e3o Paulo<\/td>\n<\/tr>\n<tr>\n<td align=\"left\" height=\"17\"><a href=\"http:\/\/culturaeduca.cc\/equipamento\/escola_detalhe\/35005204\" target=\"_blank\" rel=\"noopener\">EE Prof Presidente Kennedy<\/a><\/td>\n<td align=\"left\">Ensino M\u00e9dio<\/td>\n<td align=\"left\">Zona Norte<\/td>\n<td align=\"left\">S\u00e3o Paulo<\/td>\n<\/tr>\n<tr>\n<td align=\"left\" height=\"17\"><a href=\"http:\/\/culturaeduca.cc\/equipamento\/escola_detalhe\/35002264\" target=\"_blank\" rel=\"noopener\">EE Oswaldo Catalano<\/a><\/td>\n<td align=\"left\">Ensino M\u00e9dio<\/td>\n<td align=\"left\">Zona Sul<\/td>\n<td align=\"left\">S\u00e3o Paulo<\/td>\n<\/tr>\n<tr>\n<td align=\"left\" height=\"17\"><a href=\"http:\/\/culturaeduca.cc\/equipamento\/escola_detalhe\/35041282\" target=\"_blank\" rel=\"noopener\">EE Prof Maria Os\u00f3rio Teixeira<\/a><\/td>\n<td align=\"left\">Ensino Fund. II \/ Ensino M\u00e9dio<\/td>\n<td align=\"left\">Vila Ferreira<\/td>\n<td align=\"left\">S\u00e3o Bernardo do Campo<\/td>\n<\/tr>\n<tr>\n<td align=\"left\" height=\"17\"><a href=\"http:\/\/culturaeduca.cc\/equipamento\/escola_detalhe\/35083033\" target=\"_blank\" rel=\"noopener\">EMEB Carlos Drummond de Andrade<\/a><\/td>\n<td align=\"left\">Educa\u00e7\u00e3o Infantil (Pr\u00e9-escola)<\/td>\n<td align=\"left\">Promiss\u00e3o<\/td>\n<td align=\"left\">Diadema<\/td>\n<\/tr>\n<tr>\n<td align=\"left\" height=\"17\"><a href=\"http:\/\/culturaeduca.cc\/equipamento\/escola_detalhe\/35217517\" target=\"_blank\" rel=\"noopener\">EMEB Florestan Fernandes<\/a><\/td>\n<td align=\"left\">Ensino Fundamental I<\/td>\n<td align=\"left\">Vila Ferreira<\/td>\n<td align=\"left\">S\u00e3o Bernardo do Campo<\/td>\n<\/tr>\n<tr>\n<td align=\"left\" height=\"17\"><a href=\"http:\/\/culturaeduca.cc\/equipamento\/escola_detalhe\/35278524\" target=\"_blank\" rel=\"noopener\">EMEB Janete Mally Betti Sim\u00f5es<\/a><\/td>\n<td align=\"left\">Ensino Fund. \/ Ed. de Jovens e Adultos<\/td>\n<td align=\"left\">S\u00e3o Bernardo do Campo<\/td>\n<td align=\"left\">S\u00e3o Bernardo do Campo<\/td>\n<\/tr>\n<tr>\n<td align=\"left\" height=\"17\"><a href=\"http:\/\/culturaeduca.cc\/equipamento\/escola_detalhe\/35430134\" target=\"_blank\" rel=\"noopener\">EMEB Marcelo Peres Ribeiro<\/a><\/td>\n<td align=\"left\">Educa\u00e7\u00e3o Infantil (Creche)<\/td>\n<td align=\"left\">Vila Ferreira<\/td>\n<td align=\"left\">S\u00e3o Bernardo do Campo<\/td>\n<\/tr>\n<tr>\n<td align=\"left\" height=\"17\"><a href=\"http:\/\/culturaeduca.cc\/equipamento\/escola_detalhe\/35082831\" target=\"_blank\" rel=\"noopener\">EMEB Padre Jos\u00e9 Maur\u00edcio<\/a><\/td>\n<td align=\"left\">Educa\u00e7\u00e3o Infantil (Pr\u00e9-escola)<\/td>\n<td align=\"left\">Vila Ferreira<\/td>\n<td align=\"left\">S\u00e3o Bernardo do Campo<\/td>\n<\/tr>\n<tr>\n<td align=\"left\" height=\"17\"><a href=\"https:\/\/culturaeduca.cc\/equipamento\/escola_detalhe\/35437256\/\" target=\"_blank\" rel=\"noopener\">EMEB Sagrado Cora\u00e7\u00e3o de Jesus<\/a><\/td>\n<td align=\"left\">Ensino Fundamental<\/td>\n<td align=\"left\">Casa Grande<\/td>\n<td align=\"left\">Diadema<\/td>\n<\/tr>\n<tr>\n<td align=\"left\" height=\"17\"><a href=\"http:\/\/culturaeduca.cc\/equipamento\/escola_detalhe\/35202794\" target=\"_blank\" rel=\"noopener\">EMEB Zelia Gattai Amado<\/a><\/td>\n<td align=\"left\">Educa\u00e7\u00e3o Infantil (Creche)<\/td>\n<td align=\"left\">Promiss\u00e3o<\/td>\n<td align=\"left\">Diadema<\/td>\n<\/tr>\n<tr>\n<td align=\"left\" height=\"17\"><a href=\"http:\/\/culturaeduca.cc\/equipamento\/escola_detalhe\/35400075\">EMEF Dama Entre Rios Verdes<\/a><\/td>\n<td align=\"left\">Ensino Fundamental<\/td>\n<td align=\"left\">Zona Leste<\/td>\n<td align=\"left\">S\u00e3o Paulo<\/td>\n<\/tr>\n<tr>\n<td align=\"left\" height=\"17\"><a href=\"http:\/\/culturaeduca.cc\/equipamento\/escola_detalhe\/35053144\" target=\"_blank\" rel=\"noopener\">EMEF Desembargador Amorim Lima<\/a><\/td>\n<td align=\"left\">Ensino Fundamental<\/td>\n<td align=\"left\">Zona Oeste<\/td>\n<td align=\"left\">S\u00e3o Paulo<\/td>\n<\/tr>\n<tr>\n<td align=\"left\" height=\"17\"><a href=\"http:\/\/culturaeduca.cc\/equipamento\/escola_detalhe\/35271068\" target=\"_blank\" rel=\"noopener\">EMEF Enzo Antonio Silvestrin<\/a><\/td>\n<td align=\"left\">Ensino Fundamental<\/td>\n<td align=\"left\">Zona Norte<\/td>\n<td align=\"left\">S\u00e3o Paulo<\/td>\n<\/tr>\n<tr>\n<td align=\"left\" height=\"17\"><a href=\"http:\/\/culturaeduca.cc\/equipamento\/escola_detalhe\/35053624\" target=\"_blank\" rel=\"noopener\">EMEF Espa\u00e7o de Bitita<\/a><\/td>\n<td align=\"left\">Ensino Fundamental<\/td>\n<td align=\"left\">Centro<\/td>\n<td align=\"left\">S\u00e3o Paulo<\/td>\n<\/tr>\n<tr>\n<td align=\"left\" height=\"17\"><a href=\"http:\/\/culturaeduca.cc\/equipamento\/escola_detalhe\/35201923\" target=\"_blank\" rel=\"noopener\">EMEF Fernando Gracioso<\/a><\/td>\n<td align=\"left\">Ensino Fundamental<\/td>\n<td align=\"left\">Zona Norte<\/td>\n<td align=\"left\">S\u00e3o Paulo<\/td>\n<\/tr>\n<tr>\n<td align=\"left\" height=\"17\"><a href=\"http:\/\/culturaeduca.cc\/equipamento\/escola_detalhe\/35053193\" target=\"_blank\" rel=\"noopener\">EMEF General Euclydes de Oliveira Figueiredo<\/a><\/td>\n<td align=\"left\">Ensino Fundamental<\/td>\n<td align=\"left\">Zona Oeste<\/td>\n<td align=\"left\">S\u00e3o Paulo<\/td>\n<\/tr>\n<tr>\n<td align=\"left\" height=\"17\"><a href=\"http:\/\/culturaeduca.cc\/equipamento\/escola_detalhe\/35068767\" target=\"_blank\" rel=\"noopener\">EMEF Luiz Gonzaga do Nascimento Jr \u2013 Gonzaguinha<\/a><\/td>\n<td align=\"left\">Ensino Fundamental<\/td>\n<td align=\"left\">Zona Sul<\/td>\n<td align=\"left\">S\u00e3o Paulo<\/td>\n<\/tr>\n<tr>\n<td align=\"left\" height=\"17\"><a href=\"http:\/\/culturaeduca.cc\/equipamento\/escola_detalhe\/35419285\" target=\"_blank\" rel=\"noopener\">EMEF LM&#8217;Boi Mirim I<\/a><\/td>\n<td align=\"left\">Ensino Fundamental<\/td>\n<td align=\"left\">Zona Sul<\/td>\n<td align=\"left\">S\u00e3o Paulo<\/td>\n<\/tr>\n<tr>\n<td align=\"left\" height=\"17\"><a href=\"https:\/\/culturaeduca.cc\/equipamento\/escola_detalhe\/35054872\/\" target=\"_blank\" rel=\"noopener\">EMEF Prof. Ant\u00f4nio Prudente<\/a><\/td>\n<td align=\"left\">Ensino Fundamental<\/td>\n<td align=\"left\">Zona Norte<\/td>\n<td align=\"left\">S\u00e3o Paulo<\/td>\n<\/tr>\n<tr>\n<td align=\"left\" height=\"17\"><a href=\"http:\/\/culturaeduca.cc\/equipamento\/escola_detalhe\/35396692\" target=\"_blank\" rel=\"noopener\">EMEF Profa Mara Cristina Tartaglia Sena<\/a><\/td>\n<td align=\"left\">Ensino Fundamental<\/td>\n<td align=\"left\">Zona Sul<\/td>\n<td align=\"left\">S\u00e3o Paulo<\/td>\n<\/tr>\n<tr>\n<td align=\"left\" height=\"17\"><a href=\"http:\/\/culturaeduca.cc\/equipamento\/escola_detalhe\/35355185\" target=\"_blank\" rel=\"noopener\">EMEF Profa Marili Dias<\/a><\/td>\n<td align=\"left\">Ensino Fundamental<\/td>\n<td align=\"left\">Zona Norte<\/td>\n<td align=\"left\">S\u00e3o Paulo<\/td>\n<\/tr>\n<tr>\n<td align=\"left\" height=\"17\"><a href=\"http:\/\/culturaeduca.cc\/equipamento\/escola_detalhe\/35055268\" target=\"_blank\" rel=\"noopener\">EMEF Saturnino Pereira<\/a><\/td>\n<td align=\"left\">Ensino Fundamental<\/td>\n<td align=\"left\">Zona Leste<\/td>\n<td align=\"left\">S\u00e3o Paulo<\/td>\n<\/tr>\n<tr>\n<td align=\"left\" height=\"17\"><a href=\"http:\/\/culturaeduca.cc\/equipamento\/escola_detalhe\/35417440\" target=\"_blank\" rel=\"noopener\">EMEF S\u00f3crates Brasileiro<\/a><\/td>\n<td align=\"left\">Ensino Fundamental<\/td>\n<td align=\"left\">Zona Sul<\/td>\n<td align=\"left\">S\u00e3o Paulo<\/td>\n<\/tr>\n<tr>\n<td align=\"left\" height=\"17\"><a href=\"http:\/\/culturaeduca.cc\/equipamento\/escola_detalhe\/35357091\" target=\"_blank\" rel=\"noopener\">EMEF Tatiana Belinky<\/a><\/td>\n<td align=\"left\">Ensino Fundamental<\/td>\n<td align=\"left\">Zona Leste<\/td>\n<td align=\"left\">S\u00e3o Paulo<\/td>\n<\/tr>\n<tr>\n<td align=\"left\" height=\"17\"><a href=\"http:\/\/culturaeduca.cc\/equipamento\/escola_detalhe\/35091418\" target=\"_blank\" rel=\"noopener\">EMEF Vladimir Herzog<\/a><\/td>\n<td align=\"left\">Ensino Fundamental<\/td>\n<td align=\"left\">Zona Leste<\/td>\n<td align=\"left\">S\u00e3o Paulo<\/td>\n<\/tr>\n<tr>\n<td align=\"left\" height=\"17\"><a href=\"http:\/\/culturaeduca.cc\/equipamento\/escola_detalhe\/35052280\" target=\"_blank\" rel=\"noopener\">EMEI Borba Gato<\/a><\/td>\n<td align=\"left\">Educa\u00e7\u00e3o Infantil (Pr\u00e9-escola)<\/td>\n<td align=\"left\">Zona Sul<\/td>\n<td align=\"left\">S\u00e3o Paulo<\/td>\n<\/tr>\n<tr>\n<td align=\"left\" height=\"17\"><a href=\"http:\/\/culturaeduca.cc\/equipamento\/escola_detalhe\/35051731\" target=\"_blank\" rel=\"noopener\">EMEI Monteiro Lobato<\/a><\/td>\n<td align=\"left\">Educa\u00e7\u00e3o Infantil (Pr\u00e9-escola)<\/td>\n<td align=\"left\">Zona Oeste<\/td>\n<td align=\"left\">S\u00e3o Paulo<\/td>\n<\/tr>\n<tr>\n<td align=\"left\" height=\"17\"><a href=\"http:\/\/culturaeduca.cc\/equipamento\/escola_detalhe\/35084372\" target=\"_blank\" rel=\"noopener\">EMEI Prof Ronaldo Porto Macedo<\/a><\/td>\n<td align=\"left\">Educa\u00e7\u00e3o Infantil (Pr\u00e9-escola)<\/td>\n<td align=\"left\">Zona Oeste<\/td>\n<td align=\"left\">S\u00e3o Paulo<\/td>\n<\/tr>\n<\/tbody>\n<\/table>\n<p>&nbsp;<\/p>\n<p>&nbsp;<\/p>\n","protected":false},"excerpt":{"rendered":"<p>NAI-FEUSP: Monitoria Integrada de est\u00e1gio como dispositivo da forma\u00e7\u00e3o inicial e continuada de professores em Escolas P\u00fablicas &nbsp; &nbsp; Os Est\u00e1gios e o Programa de Forma\u00e7\u00e3o de professores &#8211; dispositivos de integra\u00e7\u00e3o entre as escolas e a Universidade Desde 2016, o NAI-FEUSP passou a integrar as iniciativas de est\u00e1gio da Faculdade de Educa\u00e7\u00e3o da USP, [&hellip;]<\/p>\n","protected":false},"author":22396,"featured_media":0,"parent":0,"menu_order":0,"comment_status":"closed","ping_status":"closed","template":"","meta":{"ocean_post_layout":"","ocean_both_sidebars_style":"","ocean_both_sidebars_content_width":0,"ocean_both_sidebars_sidebars_width":0,"ocean_sidebar":"0","ocean_second_sidebar":"0","ocean_disable_margins":"enable","ocean_add_body_class":"","ocean_shortcode_before_top_bar":"","ocean_shortcode_after_top_bar":"","ocean_shortcode_before_header":"","ocean_shortcode_after_header":"","ocean_has_shortcode":"","ocean_shortcode_after_title":"","ocean_shortcode_before_footer_widgets":"","ocean_shortcode_after_footer_widgets":"","ocean_shortcode_before_footer_bottom":"","ocean_shortcode_after_footer_bottom":"","ocean_display_top_bar":"default","ocean_display_header":"default","ocean_header_style":"","ocean_center_header_left_menu":"0","ocean_custom_header_template":"0","ocean_custom_logo":0,"ocean_custom_retina_logo":0,"ocean_custom_logo_max_width":0,"ocean_custom_logo_tablet_max_width":0,"ocean_custom_logo_mobile_max_width":0,"ocean_custom_logo_max_height":0,"ocean_custom_logo_tablet_max_height":0,"ocean_custom_logo_mobile_max_height":0,"ocean_header_custom_menu":"0","ocean_menu_typo_font_family":"0","ocean_menu_typo_font_subset":"","ocean_menu_typo_font_size":0,"ocean_menu_typo_font_size_tablet":0,"ocean_menu_typo_font_size_mobile":0,"ocean_menu_typo_font_size_unit":"px","ocean_menu_typo_font_weight":"","ocean_menu_typo_font_weight_tablet":"","ocean_menu_typo_font_weight_mobile":"","ocean_menu_typo_transform":"","ocean_menu_typo_transform_tablet":"","ocean_menu_typo_transform_mobile":"","ocean_menu_typo_line_height":0,"ocean_menu_typo_line_height_tablet":0,"ocean_menu_typo_line_height_mobile":0,"ocean_menu_typo_line_height_unit":"","ocean_menu_typo_spacing":0,"ocean_menu_typo_spacing_tablet":0,"ocean_menu_typo_spacing_mobile":0,"ocean_menu_typo_spacing_unit":"","ocean_menu_link_color":"","ocean_menu_link_color_hover":"","ocean_menu_link_color_active":"","ocean_menu_link_background":"","ocean_menu_link_hover_background":"","ocean_menu_link_active_background":"","ocean_menu_social_links_bg":"","ocean_menu_social_hover_links_bg":"","ocean_menu_social_links_color":"","ocean_menu_social_hover_links_color":"","ocean_disable_title":"default","ocean_disable_heading":"default","ocean_post_title":"","ocean_post_subheading":"","ocean_post_title_style":"","ocean_post_title_background_color":"","ocean_post_title_background":0,"ocean_post_title_bg_image_position":"","ocean_post_title_bg_image_attachment":"","ocean_post_title_bg_image_repeat":"","ocean_post_title_bg_image_size":"","ocean_post_title_height":0,"ocean_post_title_bg_overlay":0.5,"ocean_post_title_bg_overlay_color":"","ocean_disable_breadcrumbs":"default","ocean_breadcrumbs_color":"","ocean_breadcrumbs_separator_color":"","ocean_breadcrumbs_links_color":"","ocean_breadcrumbs_links_hover_color":"","ocean_display_footer_widgets":"default","ocean_display_footer_bottom":"default","ocean_custom_footer_template":"0","footnotes":"","_links_to":"","_links_to_target":""},"class_list":["post-1133","page","type-page","status-publish","hentry","entry"],"_links":{"self":[{"href":"https:\/\/sites.usp.br\/naifeusp\/wp-json\/wp\/v2\/pages\/1133","targetHints":{"allow":["GET"]}}],"collection":[{"href":"https:\/\/sites.usp.br\/naifeusp\/wp-json\/wp\/v2\/pages"}],"about":[{"href":"https:\/\/sites.usp.br\/naifeusp\/wp-json\/wp\/v2\/types\/page"}],"author":[{"embeddable":true,"href":"https:\/\/sites.usp.br\/naifeusp\/wp-json\/wp\/v2\/users\/22396"}],"replies":[{"embeddable":true,"href":"https:\/\/sites.usp.br\/naifeusp\/wp-json\/wp\/v2\/comments?post=1133"}],"version-history":[{"count":1,"href":"https:\/\/sites.usp.br\/naifeusp\/wp-json\/wp\/v2\/pages\/1133\/revisions"}],"predecessor-version":[{"id":1134,"href":"https:\/\/sites.usp.br\/naifeusp\/wp-json\/wp\/v2\/pages\/1133\/revisions\/1134"}],"wp:attachment":[{"href":"https:\/\/sites.usp.br\/naifeusp\/wp-json\/wp\/v2\/media?parent=1133"}],"curies":[{"name":"wp","href":"https:\/\/api.w.org\/{rel}","templated":true}]}}