{"id":1179,"date":"2025-04-18T20:17:15","date_gmt":"2025-04-18T23:17:15","guid":{"rendered":"https:\/\/sites.usp.br\/naifeusp\/?page_id=1179"},"modified":"2025-04-19T08:27:42","modified_gmt":"2025-04-19T11:27:42","slug":"voce-sabe-o-que-e-o-ministerio-publico-e-para-que-serve-uma-acao-civil-publica","status":"publish","type":"page","link":"https:\/\/sites.usp.br\/naifeusp\/voce-sabe-o-que-e-o-ministerio-publico-e-para-que-serve-uma-acao-civil-publica\/","title":{"rendered":"Voc\u00ea sabe o que \u00e9 o Minist\u00e9rio P\u00fablico e para que serve uma A\u00e7\u00e3o Civil P\u00fablica?"},"content":{"rendered":"<p>Voc\u00ea sabe o que \u00e9 o Minist\u00e9rio P\u00fablico e para que serve uma A\u00e7\u00e3o Civil P\u00fablica?<\/p>\n<p>Minist\u00e9rio P\u00fablico (MP) \u00e9 um \u00f3rg\u00e3o p\u00fablico que tem a miss\u00e3o constitucional de defender a ordem jur\u00eddica, o regime democr\u00e1tico e os interesses sociais e individuais indispon\u00edveis da popula\u00e7\u00e3o. Por meio de A\u00e7\u00f5es Civis P\u00fablicas \u2013 um importante instrumento que permite o controle das a\u00e7\u00f5es indevidas ou omiss\u00f5es dos poderes p\u00fablicos \u2013, o MP pode exigir judicialmente a responsabiliza\u00e7\u00e3o penal de governantes que deixam de garantir direitos difusos e coletivos da popula\u00e7\u00e3o.<br \/>\n\u00c9 o caso de duas A\u00e7\u00f5es Civis P\u00fablicas movidas pelo MP-SP contra o governo de S\u00e3o Paulo, exigindo a contrata\u00e7\u00e3o imediata de mais de 40 mil professores e gestores efetivos para a rede estadual de ensino. As a\u00e7\u00f5es apontam um grave d\u00e9ficit no quadro da educa\u00e7\u00e3o paulista: <strong>s\u00e3o 40.155 professores efetivos, 1.177 diretores escolares e 702 supervisores de ensino que deveriam estar atuando nas escolas<\/strong>, segundo dados apurados pelo pr\u00f3prio Minist\u00e9rio P\u00fablico.<br \/>\nO objetivo das a\u00e7\u00f5es \u00e9 combater a contrata\u00e7\u00e3o tempor\u00e1ria de profissionais da educa\u00e7\u00e3o e a sistem\u00e1tica designa\u00e7\u00e3o de professores efetivos para os cargos de diretor escolar e supervisor educacional, tirando professores das salas de aula para atuar em fun\u00e7\u00f5es de gest\u00e3o de forma provis\u00f3ria e sem concurso.<br \/>\nTais pr\u00e1ticas, de acordo com o MP, precarizam o ensino p\u00fablico, descumprem a exig\u00eancia constitucional de realiza\u00e7\u00e3o de concursos p\u00fablicos, desestruturam a carreira docente, desvalorizam os profissionais da educa\u00e7\u00e3o e promovem a inger\u00eancia pol\u00edtica na gest\u00e3o escolar. Al\u00e9m disso, comprometem a autonomia administrativa e pedag\u00f3gica das unidades escolares e violam o princ\u00edpio constitucional da gest\u00e3o democr\u00e1tica do ensino.<br \/>\nA recomposi\u00e7\u00e3o do quadro de profissionais da educa\u00e7\u00e3o, portanto, \u00e9 urgente. O Minist\u00e9rio P\u00fablico requer, por meio dessas a\u00e7\u00f5es, a imediata nomea\u00e7\u00e3o de professores concursados, al\u00e9m de diretores e supervisores efetivos, como forma de assegurar o funcionamento adequado das escolas p\u00fablicas e o cumprimento dos direitos educacionais da popula\u00e7\u00e3o paulista.<\/p>\n<p><strong>Fonte: <a href=\"https:\/\/www.pebsp.com\/seduc-sp-com-deficit-de-40-mil-efetivos-ministerio-publico-entra-com-acao-para-que-o-estado-nomeie-professores-efetivos\">PEBSP \u2013 SEDUC-SP: Com d\u00e9ficit de 40 mil efetivos, Minist\u00e9rio P\u00fablico entra com a\u00e7\u00e3o para que o Estado nomeie professores por concurso<\/a><\/strong><\/p>\n","protected":false},"excerpt":{"rendered":"<p>Voc\u00ea sabe o que \u00e9 o Minist\u00e9rio P\u00fablico e para que serve uma A\u00e7\u00e3o Civil P\u00fablica? Minist\u00e9rio P\u00fablico (MP) \u00e9 um \u00f3rg\u00e3o p\u00fablico que tem a miss\u00e3o constitucional de defender a ordem jur\u00eddica, o regime democr\u00e1tico e os interesses sociais e individuais indispon\u00edveis da popula\u00e7\u00e3o. Por meio de A\u00e7\u00f5es Civis P\u00fablicas \u2013 um importante instrumento [&hellip;]<\/p>\n","protected":false},"author":22396,"featured_media":0,"parent":0,"menu_order":0,"comment_status":"closed","ping_status":"closed","template":"","meta":{"ocean_post_layout":"","ocean_both_sidebars_style":"","ocean_both_sidebars_content_width":0,"ocean_both_sidebars_sidebars_width":0,"ocean_sidebar":"0","ocean_second_sidebar":"0","ocean_disable_margins":"enable","ocean_add_body_class":"","ocean_shortcode_before_top_bar":"","ocean_shortcode_after_top_bar":"","ocean_shortcode_before_header":"","ocean_shortcode_after_header":"","ocean_has_shortcode":"","ocean_shortcode_after_title":"","ocean_shortcode_before_footer_widgets":"","ocean_shortcode_after_footer_widgets":"","ocean_shortcode_before_footer_bottom":"","ocean_shortcode_after_footer_bottom":"","ocean_display_top_bar":"default","ocean_display_header":"default","ocean_header_style":"","ocean_center_header_left_menu":"0","ocean_custom_header_template":"0","ocean_custom_logo":0,"ocean_custom_retina_logo":0,"ocean_custom_logo_max_width":0,"ocean_custom_logo_tablet_max_width":0,"ocean_custom_logo_mobile_max_width":0,"ocean_custom_logo_max_height":0,"ocean_custom_logo_tablet_max_height":0,"ocean_custom_logo_mobile_max_height":0,"ocean_header_custom_menu":"0","ocean_menu_typo_font_family":"0","ocean_menu_typo_font_subset":"","ocean_menu_typo_font_size":0,"ocean_menu_typo_font_size_tablet":0,"ocean_menu_typo_font_size_mobile":0,"ocean_menu_typo_font_size_unit":"px","ocean_menu_typo_font_weight":"","ocean_menu_typo_font_weight_tablet":"","ocean_menu_typo_font_weight_mobile":"","ocean_menu_typo_transform":"","ocean_menu_typo_transform_tablet":"","ocean_menu_typo_transform_mobile":"","ocean_menu_typo_line_height":0,"ocean_menu_typo_line_height_tablet":0,"ocean_menu_typo_line_height_mobile":0,"ocean_menu_typo_line_height_unit":"","ocean_menu_typo_spacing":0,"ocean_menu_typo_spacing_tablet":0,"ocean_menu_typo_spacing_mobile":0,"ocean_menu_typo_spacing_unit":"","ocean_menu_link_color":"","ocean_menu_link_color_hover":"","ocean_menu_link_color_active":"","ocean_menu_link_background":"","ocean_menu_link_hover_background":"","ocean_menu_link_active_background":"","ocean_menu_social_links_bg":"","ocean_menu_social_hover_links_bg":"","ocean_menu_social_links_color":"","ocean_menu_social_hover_links_color":"","ocean_disable_title":"default","ocean_disable_heading":"default","ocean_post_title":"","ocean_post_subheading":"","ocean_post_title_style":"","ocean_post_title_background_color":"","ocean_post_title_background":0,"ocean_post_title_bg_image_position":"","ocean_post_title_bg_image_attachment":"","ocean_post_title_bg_image_repeat":"","ocean_post_title_bg_image_size":"","ocean_post_title_height":0,"ocean_post_title_bg_overlay":0.5,"ocean_post_title_bg_overlay_color":"","ocean_disable_breadcrumbs":"default","ocean_breadcrumbs_color":"","ocean_breadcrumbs_separator_color":"","ocean_breadcrumbs_links_color":"","ocean_breadcrumbs_links_hover_color":"","ocean_display_footer_widgets":"default","ocean_display_footer_bottom":"default","ocean_custom_footer_template":"0","footnotes":"","_links_to":"","_links_to_target":""},"class_list":["post-1179","page","type-page","status-publish","hentry","entry"],"_links":{"self":[{"href":"https:\/\/sites.usp.br\/naifeusp\/wp-json\/wp\/v2\/pages\/1179","targetHints":{"allow":["GET"]}}],"collection":[{"href":"https:\/\/sites.usp.br\/naifeusp\/wp-json\/wp\/v2\/pages"}],"about":[{"href":"https:\/\/sites.usp.br\/naifeusp\/wp-json\/wp\/v2\/types\/page"}],"author":[{"embeddable":true,"href":"https:\/\/sites.usp.br\/naifeusp\/wp-json\/wp\/v2\/users\/22396"}],"replies":[{"embeddable":true,"href":"https:\/\/sites.usp.br\/naifeusp\/wp-json\/wp\/v2\/comments?post=1179"}],"version-history":[{"count":3,"href":"https:\/\/sites.usp.br\/naifeusp\/wp-json\/wp\/v2\/pages\/1179\/revisions"}],"predecessor-version":[{"id":1183,"href":"https:\/\/sites.usp.br\/naifeusp\/wp-json\/wp\/v2\/pages\/1179\/revisions\/1183"}],"wp:attachment":[{"href":"https:\/\/sites.usp.br\/naifeusp\/wp-json\/wp\/v2\/media?parent=1179"}],"curies":[{"name":"wp","href":"https:\/\/api.w.org\/{rel}","templated":true}]}}