{"id":1223,"date":"2025-10-30T22:00:09","date_gmt":"2025-10-31T01:00:09","guid":{"rendered":"https:\/\/sites.usp.br\/naifeusp\/?page_id=1223"},"modified":"2025-10-30T22:00:09","modified_gmt":"2025-10-31T01:00:09","slug":"redes-intersetoriais-de-politicas-publicas-universidade-territorio-tecnologias-livres-e-informacao","status":"publish","type":"page","link":"https:\/\/sites.usp.br\/naifeusp\/redes-intersetoriais-de-politicas-publicas-universidade-territorio-tecnologias-livres-e-informacao\/","title":{"rendered":"Redes intersetoriais de pol\u00edticas p\u00fablicas: Universidade, territ\u00f3rio, tecnologias livres e informa\u00e7\u00e3o"},"content":{"rendered":"<p><b>Evento: Feira de Economia Solid\u00e1ria, organizada pelo CIEJA-Perus,\u00a0<\/b><\/p>\n<p><b>Data: <\/b><span style=\"font-weight: 400;\">31\/10\/2025<\/span><\/p>\n<p><b>Hor\u00e1rio do evento geral: <\/b><span style=\"font-weight: 400;\">8h \u00e0s 22h<\/span><\/p>\n<p><b>Local:<\/b><span style=\"font-weight: 400;\"> Quadra CIEJA &#8211; Perus<\/span><\/p>\n<p><span style=\"font-weight: 400;\">Endere\u00e7o: <\/span><span style=\"font-weight: 400;\">R. Francisco Jos\u00e9 de Barros, 160 &#8211; Vila In\u00e1cio, S\u00e3o Paulo &#8211; SP<\/span><\/p>\n<p><b>Previs\u00e3o de participantes durante todo o evento: <\/b><span style=\"font-weight: 400;\">400 pessoas\u00a0<\/span><\/p>\n<p><b>Objetivos:<\/b><span style=\"font-weight: 400;\">\u00a0<\/span><\/p>\n<ul>\n<li style=\"font-weight: 400;\" aria-level=\"1\"><span style=\"font-weight: 400;\">Ampliar o conhecimento do projeto pela comunidade acad\u00eamica, popula\u00e7\u00e3o do territ\u00f3rio e trabalhadores dos servi\u00e7os nos polos de atua\u00e7\u00e3o do projeto;<\/span><\/li>\n<li style=\"font-weight: 400;\" aria-level=\"1\"><span style=\"font-weight: 400;\">Ampliar as parcerias locais com vistas ao \u00eaxito do projeto<\/span><\/li>\n<li style=\"font-weight: 400;\" aria-level=\"1\"><span style=\"font-weight: 400;\">Apresenta\u00e7\u00e3o dos respons\u00e1veis para o bom andamento das a\u00e7\u00f5es, seja no \u00e2mbito governamental ou territorial.<\/span><\/li>\n<\/ul>\n<p><b>Ementa do Encontro<\/b><span style=\"font-weight: 400;\">: Feira de Economia Solid\u00e1ria\u00a0 e Rodas de conversas<\/span><\/p>\n<p><span style=\"font-weight: 400;\">O evento denominado Feira de Economia Solid\u00e1ria \u00e9 uma iniciativa da parceria entre o CIEJA PERUS e os articuladores do Projeto<\/span><i><span style=\"font-weight: 400;\"> \u201cRedes intersetoriais de pol\u00edticas p\u00fablicas: Universidade, territ\u00f3rio, tecnologias livres e informa\u00e7\u00e3o&#8221;<\/span><\/i><span style=\"font-weight: 400;\"> &#8211; executado pelo Centro de Estudos, Pesquisa e Documenta\u00e7\u00e3o em Cidades Saud\u00e1veis &#8211; CEPEDOC; cujo finaiciamento pelo Minist\u00e9rio da Sa\u00fade se faz atrav\u00e9s da Carta Acordo SCON2024-00215<\/span> <span style=\"font-weight: 400;\">com a<\/span> <span style=\"font-weight: 400;\">Organizac\u0327a\u0303o Pan-Americana da Sau\u0301de.\u00a0<\/span><\/p>\n<p><span style=\"font-weight: 400;\">Na perspectiva de reunir estudantes,\u00a0 moradores do Distrito Anhanguera-Perus, produtores locais e representantes dos servi\u00e7os p\u00fablicos do territ\u00f3rio; tal evento ser\u00e1 composto por: exposi\u00e7\u00f5es de materiais e objetos produzidos e comercializados por moradores locais; orienta\u00e7\u00f5es e di\u00e1logos dos servi\u00e7os p\u00fablicos ofertados na regi\u00e3o e rodas de conversa para aprofundar as potencialidades de atua\u00e7\u00f5es intersetoriais no territ\u00f3rio, viabilizar o acesso aos dados de cada setor e\u00a0 integrar a popula\u00e7\u00e3o e os servidores em proposi\u00e7\u00f5es conjuntas para atenuar as dificuldades enfrentadas e estimular as interfaces dos trabalhos desenvolvidos na regi\u00e3o, para melhor atender a popula\u00e7\u00e3o da localidade e adjac\u00eancias.<\/span><\/p>\n<p><span style=\"font-weight: 400;\">A reuni\u00e3o desse coletivo celebra e partilha a produ\u00e7\u00e3o participativa de pol\u00edticas p\u00fablicas de informa\u00e7\u00e3o e sa\u00fade, cujo prop\u00f3sito \u00e9 dar a conhecer e pactuar o acesso a dados para gerar abertura ao di\u00e1logo pol\u00edtico sustentado em saberes comunit\u00e1rios e cient\u00edficos dos territ\u00f3rios pela plataforma CulturaEduca.<\/span><\/p>\n<p><span style=\"font-weight: 400;\">CulturaEduca \u00e9 a ferramenta de conhecimento do territ\u00f3rio, que ofertar\u00e1 dados e cruzamentos para o di\u00e1logo intersetorial entre os servi\u00e7os p\u00fablicos, as organiza\u00e7\u00f5es e associa\u00e7\u00f5es comunit\u00e1rias e \u00e0s constru\u00e7\u00f5es de projetos, planos de a\u00e7\u00e3o, programas e pol\u00edticas sociais e p\u00fablicas.<\/span><\/p>\n","protected":false},"excerpt":{"rendered":"<p>Evento: Feira de Economia Solid\u00e1ria, organizada pelo CIEJA-Perus,\u00a0 Data: 31\/10\/2025 Hor\u00e1rio do evento geral: 8h \u00e0s 22h Local: Quadra CIEJA &#8211; Perus Endere\u00e7o: R. Francisco Jos\u00e9 de Barros, 160 &#8211; Vila In\u00e1cio, S\u00e3o Paulo &#8211; SP Previs\u00e3o de participantes durante todo o evento: 400 pessoas\u00a0 Objetivos:\u00a0 Ampliar o conhecimento do projeto pela comunidade acad\u00eamica, popula\u00e7\u00e3o [&hellip;]<\/p>\n","protected":false},"author":22396,"featured_media":0,"parent":0,"menu_order":0,"comment_status":"closed","ping_status":"closed","template":"","meta":{"ocean_post_layout":"","ocean_both_sidebars_style":"","ocean_both_sidebars_content_width":0,"ocean_both_sidebars_sidebars_width":0,"ocean_sidebar":"0","ocean_second_sidebar":"0","ocean_disable_margins":"enable","ocean_add_body_class":"","ocean_shortcode_before_top_bar":"","ocean_shortcode_after_top_bar":"","ocean_shortcode_before_header":"","ocean_shortcode_after_header":"","ocean_has_shortcode":"","ocean_shortcode_after_title":"","ocean_shortcode_before_footer_widgets":"","ocean_shortcode_after_footer_widgets":"","ocean_shortcode_before_footer_bottom":"","ocean_shortcode_after_footer_bottom":"","ocean_display_top_bar":"default","ocean_display_header":"default","ocean_header_style":"","ocean_center_header_left_menu":"0","ocean_custom_header_template":"0","ocean_custom_logo":0,"ocean_custom_retina_logo":0,"ocean_custom_logo_max_width":0,"ocean_custom_logo_tablet_max_width":0,"ocean_custom_logo_mobile_max_width":0,"ocean_custom_logo_max_height":0,"ocean_custom_logo_tablet_max_height":0,"ocean_custom_logo_mobile_max_height":0,"ocean_header_custom_menu":"0","ocean_menu_typo_font_family":"0","ocean_menu_typo_font_subset":"","ocean_menu_typo_font_size":0,"ocean_menu_typo_font_size_tablet":0,"ocean_menu_typo_font_size_mobile":0,"ocean_menu_typo_font_size_unit":"px","ocean_menu_typo_font_weight":"","ocean_menu_typo_font_weight_tablet":"","ocean_menu_typo_font_weight_mobile":"","ocean_menu_typo_transform":"","ocean_menu_typo_transform_tablet":"","ocean_menu_typo_transform_mobile":"","ocean_menu_typo_line_height":0,"ocean_menu_typo_line_height_tablet":0,"ocean_menu_typo_line_height_mobile":0,"ocean_menu_typo_line_height_unit":"","ocean_menu_typo_spacing":0,"ocean_menu_typo_spacing_tablet":0,"ocean_menu_typo_spacing_mobile":0,"ocean_menu_typo_spacing_unit":"","ocean_menu_link_color":"","ocean_menu_link_color_hover":"","ocean_menu_link_color_active":"","ocean_menu_link_background":"","ocean_menu_link_hover_background":"","ocean_menu_link_active_background":"","ocean_menu_social_links_bg":"","ocean_menu_social_hover_links_bg":"","ocean_menu_social_links_color":"","ocean_menu_social_hover_links_color":"","ocean_disable_title":"default","ocean_disable_heading":"default","ocean_post_title":"","ocean_post_subheading":"","ocean_post_title_style":"","ocean_post_title_background_color":"","ocean_post_title_background":0,"ocean_post_title_bg_image_position":"","ocean_post_title_bg_image_attachment":"","ocean_post_title_bg_image_repeat":"","ocean_post_title_bg_image_size":"","ocean_post_title_height":0,"ocean_post_title_bg_overlay":0.5,"ocean_post_title_bg_overlay_color":"","ocean_disable_breadcrumbs":"default","ocean_breadcrumbs_color":"","ocean_breadcrumbs_separator_color":"","ocean_breadcrumbs_links_color":"","ocean_breadcrumbs_links_hover_color":"","ocean_display_footer_widgets":"default","ocean_display_footer_bottom":"default","ocean_custom_footer_template":"0","footnotes":"","_links_to":"","_links_to_target":""},"class_list":["post-1223","page","type-page","status-publish","hentry","entry"],"_links":{"self":[{"href":"https:\/\/sites.usp.br\/naifeusp\/wp-json\/wp\/v2\/pages\/1223","targetHints":{"allow":["GET"]}}],"collection":[{"href":"https:\/\/sites.usp.br\/naifeusp\/wp-json\/wp\/v2\/pages"}],"about":[{"href":"https:\/\/sites.usp.br\/naifeusp\/wp-json\/wp\/v2\/types\/page"}],"author":[{"embeddable":true,"href":"https:\/\/sites.usp.br\/naifeusp\/wp-json\/wp\/v2\/users\/22396"}],"replies":[{"embeddable":true,"href":"https:\/\/sites.usp.br\/naifeusp\/wp-json\/wp\/v2\/comments?post=1223"}],"version-history":[{"count":1,"href":"https:\/\/sites.usp.br\/naifeusp\/wp-json\/wp\/v2\/pages\/1223\/revisions"}],"predecessor-version":[{"id":1224,"href":"https:\/\/sites.usp.br\/naifeusp\/wp-json\/wp\/v2\/pages\/1223\/revisions\/1224"}],"wp:attachment":[{"href":"https:\/\/sites.usp.br\/naifeusp\/wp-json\/wp\/v2\/media?parent=1223"}],"curies":[{"name":"wp","href":"https:\/\/api.w.org\/{rel}","templated":true}]}}