{"id":19,"date":"2021-04-22T23:25:49","date_gmt":"2021-04-23T02:25:49","guid":{"rendered":"https:\/\/sites.usp.br\/naifeusp\/?page_id=19"},"modified":"2021-09-09T15:08:41","modified_gmt":"2021-09-09T18:08:41","slug":"projetos","status":"publish","type":"page","link":"https:\/\/sites.usp.br\/naifeusp\/projetos\/","title":{"rendered":"Projetos"},"content":{"rendered":"<h1>NAI-FEUSP e as Pol\u00edticas Matriciais de Educa\u00e7\u00e3o, Sa\u00fade e Assist\u00eancia Social<\/h1>\n<p>Projetos de extens\u00e3o, ensino e pesquisa, envolvendo outras unidades da USP e da PUC e aprovados junto \u00e0 Pr\u00f3 Reitoria de Gradua\u00e7\u00e3o v\u00eam ampliando a atua\u00e7\u00e3o do NAI-FEUSP.<\/p>\n<p>Baseados em metodologia participativa, na linha da pesquisa-a\u00e7\u00e3o, esses Projetos incidem sobre a auto avalia\u00e7\u00e3o das escolas com a implica\u00e7\u00e3o dos sujeitos educativos (profissionais e comunidade escolar) em processos de reflex\u00e3o sobre o planejamento, nas pr\u00e1ticas e rotinas de trabalho \u2013 em seu Projeto Pol\u00edtico Pedag\u00f3gico &#8211; construindo perspectivas que contribuam para a sua progressiva transforma\u00e7\u00e3o, na perspectiva de conhecimentos\/curr\u00edculos que se relacionem a melhores condi\u00e7\u00f5es da vida no territ\u00f3rio escolar.<\/p>\n<p>Em 2021, num circuito virtuoso entre a extens\u00e3o, a pesquisa e o ensino, o NAI-FEUSP em parceria com a Faculdade de Sa\u00fade P\u00fablica (FSPUSP), a Escola de Enfermagem (EEUSP) e a PUC\/SP -N\u00facleo de Estudos e Pesquisas de Seguridade e Assist\u00eancia Social (NEPSAS), passa a ser oferecida a disciplina optativa : Educa\u00e7\u00e3o, Sa\u00fade e Assist\u00eancia Social: redes complementares na prote\u00e7\u00e3o social b\u00e1sica, cadastrada junto \u00e0 Pro-Reitoria de Gradua\u00e7\u00e3o da USP (PRG0021), aberta a estudantes da USP, PUC e tendo ainda vagas para alunos especiais dos servi\u00e7os p\u00fablico das tr\u00eas \u00e1reas envolvidas, atuantes nos territ\u00f3rios das escolas da Rede NAI.<\/p>\n<p>Conhe\u00e7a os Projetos do NAI -FEUSP (links dos projetos)<\/p>\n<ul>\n<li>Projeto: <a href=\"https:\/\/sites.usp.br\/naifeusp\/caeg\/\">Escolas P\u00fablicas e Universidade &#8220;dentro e al\u00e9m dos muros&#8221; &#8211; Cons\u00f3rcios Acad\u00eamicos para a excel\u00eancia do Ensino de Gradua\u00e7\u00e3o (CAEG) &#8211; 2020<\/a><\/li>\n<li>Projeto: <a href=\"https:\/\/sites.usp.br\/naifeusp\/alem-muros\/\">Escolas P\u00fablicas e Universidade &#8220;dentro e al\u00e9m dos muros&#8221;: Educa\u00e7\u00e3o e Sa\u00fade no Territ\u00f3rio Escolar (2021).<\/a><\/li>\n<li>Projeto: <a href=\"https:\/\/sites.usp.br\/naifeusp\/inovacao-e-politicas-sociais-2021\/\">Inova\u00e7\u00e3o e pol\u00edticas sociais: integra\u00e7\u00e3o de conhecimentos na forma\u00e7\u00e3o interdisciplinar Escolas P\u00fablicas e Universidade &#8220;dentro e al\u00e9m dos muros&#8221; no territ\u00f3rio (2021)<\/a>\n<ul>\n<li>Saiba da disciplina: <a href=\"https:\/\/sites.usp.br\/naifeusp\/disciplina\/\">Educa\u00e7\u00e3o, Sa\u00fade e Assist\u00eancia Social: redes complementares na prote\u00e7\u00e3o social b\u00e1sica<\/a>.<\/li>\n<\/ul>\n<\/li>\n<\/ul>\n","protected":false},"excerpt":{"rendered":"<p>NAI-FEUSP e as Pol\u00edticas Matriciais de Educa\u00e7\u00e3o, Sa\u00fade e Assist\u00eancia Social Projetos de extens\u00e3o, ensino e pesquisa, envolvendo outras unidades da USP e da PUC e aprovados junto \u00e0 Pr\u00f3 Reitoria de Gradua\u00e7\u00e3o v\u00eam ampliando a atua\u00e7\u00e3o do NAI-FEUSP. Baseados em metodologia participativa, na linha da pesquisa-a\u00e7\u00e3o, esses Projetos incidem sobre a auto avalia\u00e7\u00e3o das [&hellip;]<\/p>\n","protected":false},"author":22396,"featured_media":0,"parent":0,"menu_order":0,"comment_status":"closed","ping_status":"closed","template":"","meta":{"ocean_post_layout":"","ocean_both_sidebars_style":"","ocean_both_sidebars_content_width":0,"ocean_both_sidebars_sidebars_width":0,"ocean_sidebar":"0","ocean_second_sidebar":"0","ocean_disable_margins":"enable","ocean_add_body_class":"","ocean_shortcode_before_top_bar":"","ocean_shortcode_after_top_bar":"","ocean_shortcode_before_header":"","ocean_shortcode_after_header":"","ocean_has_shortcode":"","ocean_shortcode_after_title":"","ocean_shortcode_before_footer_widgets":"","ocean_shortcode_after_footer_widgets":"","ocean_shortcode_before_footer_bottom":"","ocean_shortcode_after_footer_bottom":"","ocean_display_top_bar":"default","ocean_display_header":"default","ocean_header_style":"","ocean_center_header_left_menu":"0","ocean_custom_header_template":"0","ocean_custom_logo":0,"ocean_custom_retina_logo":0,"ocean_custom_logo_max_width":0,"ocean_custom_logo_tablet_max_width":0,"ocean_custom_logo_mobile_max_width":0,"ocean_custom_logo_max_height":0,"ocean_custom_logo_tablet_max_height":0,"ocean_custom_logo_mobile_max_height":0,"ocean_header_custom_menu":"0","ocean_menu_typo_font_family":"0","ocean_menu_typo_font_subset":"","ocean_menu_typo_font_size":0,"ocean_menu_typo_font_size_tablet":0,"ocean_menu_typo_font_size_mobile":0,"ocean_menu_typo_font_size_unit":"px","ocean_menu_typo_font_weight":"","ocean_menu_typo_font_weight_tablet":"","ocean_menu_typo_font_weight_mobile":"","ocean_menu_typo_transform":"","ocean_menu_typo_transform_tablet":"","ocean_menu_typo_transform_mobile":"","ocean_menu_typo_line_height":0,"ocean_menu_typo_line_height_tablet":0,"ocean_menu_typo_line_height_mobile":0,"ocean_menu_typo_line_height_unit":"","ocean_menu_typo_spacing":0,"ocean_menu_typo_spacing_tablet":0,"ocean_menu_typo_spacing_mobile":0,"ocean_menu_typo_spacing_unit":"","ocean_menu_link_color":"","ocean_menu_link_color_hover":"","ocean_menu_link_color_active":"","ocean_menu_link_background":"","ocean_menu_link_hover_background":"","ocean_menu_link_active_background":"","ocean_menu_social_links_bg":"","ocean_menu_social_hover_links_bg":"","ocean_menu_social_links_color":"","ocean_menu_social_hover_links_color":"","ocean_disable_title":"default","ocean_disable_heading":"default","ocean_post_title":"","ocean_post_subheading":"","ocean_post_title_style":"","ocean_post_title_background_color":"","ocean_post_title_background":0,"ocean_post_title_bg_image_position":"","ocean_post_title_bg_image_attachment":"","ocean_post_title_bg_image_repeat":"","ocean_post_title_bg_image_size":"","ocean_post_title_height":0,"ocean_post_title_bg_overlay":0.5,"ocean_post_title_bg_overlay_color":"","ocean_disable_breadcrumbs":"default","ocean_breadcrumbs_color":"","ocean_breadcrumbs_separator_color":"","ocean_breadcrumbs_links_color":"","ocean_breadcrumbs_links_hover_color":"","ocean_display_footer_widgets":"default","ocean_display_footer_bottom":"default","ocean_custom_footer_template":"0","footnotes":"","_links_to":"","_links_to_target":""},"class_list":["post-19","page","type-page","status-publish","hentry","entry"],"_links":{"self":[{"href":"https:\/\/sites.usp.br\/naifeusp\/wp-json\/wp\/v2\/pages\/19","targetHints":{"allow":["GET"]}}],"collection":[{"href":"https:\/\/sites.usp.br\/naifeusp\/wp-json\/wp\/v2\/pages"}],"about":[{"href":"https:\/\/sites.usp.br\/naifeusp\/wp-json\/wp\/v2\/types\/page"}],"author":[{"embeddable":true,"href":"https:\/\/sites.usp.br\/naifeusp\/wp-json\/wp\/v2\/users\/22396"}],"replies":[{"embeddable":true,"href":"https:\/\/sites.usp.br\/naifeusp\/wp-json\/wp\/v2\/comments?post=19"}],"version-history":[{"count":5,"href":"https:\/\/sites.usp.br\/naifeusp\/wp-json\/wp\/v2\/pages\/19\/revisions"}],"predecessor-version":[{"id":388,"href":"https:\/\/sites.usp.br\/naifeusp\/wp-json\/wp\/v2\/pages\/19\/revisions\/388"}],"wp:attachment":[{"href":"https:\/\/sites.usp.br\/naifeusp\/wp-json\/wp\/v2\/media?parent=19"}],"curies":[{"name":"wp","href":"https:\/\/api.w.org\/{rel}","templated":true}]}}