{"id":200,"date":"2021-06-21T14:55:10","date_gmt":"2021-06-21T17:55:10","guid":{"rendered":"https:\/\/sites.usp.br\/naifeusp\/?page_id=200"},"modified":"2023-03-11T22:06:34","modified_gmt":"2023-03-12T01:06:34","slug":"publicacoes-do-nai-feusp","status":"publish","type":"page","link":"https:\/\/sites.usp.br\/naifeusp\/publicacoes-do-nai-feusp\/","title":{"rendered":"Publica\u00e7\u00f5es do NAI-FEUSP"},"content":{"rendered":"<p><img fetchpriority=\"high\" decoding=\"async\" class=\"wp-image-860 aligncenter\" src=\"https:\/\/sites.usp.br\/naifeusp\/wp-content\/uploads\/sites\/945\/2023\/03\/NAI-quadrado.png\" alt=\"\" width=\"498\" height=\"498\" data-id=\"860\" srcset=\"https:\/\/sites.usp.br\/naifeusp\/wp-content\/uploads\/sites\/945\/2023\/03\/NAI-quadrado.png 1080w, https:\/\/sites.usp.br\/naifeusp\/wp-content\/uploads\/sites\/945\/2023\/03\/NAI-quadrado-300x300.png 300w, https:\/\/sites.usp.br\/naifeusp\/wp-content\/uploads\/sites\/945\/2023\/03\/NAI-quadrado-1024x1024.png 1024w, https:\/\/sites.usp.br\/naifeusp\/wp-content\/uploads\/sites\/945\/2023\/03\/NAI-quadrado-150x150.png 150w, https:\/\/sites.usp.br\/naifeusp\/wp-content\/uploads\/sites\/945\/2023\/03\/NAI-quadrado-768x768.png 768w, https:\/\/sites.usp.br\/naifeusp\/wp-content\/uploads\/sites\/945\/2023\/03\/NAI-quadrado-600x600.png 600w, https:\/\/sites.usp.br\/naifeusp\/wp-content\/uploads\/sites\/945\/2023\/03\/NAI-quadrado-45x45.png 45w\" sizes=\"(max-width: 498px) 100vw, 498px\" \/><\/p>\n<p style=\"text-align: center;\">Acesse em: <a href=\"https:\/\/sites.usp.br\/naifeusp\/wp-content\/uploads\/sites\/945\/2023\/03\/Relatorio-Formulario-enviado-ao-site-NAI.pdf\" target=\"_blank\" rel=\"noopener\">Formul\u00e1rio de Recep\u00e7\u00e3o FEUSP 2023: Relat\u00f3rio<\/a><\/p>\n<p><img decoding=\"async\" class=\"alignnone wp-image-787 aligncenter\" src=\"https:\/\/sites.usp.br\/naifeusp\/wp-content\/uploads\/sites\/945\/2022\/06\/NAI-ALEM-MUROS.png\" alt=\"\" width=\"500\" height=\"500\" data-id=\"787\" srcset=\"https:\/\/sites.usp.br\/naifeusp\/wp-content\/uploads\/sites\/945\/2022\/06\/NAI-ALEM-MUROS.png 1080w, https:\/\/sites.usp.br\/naifeusp\/wp-content\/uploads\/sites\/945\/2022\/06\/NAI-ALEM-MUROS-300x300.png 300w, https:\/\/sites.usp.br\/naifeusp\/wp-content\/uploads\/sites\/945\/2022\/06\/NAI-ALEM-MUROS-1024x1024.png 1024w, https:\/\/sites.usp.br\/naifeusp\/wp-content\/uploads\/sites\/945\/2022\/06\/NAI-ALEM-MUROS-150x150.png 150w, https:\/\/sites.usp.br\/naifeusp\/wp-content\/uploads\/sites\/945\/2022\/06\/NAI-ALEM-MUROS-768x768.png 768w, https:\/\/sites.usp.br\/naifeusp\/wp-content\/uploads\/sites\/945\/2022\/06\/NAI-ALEM-MUROS-600x600.png 600w, https:\/\/sites.usp.br\/naifeusp\/wp-content\/uploads\/sites\/945\/2022\/06\/NAI-ALEM-MUROS-45x45.png 45w\" sizes=\"(max-width: 500px) 100vw, 500px\" \/><\/p>\n<p style=\"text-align: center;\">Acesse em: <a href=\"https:\/\/sites.usp.br\/naifeusp\/wp-content\/uploads\/sites\/945\/2022\/06\/O-Alem-Muros-da-Universidade-e-a-escola-publica.pdf\" target=\"_blank\" rel=\"noopener\">O Al\u00e9m Muros da Universidade \u00e9 a escola p\u00fablica<\/a><\/p>\n<p style=\"text-align: center;\"><img decoding=\"async\" class=\"alignnone wp-image-788 aligncenter\" src=\"https:\/\/sites.usp.br\/naifeusp\/wp-content\/uploads\/sites\/945\/2022\/06\/NAI-PERCURSOS.png\" alt=\"\" width=\"500\" height=\"500\" data-id=\"788\" srcset=\"https:\/\/sites.usp.br\/naifeusp\/wp-content\/uploads\/sites\/945\/2022\/06\/NAI-PERCURSOS.png 1080w, https:\/\/sites.usp.br\/naifeusp\/wp-content\/uploads\/sites\/945\/2022\/06\/NAI-PERCURSOS-300x300.png 300w, https:\/\/sites.usp.br\/naifeusp\/wp-content\/uploads\/sites\/945\/2022\/06\/NAI-PERCURSOS-1024x1024.png 1024w, https:\/\/sites.usp.br\/naifeusp\/wp-content\/uploads\/sites\/945\/2022\/06\/NAI-PERCURSOS-150x150.png 150w, https:\/\/sites.usp.br\/naifeusp\/wp-content\/uploads\/sites\/945\/2022\/06\/NAI-PERCURSOS-768x768.png 768w, https:\/\/sites.usp.br\/naifeusp\/wp-content\/uploads\/sites\/945\/2022\/06\/NAI-PERCURSOS-600x600.png 600w, https:\/\/sites.usp.br\/naifeusp\/wp-content\/uploads\/sites\/945\/2022\/06\/NAI-PERCURSOS-45x45.png 45w\" sizes=\"(max-width: 500px) 100vw, 500px\" \/><\/p>\n<p style=\"text-align: center;\">Acesse em: <a href=\"https:\/\/sites.usp.br\/naifeusp\/wp-content\/uploads\/sites\/945\/2022\/06\/Sonia-Kruppa-Percursos-da-Avaliacao-Institucional.pdf\" target=\"_blank\" rel=\"noopener\">Percursos da Avalia\u00e7\u00e3o Institucional<\/a><\/p>\n<p><img loading=\"lazy\" decoding=\"async\" class=\"wp-image-476 aligncenter\" src=\"https:\/\/sites.usp.br\/naifeusp\/wp-content\/uploads\/sites\/945\/2021\/10\/Ser-Professora-na-Rede-Municial-de-Educacao-em-Diadema.jpg\" alt=\"\" width=\"500\" height=\"500\" data-id=\"476\" srcset=\"https:\/\/sites.usp.br\/naifeusp\/wp-content\/uploads\/sites\/945\/2021\/10\/Ser-Professora-na-Rede-Municial-de-Educacao-em-Diadema.jpg 1080w, https:\/\/sites.usp.br\/naifeusp\/wp-content\/uploads\/sites\/945\/2021\/10\/Ser-Professora-na-Rede-Municial-de-Educacao-em-Diadema-300x300.jpg 300w, https:\/\/sites.usp.br\/naifeusp\/wp-content\/uploads\/sites\/945\/2021\/10\/Ser-Professora-na-Rede-Municial-de-Educacao-em-Diadema-1024x1024.jpg 1024w, https:\/\/sites.usp.br\/naifeusp\/wp-content\/uploads\/sites\/945\/2021\/10\/Ser-Professora-na-Rede-Municial-de-Educacao-em-Diadema-150x150.jpg 150w, https:\/\/sites.usp.br\/naifeusp\/wp-content\/uploads\/sites\/945\/2021\/10\/Ser-Professora-na-Rede-Municial-de-Educacao-em-Diadema-768x768.jpg 768w, https:\/\/sites.usp.br\/naifeusp\/wp-content\/uploads\/sites\/945\/2021\/10\/Ser-Professora-na-Rede-Municial-de-Educacao-em-Diadema-45x45.jpg 45w\" sizes=\"(max-width: 500px) 100vw, 500px\" \/><\/p>\n<p style=\"text-align: center;\">Acesse em: [download id=&#8221;501&#8243;]<\/p>\n<p><img loading=\"lazy\" decoding=\"async\" class=\"wp-image-475 aligncenter\" src=\"https:\/\/sites.usp.br\/naifeusp\/wp-content\/uploads\/sites\/945\/2021\/10\/Licoes-da-Pandemia.jpg\" alt=\"\" width=\"500\" height=\"500\" data-id=\"475\" srcset=\"https:\/\/sites.usp.br\/naifeusp\/wp-content\/uploads\/sites\/945\/2021\/10\/Licoes-da-Pandemia.jpg 1080w, https:\/\/sites.usp.br\/naifeusp\/wp-content\/uploads\/sites\/945\/2021\/10\/Licoes-da-Pandemia-300x300.jpg 300w, https:\/\/sites.usp.br\/naifeusp\/wp-content\/uploads\/sites\/945\/2021\/10\/Licoes-da-Pandemia-1024x1024.jpg 1024w, https:\/\/sites.usp.br\/naifeusp\/wp-content\/uploads\/sites\/945\/2021\/10\/Licoes-da-Pandemia-150x150.jpg 150w, https:\/\/sites.usp.br\/naifeusp\/wp-content\/uploads\/sites\/945\/2021\/10\/Licoes-da-Pandemia-768x768.jpg 768w, https:\/\/sites.usp.br\/naifeusp\/wp-content\/uploads\/sites\/945\/2021\/10\/Licoes-da-Pandemia-45x45.jpg 45w\" sizes=\"(max-width: 500px) 100vw, 500px\" \/><\/p>\n<p style=\"text-align: center;\">Acesse em: <a href=\"https:\/\/educacaobasicaemfoco.net.br\/01\/Artigos\/Licoes-de-pandemia-Inae-Meire-Sandra-Sonia.pdf\">https:\/\/educacaobasicaemfoco.net.br\/01\/Artigos\/Licoes-de-pandemia-Inae-Meire-Sandra-Sonia.pdf<\/a><\/p>\n<figure id=\"attachment_202\" aria-describedby=\"caption-attachment-202\" style=\"width: 500px\" class=\"wp-caption aligncenter\"><a href=\"https:\/\/sites.usp.br\/naifeusp\/wp-content\/uploads\/sites\/945\/2021\/06\/percurso-da-avaliacao-institucional-feusp.pdf\"><img loading=\"lazy\" decoding=\"async\" class=\"wp-image-202 \" src=\"https:\/\/sites.usp.br\/naifeusp\/wp-content\/uploads\/sites\/945\/2021\/06\/experiencias-compartilhadas.jpg\" alt=\"Experiecias compartilhadas\" width=\"500\" height=\"692\" data-id=\"202\" srcset=\"https:\/\/sites.usp.br\/naifeusp\/wp-content\/uploads\/sites\/945\/2021\/06\/experiencias-compartilhadas.jpg 590w, https:\/\/sites.usp.br\/naifeusp\/wp-content\/uploads\/sites\/945\/2021\/06\/experiencias-compartilhadas-217x300.jpg 217w\" sizes=\"(max-width: 500px) 100vw, 500px\" \/><\/a><figcaption id=\"caption-attachment-202\" class=\"wp-caption-text\">Experi\u00eancias compartilhadas<\/figcaption><\/figure>\n<p>&nbsp;<\/p>\n","protected":false},"excerpt":{"rendered":"<p>Acesse em: Formul\u00e1rio de Recep\u00e7\u00e3o FEUSP 2023: Relat\u00f3rio Acesse em: O Al\u00e9m Muros da Universidade \u00e9 a escola p\u00fablica Acesse em: Percursos da Avalia\u00e7\u00e3o Institucional Acesse em: [download id=&#8221;501&#8243;] Acesse em: https:\/\/educacaobasicaemfoco.net.br\/01\/Artigos\/Licoes-de-pandemia-Inae-Meire-Sandra-Sonia.pdf &nbsp;<\/p>\n","protected":false},"author":22396,"featured_media":202,"parent":0,"menu_order":0,"comment_status":"closed","ping_status":"closed","template":"","meta":{"ocean_post_layout":"","ocean_both_sidebars_style":"","ocean_both_sidebars_content_width":0,"ocean_both_sidebars_sidebars_width":0,"ocean_sidebar":"0","ocean_second_sidebar":"0","ocean_disable_margins":"enable","ocean_add_body_class":"","ocean_shortcode_before_top_bar":"","ocean_shortcode_after_top_bar":"","ocean_shortcode_before_header":"","ocean_shortcode_after_header":"","ocean_has_shortcode":"","ocean_shortcode_after_title":"","ocean_shortcode_before_footer_widgets":"","ocean_shortcode_after_footer_widgets":"","ocean_shortcode_before_footer_bottom":"","ocean_shortcode_after_footer_bottom":"","ocean_display_top_bar":"default","ocean_display_header":"default","ocean_header_style":"","ocean_center_header_left_menu":"0","ocean_custom_header_template":"0","ocean_custom_logo":0,"ocean_custom_retina_logo":0,"ocean_custom_logo_max_width":0,"ocean_custom_logo_tablet_max_width":0,"ocean_custom_logo_mobile_max_width":0,"ocean_custom_logo_max_height":0,"ocean_custom_logo_tablet_max_height":0,"ocean_custom_logo_mobile_max_height":0,"ocean_header_custom_menu":"0","ocean_menu_typo_font_family":"0","ocean_menu_typo_font_subset":"","ocean_menu_typo_font_size":0,"ocean_menu_typo_font_size_tablet":0,"ocean_menu_typo_font_size_mobile":0,"ocean_menu_typo_font_size_unit":"px","ocean_menu_typo_font_weight":"","ocean_menu_typo_font_weight_tablet":"","ocean_menu_typo_font_weight_mobile":"","ocean_menu_typo_transform":"","ocean_menu_typo_transform_tablet":"","ocean_menu_typo_transform_mobile":"","ocean_menu_typo_line_height":0,"ocean_menu_typo_line_height_tablet":0,"ocean_menu_typo_line_height_mobile":0,"ocean_menu_typo_line_height_unit":"","ocean_menu_typo_spacing":0,"ocean_menu_typo_spacing_tablet":0,"ocean_menu_typo_spacing_mobile":0,"ocean_menu_typo_spacing_unit":"","ocean_menu_link_color":"","ocean_menu_link_color_hover":"","ocean_menu_link_color_active":"","ocean_menu_link_background":"","ocean_menu_link_hover_background":"","ocean_menu_link_active_background":"","ocean_menu_social_links_bg":"","ocean_menu_social_hover_links_bg":"","ocean_menu_social_links_color":"","ocean_menu_social_hover_links_color":"","ocean_disable_title":"default","ocean_disable_heading":"default","ocean_post_title":"","ocean_post_subheading":"","ocean_post_title_style":"","ocean_post_title_background_color":"","ocean_post_title_background":0,"ocean_post_title_bg_image_position":"","ocean_post_title_bg_image_attachment":"","ocean_post_title_bg_image_repeat":"","ocean_post_title_bg_image_size":"","ocean_post_title_height":0,"ocean_post_title_bg_overlay":0.5,"ocean_post_title_bg_overlay_color":"","ocean_disable_breadcrumbs":"default","ocean_breadcrumbs_color":"","ocean_breadcrumbs_separator_color":"","ocean_breadcrumbs_links_color":"","ocean_breadcrumbs_links_hover_color":"","ocean_display_footer_widgets":"default","ocean_display_footer_bottom":"default","ocean_custom_footer_template":"0","footnotes":"","_links_to":"","_links_to_target":""},"class_list":["post-200","page","type-page","status-publish","has-post-thumbnail","hentry","entry","has-media"],"_links":{"self":[{"href":"https:\/\/sites.usp.br\/naifeusp\/wp-json\/wp\/v2\/pages\/200","targetHints":{"allow":["GET"]}}],"collection":[{"href":"https:\/\/sites.usp.br\/naifeusp\/wp-json\/wp\/v2\/pages"}],"about":[{"href":"https:\/\/sites.usp.br\/naifeusp\/wp-json\/wp\/v2\/types\/page"}],"author":[{"embeddable":true,"href":"https:\/\/sites.usp.br\/naifeusp\/wp-json\/wp\/v2\/users\/22396"}],"replies":[{"embeddable":true,"href":"https:\/\/sites.usp.br\/naifeusp\/wp-json\/wp\/v2\/comments?post=200"}],"version-history":[{"count":5,"href":"https:\/\/sites.usp.br\/naifeusp\/wp-json\/wp\/v2\/pages\/200\/revisions"}],"predecessor-version":[{"id":861,"href":"https:\/\/sites.usp.br\/naifeusp\/wp-json\/wp\/v2\/pages\/200\/revisions\/861"}],"wp:featuredmedia":[{"embeddable":true,"href":"https:\/\/sites.usp.br\/naifeusp\/wp-json\/wp\/v2\/media\/202"}],"wp:attachment":[{"href":"https:\/\/sites.usp.br\/naifeusp\/wp-json\/wp\/v2\/media?parent=200"}],"curies":[{"name":"wp","href":"https:\/\/api.w.org\/{rel}","templated":true}]}}