{"id":26,"date":"2021-04-22T23:38:41","date_gmt":"2021-04-23T02:38:41","guid":{"rendered":"https:\/\/sites.usp.br\/naifeusp\/?page_id=26"},"modified":"2022-03-06T18:29:52","modified_gmt":"2022-03-06T21:29:52","slug":"cultura-educa","status":"publish","type":"page","link":"https:\/\/sites.usp.br\/naifeusp\/cultura-educa\/","title":{"rendered":"Cultura Educa"},"content":{"rendered":"<h2>A parceria<\/h2>\n<p>O Conselho de Cultura e Extens\u00e3o Universit\u00e1ria aprovou, em sua 172\u00aa Sess\u00e3o, de 24\/08\/2017, o Acordo de Coopera\u00e7\u00e3o T\u00e9cnica, celebrado entre a Universidade de S\u00e3o Paulo, no interesse da Faculdade de Educa\u00e7\u00e3o, e o Instituto Lidas, objetivando a divulga\u00e7\u00e3o e uso do Portal CulturaEduca entre licenciados, docentes e colaboradores da rede p\u00fablica, no \u00e2mbito do Programa de Forma\u00e7\u00e3o de Professores, e para apoiar iniciativas de mapeamento colaborativo do territ\u00f3rio em escolas p\u00fablicas parceiras do N\u00facleo de Avalia\u00e7\u00e3o Institucional (NAI) da FEUSP.<\/p>\n<p>A parceria LIDAS-FEUSP est\u00e1 ancorada em interesses institucionais m\u00fatuos, dos quais se destacam a:<br \/>\n1. produ\u00e7\u00e3o\/divulga\u00e7\u00e3o de informa\u00e7\u00f5es e conhecimentos educacionais;<br \/>\n2. interven\u00e7\u00e3o social orientada pelo interesse p\u00fablico;<br \/>\n3. afirma\u00e7\u00e3o do poder transformador da educa\u00e7\u00e3o e da cultura.<br \/>\n4. defesa da escola p\u00fablica de qualidade social.<\/p>\n<p>&nbsp;<\/p>\n<h2>Portal CulturaEduca \u2013 O que \u00e9?<\/h2>\n<p>O Portal CulturaEduca \u00e9, uma ferramenta de mapeamento criada em parceria com o Minist\u00e9rio da Cultura (MinC\/Brasil) para armazenar, analisar e georreferenciar dados e informa\u00e7\u00f5es do territ\u00f3rio educativo das escolas p\u00fablicas brasileiras, com vistas a embasar projetos pedag\u00f3gicos, a\u00e7\u00f5es comunit\u00e1rias e pol\u00edticas p\u00fablicas.<\/p>\n<p>Dentro do Portal, o territ\u00f3rio educativo \u00e9 um espa\u00e7o f\u00edsico (com raio de 1 km aproximadamente) e simb\u00f3lico do entorno de uma escola p\u00fablica.<\/p>\n<p>Ancorados em tecnologia livre, os mapas dos territ\u00f3rios das escolas j\u00e1 apresentam dados sobre demografia, renda, escolaridade e outros extra\u00eddos de fontes oficiais como o Censo Demogr\u00e1fico (IBGE) e o Censo Escolar (INEP). Dentro de cada \u00e1rea, e com a colabora\u00e7\u00e3o dos cidad\u00e3os que vivenciam o territ\u00f3rio, busca-se identificar outras a\u00e7\u00f5es comunit\u00e1rias, tais como: sarau, galeria de arte, roda de samba, museu, pra\u00e7a, ONG e demais equipamentos e iniciativas socioculturais relevantes.<\/p>\n<p>&nbsp;<\/p>\n<h2>Como o Portal CulturaEduca vem sendo usado<\/h2>\n<p>No \u00e2mbito do Programa de Forma\u00e7\u00e3o de Professores, o CulturaEduca v\u00eam apoiando iniciativas de mapeamento colaborativo do territ\u00f3rio de escolas p\u00fablicas parceiras do N\u00facleo de Avalia\u00e7\u00e3o Institucional da FEUSP, fomentando o acesso \u00e0 dados e informa\u00e7\u00f5es georreferenciadas potencialmente relevantes aos projetos de est\u00e1gio, aos projetos de pesquisa e aos projetos pedag\u00f3gicos, subsidiando, assim, a formula\u00e7\u00e3o de pol\u00edticas p\u00fablicas educacionais<br \/>\nCom esta parceria, professores e estudantes da FEUSP tem dados para a caracteriza\u00e7\u00e3o da realidade escolar e a possibilidade de incluir nos est\u00e1gios uma vis\u00e3o mais abrangente da escola, a partir das informa\u00e7\u00f5es de seu territ\u00f3rio educativo.<br \/>\nPor sua vez, e com a utiliza\u00e7\u00e3o do Portal CulturaEduca, as escolas p\u00fablicas parceiras da FEUSP v\u00eam conseguindo elaborar projetos pol\u00edticos pedag\u00f3gicos territorialmente situados e culturalmente identificados com a comunidade local.<\/p>\n<p>&nbsp;<\/p>\n<h2>Responsabilidades acordadas entre o LIDAS e o NAI-FEUSP<\/h2>\n<p>Cabe ao LIDAS:<br \/>\nmanter o portal culturaeduca.cc no ar para acesso p\u00fablico durante a vig\u00eancia do presente Acordo;<br \/>\ndisponibilizar informa\u00e7\u00f5es t\u00e9cnicas necess\u00e1rias \u00e0 execu\u00e7\u00e3o do Plano de Trabalho;<br \/>\nprover apoio t\u00e9cnico \u00e0s a\u00e7\u00f5es definidas para a implementa\u00e7\u00e3o do presente Acordo;<br \/>\nao final da vig\u00eancia do acordo, a cess\u00e3o de uso e transfer\u00eancia do Banco de Dados, produto do acordo, \u00e0 FEUSP.<\/p>\n<p>Cabe \u00e0 FEUSP:<br \/>\nacompanhar e avaliar as atividades desenvolvidas<br \/>\nassegurar espa\u00e7o f\u00edsico para a realiza\u00e7\u00e3o de reuni\u00f5es e atividades de forma\u00e7\u00e3o pertinentes \u00e0 consecu\u00e7\u00e3o do Plano de Trabalho, pelo tempo de dura\u00e7\u00e3o deste Acordo.<\/p>\n<p>&nbsp;<\/p>\n<h2>Parceria NAI-FEUSP e Instituto Lidas \u2013 uma nova etapa em 2021<\/h2>\n<p>Os projetos assumidos pelo NAI-FEUSP trouxeram a oportunidade de novos mapeamentos integrados das pol\u00edticas p\u00fablicas de Educa\u00e7\u00e3o, Sa\u00fade e Assist\u00eancia Social.<br \/>\nO NAI-FEUSP, em parceria com o ObservaSa\u00fade.SP sediado na Faculdade de Sa\u00fade P\u00fablica (FSP-USP), o Instituto de Matem\u00e1tica e Estat\u00edstica (IME- USP) e o Instituto Lidas, deu in\u00edcio ao Projeto Educa\u00e7\u00e3o e Sa\u00fade em Dados, visando aproximar informa\u00e7\u00f5es nos campos da educa\u00e7\u00e3o e sa\u00fade p\u00fablicas, com o intuito de construir um campo de pesquisa pr\u00f3-ativo nessas \u00e1reas, capaz de contribuir para a formula\u00e7\u00e3o de pol\u00edticas p\u00fablicas integradas com maior capacidade de atua\u00e7\u00e3o. Nesse intuito, intensificaram-se as atividades formativas que, no di\u00e1logo extensionista, aproximam servi\u00e7os p\u00fablicos localizados em territ\u00f3rios definidos a partir de escolas p\u00fablicas na grande S\u00e3o Paulo, com pretens\u00e3o de abertura de cursos e de disciplinas que possam se configurar como um novo campo acad\u00eamico inter- \u00e1rea.<\/p>\n<p>&nbsp;<\/p>\n","protected":false},"excerpt":{"rendered":"<p>A parceria O Conselho de Cultura e Extens\u00e3o Universit\u00e1ria aprovou, em sua 172\u00aa Sess\u00e3o, de 24\/08\/2017, o Acordo de Coopera\u00e7\u00e3o T\u00e9cnica, celebrado entre a Universidade de S\u00e3o Paulo, no interesse da Faculdade de Educa\u00e7\u00e3o, e o Instituto Lidas, objetivando a divulga\u00e7\u00e3o e uso do Portal CulturaEduca entre licenciados, docentes e colaboradores da rede p\u00fablica, no [&hellip;]<\/p>\n","protected":false},"author":22396,"featured_media":0,"parent":0,"menu_order":0,"comment_status":"closed","ping_status":"closed","template":"","meta":{"ocean_post_layout":"","ocean_both_sidebars_style":"","ocean_both_sidebars_content_width":0,"ocean_both_sidebars_sidebars_width":0,"ocean_sidebar":"0","ocean_second_sidebar":"0","ocean_disable_margins":"enable","ocean_add_body_class":"","ocean_shortcode_before_top_bar":"","ocean_shortcode_after_top_bar":"","ocean_shortcode_before_header":"","ocean_shortcode_after_header":"","ocean_has_shortcode":"","ocean_shortcode_after_title":"","ocean_shortcode_before_footer_widgets":"","ocean_shortcode_after_footer_widgets":"","ocean_shortcode_before_footer_bottom":"","ocean_shortcode_after_footer_bottom":"","ocean_display_top_bar":"default","ocean_display_header":"default","ocean_header_style":"","ocean_center_header_left_menu":"0","ocean_custom_header_template":"0","ocean_custom_logo":0,"ocean_custom_retina_logo":0,"ocean_custom_logo_max_width":0,"ocean_custom_logo_tablet_max_width":0,"ocean_custom_logo_mobile_max_width":0,"ocean_custom_logo_max_height":0,"ocean_custom_logo_tablet_max_height":0,"ocean_custom_logo_mobile_max_height":0,"ocean_header_custom_menu":"0","ocean_menu_typo_font_family":"0","ocean_menu_typo_font_subset":"","ocean_menu_typo_font_size":0,"ocean_menu_typo_font_size_tablet":0,"ocean_menu_typo_font_size_mobile":0,"ocean_menu_typo_font_size_unit":"px","ocean_menu_typo_font_weight":"","ocean_menu_typo_font_weight_tablet":"","ocean_menu_typo_font_weight_mobile":"","ocean_menu_typo_transform":"","ocean_menu_typo_transform_tablet":"","ocean_menu_typo_transform_mobile":"","ocean_menu_typo_line_height":0,"ocean_menu_typo_line_height_tablet":0,"ocean_menu_typo_line_height_mobile":0,"ocean_menu_typo_line_height_unit":"","ocean_menu_typo_spacing":0,"ocean_menu_typo_spacing_tablet":0,"ocean_menu_typo_spacing_mobile":0,"ocean_menu_typo_spacing_unit":"","ocean_menu_link_color":"","ocean_menu_link_color_hover":"","ocean_menu_link_color_active":"","ocean_menu_link_background":"","ocean_menu_link_hover_background":"","ocean_menu_link_active_background":"","ocean_menu_social_links_bg":"","ocean_menu_social_hover_links_bg":"","ocean_menu_social_links_color":"","ocean_menu_social_hover_links_color":"","ocean_disable_title":"default","ocean_disable_heading":"default","ocean_post_title":"","ocean_post_subheading":"","ocean_post_title_style":"","ocean_post_title_background_color":"","ocean_post_title_background":0,"ocean_post_title_bg_image_position":"","ocean_post_title_bg_image_attachment":"","ocean_post_title_bg_image_repeat":"","ocean_post_title_bg_image_size":"","ocean_post_title_height":0,"ocean_post_title_bg_overlay":0.5,"ocean_post_title_bg_overlay_color":"","ocean_disable_breadcrumbs":"default","ocean_breadcrumbs_color":"","ocean_breadcrumbs_separator_color":"","ocean_breadcrumbs_links_color":"","ocean_breadcrumbs_links_hover_color":"","ocean_display_footer_widgets":"default","ocean_display_footer_bottom":"default","ocean_custom_footer_template":"0","footnotes":"","_links_to":"","_links_to_target":""},"class_list":["post-26","page","type-page","status-publish","hentry","entry"],"_links":{"self":[{"href":"https:\/\/sites.usp.br\/naifeusp\/wp-json\/wp\/v2\/pages\/26","targetHints":{"allow":["GET"]}}],"collection":[{"href":"https:\/\/sites.usp.br\/naifeusp\/wp-json\/wp\/v2\/pages"}],"about":[{"href":"https:\/\/sites.usp.br\/naifeusp\/wp-json\/wp\/v2\/types\/page"}],"author":[{"embeddable":true,"href":"https:\/\/sites.usp.br\/naifeusp\/wp-json\/wp\/v2\/users\/22396"}],"replies":[{"embeddable":true,"href":"https:\/\/sites.usp.br\/naifeusp\/wp-json\/wp\/v2\/comments?post=26"}],"version-history":[{"count":4,"href":"https:\/\/sites.usp.br\/naifeusp\/wp-json\/wp\/v2\/pages\/26\/revisions"}],"predecessor-version":[{"id":715,"href":"https:\/\/sites.usp.br\/naifeusp\/wp-json\/wp\/v2\/pages\/26\/revisions\/715"}],"wp:attachment":[{"href":"https:\/\/sites.usp.br\/naifeusp\/wp-json\/wp\/v2\/media?parent=26"}],"curies":[{"name":"wp","href":"https:\/\/api.w.org\/{rel}","templated":true}]}}