{"id":284,"date":"2021-08-12T16:19:09","date_gmt":"2021-08-12T19:19:09","guid":{"rendered":"https:\/\/sites.usp.br\/naifeusp\/?page_id=284"},"modified":"2025-07-26T14:58:11","modified_gmt":"2025-07-26T17:58:11","slug":"novidades-nai-feusp","status":"publish","type":"page","link":"https:\/\/sites.usp.br\/naifeusp\/","title":{"rendered":"N\u00facleo de Avalia\u00e7\u00e3o Institucional (NAI-FEUSP)"},"content":{"rendered":"<div style=\"text-align: center;\"><style> .cycloneslider-img-copy { background: none repeat scroll 0 0 #fff; bottom: 27%; color: #000; font-size: 80%; opacity: 0.7; padding: 0 5px; position: absolute; right: 10px; }<\/style> <div tabindex=\"0\" class=\"cycloneslider cycloneslider-template-standard cycloneslider-width-responsive\" id=\"cycloneslider-novidades-01-2025-a-03-2025-1\" style=\"max-width:1550px\" > <div class=\"cycloneslider-slides cycle-slideshow\" data-cycle-allow-wrap=\"true\" data-cycle-dynamic-height=\"off\" data-cycle-auto-height=\"1550:872\" data-cycle-auto-height-easing=\"null\" data-cycle-auto-height-speed=\"250\" data-cycle-delay=\"0\" data-cycle-easing=\"\" data-cycle-fx=\"fade\" data-cycle-hide-non-active=\"false\" data-cycle-log=\"false\" data-cycle-next=\"#cycloneslider-novidades-01-2025-a-03-2025-1 .cycloneslider-next\" data-cycle-pager=\"#cycloneslider-novidades-01-2025-a-03-2025-1 .cycloneslider-pager\" data-cycle-pause-on-hover=\"true\" data-cycle-prev=\"#cycloneslider-novidades-01-2025-a-03-2025-1 .cycloneslider-prev\" data-cycle-slides=\"&gt; div\" data-cycle-speed=\"1000\" data-cycle-swipe=\"false\" data-cycle-tile-count=\"7\" data-cycle-tile-delay=\"100\" data-cycle-tile-vertical=\"true\" data-cycle-timeout=\"6000\" > <div class=\"cycloneslider-slide cycloneslider-slide-image\" > <img decoding=\"async\" src=\"https:\/\/sites.usp.br\/naifeusp\/wp-content\/uploads\/sites\/945\/2025\/11\/emei-antonio-bento-1-1550x872.jpg\" title=\"\" \/> <\/div> <div class=\"cycloneslider-slide cycloneslider-slide-image\" > <a class=\"cycloneslider-caption-more\" href=\"https:\/\/sites.usp.br\/naifeusp\/?page_id=1223&#038;preview=true\"> <img decoding=\"async\" src=\"https:\/\/sites.usp.br\/naifeusp\/wp-content\/uploads\/sites\/945\/2025\/10\/CIEJA-PERUS-I-1550x872.jpg\" title=\"\" \/> <\/a> <\/div> <div class=\"cycloneslider-slide cycloneslider-slide-youtube\" style=\"padding-bottom:56.258064516129%\"> <iframe id=\"cycloneslider-novidades-01-2025-a-03-2025-1-iframe-2\" width=\"1550\" height=\"872\" src=\"\/\/www.youtube.com\/embed\/6lYkgLLugWc?wmode=transparent&rel=0\" frameborder=\"0\" allowfullscreen><\/iframe> <\/div> <div class=\"cycloneslider-slide cycloneslider-slide-image\" > <img decoding=\"async\" src=\"https:\/\/sites.usp.br\/naifeusp\/wp-content\/uploads\/sites\/945\/2025\/08\/WhatsApp-Image-2025-08-15-at-21.17.08-1550x872.jpeg\" title=\"\" \/> <\/div> <div class=\"cycloneslider-slide cycloneslider-slide-image\" > <a class=\"cycloneslider-caption-more\" href=\"https:\/\/sites.usp.br\/naifeusp\/estagios-segundo-semestre-2025\/\"> <img decoding=\"async\" src=\"https:\/\/sites.usp.br\/naifeusp\/wp-content\/uploads\/sites\/945\/2025\/08\/estagios-2025-4-1550x872.jpg\" title=\"\" \/> <\/a> <\/div> <div class=\"cycloneslider-slide cycloneslider-slide-image\" > <a class=\"cycloneslider-caption-more\" href=\"https:\/\/sites.usp.br\/naifeusp\/1o-coloquio-de-educacao-e-intersetorialidades\/\"> <img decoding=\"async\" src=\"https:\/\/sites.usp.br\/naifeusp\/wp-content\/uploads\/sites\/945\/2025\/08\/NAI-FEUSP-INTER-2000X1090-1-1550x872.jpg\" title=\"\" \/> <\/a> <\/div> <div class=\"cycloneslider-slide cycloneslider-slide-image\" > <a class=\"cycloneslider-caption-more\" href=\"http:\/\/meet.google.com\/wcq-ndag-apj\"> <img decoding=\"async\" src=\"https:\/\/sites.usp.br\/naifeusp\/wp-content\/uploads\/sites\/945\/2025\/08\/reuniao-12-agosto-2025-virtual-1-1550x872.jpg\" title=\"\" \/> <\/a> <\/div> <div class=\"cycloneslider-slide cycloneslider-slide-image\" > <a class=\"cycloneslider-caption-more\" href=\"https:\/\/sites.usp.br\/naifeusp\/?page_id=1196&#038;preview=true\"> <img decoding=\"async\" src=\"https:\/\/sites.usp.br\/naifeusp\/wp-content\/uploads\/sites\/945\/2025\/08\/COLOQUE-O-TITULO-DO-EVENTO-1-1550x872.jpg\" title=\"\" \/> <\/a> <\/div> <div class=\"cycloneslider-slide cycloneslider-slide-image\" > <a class=\"cycloneslider-caption-more\" href=\"https:\/\/sites.usp.br\/naifeusp\/wp-content\/uploads\/sites\/945\/2025\/07\/reuniao-29072025-1.jpg\"> <img decoding=\"async\" src=\"https:\/\/sites.usp.br\/naifeusp\/wp-content\/uploads\/sites\/945\/2025\/07\/reuniao-29072025-1-1550x872.jpg\" title=\"\" \/> <\/a> <\/div> <div class=\"cycloneslider-slide cycloneslider-slide-image\" > <a class=\"cycloneslider-caption-more\" href=\"https:\/\/sites.usp.br\/naifeusp\/prg-0021-4\"> <img decoding=\"async\" src=\"https:\/\/sites.usp.br\/naifeusp\/wp-content\/uploads\/sites\/945\/2025\/06\/PRG0021-banner-1550x872.jpg\" title=\"\" \/> <\/a> <div class=\"cycloneslider-caption\"> <div class=\"cycloneslider-caption-title\"><\/div> <div class=\"cycloneslider-caption-description\">Saiba mais sobre a disciplina de gradua\u00e7\u00e3o e o curso de difus\u00e3o do segundo semestre.<\/div> <\/div> <\/div> <div class=\"cycloneslider-slide cycloneslider-slide-image\" > <a class=\"cycloneslider-caption-more\" href=\"https:\/\/www.fsp.usp.br\/site\/noticias\/mostra\/60986\"> <img decoding=\"async\" src=\"https:\/\/sites.usp.br\/naifeusp\/wp-content\/uploads\/sites\/945\/2025\/06\/Tendencias-da-gestao-neoliberal_Banner-1550x872.jpg\" title=\"\" \/> <\/a> <div class=\"cycloneslider-caption\"> <div class=\"cycloneslider-caption-title\"><\/div> <div class=\"cycloneslider-caption-description\">Semin\u00e1rio debate impactos da gest\u00e3o neoliberal nas pol\u00edticas sociais do Estado de S\u00e3o Paulo<\/div> <\/div> <\/div> <div class=\"cycloneslider-slide cycloneslider-slide-image\" > <a class=\"cycloneslider-caption-more\" href=\"https:\/\/sites.usp.br\/naifeusp\/voce-sabe-o-que-e-o-ministerio-publico-e-para-que-serve-uma-acao-civil-publica\/\"> <img decoding=\"async\" src=\"https:\/\/sites.usp.br\/naifeusp\/wp-content\/uploads\/sites\/945\/2025\/04\/frente-divulgacao-13-1550x872.jpg\" title=\"\" \/> <\/a> <\/div> <div class=\"cycloneslider-slide cycloneslider-slide-image\" > <a class=\"cycloneslider-caption-more\" href=\"https:\/\/www.youtube.com\/live\/Zi6cISSFzYw?si=cnkqrP5zzYDcaHVC&#038;t=321\"> <img decoding=\"async\" src=\"https:\/\/sites.usp.br\/naifeusp\/wp-content\/uploads\/sites\/945\/2025\/04\/frente-divugacao-16042025-1550x872.jpg\" title=\"\" \/> <\/a> <\/div> <div class=\"cycloneslider-slide cycloneslider-slide-image\" > <a class=\"cycloneslider-caption-more\" href=\"https:\/\/www.youtube.com\/live\/2mtefTFzzq0?si=nyT5DJHUU9hspVPH&#038;t=60\"> <img decoding=\"async\" src=\"https:\/\/sites.usp.br\/naifeusp\/wp-content\/uploads\/sites\/945\/2025\/04\/WhatsApp-Image-2025-04-06-at-21.56.21-1550x872.jpeg\" title=\"\" \/> <\/a> <\/div> <div class=\"cycloneslider-slide cycloneslider-slide-image\" > <img decoding=\"async\" src=\"https:\/\/sites.usp.br\/naifeusp\/wp-content\/uploads\/sites\/945\/2025\/04\/frente-divulgacao-3-1550x872.jpg\" title=\"\" \/> <\/div> <div class=\"cycloneslider-slide cycloneslider-slide-image\" > <a class=\"cycloneslider-caption-more\" href=\"https:\/\/youtu.be\/gZ5-M4v5C08?si=Coq_MgQluze_jZm6\"> <img decoding=\"async\" src=\"https:\/\/sites.usp.br\/naifeusp\/wp-content\/uploads\/sites\/945\/2025\/03\/frente-divulgacao-2-1550x872.jpg\" title=\"\" \/> <\/a> <\/div> <div class=\"cycloneslider-slide cycloneslider-slide-image\" > <a class=\"cycloneslider-caption-more\" target=\"_blank\" href=\"https:\/\/sites.usp.br\/naifeusp\/2025-1\/\"> <img decoding=\"async\" src=\"https:\/\/sites.usp.br\/naifeusp\/wp-content\/uploads\/sites\/945\/2025\/03\/estagios-2025-1-1550x872.jpg\" title=\"\" \/> <\/a> <\/div> <div class=\"cycloneslider-slide cycloneslider-slide-image\" > <img decoding=\"async\" src=\"https:\/\/sites.usp.br\/naifeusp\/wp-content\/uploads\/sites\/945\/2025\/03\/historia-movimentos-resistencia-e-proposicoes-2-1550x872.jpg\" title=\"\" \/> <\/div> <div class=\"cycloneslider-slide cycloneslider-slide-image\" > <a class=\"cycloneslider-caption-more\" target=\"_blank\" href=\"https:\/\/sites.usp.br\/naifeusp\/educacao-e-cultura-na-america-latina-historia-movimentos-resistencias-e-proposicoes\/\"> <img decoding=\"async\" src=\"https:\/\/sites.usp.br\/naifeusp\/wp-content\/uploads\/sites\/945\/2025\/03\/MEMORIAL-AMERICA-LATINA_V3-MAR2025-5-1550x872.jpg\" title=\"\" \/> <\/a> <\/div> <div class=\"cycloneslider-slide cycloneslider-slide-image\" > <img decoding=\"async\" src=\"https:\/\/sites.usp.br\/naifeusp\/wp-content\/uploads\/sites\/945\/2025\/03\/convocatoria-4-1550x872.jpg\" title=\"\" \/> <\/div> <div class=\"cycloneslider-slide cycloneslider-slide-image\" > <img decoding=\"async\" src=\"https:\/\/sites.usp.br\/naifeusp\/wp-content\/uploads\/sites\/945\/2025\/03\/AVALIACAO-EXTERNAS-E-SUAS-CONSEQUENCIAS-1-1550x872.jpg\" title=\"\" \/> <\/div> <div class=\"cycloneslider-slide cycloneslider-slide-image\" > <img decoding=\"async\" src=\"\" title=\"\" \/> <\/div> <\/div> <div class=\"cycloneslider-pager\"><\/div> <a href=\"#\" class=\"cycloneslider-prev\"> <span class=\"arrow\"><\/span> <\/a> <a href=\"#\" class=\"cycloneslider-next\"> <span class=\"arrow\"><\/span> <\/a> <\/div><\/div>\n<div style=\"text-align: center;\"><\/div>\n<div><\/div>\n<div>O <strong>N\u00facleo de Avalia\u00e7\u00e3o Institucional da Faculdade de Educa\u00e7\u00e3o da USP (NAI-FEUSP)<\/strong> \u00e9 um n\u00facleo de extens\u00e3o, pesquisa, forma\u00e7\u00e3o inicial e continuada, que articula escolas p\u00fablicas da Educa\u00e7\u00e3o B\u00e1sica acerca do tema da Avalia\u00e7\u00e3o Institucional, vinculado ao Departamento de Administra\u00e7\u00e3o Escolar e Economia da Educa\u00e7\u00e3o da Faculdade de Educa\u00e7\u00e3o da Universidade de S\u00e3o Paulo.<\/div>\n<div>Num contexto em que a avalia\u00e7\u00e3o hegem\u00f4nica apresenta-se como um fim em si mesma e a servi\u00e7o da homogeneiza\u00e7\u00e3o das realidades educativas e sociais, o NAI-FEUSP tem como prop\u00f3sito fomentar nas institui\u00e7\u00f5es p\u00fablicas da educa\u00e7\u00e3o b\u00e1sica uma alternativa avaliativa, com a formula\u00e7\u00e3o de um Projeto Pol\u00edtico Pedag\u00f3gico capaz de promover um diagn\u00f3stico consistente sobre o trabalho educativo, ponto de partida para um pacto de qualidade negociada, que redefine localmente a rela\u00e7\u00e3o da escola com a comunidade, modificando, tamb\u00e9m, a rela\u00e7\u00e3o com outros servi\u00e7os p\u00fablicos locais, com outras escolas p\u00fablicas do territ\u00f3rio e com a Universidade.<\/div>\n","protected":false},"excerpt":{"rendered":"<p>O N\u00facleo de Avalia\u00e7\u00e3o Institucional da Faculdade de Educa\u00e7\u00e3o da USP (NAI-FEUSP) \u00e9 um n\u00facleo de extens\u00e3o, pesquisa, forma\u00e7\u00e3o inicial e continuada, que articula escolas p\u00fablicas da Educa\u00e7\u00e3o B\u00e1sica acerca do tema da Avalia\u00e7\u00e3o Institucional, vinculado ao Departamento de Administra\u00e7\u00e3o Escolar e Economia da Educa\u00e7\u00e3o da Faculdade de Educa\u00e7\u00e3o da Universidade de S\u00e3o Paulo. Num [&hellip;]<\/p>\n","protected":false},"author":22396,"featured_media":0,"parent":0,"menu_order":0,"comment_status":"closed","ping_status":"closed","template":"","meta":{"ocean_post_layout":"","ocean_both_sidebars_style":"","ocean_both_sidebars_content_width":0,"ocean_both_sidebars_sidebars_width":0,"ocean_sidebar":"0","ocean_second_sidebar":"0","ocean_disable_margins":"enable","ocean_add_body_class":"","ocean_shortcode_before_top_bar":"","ocean_shortcode_after_top_bar":"","ocean_shortcode_before_header":"","ocean_shortcode_after_header":"","ocean_has_shortcode":"","ocean_shortcode_after_title":"","ocean_shortcode_before_footer_widgets":"","ocean_shortcode_after_footer_widgets":"","ocean_shortcode_before_footer_bottom":"","ocean_shortcode_after_footer_bottom":"","ocean_display_top_bar":"default","ocean_display_header":"default","ocean_header_style":"","ocean_center_header_left_menu":"0","ocean_custom_header_template":"0","ocean_custom_logo":0,"ocean_custom_retina_logo":0,"ocean_custom_logo_max_width":0,"ocean_custom_logo_tablet_max_width":0,"ocean_custom_logo_mobile_max_width":0,"ocean_custom_logo_max_height":0,"ocean_custom_logo_tablet_max_height":0,"ocean_custom_logo_mobile_max_height":0,"ocean_header_custom_menu":"0","ocean_menu_typo_font_family":"0","ocean_menu_typo_font_subset":"","ocean_menu_typo_font_size":0,"ocean_menu_typo_font_size_tablet":0,"ocean_menu_typo_font_size_mobile":0,"ocean_menu_typo_font_size_unit":"px","ocean_menu_typo_font_weight":"","ocean_menu_typo_font_weight_tablet":"","ocean_menu_typo_font_weight_mobile":"","ocean_menu_typo_transform":"","ocean_menu_typo_transform_tablet":"","ocean_menu_typo_transform_mobile":"","ocean_menu_typo_line_height":0,"ocean_menu_typo_line_height_tablet":0,"ocean_menu_typo_line_height_mobile":0,"ocean_menu_typo_line_height_unit":"","ocean_menu_typo_spacing":0,"ocean_menu_typo_spacing_tablet":0,"ocean_menu_typo_spacing_mobile":0,"ocean_menu_typo_spacing_unit":"","ocean_menu_link_color":"","ocean_menu_link_color_hover":"","ocean_menu_link_color_active":"","ocean_menu_link_background":"","ocean_menu_link_hover_background":"","ocean_menu_link_active_background":"","ocean_menu_social_links_bg":"","ocean_menu_social_hover_links_bg":"","ocean_menu_social_links_color":"","ocean_menu_social_hover_links_color":"","ocean_disable_title":"default","ocean_disable_heading":"default","ocean_post_title":"","ocean_post_subheading":"","ocean_post_title_style":"","ocean_post_title_background_color":"","ocean_post_title_background":0,"ocean_post_title_bg_image_position":"","ocean_post_title_bg_image_attachment":"","ocean_post_title_bg_image_repeat":"","ocean_post_title_bg_image_size":"","ocean_post_title_height":0,"ocean_post_title_bg_overlay":0.5,"ocean_post_title_bg_overlay_color":"","ocean_disable_breadcrumbs":"default","ocean_breadcrumbs_color":"","ocean_breadcrumbs_separator_color":"","ocean_breadcrumbs_links_color":"","ocean_breadcrumbs_links_hover_color":"","ocean_display_footer_widgets":"default","ocean_display_footer_bottom":"default","ocean_custom_footer_template":"0","footnotes":"","_links_to":"","_links_to_target":""},"class_list":["post-284","page","type-page","status-publish","hentry","entry"],"_links":{"self":[{"href":"https:\/\/sites.usp.br\/naifeusp\/wp-json\/wp\/v2\/pages\/284","targetHints":{"allow":["GET"]}}],"collection":[{"href":"https:\/\/sites.usp.br\/naifeusp\/wp-json\/wp\/v2\/pages"}],"about":[{"href":"https:\/\/sites.usp.br\/naifeusp\/wp-json\/wp\/v2\/types\/page"}],"author":[{"embeddable":true,"href":"https:\/\/sites.usp.br\/naifeusp\/wp-json\/wp\/v2\/users\/22396"}],"replies":[{"embeddable":true,"href":"https:\/\/sites.usp.br\/naifeusp\/wp-json\/wp\/v2\/comments?post=284"}],"version-history":[{"count":4,"href":"https:\/\/sites.usp.br\/naifeusp\/wp-json\/wp\/v2\/pages\/284\/revisions"}],"predecessor-version":[{"id":1155,"href":"https:\/\/sites.usp.br\/naifeusp\/wp-json\/wp\/v2\/pages\/284\/revisions\/1155"}],"wp:attachment":[{"href":"https:\/\/sites.usp.br\/naifeusp\/wp-json\/wp\/v2\/media?parent=284"}],"curies":[{"name":"wp","href":"https:\/\/api.w.org\/{rel}","templated":true}]}}