{"id":318,"date":"2021-08-13T16:14:13","date_gmt":"2021-08-13T19:14:13","guid":{"rendered":"https:\/\/sites.usp.br\/naifeusp\/?page_id=318"},"modified":"2021-12-03T10:08:51","modified_gmt":"2021-12-03T13:08:51","slug":"eventos-nai","status":"publish","type":"page","link":"https:\/\/sites.usp.br\/naifeusp\/eventos-nai\/","title":{"rendered":"Eventos NAI"},"content":{"rendered":"<p><strong>2\u00ba Semestre de 2021<\/strong><\/p>\n<ul>\n<li><a href=\"https:\/\/sites.usp.br\/naifeusp\/pode-falar-de-genero-na-escola\/\">05\/11 \u2013 Pode falar de g\u00eanero na escola?<\/a>\n<ul>\n<li>Dispon\u00edvel em:\u00a0<a href=\"https:\/\/www.youtube.com\/watch?v=TIc1_Temp3w\">https:\/\/www.youtube.com\/watch?v=TIc1_Temp3w<\/a><\/li>\n<\/ul>\n<\/li>\n<li><a href=\"https:\/\/sites.usp.br\/naifeusp\/a-organizacao-estudantil-e-o-exercicio-democratico-atraves-do-gremio\/\">18\/11 \u2013 A organiza\u00e7\u00e3o estudantil e o exerc\u00edcio democr\u00e1tico atrav\u00e9s do gr\u00eamio.<\/a><\/li>\n<li><a href=\"https:\/\/sites.usp.br\/naifeusp\/como-a-escola-acolhe-o-sofrimento-psiquico\/\">19\/11 \u2013 Como a escola acolhe o sofrimento ps\u00edquico?<\/a><\/li>\n<li><a href=\"https:\/\/sites.usp.br\/naifeusp\/redes-comunitarias-internet-para-escolas-e-comunidades\/\">26\/11 \u2013 Redes comunit\u00e1rias: internet para escolas e comunidades?<\/a><\/li>\n<li><a href=\"https:\/\/sites.usp.br\/naifeusp\/ensino-publico-no-brasil-e-retorno-as-aulas-presencias-um-panorama-da-emef-vladimir-herzog\/\">04\/12 &#8211; Ensino P\u00fablico no Brasil e Retorno \u00e0s Aulas Presencias: um panorama da EMEF Vladimir Herzog<\/a><\/li>\n<li><a href=\"https:\/\/sites.usp.br\/naifeusp\/610-2\/\">04\/12 \u2013 Di\u00e1logos sobre participa\u00e7\u00e3o e controle social na Educa\u00e7\u00e3o, Sa\u00fade e Assist\u00eancia Social. A import\u00e2ncia dos conselheiros.<\/a><\/li>\n<li>17\/12 &#8211; Reuni\u00e3o ordin\u00e1ria de balan\u00e7o da Rede NAI.<\/li>\n<\/ul>\n","protected":false},"excerpt":{"rendered":"<p>2\u00ba Semestre de 2021 05\/11 \u2013 Pode falar de g\u00eanero na escola? Dispon\u00edvel em:\u00a0https:\/\/www.youtube.com\/watch?v=TIc1_Temp3w 18\/11 \u2013 A organiza\u00e7\u00e3o estudantil e o exerc\u00edcio democr\u00e1tico atrav\u00e9s do gr\u00eamio. 19\/11 \u2013 Como a escola acolhe o sofrimento ps\u00edquico? 26\/11 \u2013 Redes comunit\u00e1rias: internet para escolas e comunidades? 04\/12 &#8211; Ensino P\u00fablico no Brasil e Retorno \u00e0s Aulas Presencias: [&hellip;]<\/p>\n","protected":false},"author":22396,"featured_media":0,"parent":0,"menu_order":0,"comment_status":"closed","ping_status":"closed","template":"","meta":{"ocean_post_layout":"","ocean_both_sidebars_style":"","ocean_both_sidebars_content_width":0,"ocean_both_sidebars_sidebars_width":0,"ocean_sidebar":"0","ocean_second_sidebar":"0","ocean_disable_margins":"enable","ocean_add_body_class":"","ocean_shortcode_before_top_bar":"","ocean_shortcode_after_top_bar":"","ocean_shortcode_before_header":"","ocean_shortcode_after_header":"","ocean_has_shortcode":"","ocean_shortcode_after_title":"","ocean_shortcode_before_footer_widgets":"","ocean_shortcode_after_footer_widgets":"","ocean_shortcode_before_footer_bottom":"","ocean_shortcode_after_footer_bottom":"","ocean_display_top_bar":"default","ocean_display_header":"default","ocean_header_style":"","ocean_center_header_left_menu":"0","ocean_custom_header_template":"0","ocean_custom_logo":0,"ocean_custom_retina_logo":0,"ocean_custom_logo_max_width":0,"ocean_custom_logo_tablet_max_width":0,"ocean_custom_logo_mobile_max_width":0,"ocean_custom_logo_max_height":0,"ocean_custom_logo_tablet_max_height":0,"ocean_custom_logo_mobile_max_height":0,"ocean_header_custom_menu":"0","ocean_menu_typo_font_family":"0","ocean_menu_typo_font_subset":"","ocean_menu_typo_font_size":0,"ocean_menu_typo_font_size_tablet":0,"ocean_menu_typo_font_size_mobile":0,"ocean_menu_typo_font_size_unit":"px","ocean_menu_typo_font_weight":"","ocean_menu_typo_font_weight_tablet":"","ocean_menu_typo_font_weight_mobile":"","ocean_menu_typo_transform":"","ocean_menu_typo_transform_tablet":"","ocean_menu_typo_transform_mobile":"","ocean_menu_typo_line_height":0,"ocean_menu_typo_line_height_tablet":0,"ocean_menu_typo_line_height_mobile":0,"ocean_menu_typo_line_height_unit":"","ocean_menu_typo_spacing":0,"ocean_menu_typo_spacing_tablet":0,"ocean_menu_typo_spacing_mobile":0,"ocean_menu_typo_spacing_unit":"","ocean_menu_link_color":"","ocean_menu_link_color_hover":"","ocean_menu_link_color_active":"","ocean_menu_link_background":"","ocean_menu_link_hover_background":"","ocean_menu_link_active_background":"","ocean_menu_social_links_bg":"","ocean_menu_social_hover_links_bg":"","ocean_menu_social_links_color":"","ocean_menu_social_hover_links_color":"","ocean_disable_title":"default","ocean_disable_heading":"default","ocean_post_title":"","ocean_post_subheading":"","ocean_post_title_style":"","ocean_post_title_background_color":"","ocean_post_title_background":0,"ocean_post_title_bg_image_position":"","ocean_post_title_bg_image_attachment":"","ocean_post_title_bg_image_repeat":"","ocean_post_title_bg_image_size":"","ocean_post_title_height":0,"ocean_post_title_bg_overlay":0.5,"ocean_post_title_bg_overlay_color":"","ocean_disable_breadcrumbs":"default","ocean_breadcrumbs_color":"","ocean_breadcrumbs_separator_color":"","ocean_breadcrumbs_links_color":"","ocean_breadcrumbs_links_hover_color":"","ocean_display_footer_widgets":"default","ocean_display_footer_bottom":"default","ocean_custom_footer_template":"0","footnotes":"","_links_to":"","_links_to_target":""},"class_list":["post-318","page","type-page","status-publish","hentry","entry"],"_links":{"self":[{"href":"https:\/\/sites.usp.br\/naifeusp\/wp-json\/wp\/v2\/pages\/318","targetHints":{"allow":["GET"]}}],"collection":[{"href":"https:\/\/sites.usp.br\/naifeusp\/wp-json\/wp\/v2\/pages"}],"about":[{"href":"https:\/\/sites.usp.br\/naifeusp\/wp-json\/wp\/v2\/types\/page"}],"author":[{"embeddable":true,"href":"https:\/\/sites.usp.br\/naifeusp\/wp-json\/wp\/v2\/users\/22396"}],"replies":[{"embeddable":true,"href":"https:\/\/sites.usp.br\/naifeusp\/wp-json\/wp\/v2\/comments?post=318"}],"version-history":[{"count":4,"href":"https:\/\/sites.usp.br\/naifeusp\/wp-json\/wp\/v2\/pages\/318\/revisions"}],"predecessor-version":[{"id":623,"href":"https:\/\/sites.usp.br\/naifeusp\/wp-json\/wp\/v2\/pages\/318\/revisions\/623"}],"wp:attachment":[{"href":"https:\/\/sites.usp.br\/naifeusp\/wp-json\/wp\/v2\/media?parent=318"}],"curies":[{"name":"wp","href":"https:\/\/api.w.org\/{rel}","templated":true}]}}