{"id":320,"date":"2021-08-13T16:15:18","date_gmt":"2021-08-13T19:15:18","guid":{"rendered":"https:\/\/sites.usp.br\/naifeusp\/?page_id=320"},"modified":"2022-01-26T22:38:50","modified_gmt":"2022-01-27T01:38:50","slug":"varal-interdisciplinar","status":"publish","type":"page","link":"https:\/\/sites.usp.br\/naifeusp\/varal-interdisciplinar\/","title":{"rendered":"Varal Interdisciplinar"},"content":{"rendered":"<p><strong>TEXTO: ANT\u00d3NIO N\u00d3VOA<\/strong><br \/>\n[download id=&#8221;678&#8243;]<\/p>\n<p><strong>DOCUMENT\u00c1RIO: A REBELI\u00c3O DOS PINGUINS (CARLOS PRONZATO)<br \/>\n<\/strong>Link: <a href=\"https:\/\/www.youtube.com\/watch?v=kYzkDql56yw\">https:\/\/www.youtube.com\/watch?v=kYzkDql56yw<\/a><\/p>\n<p><strong>DOCUMENT\u00c1RIO: ESPERO TUA (RE)VOLTA (ELIZA CAPAI)<br \/>\n<\/strong>Link: <a href=\"https:\/\/www.youtube.com\/watch?v=DIA5N72zi4Q\">https:\/\/www.youtube.com\/watch?v=DIA5N72zi4Q<\/a><\/p>\n<p><strong>MARIA ANTONIA: QUE TAL FAZERMOS UM GR\u00caMIO?<br \/>\n<\/strong>Link: <a href=\"https:\/\/youtu.be\/v2z8GX-T3xE\">https:\/\/youtu.be\/v2z8GX-T3xE<\/a><\/p>\n<p><strong>CANAL MINERAL<br \/>\n<\/strong>Canal voltado a discuss\u00f5es sobre minera\u00e7\u00e3o no Brasil.<br \/>\n<em>Programas<\/em><br \/>\nExpressinho Mineral &#8211; <a href=\"https:\/\/www.youtube.com\/playlist?list=PLlQfB7vlvlfXZFqKweSNLr1CDF6u4Jm9o\">https:\/\/www.youtube.com\/playlist?list=PLlQfB7vlvlfXZFqKweSNLr1CDF6u4Jm9o<\/a><br \/>\nGota Mineral &#8211; <a href=\"https:\/\/www.youtube.com\/playlist?list=PLlQfB7vlvlfWskJsi_MQr_oSiwuNa0KiG\">https:\/\/www.youtube.com\/playlist?list=PLlQfB7vlvlfWskJsi_MQr_oSiwuNa0KiG<\/a><br \/>\nComunica\u00e7\u00e3o Mineral &#8211; <a href=\"https:\/\/www.youtube.com\/playlist?list=PLlQfB7vlvlfXS85d6Nvka8qVM04v8QbSm\">https:\/\/www.youtube.com\/playlist?list=PLlQfB7vlvlfXS85d6Nvka8qVM04v8QbSm<\/a><br \/>\nSeguran\u00e7a, Sa\u00fade e Minera\u00e7\u00e3o &#8211; <a href=\"https:\/\/www.youtube.com\/playlist?list=PLlQfB7vlvlfUH-Qrsk4iZ8apOJh87a9p0\">https:\/\/www.youtube.com\/playlist?list=PLlQfB7vlvlfUH-Qrsk4iZ8apOJh87a9p0<\/a><br \/>\nArgumento Cortante &#8211; <a href=\"https:\/\/www.youtube.com\/playlist?list=PLlQfB7vlvlfVxD8FTx5thBMPJYzNrMtZm\">https:\/\/www.youtube.com\/playlist?list=PLlQfB7vlvlfVxD8FTx5thBMPJYzNrMtZm<\/a><br \/>\nSexta Mineral &#8211; <a href=\"https:\/\/www.youtube.com\/playlist?list=PLlQfB7vlvlfWVT5xUIVlWwyxzEGl2sM_z\">https:\/\/www.youtube.com\/playlist?list=PLlQfB7vlvlfWVT5xUIVlWwyxzEGl2sM_z<\/a><\/p>\n<p><strong>PROVOCA\u00c7\u00d5ES CURRICULARES &#8211; TEMAS CADENTES DO BRASIL<br \/>\nMINERA\u00c7\u00c3O NO BRASIL: DA INVA\u00c7\u00c3O PORTUGUESA AO GOVERNO ATUAL<br \/>\n<\/strong>Data: 15\/12<br \/>\nLink: <a href=\"https:\/\/www.youtube.com\/naifeusp\">https:\/\/www.youtube.com\/naifeusp<\/a><\/p>\n<p><strong>SPI EST\u00daDIO &#8211; EIXO M\u00daSICA\u00a0<\/strong><br \/>\nLink: <a href=\"https:\/\/youtu.be\/3hGDjg5uvz0\">https:\/\/youtu.be\/3hGDjg5uvz0<\/a><\/p>\n<p><strong>SPI EST\u00daDIO &#8211; EIXO AUDIOVISUAL\u00a0<\/strong><br \/>\nLink: <a href=\"https:\/\/youtu.be\/1SR9EsXUPSk\">https:\/\/youtu.be\/1SR9EsXUPSk<\/a><\/p>\n<p><strong>SPI EST\u00daDIO &#8211; EIXO COMUNICA\u00c7\u00c3O<\/strong><br \/>\nLink: <a href=\"https:\/\/youtu.be\/EdR5Ac-IXLg\">https:\/\/youtu.be\/EdR5Ac-IXLg<\/a><\/p>\n<p><strong>LAN\u00c7AMENTO DE DOCUMENT\u00c1RIO: &#8220;Dom Ang\u00e9lico e o grito do povo&#8221;<br \/>\n<\/strong>Data: 27\/11 \u00e0s 10h<br \/>\nLocal: Faculdade Santa Marcelina &#8211; Unidade Itaquera (Audit\u00f3rio Luigi Biraghi); Rua Cachoeira Utupanema, 40, Itaquera, S\u00e3o Paulo<\/p>\n<p><strong>EXPOSI\u00c7\u00c3O: 42\u00ba Congresso do MEM (Movimento Escola Moderna)<br \/>\n<\/strong>Link: <a href=\"https:\/\/padlet.com\/congressoMEM\/exposicao\">https:\/\/padlet.com\/congressoMEM\/exposicao<\/a><\/p>\n<p><strong>EVENTO: &#8220;Dialogando com Paulo Freire: novos desafios para um novo tempo&#8221;<\/strong><br \/>\nData: 19, 20, 21 e 22\/10 das 19h \u00e0s 21h<br \/>\nLink: <a href=\"https:\/\/www.sympla.com.br\/dialogando-com-paulo-freire-novos-desafios-para-um-novo-tempo-em-19-20-21-e-2210-das-19h-as-21h__1266636\">https:\/\/www.sympla.com.br\/dialogando-com-paulo-freire-novos-desafios-para-um-novo-tempo-em-19-20-21-e-2210-das-19h-as-21h__1266636<\/a><\/p>\n<p><strong>EVENTO: &#8220;40\u00aa Reuni\u00e3o Nacional da ANPEd&#8221;<br \/>\n<\/strong>Data: 17 a 22\/10<strong><br \/>\n<\/strong>Link:\u00a0<a href=\"https:\/\/anped.org.br\/news\/amazonizando-anped-40a-reuniao-nacional-tem-abertura-oficial-neste-domingo-17-com-conferencia\">https:\/\/anped.org.br\/news\/amazonizando-anped-40a-reuniao-nacional-tem-abertura-oficial-neste-domingo-17-com-conferencia<\/a><\/p>\n<p><strong>EVENTO: &#8220;Pol\u00edticas e Gest\u00e3o na Educa\u00e7\u00e3o Infantil: Di\u00e1logo com as pesquisas da Gradua\u00e7\u00e3o e da P\u00f3s-gradua\u00e7\u00e3o&#8221;<\/strong><br \/>\nData: Transmitido via Youtube ao vivo em 17\/08\/2021<br \/>\nLink: <a href=\"https:\/\/www.youtube.com\/watch?v=K3fHY0vNKW0&amp;list=PLq0Y1lq_9Aj-QF_bdpG29ALvih1Bh50RU\">https:\/\/www.youtube.com\/watch?v=K3fHY0vNKW0&amp;list=PLq0Y1lq_9Aj-QF_bdpG29ALvih1Bh50RU<\/a><\/p>\n<p><strong>EVENTO:\u00a0<\/strong><strong>&#8220;Aux\u00edlio Brasil, o Bolsa Fam\u00edlia fake&#8221;<\/strong><br \/>\nData: Transmitido via Youtube ao vivo em 16\/08\/2021<br \/>\nLink: <a href=\"https:\/\/fpabramo.org.br\/tv-fpa\/aovivo-auxilio-brasil-o-bolsa-familia-fake-pauta-brasil\/\">https:\/\/fpabramo.org.br\/tv-fpa\/aovivo-auxilio-brasil-o-bolsa-familia-fake-pauta-brasil\/<\/a><\/p>\n<p><strong>MST: &#8220;O legado de Paulo Freire em 6 document\u00e1rios&#8221;<br \/>\n<\/strong>Link: <a href=\"https:\/\/mst.org.br\/2021\/08\/19\/o-legado-de-paulo-freire-em-6-documentarios\/\">https:\/\/mst.org.br\/2021\/08\/19\/o-legado-de-paulo-freire-em-6-documentarios\/<\/a><\/p>\n","protected":false},"excerpt":{"rendered":"<p>TEXTO: ANT\u00d3NIO N\u00d3VOA [download id=&#8221;678&#8243;] DOCUMENT\u00c1RIO: A REBELI\u00c3O DOS PINGUINS (CARLOS PRONZATO) Link: https:\/\/www.youtube.com\/watch?v=kYzkDql56yw DOCUMENT\u00c1RIO: ESPERO TUA (RE)VOLTA (ELIZA CAPAI) Link: https:\/\/www.youtube.com\/watch?v=DIA5N72zi4Q MARIA ANTONIA: QUE TAL FAZERMOS UM GR\u00caMIO? Link: https:\/\/youtu.be\/v2z8GX-T3xE CANAL MINERAL Canal voltado a discuss\u00f5es sobre minera\u00e7\u00e3o no Brasil. Programas Expressinho Mineral &#8211; https:\/\/www.youtube.com\/playlist?list=PLlQfB7vlvlfXZFqKweSNLr1CDF6u4Jm9o Gota Mineral &#8211; https:\/\/www.youtube.com\/playlist?list=PLlQfB7vlvlfWskJsi_MQr_oSiwuNa0KiG Comunica\u00e7\u00e3o Mineral &#8211; https:\/\/www.youtube.com\/playlist?list=PLlQfB7vlvlfXS85d6Nvka8qVM04v8QbSm Seguran\u00e7a, [&hellip;]<\/p>\n","protected":false},"author":22396,"featured_media":0,"parent":0,"menu_order":0,"comment_status":"closed","ping_status":"closed","template":"","meta":{"ocean_post_layout":"","ocean_both_sidebars_style":"","ocean_both_sidebars_content_width":0,"ocean_both_sidebars_sidebars_width":0,"ocean_sidebar":"0","ocean_second_sidebar":"0","ocean_disable_margins":"enable","ocean_add_body_class":"","ocean_shortcode_before_top_bar":"","ocean_shortcode_after_top_bar":"","ocean_shortcode_before_header":"","ocean_shortcode_after_header":"","ocean_has_shortcode":"","ocean_shortcode_after_title":"","ocean_shortcode_before_footer_widgets":"","ocean_shortcode_after_footer_widgets":"","ocean_shortcode_before_footer_bottom":"","ocean_shortcode_after_footer_bottom":"","ocean_display_top_bar":"default","ocean_display_header":"default","ocean_header_style":"","ocean_center_header_left_menu":"0","ocean_custom_header_template":"0","ocean_custom_logo":0,"ocean_custom_retina_logo":0,"ocean_custom_logo_max_width":0,"ocean_custom_logo_tablet_max_width":0,"ocean_custom_logo_mobile_max_width":0,"ocean_custom_logo_max_height":0,"ocean_custom_logo_tablet_max_height":0,"ocean_custom_logo_mobile_max_height":0,"ocean_header_custom_menu":"0","ocean_menu_typo_font_family":"0","ocean_menu_typo_font_subset":"","ocean_menu_typo_font_size":0,"ocean_menu_typo_font_size_tablet":0,"ocean_menu_typo_font_size_mobile":0,"ocean_menu_typo_font_size_unit":"px","ocean_menu_typo_font_weight":"","ocean_menu_typo_font_weight_tablet":"","ocean_menu_typo_font_weight_mobile":"","ocean_menu_typo_transform":"","ocean_menu_typo_transform_tablet":"","ocean_menu_typo_transform_mobile":"","ocean_menu_typo_line_height":0,"ocean_menu_typo_line_height_tablet":0,"ocean_menu_typo_line_height_mobile":0,"ocean_menu_typo_line_height_unit":"","ocean_menu_typo_spacing":0,"ocean_menu_typo_spacing_tablet":0,"ocean_menu_typo_spacing_mobile":0,"ocean_menu_typo_spacing_unit":"","ocean_menu_link_color":"","ocean_menu_link_color_hover":"","ocean_menu_link_color_active":"","ocean_menu_link_background":"","ocean_menu_link_hover_background":"","ocean_menu_link_active_background":"","ocean_menu_social_links_bg":"","ocean_menu_social_hover_links_bg":"","ocean_menu_social_links_color":"","ocean_menu_social_hover_links_color":"","ocean_disable_title":"default","ocean_disable_heading":"default","ocean_post_title":"","ocean_post_subheading":"","ocean_post_title_style":"","ocean_post_title_background_color":"","ocean_post_title_background":0,"ocean_post_title_bg_image_position":"","ocean_post_title_bg_image_attachment":"","ocean_post_title_bg_image_repeat":"","ocean_post_title_bg_image_size":"","ocean_post_title_height":0,"ocean_post_title_bg_overlay":0.5,"ocean_post_title_bg_overlay_color":"","ocean_disable_breadcrumbs":"default","ocean_breadcrumbs_color":"","ocean_breadcrumbs_separator_color":"","ocean_breadcrumbs_links_color":"","ocean_breadcrumbs_links_hover_color":"","ocean_display_footer_widgets":"default","ocean_display_footer_bottom":"default","ocean_custom_footer_template":"0","footnotes":"","_links_to":"","_links_to_target":""},"class_list":["post-320","page","type-page","status-publish","hentry","entry"],"_links":{"self":[{"href":"https:\/\/sites.usp.br\/naifeusp\/wp-json\/wp\/v2\/pages\/320","targetHints":{"allow":["GET"]}}],"collection":[{"href":"https:\/\/sites.usp.br\/naifeusp\/wp-json\/wp\/v2\/pages"}],"about":[{"href":"https:\/\/sites.usp.br\/naifeusp\/wp-json\/wp\/v2\/types\/page"}],"author":[{"embeddable":true,"href":"https:\/\/sites.usp.br\/naifeusp\/wp-json\/wp\/v2\/users\/22396"}],"replies":[{"embeddable":true,"href":"https:\/\/sites.usp.br\/naifeusp\/wp-json\/wp\/v2\/comments?post=320"}],"version-history":[{"count":4,"href":"https:\/\/sites.usp.br\/naifeusp\/wp-json\/wp\/v2\/pages\/320\/revisions"}],"predecessor-version":[{"id":681,"href":"https:\/\/sites.usp.br\/naifeusp\/wp-json\/wp\/v2\/pages\/320\/revisions\/681"}],"wp:attachment":[{"href":"https:\/\/sites.usp.br\/naifeusp\/wp-json\/wp\/v2\/media?parent=320"}],"curies":[{"name":"wp","href":"https:\/\/api.w.org\/{rel}","templated":true}]}}