{"id":610,"date":"2021-11-30T15:42:40","date_gmt":"2021-11-30T18:42:40","guid":{"rendered":"https:\/\/sites.usp.br\/naifeusp\/?page_id=610"},"modified":"2021-11-30T15:46:12","modified_gmt":"2021-11-30T18:46:12","slug":"610-2","status":"publish","type":"page","link":"https:\/\/sites.usp.br\/naifeusp\/610-2\/","title":{"rendered":"Di\u00e1logos sobre participa\u00e7\u00e3o e controle social na educa\u00e7\u00e3o, sa\u00fade e assist\u00eancia Social: a import\u00e2ncia dos conselheiros"},"content":{"rendered":"<p><a href=\"https:\/\/meet.google.com\/tut-hjdv-toe\"><img fetchpriority=\"high\" decoding=\"async\" class=\"wp-image-611 aligncenter\" src=\"https:\/\/sites.usp.br\/naifeusp\/wp-content\/uploads\/sites\/945\/2021\/11\/nai-04.12.jpg\" alt=\"\" width=\"701\" height=\"382\" data-id=\"611\" srcset=\"https:\/\/sites.usp.br\/naifeusp\/wp-content\/uploads\/sites\/945\/2021\/11\/nai-04.12.jpg 1280w, https:\/\/sites.usp.br\/naifeusp\/wp-content\/uploads\/sites\/945\/2021\/11\/nai-04.12-300x164.jpg 300w, https:\/\/sites.usp.br\/naifeusp\/wp-content\/uploads\/sites\/945\/2021\/11\/nai-04.12-1024x558.jpg 1024w, https:\/\/sites.usp.br\/naifeusp\/wp-content\/uploads\/sites\/945\/2021\/11\/nai-04.12-768x419.jpg 768w\" sizes=\"(max-width: 701px) 100vw, 701px\" \/><\/a><\/p>\n<p>S\u00e1bado, <strong>dia 04\/12, \u00e0s 10h00<\/strong>, teremos a forma\u00e7\u00e3o do NAI &#8220;Di\u00e1logos sobre participa\u00e7\u00e3o e controle social na educa\u00e7\u00e3o, sa\u00fade e assist\u00eancia social: a import\u00e2ncia dos conselheiros&#8221;, com Maria Victoria Benevides e Natalina Ribeiro. Essa forma\u00e7\u00e3o \u00e9 uma sequ\u00eancia do ciclo iniciado na disciplina PRG-0021 (Educa\u00e7\u00e3o, sa\u00fade e assist\u00eancia social: redes complementares na prote\u00e7\u00e3o social b\u00e1sica) e visa contribuir para uma gest\u00e3o mais democr\u00e1tica das pol\u00edticas p\u00fablicas.<\/p>\n<p>Sala do Evento: <a href=\"https:\/\/meet.google.com\/tut-hjdv-toe\">https:\/\/meet.google.com\/tut-hjdv-toe<\/a><\/p>\n","protected":false},"excerpt":{"rendered":"<p>S\u00e1bado, dia 04\/12, \u00e0s 10h00, teremos a forma\u00e7\u00e3o do NAI &#8220;Di\u00e1logos sobre participa\u00e7\u00e3o e controle social na educa\u00e7\u00e3o, sa\u00fade e assist\u00eancia social: a import\u00e2ncia dos conselheiros&#8221;, com Maria Victoria Benevides e Natalina Ribeiro. Essa forma\u00e7\u00e3o \u00e9 uma sequ\u00eancia do ciclo iniciado na disciplina PRG-0021 (Educa\u00e7\u00e3o, sa\u00fade e assist\u00eancia social: redes complementares na prote\u00e7\u00e3o social b\u00e1sica) [&hellip;]<\/p>\n","protected":false},"author":22396,"featured_media":0,"parent":0,"menu_order":0,"comment_status":"closed","ping_status":"closed","template":"","meta":{"ocean_post_layout":"","ocean_both_sidebars_style":"","ocean_both_sidebars_content_width":0,"ocean_both_sidebars_sidebars_width":0,"ocean_sidebar":"0","ocean_second_sidebar":"0","ocean_disable_margins":"enable","ocean_add_body_class":"","ocean_shortcode_before_top_bar":"","ocean_shortcode_after_top_bar":"","ocean_shortcode_before_header":"","ocean_shortcode_after_header":"","ocean_has_shortcode":"","ocean_shortcode_after_title":"","ocean_shortcode_before_footer_widgets":"","ocean_shortcode_after_footer_widgets":"","ocean_shortcode_before_footer_bottom":"","ocean_shortcode_after_footer_bottom":"","ocean_display_top_bar":"default","ocean_display_header":"default","ocean_header_style":"","ocean_center_header_left_menu":"0","ocean_custom_header_template":"0","ocean_custom_logo":0,"ocean_custom_retina_logo":0,"ocean_custom_logo_max_width":0,"ocean_custom_logo_tablet_max_width":0,"ocean_custom_logo_mobile_max_width":0,"ocean_custom_logo_max_height":0,"ocean_custom_logo_tablet_max_height":0,"ocean_custom_logo_mobile_max_height":0,"ocean_header_custom_menu":"0","ocean_menu_typo_font_family":"0","ocean_menu_typo_font_subset":"","ocean_menu_typo_font_size":0,"ocean_menu_typo_font_size_tablet":0,"ocean_menu_typo_font_size_mobile":0,"ocean_menu_typo_font_size_unit":"px","ocean_menu_typo_font_weight":"","ocean_menu_typo_font_weight_tablet":"","ocean_menu_typo_font_weight_mobile":"","ocean_menu_typo_transform":"","ocean_menu_typo_transform_tablet":"","ocean_menu_typo_transform_mobile":"","ocean_menu_typo_line_height":0,"ocean_menu_typo_line_height_tablet":0,"ocean_menu_typo_line_height_mobile":0,"ocean_menu_typo_line_height_unit":"","ocean_menu_typo_spacing":0,"ocean_menu_typo_spacing_tablet":0,"ocean_menu_typo_spacing_mobile":0,"ocean_menu_typo_spacing_unit":"","ocean_menu_link_color":"","ocean_menu_link_color_hover":"","ocean_menu_link_color_active":"","ocean_menu_link_background":"","ocean_menu_link_hover_background":"","ocean_menu_link_active_background":"","ocean_menu_social_links_bg":"","ocean_menu_social_hover_links_bg":"","ocean_menu_social_links_color":"","ocean_menu_social_hover_links_color":"","ocean_disable_title":"default","ocean_disable_heading":"default","ocean_post_title":"","ocean_post_subheading":"","ocean_post_title_style":"","ocean_post_title_background_color":"","ocean_post_title_background":0,"ocean_post_title_bg_image_position":"","ocean_post_title_bg_image_attachment":"","ocean_post_title_bg_image_repeat":"","ocean_post_title_bg_image_size":"","ocean_post_title_height":0,"ocean_post_title_bg_overlay":0.5,"ocean_post_title_bg_overlay_color":"","ocean_disable_breadcrumbs":"default","ocean_breadcrumbs_color":"","ocean_breadcrumbs_separator_color":"","ocean_breadcrumbs_links_color":"","ocean_breadcrumbs_links_hover_color":"","ocean_display_footer_widgets":"default","ocean_display_footer_bottom":"default","ocean_custom_footer_template":"0","footnotes":"","_links_to":"","_links_to_target":""},"class_list":["post-610","page","type-page","status-publish","hentry","entry"],"_links":{"self":[{"href":"https:\/\/sites.usp.br\/naifeusp\/wp-json\/wp\/v2\/pages\/610","targetHints":{"allow":["GET"]}}],"collection":[{"href":"https:\/\/sites.usp.br\/naifeusp\/wp-json\/wp\/v2\/pages"}],"about":[{"href":"https:\/\/sites.usp.br\/naifeusp\/wp-json\/wp\/v2\/types\/page"}],"author":[{"embeddable":true,"href":"https:\/\/sites.usp.br\/naifeusp\/wp-json\/wp\/v2\/users\/22396"}],"replies":[{"embeddable":true,"href":"https:\/\/sites.usp.br\/naifeusp\/wp-json\/wp\/v2\/comments?post=610"}],"version-history":[{"count":4,"href":"https:\/\/sites.usp.br\/naifeusp\/wp-json\/wp\/v2\/pages\/610\/revisions"}],"predecessor-version":[{"id":616,"href":"https:\/\/sites.usp.br\/naifeusp\/wp-json\/wp\/v2\/pages\/610\/revisions\/616"}],"wp:attachment":[{"href":"https:\/\/sites.usp.br\/naifeusp\/wp-json\/wp\/v2\/media?parent=610"}],"curies":[{"name":"wp","href":"https:\/\/api.w.org\/{rel}","templated":true}]}}