{"id":639,"date":"2021-12-08T14:49:28","date_gmt":"2021-12-08T17:49:28","guid":{"rendered":"https:\/\/sites.usp.br\/naifeusp\/?page_id=639"},"modified":"2021-12-08T14:49:28","modified_gmt":"2021-12-08T17:49:28","slug":"provocacoes-curriculares","status":"publish","type":"page","link":"https:\/\/sites.usp.br\/naifeusp\/provocacoes-curriculares\/","title":{"rendered":"Provoca\u00e7\u00f5es Curriculares"},"content":{"rendered":"<p style=\"text-align: center;\"><strong>PROVOCA\u00c7\u00d5ES CURRICULARES<\/strong><br \/>\n<strong>TEMAS CANDENTES DO BRASIL<\/strong><\/p>\n<p>As PROVOCAC\u00d5ES CURRICULARES s\u00e3o um novo dispositivo formador do NAI-FEUSP, que ser\u00e1 desenvolvido em pequenas s\u00e9ries, com informa\u00e7\u00f5es que podem suscitar o debate e a reflex\u00e3o sobre o os TEMAS CANDENTES do Brasil e sobre o momento atual.<br \/>\nEste dispositivo sempre ser\u00e1 iniciado por uma exposi\u00e7\u00e3o geral sobre o tema, seguido por dois ou tr\u00eas encontros de aprofundamento. Visa a instigar as comunidades escolares para que elas elaborem propostas curriculares relativas \u00e0 TEM\u00c1TICA, oferecendo a discuss\u00e3o inclusive \u00e0 comunidade escolar &#8211; pais e moradores do territ\u00f3rio escolar.<\/p>\n<p style=\"text-align: center;\"><img fetchpriority=\"high\" decoding=\"async\" class=\"wp-image-640 aligncenter\" src=\"https:\/\/sites.usp.br\/naifeusp\/wp-content\/uploads\/sites\/945\/2021\/12\/NAI-08.12-1.jpg\" alt=\"\" width=\"751\" height=\"409\" data-id=\"640\" srcset=\"https:\/\/sites.usp.br\/naifeusp\/wp-content\/uploads\/sites\/945\/2021\/12\/NAI-08.12-1.jpg 1280w, https:\/\/sites.usp.br\/naifeusp\/wp-content\/uploads\/sites\/945\/2021\/12\/NAI-08.12-1-300x163.jpg 300w, https:\/\/sites.usp.br\/naifeusp\/wp-content\/uploads\/sites\/945\/2021\/12\/NAI-08.12-1-1024x558.jpg 1024w, https:\/\/sites.usp.br\/naifeusp\/wp-content\/uploads\/sites\/945\/2021\/12\/NAI-08.12-1-768x418.jpg 768w\" sizes=\"(max-width: 751px) 100vw, 751px\" \/><\/p>\n<p>A primeira Provoca\u00e7\u00e3o, voltada \u00e0 Minera\u00e7\u00e3o no Brasil, ser\u00e1 desenvolvida por Claudio Scliar: G\u00e9ologo (UFRJ), doutor em Geoci\u00eancias (Unicamp), professor da UFMG (1980-2009) e Secretario de Geologia, Minera\u00e7\u00e3o e Transforma\u00e7\u00e3o Mineral do Minist\u00e9rio de Minas e Energia (2003-2012). Atualmente \u00e9 professor colaborador da Faculdade de Educa\u00e7\u00e3o da UFMG e Coordenador do site CANAL MINERAL.<\/p>\n<p>A TEM\u00c1TICA da MINERA\u00c7\u00c3O \u00e9 relevante por si s\u00f3. O Brasil tem uma condi\u00e7\u00e3o privilegiada quanto a esse recurso natural, que \u00e9 central para seu desenvolvimento e soberania. A hist\u00f3ria brasileira n\u00e3o demonstra que essa riqueza trouxe ao pa\u00eds a supera\u00e7\u00e3o de suas desigualdades sociais. Pelo contr\u00e1rio, o tema da escravid\u00e3o e da viola\u00e7\u00e3o do direito dos povos tradicionais, das mortes e adoecimentos dos mineiros se misturam \u00e0 quest\u00e3o MINERAL. O rompimento das BARRAGENS DO FUND\u00c3O em Mariana e do C\u00d3RREGO DO FEIJ\u00c3O em Brumadinho, as duas em Minas Gerais, expressam a quest\u00e3o socioambiental na hist\u00f3ria recente e s\u00e3o outras facetas dram\u00e1ticas e criminosas da quest\u00e3o MINERAL, demonstrando a prioridade do lucro sobre as vidas e o meio ambiente.<\/p>\n<p>Os encontros de aprofundamento da TEM\u00c1TICA MINERAL est\u00e3o previstos para ocorrer no 1\u00ba semestre de 2022. Eles trar\u00e3o como desdobramento, a discuss\u00e3o sobre:<br \/>\n&#8211; Geologia, geodiversidade e minera\u00e7\u00e3o<br \/>\n&#8211; Riquezas minerais: recursos minerais energ\u00e9ticos (para quem?)<br \/>\n&#8211; A minera\u00e7\u00e3o em S\u00e3o Paulo (produ\u00e7\u00e3o e consumo)<\/p>\n<p>&nbsp;<\/p>\n<p><strong>Data e Link<br \/>\n<\/strong>15 de dezembro em\u00a0<a href=\"https:\/\/www.youtube.com\/naifeusp\">https:\/\/www.youtube.com\/naifeusp<\/a><\/p>\n","protected":false},"excerpt":{"rendered":"<p>PROVOCA\u00c7\u00d5ES CURRICULARES TEMAS CANDENTES DO BRASIL As PROVOCAC\u00d5ES CURRICULARES s\u00e3o um novo dispositivo formador do NAI-FEUSP, que ser\u00e1 desenvolvido em pequenas s\u00e9ries, com informa\u00e7\u00f5es que podem suscitar o debate e a reflex\u00e3o sobre o os TEMAS CANDENTES do Brasil e sobre o momento atual. Este dispositivo sempre ser\u00e1 iniciado por uma exposi\u00e7\u00e3o geral sobre o [&hellip;]<\/p>\n","protected":false},"author":22396,"featured_media":0,"parent":0,"menu_order":0,"comment_status":"closed","ping_status":"closed","template":"","meta":{"ocean_post_layout":"","ocean_both_sidebars_style":"","ocean_both_sidebars_content_width":0,"ocean_both_sidebars_sidebars_width":0,"ocean_sidebar":"0","ocean_second_sidebar":"0","ocean_disable_margins":"enable","ocean_add_body_class":"","ocean_shortcode_before_top_bar":"","ocean_shortcode_after_top_bar":"","ocean_shortcode_before_header":"","ocean_shortcode_after_header":"","ocean_has_shortcode":"","ocean_shortcode_after_title":"","ocean_shortcode_before_footer_widgets":"","ocean_shortcode_after_footer_widgets":"","ocean_shortcode_before_footer_bottom":"","ocean_shortcode_after_footer_bottom":"","ocean_display_top_bar":"default","ocean_display_header":"default","ocean_header_style":"","ocean_center_header_left_menu":"0","ocean_custom_header_template":"0","ocean_custom_logo":0,"ocean_custom_retina_logo":0,"ocean_custom_logo_max_width":0,"ocean_custom_logo_tablet_max_width":0,"ocean_custom_logo_mobile_max_width":0,"ocean_custom_logo_max_height":0,"ocean_custom_logo_tablet_max_height":0,"ocean_custom_logo_mobile_max_height":0,"ocean_header_custom_menu":"0","ocean_menu_typo_font_family":"0","ocean_menu_typo_font_subset":"","ocean_menu_typo_font_size":0,"ocean_menu_typo_font_size_tablet":0,"ocean_menu_typo_font_size_mobile":0,"ocean_menu_typo_font_size_unit":"px","ocean_menu_typo_font_weight":"","ocean_menu_typo_font_weight_tablet":"","ocean_menu_typo_font_weight_mobile":"","ocean_menu_typo_transform":"","ocean_menu_typo_transform_tablet":"","ocean_menu_typo_transform_mobile":"","ocean_menu_typo_line_height":0,"ocean_menu_typo_line_height_tablet":0,"ocean_menu_typo_line_height_mobile":0,"ocean_menu_typo_line_height_unit":"","ocean_menu_typo_spacing":0,"ocean_menu_typo_spacing_tablet":0,"ocean_menu_typo_spacing_mobile":0,"ocean_menu_typo_spacing_unit":"","ocean_menu_link_color":"","ocean_menu_link_color_hover":"","ocean_menu_link_color_active":"","ocean_menu_link_background":"","ocean_menu_link_hover_background":"","ocean_menu_link_active_background":"","ocean_menu_social_links_bg":"","ocean_menu_social_hover_links_bg":"","ocean_menu_social_links_color":"","ocean_menu_social_hover_links_color":"","ocean_disable_title":"default","ocean_disable_heading":"default","ocean_post_title":"","ocean_post_subheading":"","ocean_post_title_style":"","ocean_post_title_background_color":"","ocean_post_title_background":0,"ocean_post_title_bg_image_position":"","ocean_post_title_bg_image_attachment":"","ocean_post_title_bg_image_repeat":"","ocean_post_title_bg_image_size":"","ocean_post_title_height":0,"ocean_post_title_bg_overlay":0.5,"ocean_post_title_bg_overlay_color":"","ocean_disable_breadcrumbs":"default","ocean_breadcrumbs_color":"","ocean_breadcrumbs_separator_color":"","ocean_breadcrumbs_links_color":"","ocean_breadcrumbs_links_hover_color":"","ocean_display_footer_widgets":"default","ocean_display_footer_bottom":"default","ocean_custom_footer_template":"0","footnotes":"","_links_to":"","_links_to_target":""},"class_list":["post-639","page","type-page","status-publish","hentry","entry"],"_links":{"self":[{"href":"https:\/\/sites.usp.br\/naifeusp\/wp-json\/wp\/v2\/pages\/639","targetHints":{"allow":["GET"]}}],"collection":[{"href":"https:\/\/sites.usp.br\/naifeusp\/wp-json\/wp\/v2\/pages"}],"about":[{"href":"https:\/\/sites.usp.br\/naifeusp\/wp-json\/wp\/v2\/types\/page"}],"author":[{"embeddable":true,"href":"https:\/\/sites.usp.br\/naifeusp\/wp-json\/wp\/v2\/users\/22396"}],"replies":[{"embeddable":true,"href":"https:\/\/sites.usp.br\/naifeusp\/wp-json\/wp\/v2\/comments?post=639"}],"version-history":[{"count":1,"href":"https:\/\/sites.usp.br\/naifeusp\/wp-json\/wp\/v2\/pages\/639\/revisions"}],"predecessor-version":[{"id":641,"href":"https:\/\/sites.usp.br\/naifeusp\/wp-json\/wp\/v2\/pages\/639\/revisions\/641"}],"wp:attachment":[{"href":"https:\/\/sites.usp.br\/naifeusp\/wp-json\/wp\/v2\/media?parent=639"}],"curies":[{"name":"wp","href":"https:\/\/api.w.org\/{rel}","templated":true}]}}