{"id":72,"date":"2021-05-27T15:26:45","date_gmt":"2021-05-27T18:26:45","guid":{"rendered":"https:\/\/sites.usp.br\/naifeusp\/?page_id=72"},"modified":"2021-11-29T08:32:13","modified_gmt":"2021-11-29T11:32:13","slug":"eventos","status":"publish","type":"page","link":"https:\/\/sites.usp.br\/naifeusp\/eventos\/","title":{"rendered":"Eventos"},"content":{"rendered":"<h2 style=\"text-align: center;\">Eventos \u2013 Dispositivos da Forma\u00e7\u00e3o Inicial e Continuada<\/h2>\n<p>O NAI-FEUSP parte do institu\u00eddo\/regrado: a Universidade e a Escola P\u00fablica de Educa\u00e7\u00e3o B\u00e1sica, portadoras de rela\u00e7\u00f5es definidas, disciplinares e ordenadas, fazendo uma trajet\u00f3ria que pretende recuperar a presen\u00e7a e voz do instituinte: o movimento social, a comunidade, a hist\u00f3ria e suas temporalidades, a realidade social complexa na qual vivem os sujeitos sociais, constituindo o territ\u00f3rio onde se localizam as escolas e buscando outro modo de rela\u00e7\u00f5es formativas.<\/p>\n<p>Inspirado na pedagogia freireana e nas pr\u00e1ticas dos movimentos sociais que lutam por uma pa\u00eds mais justo, pretende a forma\u00e7\u00e3o de professores capazes de criar uma outra forma escolar, que de fato traga para a escola as quest\u00f5es de vida da comunidade atendida, para as quais deve se voltar a rela\u00e7\u00e3o pedag\u00f3gica que organiza o conhecimento.<br \/>\nComo forma e conte\u00fado, a cada semestre, a define os eixos norteadores das atividades de forma\u00e7\u00e3o.<\/p>\n<p><img fetchpriority=\"high\" decoding=\"async\" class=\"aligncenter wp-image-158 \" src=\"https:\/\/sites.usp.br\/naifeusp\/wp-content\/uploads\/sites\/945\/2021\/06\/quadro-avaliar-intitucionalmente-a-escola-2021-1024x590.png\" alt=\"\" width=\"800\" height=\"461\" data-id=\"158\" srcset=\"https:\/\/sites.usp.br\/naifeusp\/wp-content\/uploads\/sites\/945\/2021\/06\/quadro-avaliar-intitucionalmente-a-escola-2021-1024x590.png 1024w, https:\/\/sites.usp.br\/naifeusp\/wp-content\/uploads\/sites\/945\/2021\/06\/quadro-avaliar-intitucionalmente-a-escola-2021-300x173.png 300w, https:\/\/sites.usp.br\/naifeusp\/wp-content\/uploads\/sites\/945\/2021\/06\/quadro-avaliar-intitucionalmente-a-escola-2021-768x443.png 768w, https:\/\/sites.usp.br\/naifeusp\/wp-content\/uploads\/sites\/945\/2021\/06\/quadro-avaliar-intitucionalmente-a-escola-2021.png 1336w\" sizes=\"(max-width: 800px) 100vw, 800px\" \/><\/p>\n<p>Eventos que se articulam num processo formador participativo, realizado em conjunto com as escolas parceiras da REDE NAI-FEUSP.<br \/>\nEventos que integram a forma\u00e7\u00e3o continuada dos profissionais das Redes P\u00fablicas de Ensino (estadual e municipais) e fazem parte da forma\u00e7\u00e3o inicial de futuros professores, uma vez que podem ser contabilizadas como parte das horas de est\u00e1gio.<\/p>\n<p>No subitem <a href=\"https:\/\/sites.usp.br\/naifeusp\/eventos\/\">Eventos NAI<\/a> s\u00e3o listadas os eventos do NAI com o link para suas respectivas descri\u00e7\u00f5es. Em <a href=\"https:\/\/sites.usp.br\/naifeusp\/varal-interdisciplinar\/\">Varal Interdisciplinar<\/a> ficam eventos externos ao NAI que corroboram com a nossa discuss\u00e3o.<\/p>\n<p>&nbsp;<\/p>\n","protected":false},"excerpt":{"rendered":"<p>Eventos \u2013 Dispositivos da Forma\u00e7\u00e3o Inicial e Continuada O NAI-FEUSP parte do institu\u00eddo\/regrado: a Universidade e a Escola P\u00fablica de Educa\u00e7\u00e3o B\u00e1sica, portadoras de rela\u00e7\u00f5es definidas, disciplinares e ordenadas, fazendo uma trajet\u00f3ria que pretende recuperar a presen\u00e7a e voz do instituinte: o movimento social, a comunidade, a hist\u00f3ria e suas temporalidades, a realidade social complexa [&hellip;]<\/p>\n","protected":false},"author":22396,"featured_media":0,"parent":0,"menu_order":0,"comment_status":"closed","ping_status":"closed","template":"","meta":{"ocean_post_layout":"","ocean_both_sidebars_style":"","ocean_both_sidebars_content_width":0,"ocean_both_sidebars_sidebars_width":0,"ocean_sidebar":"0","ocean_second_sidebar":"0","ocean_disable_margins":"enable","ocean_add_body_class":"","ocean_shortcode_before_top_bar":"","ocean_shortcode_after_top_bar":"","ocean_shortcode_before_header":"","ocean_shortcode_after_header":"","ocean_has_shortcode":"","ocean_shortcode_after_title":"","ocean_shortcode_before_footer_widgets":"","ocean_shortcode_after_footer_widgets":"","ocean_shortcode_before_footer_bottom":"","ocean_shortcode_after_footer_bottom":"","ocean_display_top_bar":"default","ocean_display_header":"default","ocean_header_style":"","ocean_center_header_left_menu":"0","ocean_custom_header_template":"0","ocean_custom_logo":0,"ocean_custom_retina_logo":0,"ocean_custom_logo_max_width":0,"ocean_custom_logo_tablet_max_width":0,"ocean_custom_logo_mobile_max_width":0,"ocean_custom_logo_max_height":0,"ocean_custom_logo_tablet_max_height":0,"ocean_custom_logo_mobile_max_height":0,"ocean_header_custom_menu":"0","ocean_menu_typo_font_family":"0","ocean_menu_typo_font_subset":"","ocean_menu_typo_font_size":0,"ocean_menu_typo_font_size_tablet":0,"ocean_menu_typo_font_size_mobile":0,"ocean_menu_typo_font_size_unit":"px","ocean_menu_typo_font_weight":"","ocean_menu_typo_font_weight_tablet":"","ocean_menu_typo_font_weight_mobile":"","ocean_menu_typo_transform":"","ocean_menu_typo_transform_tablet":"","ocean_menu_typo_transform_mobile":"","ocean_menu_typo_line_height":0,"ocean_menu_typo_line_height_tablet":0,"ocean_menu_typo_line_height_mobile":0,"ocean_menu_typo_line_height_unit":"","ocean_menu_typo_spacing":0,"ocean_menu_typo_spacing_tablet":0,"ocean_menu_typo_spacing_mobile":0,"ocean_menu_typo_spacing_unit":"","ocean_menu_link_color":"","ocean_menu_link_color_hover":"","ocean_menu_link_color_active":"","ocean_menu_link_background":"","ocean_menu_link_hover_background":"","ocean_menu_link_active_background":"","ocean_menu_social_links_bg":"","ocean_menu_social_hover_links_bg":"","ocean_menu_social_links_color":"","ocean_menu_social_hover_links_color":"","ocean_disable_title":"default","ocean_disable_heading":"default","ocean_post_title":"","ocean_post_subheading":"","ocean_post_title_style":"","ocean_post_title_background_color":"","ocean_post_title_background":0,"ocean_post_title_bg_image_position":"","ocean_post_title_bg_image_attachment":"","ocean_post_title_bg_image_repeat":"","ocean_post_title_bg_image_size":"","ocean_post_title_height":0,"ocean_post_title_bg_overlay":0.5,"ocean_post_title_bg_overlay_color":"","ocean_disable_breadcrumbs":"default","ocean_breadcrumbs_color":"","ocean_breadcrumbs_separator_color":"","ocean_breadcrumbs_links_color":"","ocean_breadcrumbs_links_hover_color":"","ocean_display_footer_widgets":"default","ocean_display_footer_bottom":"default","ocean_custom_footer_template":"0","footnotes":"","_links_to":"","_links_to_target":""},"class_list":["post-72","page","type-page","status-publish","hentry","entry"],"_links":{"self":[{"href":"https:\/\/sites.usp.br\/naifeusp\/wp-json\/wp\/v2\/pages\/72","targetHints":{"allow":["GET"]}}],"collection":[{"href":"https:\/\/sites.usp.br\/naifeusp\/wp-json\/wp\/v2\/pages"}],"about":[{"href":"https:\/\/sites.usp.br\/naifeusp\/wp-json\/wp\/v2\/types\/page"}],"author":[{"embeddable":true,"href":"https:\/\/sites.usp.br\/naifeusp\/wp-json\/wp\/v2\/users\/22396"}],"replies":[{"embeddable":true,"href":"https:\/\/sites.usp.br\/naifeusp\/wp-json\/wp\/v2\/comments?post=72"}],"version-history":[{"count":4,"href":"https:\/\/sites.usp.br\/naifeusp\/wp-json\/wp\/v2\/pages\/72\/revisions"}],"predecessor-version":[{"id":605,"href":"https:\/\/sites.usp.br\/naifeusp\/wp-json\/wp\/v2\/pages\/72\/revisions\/605"}],"wp:attachment":[{"href":"https:\/\/sites.usp.br\/naifeusp\/wp-json\/wp\/v2\/media?parent=72"}],"curies":[{"name":"wp","href":"https:\/\/api.w.org\/{rel}","templated":true}]}}