{"id":298,"date":"2022-12-28T21:48:11","date_gmt":"2022-12-28T23:48:11","guid":{"rendered":"https:\/\/sites.usp.br\/namef\/?page_id=298"},"modified":"2026-01-25T14:32:21","modified_gmt":"2026-01-25T16:32:21","slug":"professores","status":"publish","type":"page","link":"https:\/\/sites.usp.br\/namef\/professores\/","title":{"rendered":"Professores"},"content":{"rendered":"<p><span style=\"color: #3366ff;\">Claudio Ruggieri<\/span><\/p>\n<p>Professor Titular da Escola Polit\u00e9cnica da Universidade de S\u00e3o Paulo (EPUSP). Engenheiro Naval (1983) e Mestre em Engenharia Naval (1989), ambos pela EPUSP. Recebeu o t\u00edtulo de Doctor in Engineering (Ph.D) pela Universidade de Osaka, Jap\u00e3o em 1994 onde atuou nas \u00e1reas de comportamento mec\u00e2nico de juntas soldadas com suporte do Minist\u00e9rio da Educa\u00e7\u00e3o do Jap\u00e3o (Mombusho) e Nippon Steel. Entre 1994 e 1997 foi pesquisador assistente e professor visitante do Civil Engineering Deparment, University of Ilinois at Urbana-Champaign atuando em diversos projetos associados \u00e0 modelagem computacional e integridade estrutural de componentes nucleares e aeroespaciais suportados pela NASA e US Nuclear Regulatory Commission (NRC). \u00c9 autor de diversas contribui\u00e7\u00f5es e publica\u00e7\u00f5es em peri\u00f3dicos cient\u00edficos, simp\u00f3sios e confer\u00eancias nacionais e internacionais, recipiente de pr\u00eamios e distin\u00e7\u00f5es concedidos pelo ASME e pesquisador 1A do CNPq. \u00c9 atualmente investigador principal do N\u00facleo Avan\u00e7ado em Mec\u00e2nica da Fratura e Integridade Estrutural (NAMEF) com forte atua\u00e7\u00e3o sobre (mas n\u00e3o limitada a estes) metodologias micromec\u00e2nicas e experimentais para avalia\u00e7\u00e3o de integridade estrutural, fratura e fadiga de materiais, mec\u00e2nica computacional e modelagem do comportamento de materiais e estruturas soldadas. \u00c9 tamb\u00e9m membro ativo do Comit\u00ea E08 (Fracture &amp; Fatigue) da American Society for Testing and Materials (ASTM) e membro do corpo editorial do peri\u00f3dico internacional Engineering Fracture Mechanics.<\/p>\n<p><a href=\"https:\/\/scholar.google.com\/citations?user=WFDyGvoAAAAJ\">\u202aClaudio Ruggieri\u202c &#8211; \u202aGoogle Acad\u00eamico\u202c<\/a><\/p>\n<p>&nbsp;<\/p>\n<p><span style=\"color: #3366ff;\">Diego Felipe Sarzosa Burgos<\/span><\/p>\n<p>Professor Associado, Livre Docente,\u00a0 da Escola Polit\u00e9cnica da Universidade de S\u00e3o Paulo (EPUSP). Possui gradua\u00e7\u00e3o em Engenharia Naval &#8211; Escola Superior Polit\u00e9cnica do Litoral (ESPOL), Guayaquil, Equador (2006), mestrado (2008) e doutorado (2012) em Engenharia Naval e Oce\u00e2nica pela Universidade de S\u00e3o Paulo e p\u00f3s-doutorado nas Universidades de Gent, B\u00e9lgica (2013) e Texas A&amp;M, USA (2021\/2022). Tem experi\u00eancia na \u00e1rea de Engenharia Naval e Oce\u00e2nica, com \u00eanfase em Mec\u00e2nica da Fratura e Fadiga, atuando principalmente nos seguintes temas: Projeto de Navio, fadiga de embarca\u00e7\u00f5es, fadiga de sistemas oce\u00e2nicos de produ\u00e7\u00e3o e explora\u00e7\u00e3o de \u00f3leo e g\u00e1s, integridade estrutural e mec\u00e2nica do dano usando elementos finitos.<\/p>\n<p>&nbsp;<\/p>\n<p><a href=\"https:\/\/scholar.google.com.hk\/citations?user=vWbVFvQAAAAJ&amp;hl=en\">\u202aDiego Felipe Sarzosa Burgos\u202c &#8211; \u202aGoogle Scholar\u202c<\/a><\/p>\n","protected":false},"excerpt":{"rendered":"<p>Claudio Ruggieri Professor Titular da Escola Polit\u00e9cnica da Universidade de S\u00e3o Paulo (EPUSP). Engenheiro Naval (1983) e Mestre em Engenharia&#46;&#46;&#46;<\/p>\n","protected":false},"author":23216,"featured_media":115,"parent":0,"menu_order":0,"comment_status":"closed","ping_status":"closed","template":"","meta":{"footnotes":"","_links_to":"","_links_to_target":""},"class_list":["post-298","page","type-page","status-publish","has-post-thumbnail","hentry"],"_links":{"self":[{"href":"https:\/\/sites.usp.br\/namef\/wp-json\/wp\/v2\/pages\/298","targetHints":{"allow":["GET"]}}],"collection":[{"href":"https:\/\/sites.usp.br\/namef\/wp-json\/wp\/v2\/pages"}],"about":[{"href":"https:\/\/sites.usp.br\/namef\/wp-json\/wp\/v2\/types\/page"}],"author":[{"embeddable":true,"href":"https:\/\/sites.usp.br\/namef\/wp-json\/wp\/v2\/users\/23216"}],"replies":[{"embeddable":true,"href":"https:\/\/sites.usp.br\/namef\/wp-json\/wp\/v2\/comments?post=298"}],"version-history":[{"count":4,"href":"https:\/\/sites.usp.br\/namef\/wp-json\/wp\/v2\/pages\/298\/revisions"}],"predecessor-version":[{"id":565,"href":"https:\/\/sites.usp.br\/namef\/wp-json\/wp\/v2\/pages\/298\/revisions\/565"}],"wp:featuredmedia":[{"embeddable":true,"href":"https:\/\/sites.usp.br\/namef\/wp-json\/wp\/v2\/media\/115"}],"wp:attachment":[{"href":"https:\/\/sites.usp.br\/namef\/wp-json\/wp\/v2\/media?parent=298"}],"curies":[{"name":"wp","href":"https:\/\/api.w.org\/{rel}","templated":true}]}}