{"id":303,"date":"2022-12-28T22:00:58","date_gmt":"2022-12-29T00:00:58","guid":{"rendered":"https:\/\/sites.usp.br\/namef\/?page_id=303"},"modified":"2022-12-28T22:00:58","modified_gmt":"2022-12-29T00:00:58","slug":"oportunidades","status":"publish","type":"page","link":"https:\/\/sites.usp.br\/namef\/oportunidades\/","title":{"rendered":"Oportunidades"},"content":{"rendered":"<p>Oportunidades para iniciar atividades de pesquisa de <strong>mestrado<\/strong> e <strong>doutorado<\/strong> nas \u00e1reas:<\/p>\n<p>\u2022 Modelagem computacional do fen\u00f4meno de fratura fr\u00e1gil e d\u00factil (mecanismo de fragiliza\u00e7\u00e3o por Hidrog\u00eanio)<br \/>\n\u2022 An\u00e1lise de falhas de estruturas soldadas<br \/>\n\u2022 Previs\u00e3o de fadiga de materiais usando m\u00e9todo de elementos finitos<br \/>\n\u2022 Protocolos para caracteriza\u00e7\u00e3o mec\u00e2nica de materiais met\u00e1licos e polim\u00e9ricos<br \/>\n\u2022 Falhas de materiais comp\u00f3sitos<\/p>\n<div style=\"width: 720px;\" class=\"wp-video\"><video class=\"wp-video-shortcode\" id=\"video-303-1\" width=\"720\" height=\"413\" preload=\"metadata\" controls=\"controls\"><source type=\"video\/mp4\" src=\"https:\/\/sites.usp.br\/namef\/wp-content\/uploads\/sites\/1169\/2016\/05\/CP05_e1.mp4?_=1\" \/><a href=\"https:\/\/sites.usp.br\/namef\/wp-content\/uploads\/sites\/1169\/2016\/05\/CP05_e1.mp4\">https:\/\/sites.usp.br\/namef\/wp-content\/uploads\/sites\/1169\/2016\/05\/CP05_e1.mp4<\/a><\/video><\/div>\n<p>Excelentes oportunidades de desenvolvimento na \u00e1rea de G\u00e1s e Petr\u00f3leo sobre os temas de mec\u00e2nica computacional e experimental, metodologias para an\u00e1lise de integridade de estruturas (Fadiga e Fratura), m\u00e9todos experimentais al\u00e9m da utiliza\u00e7\u00e3o de programa de elementos finitos Abaqus para modelagem de falhas de estruturas. Disponibilidade de bolsas de p\u00f3s-gradua\u00e7\u00e3o para candidatos qualificados. O ingresso no programa de p\u00f3s-gradua\u00e7\u00e3o \u00e9 feito de forma cont\u00ednuo ao longo do ano.<\/p>\n<p>Contactar Prof. Dr. Diego Sarzosa Burgos (PNV-EPUSP)<br \/>\ndsarzosa@usp.br<\/p>\n","protected":false},"excerpt":{"rendered":"<p>Oportunidades para iniciar atividades de pesquisa de mestrado e doutorado nas \u00e1reas: \u2022 Modelagem computacional do fen\u00f4meno de fratura fr\u00e1gil&#46;&#46;&#46;<\/p>\n","protected":false},"author":23216,"featured_media":0,"parent":0,"menu_order":0,"comment_status":"closed","ping_status":"closed","template":"","meta":{"footnotes":"","_links_to":"","_links_to_target":""},"class_list":["post-303","page","type-page","status-publish","hentry"],"_links":{"self":[{"href":"https:\/\/sites.usp.br\/namef\/wp-json\/wp\/v2\/pages\/303","targetHints":{"allow":["GET"]}}],"collection":[{"href":"https:\/\/sites.usp.br\/namef\/wp-json\/wp\/v2\/pages"}],"about":[{"href":"https:\/\/sites.usp.br\/namef\/wp-json\/wp\/v2\/types\/page"}],"author":[{"embeddable":true,"href":"https:\/\/sites.usp.br\/namef\/wp-json\/wp\/v2\/users\/23216"}],"replies":[{"embeddable":true,"href":"https:\/\/sites.usp.br\/namef\/wp-json\/wp\/v2\/comments?post=303"}],"version-history":[{"count":1,"href":"https:\/\/sites.usp.br\/namef\/wp-json\/wp\/v2\/pages\/303\/revisions"}],"predecessor-version":[{"id":306,"href":"https:\/\/sites.usp.br\/namef\/wp-json\/wp\/v2\/pages\/303\/revisions\/306"}],"wp:attachment":[{"href":"https:\/\/sites.usp.br\/namef\/wp-json\/wp\/v2\/media?parent=303"}],"curies":[{"name":"wp","href":"https:\/\/api.w.org\/{rel}","templated":true}]}}