{"id":79,"date":"2014-02-24T16:51:20","date_gmt":"2014-02-24T18:51:20","guid":{"rendered":"http:\/\/sites.usp.br\/namef\/?page_id=79"},"modified":"2022-12-28T19:06:12","modified_gmt":"2022-12-28T21:06:12","slug":"pagina-inicial","status":"publish","type":"page","link":"https:\/\/sites.usp.br\/namef\/pagina-inicial\/","title":{"rendered":"Hist\u00f3ria e Compet\u00eancias"},"content":{"rendered":"<p>Mec\u00e2nica da Fratura e Fadiga de Materiais<\/p>\n<p><a href=\"https:\/\/sites.usp.br\/namef\/wp-content\/uploads\/sites\/1169\/2014\/02\/FE_models-1.png\"><br \/>\n<img fetchpriority=\"high\" decoding=\"async\" class=\"size-medium wp-image-188 aligncenter\" src=\"https:\/\/sites.usp.br\/namef\/wp-content\/uploads\/sites\/1169\/2014\/02\/FE_models-1-300x284.png\" alt=\"\" width=\"300\" height=\"284\" srcset=\"https:\/\/sites.usp.br\/namef\/wp-content\/uploads\/sites\/1169\/2014\/02\/FE_models-1-300x284.png 300w, https:\/\/sites.usp.br\/namef\/wp-content\/uploads\/sites\/1169\/2014\/02\/FE_models-1-1024x968.png 1024w, https:\/\/sites.usp.br\/namef\/wp-content\/uploads\/sites\/1169\/2014\/02\/FE_models-1-768x726.png 768w, https:\/\/sites.usp.br\/namef\/wp-content\/uploads\/sites\/1169\/2014\/02\/FE_models-1-1536x1452.png 1536w, https:\/\/sites.usp.br\/namef\/wp-content\/uploads\/sites\/1169\/2014\/02\/FE_models-1-400x378.png 400w, https:\/\/sites.usp.br\/namef\/wp-content\/uploads\/sites\/1169\/2014\/02\/FE_models-1.png 1545w\" sizes=\"(max-width: 300px) 100vw, 300px\" \/><\/a><\/p>\n<p>O grupo foi fundado h\u00e1 20 anos no Departamento de Engenharia Naval e Oce\u00e2nica da Universidade de S\u00e3o Paulo pelo Prof. Claudio Ruggieri.<\/p>\n<p>Pesquisa cient\u00edfica vem sendo desenvolvida no \u00e1mbito de integridade estrutural de componentes cr\u00edticos de engenharia. As \u00e1reas de aplica\u00e7\u00e3o envolvidas s\u00e3o: Industria de explora\u00e7\u00e3o offshore\/onshore, estruturas Navais e Oce\u00e2nicas, industria Petroqu\u00edmica, entre outras.<\/p>\n<p>O grupo possui facilidades experimentais para realizar ensaios mec\u00e2nicos para caracterizar propriedades de resist\u00eancia dos materiais, tais como tra\u00e7\u00e3o, compress\u00e3o, fratura d\u00factil e fr\u00e1gil, fadiga de baixo e alto ciclo, ensaios com controle de temperatura e taxa de deforma\u00e7\u00e3o. Assim mesmo, o grupo possui grande experi\u00eancia na modelagem computacional usando o m\u00e9todo de elementos finitos em componentes estruturais.<\/p>\n","protected":false},"excerpt":{"rendered":"<p>Mec\u00e2nica da Fratura e Fadiga de Materiais O grupo foi fundado h\u00e1 20 anos no Departamento de Engenharia Naval e&#46;&#46;&#46;<\/p>\n","protected":false},"author":23216,"featured_media":270,"parent":0,"menu_order":0,"comment_status":"closed","ping_status":"closed","template":"","meta":{"footnotes":"","_links_to":"","_links_to_target":""},"class_list":["post-79","page","type-page","status-publish","has-post-thumbnail","hentry"],"_links":{"self":[{"href":"https:\/\/sites.usp.br\/namef\/wp-json\/wp\/v2\/pages\/79","targetHints":{"allow":["GET"]}}],"collection":[{"href":"https:\/\/sites.usp.br\/namef\/wp-json\/wp\/v2\/pages"}],"about":[{"href":"https:\/\/sites.usp.br\/namef\/wp-json\/wp\/v2\/types\/page"}],"author":[{"embeddable":true,"href":"https:\/\/sites.usp.br\/namef\/wp-json\/wp\/v2\/users\/23216"}],"replies":[{"embeddable":true,"href":"https:\/\/sites.usp.br\/namef\/wp-json\/wp\/v2\/comments?post=79"}],"version-history":[{"count":4,"href":"https:\/\/sites.usp.br\/namef\/wp-json\/wp\/v2\/pages\/79\/revisions"}],"predecessor-version":[{"id":285,"href":"https:\/\/sites.usp.br\/namef\/wp-json\/wp\/v2\/pages\/79\/revisions\/285"}],"wp:featuredmedia":[{"embeddable":true,"href":"https:\/\/sites.usp.br\/namef\/wp-json\/wp\/v2\/media\/270"}],"wp:attachment":[{"href":"https:\/\/sites.usp.br\/namef\/wp-json\/wp\/v2\/media?parent=79"}],"curies":[{"name":"wp","href":"https:\/\/api.w.org\/{rel}","templated":true}]}}