{"id":79,"date":"2021-01-01T00:01:20","date_gmt":"2021-01-01T02:01:20","guid":{"rendered":"http:\/\/sites.usp.br\/nanogeneskin\/?page_id=79"},"modified":"2021-10-26T17:16:49","modified_gmt":"2021-10-26T19:16:49","slug":"pagina-inicial","status":"publish","type":"page","link":"https:\/\/sites.usp.br\/nanogeneskin\/","title":{"rendered":"Home"},"content":{"rendered":"<div id=\"pl-79\"  class=\"panel-layout\" ><div id=\"pg-79-0\"  class=\"panel-grid panel-no-style\" ><div id=\"pgc-79-0-0\"  class=\"panel-grid-cell panel-grid-cell-mobile-last\" ><div id=\"panel-79-0-0-0\" class=\"so-panel widget widget_sow-slider panel-first-child panel-last-child\" data-index=\"0\" ><div\n\t\t\t\n\t\t\tclass=\"so-widget-sow-slider so-widget-sow-slider-default-6d39609536fd-79\"\n\t\t\t\n\t\t>\t\t\t\t<div class=\"sow-slider-base\" style=\"display: none\" tabindex=\"0\">\n\t\t\t\t\t<ul\n\t\t\t\t\tclass=\"sow-slider-images\"\n\t\t\t\t\tdata-settings=\"{&quot;pagination&quot;:true,&quot;speed&quot;:800,&quot;timeout&quot;:8000,&quot;paused&quot;:false,&quot;pause_on_hover&quot;:false,&quot;swipe&quot;:true,&quot;nav_always_show_desktop&quot;:&quot;&quot;,&quot;nav_always_show_mobile&quot;:&quot;&quot;,&quot;breakpoint&quot;:&quot;780px&quot;,&quot;unmute&quot;:false,&quot;anchor&quot;:null}\"\n\t\t\t\t\t\t\t\t\t\tdata-anchor-id=\"\"\n\t\t\t\t>\t\t<li class=\"sow-slider-image\" style=\"visibility: visible;\" >\n\t\t\t\t\t\t<img loading=\"lazy\" decoding=\"async\" width=\"1800\" height=\"758\" src=\"https:\/\/sites.usp.br\/nanogeneskin\/wp-content\/uploads\/sites\/624\/2020\/01\/Log-lab-azul_1920_809_0130-e1582057317659.jpg\" class=\"sow-slider-background-image\" alt=\"\" style=\"\" \/>\t\t<\/li>\n\t\t<\/ul>\t\t\t\t<ol class=\"sow-slider-pagination\">\n\t\t\t\t\t\t\t\t\t\t\t<li><a href=\"#\" data-goto=\"0\" aria-label=\"Display slide 1\"><\/a><\/li>\n\t\t\t\t\t\t\t\t\t<\/ol>\n\n\t\t\t\t<div class=\"sow-slide-nav sow-slide-nav-next\">\n\t\t\t\t\t<a href=\"#\" data-goto=\"next\" aria-label=\"Next slide\" data-action=\"next\">\n\t\t\t\t\t\t<em class=\"sow-sld-icon-thin-right\"><\/em>\n\t\t\t\t\t<\/a>\n\t\t\t\t<\/div>\n\n\t\t\t\t<div class=\"sow-slide-nav sow-slide-nav-prev\">\n\t\t\t\t\t<a href=\"#\" data-goto=\"previous\" aria-label=\"Previous slide\" data-action=\"prev\">\n\t\t\t\t\t\t<em class=\"sow-sld-icon-thin-left\"><\/em>\n\t\t\t\t\t<\/a>\n\t\t\t\t<\/div>\n\t\t\t\t<\/div><\/div><\/div><\/div><div id=\"pgc-79-0-1\"  class=\"panel-grid-cell panel-grid-cell-empty\" ><\/div><\/div><div id=\"pg-79-1\"  class=\"panel-grid panel-has-style\" ><div class=\"panel-row-style panel-row-style-for-79-1\" ><div id=\"pgc-79-1-0\"  class=\"panel-grid-cell\" ><div id=\"panel-79-1-0-0\" class=\"so-panel widget widget_sow-image panel-first-child\" data-index=\"1\" ><div\n\t\t\t\n\t\t\tclass=\"so-widget-sow-image so-widget-sow-image-default-8b5b6f678277-79\"\n\t\t\t\n\t\t>\n<div class=\"sow-image-container\">\n\t\t<img \n\tsrc=\"https:\/\/sites.usp.br\/nanogeneskin\/wp-content\/uploads\/sites\/624\/2021\/10\/figura-1_home-F1-1-scaled.jpg\" width=\"2560\" height=\"1762\" srcset=\"https:\/\/sites.usp.br\/nanogeneskin\/wp-content\/uploads\/sites\/624\/2021\/10\/figura-1_home-F1-1-scaled.jpg 2560w, https:\/\/sites.usp.br\/nanogeneskin\/wp-content\/uploads\/sites\/624\/2021\/10\/figura-1_home-F1-1-300x206.jpg 300w, https:\/\/sites.usp.br\/nanogeneskin\/wp-content\/uploads\/sites\/624\/2021\/10\/figura-1_home-F1-1-1024x705.jpg 1024w, https:\/\/sites.usp.br\/nanogeneskin\/wp-content\/uploads\/sites\/624\/2021\/10\/figura-1_home-F1-1-768x529.jpg 768w, https:\/\/sites.usp.br\/nanogeneskin\/wp-content\/uploads\/sites\/624\/2021\/10\/figura-1_home-F1-1-1536x1057.jpg 1536w, https:\/\/sites.usp.br\/nanogeneskin\/wp-content\/uploads\/sites\/624\/2021\/10\/figura-1_home-F1-1-2048x1409.jpg 2048w, https:\/\/sites.usp.br\/nanogeneskin\/wp-content\/uploads\/sites\/624\/2021\/10\/figura-1_home-F1-1-400x275.jpg 400w\" sizes=\"(max-width: 2560px) 100vw, 2560px\" alt=\"\" \t\tclass=\"so-widget-image\"\/>\n\t<\/div>\n\n<\/div><\/div><div id=\"panel-79-1-0-1\" class=\"so-panel widget widget_sow-editor panel-last-child\" data-index=\"2\" ><div\n\t\t\t\n\t\t\tclass=\"so-widget-sow-editor so-widget-sow-editor-base\"\n\t\t\t\n\t\t><h3 class=\"widget-title\">About us...<\/h3>\n<div class=\"siteorigin-widget-tinymce textwidget\">\n\t<div class=\"siteorigin-widget-tinymce textwidget\">\n<p>The overall objective of Professor Bentley\u00b4s research program is the study of mechanisms and ways to deliver topically (skin and mucosa) drugs with different physicochemical...<a href=\"https:\/\/sites.usp.br\/nanogeneskin\/bentleys-lab\/\">[...]<\/a><\/p>\n<\/div>\n<\/div>\n<\/div><\/div><\/div><div id=\"pgc-79-1-1\"  class=\"panel-grid-cell\" ><div id=\"panel-79-1-1-0\" class=\"so-panel widget widget_sow-image panel-first-child\" data-index=\"3\" ><div\n\t\t\t\n\t\t\tclass=\"so-widget-sow-image so-widget-sow-image-default-8b5b6f678277-79\"\n\t\t\t\n\t\t>\n<div class=\"sow-image-container\">\n\t\t<img \n\tsrc=\"https:\/\/sites.usp.br\/nanogeneskin\/wp-content\/uploads\/sites\/624\/2021\/10\/figura2_home_ZeVitoria_ret-scaled.jpg\" width=\"2560\" height=\"1543\" srcset=\"https:\/\/sites.usp.br\/nanogeneskin\/wp-content\/uploads\/sites\/624\/2021\/10\/figura2_home_ZeVitoria_ret-scaled.jpg 2560w, https:\/\/sites.usp.br\/nanogeneskin\/wp-content\/uploads\/sites\/624\/2021\/10\/figura2_home_ZeVitoria_ret-300x181.jpg 300w, https:\/\/sites.usp.br\/nanogeneskin\/wp-content\/uploads\/sites\/624\/2021\/10\/figura2_home_ZeVitoria_ret-1024x617.jpg 1024w, https:\/\/sites.usp.br\/nanogeneskin\/wp-content\/uploads\/sites\/624\/2021\/10\/figura2_home_ZeVitoria_ret-768x463.jpg 768w, https:\/\/sites.usp.br\/nanogeneskin\/wp-content\/uploads\/sites\/624\/2021\/10\/figura2_home_ZeVitoria_ret-1536x926.jpg 1536w, https:\/\/sites.usp.br\/nanogeneskin\/wp-content\/uploads\/sites\/624\/2021\/10\/figura2_home_ZeVitoria_ret-2048x1234.jpg 2048w, https:\/\/sites.usp.br\/nanogeneskin\/wp-content\/uploads\/sites\/624\/2021\/10\/figura2_home_ZeVitoria_ret-400x241.jpg 400w\" sizes=\"(max-width: 2560px) 100vw, 2560px\" title=\"figura2_home_ZeVitoria_ret\" alt=\"\" \t\tclass=\"so-widget-image\"\/>\n\t<\/div>\n\n<\/div><\/div><div id=\"panel-79-1-1-1\" class=\"so-panel widget widget_sow-editor panel-last-child\" data-index=\"4\" ><div\n\t\t\t\n\t\t\tclass=\"so-widget-sow-editor so-widget-sow-editor-base\"\n\t\t\t\n\t\t><h3 class=\"widget-title\">Science &amp; Lab Equipament<\/h3>\n<div class=\"siteorigin-widget-tinymce textwidget\">\n\t<p>Our mission is to develop intensive research in the field of nanotechnology and nanomedicine applied to topical and transdermal drugs and biomolecules...<a href=\"https:\/\/sites.usp.br\/nanogeneskin\/science-e-lab-equipament\/\">[...]<\/a><\/p>\n<\/div>\n<\/div><\/div><\/div><div id=\"pgc-79-1-2\"  class=\"panel-grid-cell\" ><div id=\"panel-79-1-2-0\" class=\"so-panel widget widget_sow-image panel-first-child\" data-index=\"5\" ><div\n\t\t\t\n\t\t\tclass=\"so-widget-sow-image so-widget-sow-image-default-8b5b6f678277-79\"\n\t\t\t\n\t\t>\n<div class=\"sow-image-container\">\n\t\t<img \n\tsrc=\"https:\/\/sites.usp.br\/nanogeneskin\/wp-content\/uploads\/sites\/624\/2021\/10\/figura-3_home-F3-scaled.jpg\" width=\"2560\" height=\"1707\" srcset=\"https:\/\/sites.usp.br\/nanogeneskin\/wp-content\/uploads\/sites\/624\/2021\/10\/figura-3_home-F3-scaled.jpg 2560w, https:\/\/sites.usp.br\/nanogeneskin\/wp-content\/uploads\/sites\/624\/2021\/10\/figura-3_home-F3-300x200.jpg 300w, https:\/\/sites.usp.br\/nanogeneskin\/wp-content\/uploads\/sites\/624\/2021\/10\/figura-3_home-F3-1024x683.jpg 1024w, https:\/\/sites.usp.br\/nanogeneskin\/wp-content\/uploads\/sites\/624\/2021\/10\/figura-3_home-F3-768x512.jpg 768w, https:\/\/sites.usp.br\/nanogeneskin\/wp-content\/uploads\/sites\/624\/2021\/10\/figura-3_home-F3-1536x1024.jpg 1536w, https:\/\/sites.usp.br\/nanogeneskin\/wp-content\/uploads\/sites\/624\/2021\/10\/figura-3_home-F3-2048x1365.jpg 2048w, https:\/\/sites.usp.br\/nanogeneskin\/wp-content\/uploads\/sites\/624\/2021\/10\/figura-3_home-F3-272x182.jpg 272w, https:\/\/sites.usp.br\/nanogeneskin\/wp-content\/uploads\/sites\/624\/2021\/10\/figura-3_home-F3-400x267.jpg 400w\" sizes=\"(max-width: 2560px) 100vw, 2560px\" title=\"figura 3_home F3\" alt=\"\" \t\tclass=\"so-widget-image\"\/>\n\t<\/div>\n\n<\/div><\/div><div id=\"panel-79-1-2-1\" class=\"so-panel widget widget_sow-editor panel-last-child\" data-index=\"6\" ><div\n\t\t\t\n\t\t\tclass=\"so-widget-sow-editor so-widget-sow-editor-base\"\n\t\t\t\n\t\t><h3 class=\"widget-title\">Contact Us<\/h3>\n<div class=\"siteorigin-widget-tinymce textwidget\">\n\t<p>Laborat\u00f3rio de Pesquisa e Desenvolvimento de Sistemas de Libera\u00e7\u00e3o T\u00f3pica de Base Nanotecnol\u00f3gica - Nanotechnology &amp; Gene Therapy in Skin Disorders... <a href=\"https:\/\/sites.usp.br\/nanogeneskin\/contact\/\">[...]<\/a><\/p>\n<\/div>\n<\/div><\/div><\/div><\/div><\/div><\/div>","protected":false},"excerpt":{"rendered":"<p>The overall objective of Professor Bentley\u00b4s research program is the study of mechanisms and ways to deliver topically (skin and mucosa) drugs with different physicochemical&#8230;[&#8230;] Our mission is to develop intensive research in the field of nanotechnology and nanomedicine applied to topical and transdermal drugs and biomolecules&#8230;[&#8230;] Laborat\u00f3rio de Pesquisa e Desenvolvimento de Sistemas de [&hellip;]<\/p>\n","protected":false},"author":1066,"featured_media":254,"parent":0,"menu_order":1,"comment_status":"closed","ping_status":"closed","template":"","meta":{"footnotes":"","_links_to":"","_links_to_target":""},"class_list":["post-79","page","type-page","status-publish","has-post-thumbnail","hentry"],"_links":{"self":[{"href":"https:\/\/sites.usp.br\/nanogeneskin\/wp-json\/wp\/v2\/pages\/79","targetHints":{"allow":["GET"]}}],"collection":[{"href":"https:\/\/sites.usp.br\/nanogeneskin\/wp-json\/wp\/v2\/pages"}],"about":[{"href":"https:\/\/sites.usp.br\/nanogeneskin\/wp-json\/wp\/v2\/types\/page"}],"author":[{"embeddable":true,"href":"https:\/\/sites.usp.br\/nanogeneskin\/wp-json\/wp\/v2\/users\/1066"}],"replies":[{"embeddable":true,"href":"https:\/\/sites.usp.br\/nanogeneskin\/wp-json\/wp\/v2\/comments?post=79"}],"version-history":[{"count":7,"href":"https:\/\/sites.usp.br\/nanogeneskin\/wp-json\/wp\/v2\/pages\/79\/revisions"}],"predecessor-version":[{"id":1127,"href":"https:\/\/sites.usp.br\/nanogeneskin\/wp-json\/wp\/v2\/pages\/79\/revisions\/1127"}],"wp:featuredmedia":[{"embeddable":true,"href":"https:\/\/sites.usp.br\/nanogeneskin\/wp-json\/wp\/v2\/media\/254"}],"wp:attachment":[{"href":"https:\/\/sites.usp.br\/nanogeneskin\/wp-json\/wp\/v2\/media?parent=79"}],"curies":[{"name":"wp","href":"https:\/\/api.w.org\/{rel}","templated":true}]}}