{"id":794,"date":"2021-07-01T11:56:21","date_gmt":"2021-07-01T13:56:21","guid":{"rendered":"https:\/\/sites.usp.br\/nanogeneskin\/?page_id=794"},"modified":"2021-10-26T17:33:46","modified_gmt":"2021-10-26T19:33:46","slug":"contact","status":"publish","type":"page","link":"https:\/\/sites.usp.br\/nanogeneskin\/contact\/","title":{"rendered":"Contact"},"content":{"rendered":"<p><a href=\"https:\/\/www5.usp.br\/english\/education\/graduate-studies\/\" target=\"_blank\" rel=\"noopener\">University of S\u00e3o Paulo<\/a><br \/>\n<a href=\"https:\/\/fcfrp.usp.br\/en\/\" target=\"_blank\" rel=\"noopener\">School of Pharmaceutical Sciences of Ribeir\u00e3o Preto<\/a><br \/>\nBentley\u2019s Laboratory<br \/>\nNanotechnology and Gene Therapy in Skin Disorders\u00a0\u2013 <a href=\"https:\/\/sites.usp.br\/nanogeneskin\/\" target=\"_blank\" rel=\"noopener\">NanoGeneSkin<\/a><br \/>\n<strong>nanogeneskin@usp.br<\/strong><br \/>\n<strong>+55 16 3315 4302<br \/>\n+55 16 3315 4282<\/strong><\/p>\n<p>&nbsp;<\/p>\n<p><strong>Address<br \/>\n<\/strong>USP &#8211; Universidade de S\u00e3o Paulo<br \/>\nFaculdade de Ci\u00eancias Farmac\u00eauticas de Ribeir\u00e3o Preto<br \/>\nMaria Vit\u00f3ria Brada Bentley<br \/>\nLaborat\u00f3rio de Nanotecnologia e Terapia G\u00eanica em Doen\u00e7as de Pele<\/p>\n<p>Avenida do Caf\u00e9 s\/n<br \/>\nRibeir\u00e3o Preto \u2013 S\u00e3o Paulo \u2013 Brasil<br \/>\nCEP 14040-903<\/p>\n","protected":false},"excerpt":{"rendered":"<p>University of S\u00e3o Paulo School of Pharmaceutical Sciences of Ribeir\u00e3o Preto Bentley\u2019s Laboratory Nanotechnology and Gene Therapy in Skin Disorders\u00a0\u2013 NanoGeneSkin nanogeneskin@usp.br +55 16 3315 4302 +55 16 3315 4282 &nbsp; Address USP &#8211; Universidade de S\u00e3o Paulo Faculdade de Ci\u00eancias Farmac\u00eauticas de Ribeir\u00e3o Preto Maria Vit\u00f3ria Brada Bentley Laborat\u00f3rio de Nanotecnologia e Terapia G\u00eanica em Doen\u00e7as de Pele Avenida do Caf\u00e9 s\/n Ribeir\u00e3o Preto \u2013 S\u00e3o Paulo \u2013 Brasil CEP 14040-903<\/p>\n","protected":false},"author":1066,"featured_media":0,"parent":0,"menu_order":7,"comment_status":"closed","ping_status":"closed","template":"","meta":{"footnotes":"","_links_to":"","_links_to_target":""},"class_list":["post-794","page","type-page","status-publish","hentry"],"_links":{"self":[{"href":"https:\/\/sites.usp.br\/nanogeneskin\/wp-json\/wp\/v2\/pages\/794","targetHints":{"allow":["GET"]}}],"collection":[{"href":"https:\/\/sites.usp.br\/nanogeneskin\/wp-json\/wp\/v2\/pages"}],"about":[{"href":"https:\/\/sites.usp.br\/nanogeneskin\/wp-json\/wp\/v2\/types\/page"}],"author":[{"embeddable":true,"href":"https:\/\/sites.usp.br\/nanogeneskin\/wp-json\/wp\/v2\/users\/1066"}],"replies":[{"embeddable":true,"href":"https:\/\/sites.usp.br\/nanogeneskin\/wp-json\/wp\/v2\/comments?post=794"}],"version-history":[{"count":4,"href":"https:\/\/sites.usp.br\/nanogeneskin\/wp-json\/wp\/v2\/pages\/794\/revisions"}],"predecessor-version":[{"id":820,"href":"https:\/\/sites.usp.br\/nanogeneskin\/wp-json\/wp\/v2\/pages\/794\/revisions\/820"}],"wp:attachment":[{"href":"https:\/\/sites.usp.br\/nanogeneskin\/wp-json\/wp\/v2\/media?parent=794"}],"curies":[{"name":"wp","href":"https:\/\/api.w.org\/{rel}","templated":true}]}}