{"id":924,"date":"2021-04-01T11:41:35","date_gmt":"2021-04-01T13:41:35","guid":{"rendered":"https:\/\/sites.usp.br\/nanogeneskin\/?page_id=924"},"modified":"2021-10-26T17:32:44","modified_gmt":"2021-10-26T19:32:44","slug":"publications","status":"publish","type":"page","link":"https:\/\/sites.usp.br\/nanogeneskin\/publications\/","title":{"rendered":"Publications"},"content":{"rendered":"<p><strong>2021<\/strong><\/p>\n<p>MIRANDA, M. A.; MARCATO, P. D.; MONDAL, A.; CHOWDHURY, N.; GEBEYEHU, A.; SURAPANENI, S. K.;\u00a0BENTLEY, M. V. L. B.; AMARAL, R.; PAN, C.-X.; SINGH, M. Cytotoxic and chemosensitizing effects of glycoalkaloidic extract on 2D and 3D models using RT4 and patient derived xenografts bladder cancer cells. Materials Science &amp; Engineering C-Materials for Biological Applications v. 119, p. 111460, 2021.<\/p>\n<p>LEITE, M. N.; VIEGAS, J. S. R.; PRA\u00c7A, F.G.; PAULA, N. A.;\u00a0BENTLEY, M.V. L. B.; FRADE, M. A. C.. Ex vivo model of human skin (hOSEC) for assessing the dermatokinetics of the anti-melanoma drug Dacarbazine. European Journal of Pharmaceutical Sciences, v. 160, p. 105769, 2021.<\/p>\n<p>SUZUKI, I. L.; ARAUJO, M. M. de; BAGNATO, V. S.;\u00a0BENTLEY, M. V. L. B. TNF\u03b1 siRNA delivery by nanoparticles and photochemical internalization for psoriasis topical therapy. Journal of Controlled Release, v. 338, p. 316-329, 2021.<\/p>\n<p>____________________________________________________________<br \/>\n<strong>2020<\/strong><\/p>\n<p>PRA\u00c7A, F. G.; VIEGAS, J. S. R.; PEH, H. Y.; GARBIN, T. N.; MEDINA, W. S. G.;\u00a0BENTLEY, M. V. L. B. Microemulsion co-delivering vitamin A and vitamin E as a new platform for topical treatment of acute skin inflammation. Materials Science &amp; Engineering C-Materials for Biological Applications, v. 110, p. 110639, 2020.<\/p>\n<p>DHARMASASAI; MANDAL, A.; QI, Q. M.; SUZUKI, I.;\u00a0BENTLEY, M. V. L. B.; MITRAGOTRI, S. Topical Delivery of siRNA into Skin using Ionic Liquids. Journal of Controlled Release, v. 323, p. 475-482, 2020.<\/p>\n<p>BORGHETI-CARDOSO, L. N.; VIEGAS, J. S. R.; SILVESTRINI, A. V. P.; CARON, A. L.; PRA\u00c7A, F. G.; KRAVICZ, M.;\u00a0BENTLEY, M. V. L. B. Nanotechnology approaches in the current therapy of skin cancer. Advanced Drug Delivery Reviews, v. 153, p. 109-136, 2020.<\/p>\n<p>VIEGAS, J. S. R.; PRA\u00c7A, F. G.; CARON, A. L.; SUZUKI, I.; SILVESTRINI, A. V. P.; MEDINA, W. S. G.; DEL CIAMPO, J. O.; KRAVICZ, M.;\u00a0BENTLEY, M. V. L. B.. Nanostructured lipid carrier co-delivering tacrolimus and TNF-\u03b1 siRNA as an innovate approach to psoriasis. Drug Delivery and Translational Research, v. 10, p. 646-660, 2020.<\/p>\n<p>MIRANDA, M. A.; SILVA, L. B.; CARVALHO, I. P. S.; AMARAL, R.; DE PAULA, M. H.; SWIECH, K.; BASTOS, J. K.; PASCHOAL, J. A. R.; EMERY, F. S.; REIS, R. B. dos;\u00a0BENTLEY, M. V. L. B.; MARCATO, P. D. Targeted uptake of folic acid-functionalized polymeric nanoparticles loading glycoalkaloidic extract in vitro and in vivo assays. Colloids and Surfaces B-Biointerfaces, v. 192, p. 111106, 2020.<\/p>\n<p>CAMPOS, P. M.; PRA\u00c7A, F. G.; MUSSI, S.V; FIGUEIREDO, S. A.; FANTINI, M. C. de A.; FONSECA, M. J. V.; TORCHILIN, V. P.;\u00a0BENTLEY, MARIA V. L. B. Liquid crystalline nanodispersions functionalized with cell penetrating peptides improve skin penetration and the anti-inflammatory effects of lipoic acid after in vivo skin exposure to UVB radiation. Drug Delivery and Translational Research, v. 10, p. 1810-1828, 2020.<\/p>\n<p>VIEGAS, J. S. R.; PRA\u00c7A, F. G.; KRAVICZ, M.;\u00a0BENTLEY, M. V. L. B. Therapeutic applications and delivery systems for triptolide. Drug Delivery and Translational Research, v. 10, p. 1584-1600, 2020.<\/p>\n<p>SILVESTRINI, A. V. P.; CARON, A. L.; VIEGAS, J.; PRA\u00c7A, F. G.;\u00a0BENTLEY, M. V. L. B. Advances in lyotropic liquid crystal systems for skin drug delivery. Expert Opinion on Drug Delivery, v. 17, p. 1781-1805, 2020.<\/p>\n<p>____________________________________________________________<br \/>\n<strong>2019<\/strong><\/p>\n<p>MIRANDA, M. A.; MARCATO, P. D.; CARVALHO, I. P. S.; SILVA, L. B.; RIBEIRO, D. L.; AMARAL, R.; SWIECH, K.; BASTOS, J. K.; PASCHOAL, J. A. R.; REIS, R. B. ; BENTLEY, M. V. L. B. Assessing the cytotoxic potential of glycoalkaloidic extract in nanoparticles against bladder cancer cells. JOURNAL OF PHARMACY AND PHARMACOLOGY , v. 71, p. 1520-1531, 2019.<\/p>\n<p>KRAVICZ, M. H.; BALOGH, D. T.; KAR, M.; WEDEPOHL, S.; BENTLEY, M. V. L. B.; CALDER\u00d3N, M. Influence of Alkyl Chains of Modified Polysuccinimide-Based Polycationic Polymers on Polyplex Formation and Transfection. MACROMOLECULAR BIOSCIENCE , v. 19, p. 1900117, 2019.<\/p>\n<p>____________________________________________________________<\/p>\n<p><strong>2018<\/strong><\/p>\n<p>PRA\u00c7A, F. S. G.; MEDINA, W. S. G.; ELOY, J. O.;\u00a0PETRILLI, R.; CAMPOS, P. M.; ASCENSO, A.;\u00a0BENTLEY, M. V. L. B. Evaluation of critical parameters for in vitro skin permeation and penetration studies using animal skin models. EUROPEAN JOURNAL OF PHARMACEUTICAL SCIENCES , v. 111, p. 121-132, 2018.<\/p>\n<p>TOFANI, L. B.; DEPIERI, L. V.; CAMPOS, P. M.; Riul, T. B.; SWIECH, K.;\u00a0FANTINI, M. C.;\u00a0BENTLEY, M.V. B. In Vitro TyRP-1 Knockdown Based on siRNA Carried by Liquid Crystalline Nanodispersions: an Alternative Approach for Topical Treatment of Vitiligo. PHARMACEUTICAL RESEARCH , v. 35, p. 104-117, 2018.<\/p>\n<p>ROSA, J.; SUZUKI, I.; KRAVICZ, M.; CARON, A.; PUPO, A. V.; PRACA, F. G.; BENTLEY, MARIA V. L. B. Current non-viral siRNA delivery systems as a promising treatment of skin diseases. CURRENT PHARMACEUTICAL DESIGN, v. 24, p. 2644-2663, 2018.<\/p>\n<p>PRA\u00c7A, F. G.; BENTLEY, M.V. L. B. Advances in Specific Gene Knockdown of Therapeutic Targets by RNA Interference. CURRENT PHARMACEUTICAL DESIGN, v. 24, p. 2631-2631, 2018.<\/p>\n<p>AZARITE S., M. J. ; PRA\u00c7A, F. G.; PEH, H. Y.; FOLONI, A. R.; SILVA, D. A. da; CARVALHO, B. M. de; BENTLEY, M. V. L. B.; MEDINA, W. S. G. Preparation and physicochemical characterization of Glyceryl monoolein bearing Cubosomes to improve Vitamin E delivery into the skin: A proposal for skin cancer prevention. Drug Delivery Letters, v. 08, p. 234-241, 2018.<\/p>\n<p>ALMEIDA, E. D. P. ; D., L. V. ; ROSSETTI, F. C.;\u00a0MARCHETTI, J. M.; BENTLEY, M. V. L. B.; NUNES, R. S.; SARMENTO, V. H. V.; VALERIO, M. E. G; J\u00daNIOR, J. J. R.; MONTALV\u00c3O, M. M.; CORREA, C. B.; LIRA, A. A. M.. Skin permeation, biocompatibility and antitumor effect of chloroaluminum phthalocyanine associated to oleic acid in lipid nanoparticles. Photodiagnosis and Photodynamic Therapy, v. 24, p. 262-273, 2018.<\/p>\n<p>____________________________________________________________<\/p>\n<p><strong>2017<\/strong><\/p>\n<p>ALIBERTI, A. L. M.; QUEIROZ, A. C. DE; PRA\u00c7A, F. S. G.; ELOY, J. O.; BENTLEY, M. V. L. B.; MEDINA, W. S. G. Ketoprofen Microemulsion for Improved Skin Delivery and In Vivo Anti-inflammatory Effect. AAPS PharmSciTech , v. 1, p. 1-9, 2017.<\/p>\n<p>BORGHETI-CARDOSO, L. N.; KOOIJMANS, S. A. A.; FENS, M. H. A. M.; DER MEEL, R. van; VICENTINI, F. T. M. de C.; FANTINI, M. C. de A.; BENTLEY, M. V. L. B. ; SCHIFFELERS, R. M.\u00a0<em>In Situ<\/em>\u00a0Gelling Liquid Crystalline System as Local siRNA Delivery System. MOLECULAR PHARMACEUTICS , v. 14, p. 1681-1690, 2017.<\/p>\n<p>GARCIA, F. S.; PETRILLI, R.; ELOY, J. O.; LEE, R. J.;\u00a0BENTLEY, M. V. L. B. Liquid-Crystalline Nanodispersions Containing Monoolein for Photodynamic Therapy of Skin Diseases: A Mini-Review. Current Nanoscience , v. 13, p. 528-535, 2017.<\/p>\n<p>____________________________________________________________<\/p>\n<p><strong>2016<\/strong><\/p>\n<p>ROSSETTI, F. C.;\u00a0DEPIERI, L. V.; PRA\u00c7A, F. G.; Ciampo, Jos\u00e9 Orestes Del; FANTINI, M. C. de A.;\u00a0PIERRE, M. B. R.;\u00a0TEDESCO, A. C.;\u00a0BENTLEY, M. V. L. B.. Optimization of protoporphyrin IX skin delivery for topical photodynamic therapy: Nanodispersions of liquid-crystalline phase as nanocarriers. European Journal of Pharmaceutical Sciences , v. 83, p. 99-108, 2016.<\/p>\n<p>PETRILLI, R.; ELOY, J. O.; GARCIA, F. S.; CIAMPO, J. O. del;\u00a0FANTINI, M. C.;\u00a0FONSECA, M. J. V.;\u00a0BENTLEY, M. V .L. B. Liquid Crystalline Nanodispersions Functionalized with Cell-Penetrating Peptides for Topical Delivery of Short-Interfering RNAs: A Proposal for Silencing a Pro-Inflammatory Cytokine in Cutaneous Diseases. Journal of Biomedical Nanotechnology , v. 12, p. 1063-1075, 2016.<\/p>\n<p>DEPIERI, L. V.\u00a0; BORGHETI, L. N.; CAMPOS, P. M.; OTAGUIRI, K. K.;\u00a0VICENTINI, F. T. M. de C.;\u00a0Lopes, Luciana B.\u00a0; FONSECA, M. J. V. ;\u00a0BENTLEY, M. V. L. B. RNAi mediated IL-6 in vitro knockdown in psoriasis skin model with topical siRNA delivery system based on liquid crystalline phase. European Journal of Pharmaceutics and Biopharmaceutics , v. 105, p. 50-58, 2016.<\/p>\n<p>BORGHETI, L. N.; DEPIERI, L. M.; VICENTINI, F. T. M. de C.;\u00a0BENTLEY, M. V. L. B. Terapia de interfer\u00eancia por RNA. Ci\u00eancia Hoje, v. 56, p. 40-43, 2016.<\/p>\n<p>LEZAMA-D\u00c1VILA, C. M.; MCCHESNEY, J. D.; Bastos, J. K.; MIRANDA, M. A.; TIOSSI, R. F.; DA COSTA, J. DE C.;\u00a0BENTLEY, M. V.; GAITAN-PUCH, S. E.; ISAAC-M\u00c1RQUEZ, A. P. A New Antileishmanial Preparation of Combined Solamargine and Solasonine Heals Cutaneous Leishmaniasis through Different Immunochemical Pathways. Antimicrobial Agents and Chemotherapy (Print) , v. 60, p. 2732-2738, 2016.<\/p>\n<p>BORGHETI-CARDOSO, L. N.;\u00a0VICENTINI, F. T. M. de C.; GRATIERI, T. ;\u00a0BENTLEY, M. V. L. B. Liquid crystalline systems containing Vitamin E TPGS for the controlled transdermal nicotine delivery. Brazilian Journal of Pharmaceutical Sciences (Online) , v. 52, p. 191-200, 2016.<\/p>\n<p>MENEZES, A. C.; CAMPOS, P. M.; EULET\u00c9RIO, C.; SIM\u00d5ES, S.; PRA\u00c7A, F. S. G.;\u00a0BENTLEY, M. V. L. B.; ASCENSO, A. Development and characterization of novel 1-(1-Naphthyl)piperazine-loaded lipid vesicles for prevention of UV-induced skin inflammation. European Journal of Pharmaceutics and Biopharmaceutics , v. 104, p. 101-109, 2016.<\/p>\n<p>____________________________________________________________<\/p>\n<p><strong>2015<\/strong><\/p>\n<p>BORGHETI-CARDOSO, L. N.\u00a0;\u00a0DEPIERI, L. V.; KOOIJMANS, S. A. A.; DINIZ, H.; CALZZANI, R. A. J.;\u00a0VICENTINI, F. T. M. de C.; DER MEEL, R. van; FANTINI, M. C. de A.;\u00a0IYOMASA, M. M.; SCHIFFELERS, R. M.;\u00a0BENTLEY, M. V. L. B. An in situ gelling liquid crystalline system based on monoglycerides and polyethylenimine for local delivery of siRNAs. European Journal of Pharmaceutical Sciences , v. 74, p. 103-117, 2015.<\/p>\n<p>DEPIERI, L. V.; PRA\u00c7A, F. S. G.; CAMPOS, P. M.; BENTLEY, M. V.\u00a0L. B. Advances in the bioanalytical study of drug delivery across the skin. Therapeutic Delivery, v. 6, p. 173-196, 2015.<\/p>\n<p>CAMPOS, P. M.; PRA\u00c7A, F. S. G.;\u00a0BENTLEY, M. V. L. B. Quantification of lipoic acid from skin samples by HPLC using ultraviolet, electrochemical and evaporative light scattering detectors. Journal of Chromatography. B (Print) , v. 1, p. 1-20, 2015.<\/p>\n<p>LOPES, L. B.; J GARCIA, M. T.; BENTLEY, M. V. L. B. Chemical penetration enhancers. Therapeutic Delivery, v. 6, p. 1053-1061, 2015.<\/p>\n<p>ASCENSO, A.; BATISTA, C.; CARDOSO, P.; MENDES, T.; PRA\u00c7A, F.; BENTLEY, V.; RAPOSO, S.; SIM\u00d5ES, S. Development, characterization, and skin delivery studies of related ultradeformable vesicles: transfersomes, ethosomes, and transethosomes. International Journal of Nanomedicine (Online) , v. 10, p. 5837-5851, 2015.<\/p>\n<p>FREITAS, J. V.; PRA\u00c7A, F. S. G.; BENTLEY, M. V. L. B.; GASPAR, L. R. Trans-resveratrol and beta-carotene from sunscreens penetrate viable skin layers and reduce cutaneous penetration of UV-filters. International Journal of Pharmaceutics (Print) , v. 484, p. 131-137, 2015.<\/p>\n<p>____________________________________________________________<\/p>\n<p><strong>2014<\/strong><\/p>\n<p>TIOSSI, R. F. J. ; COSTA, J. C.\u00a0;\u00a0Miranda, M. A.; GARCIA, F. S. Mcchesney, J. D.;\u00a0BENTLEY, M. V. L. B.;\u00a0BASTOS, J. K. In vitro and in vivo evaluation of the delivery of topical formulations containing glycoalkaloids of Solanum lycocarpum fruits. European Journal of Pharmaceutics and Biopharmaceutics , v. 88, p. 28-33, 2014.<\/p>\n<p>BORGHETI, L. N. ; DEPIERI, L. V.; DINIZ, H.; CALZZANI, R. A. J.;\u00a0FANTINI, M. C\u00a0;\u00a0IYOMASA, M. M.\u00a0;\u00a0VICENTINI, F. T. M. de C.\u00a0;\u00a0BENTLEY, M. V. L. B.\u00a0. Self-assembling gelling formulation based on a crystalline-phase liquid as a non-viral vector for siRNA delivery. European Journal of Pharmaceutical Sciences , v. 58, p. 72-82, 2014.<\/p>\n<p>ASCENSO, A.; SALGADO, A.; EULET\u00c9RIO, C.; PRA\u00c7A, F. G.; BENTLEY, M. V. L. B.; MARQUES, H. C.; OLIVEIRA, H.; SANTOS, C.; SIM\u00d5ES, S. In vitro and in vivo topical delivery studies of tretinoin-loaded ultradeformable vesicles. European Journal of Pharmaceutics and Biopharmaceutics , v. 88, p. 48-55, 2014.<\/p>\n<p>____________________________________________________________<\/p>\n<p><strong>2013<\/strong><\/p>\n<p>FINKLER, C. L.;\u00a0SANTANA, M. H. A.;\u00a0BENTLEY, M. V. L. B. Physicochemical characterization of surfactant incorporating vesicles that incorporate colloidal magnetite. Journal of Liposome Research , v. 23, p. 47-53, 2013.<\/p>\n<p>VICENTINI, F. T. M. DE C.;\u00a0BORGHETI-CARDOSO, L. N.;\u00a0DEPIERI, L. V.; MANO, D.\u00a0M.;\u00a0ABELHA, T. F.;\u00a0PETRILLI, R.;\u00a0BENTLEY, M. V. L. B. Delivery Systems and Local Administration Routes for Therapeutic siRNA. Pharmaceutical Research , v. 30, p. 915-931, 2013.<\/p>\n<p>PETRILLI, R.;\u00a0CAROLLO, A. R. H.;\u00a0OLIVEIRA, K. T.;\u00a0FANTINI, M. C.; NEVES, M. G. P. M. S.; CAVALEIRO, J. A. S.;\u00a0SERRA, O.;\u00a0IAMAMOTO, Y.;\u00a0BENTLEY, M. V. L. B. Nanoparticles of Lyotropic Liquid Crystals: A Novel Strategy for the Topical Delivery of a Chlorin Derivative for Photodynamic Therapy of Skin Cancer. Current Nanoscience , v. 9, p. 434-441, 2013.<\/p>\n<p>SILVA, C. L.\u00a0; Ciampo, J. O. del;\u00a0Rossetti, F. C.;\u00a0Bentley, M. V. L. B.;\u00a0PIERRE, M. B. R. PLGA Nanoparticles as Delivery Systems for Protoporphyrin IX in Topical PDT: Cutaneous Penetration of Photosensitizer Observed by Fluorescence Microscopy. Journal of Nanoscience and Nanotechnology (Print) , v. 13, p. 6533-6540, 2013.<\/p>\n<p>VICENTINI, F. T. M. de C.;\u00a0DEPIERI, L. V.;\u00a0POLIZELLO, A. C. M.; Ciampo, Jos\u00e9 Orestes del; SPADARO, A. C. C.; FANTINI, M. C. A.; BENTLEY, M.\u00a0V. L. B. Liquid crystalline phase nanodispersions enable skin delivery of siRNA. European Journal of Pharmaceutics and Biopharmaceutics , v. 83, p. 16-24, 2013.<\/p>\n<p>ASCENSO, A.; PINHO, S.; ELEUT\u00c9RIO, C.; PRA\u00c7A, F. G.; BENTLEY, Maria V. L. B.; OLIVEIRA, H.; SANTOS, C.; SILVA, O.; SIM\u00d5ES, S. Lycopene from Tomatoes: Vesicular Nanocarrier Formulations for Dermal Delivery. Journal of Agricultural and Food Chemistry , v. 61, p. 7284-7293, 2013.<\/p>\n<p>DA SILVA, C. L.\u00a0; CIAMPO, J. O. del;\u00a0ROSSETTI, F. C.\u00a0;\u00a0BENTLEY, M. V. L. B.; PIERRE, M. B. R. Improved\u00a0<em>In vitro<\/em>\u00a0and\u00a0<em>In vivo<\/em>\u00a0Cutaneous Delivery of Protoporphyrin IX from PLGA-based Nanoparticles. Photochemistry and Photobiology, v. 89, p. n\/a-n\/a, 2013.<\/p>\n<p>____________________________________________________________<\/p>\n<p><strong>2012<\/strong><\/p>\n<p>ISSA, J. P. M.;\u00a0DEFINO, H. L. A.; PEREIRA, Y. C. L.; NETTO, J. C.; SEBALD, W.;\u00a0BENTLEY, M. V. L. B.;\u00a0IYOMASA, M. M.; ERVOLINO, E. Bone repair investigation using rhBMP-2 and angiogenic protein extracted from latex. Microscopy Research and Technique (Print) , v. 75, p. 145-152, 2012.<\/p>\n<p>TIOSSI, R. F. J.; MIRANDA, M. A.; Sousa, J. P. B. de;\u00a0PRA\u00c7A, F. S. G.;\u00a0BENTLEY, M. V. L. B.; MCCHESNEY, J. D.;\u00a0BASTOS, J. K. A Validated Reverse Phase HPLC Analytical Method for Quantitation of Glycoalkaloids in Solanum lycocarpum and Its Extracts. Journal of Analytical Methods in Chemistry , v. 2012, p. 1-8, 2012.<\/p>\n<p>PRA\u00c7A, F. S. G.; GARCIA, W. S.;\u00a0PETRILLI, R.;\u00a0BENTLEY, M. V. L. B. Liquid Crystal Nanodispersions Enable the Cutaneous Delivery of Photosensitizer for Topical PDT: Fluorescence Microscopy Study of Skin Penetration. Current Nanoscience, v. 8, p. 535-540, 2012.<\/p>\n<p>MINARINI, P. R. R.; SOUZA, A. O.\u00a0de;\u00a0SOARES, E. G.;\u00a0BARATA, L. E. S.; SILVA, C. L.;\u00a0BENTLEY, M. V. L. B. Antimycobacterial activity of 2-phenoxy-1-phenylethanone, a synthetic analogue of neolignan, entrapped in polymeric microparticles. Drug Development and Industrial Pharmacy (Print) , v. 38, p. 259-263, 2012.<\/p>\n<p>TIOSSI, R. J.; COSTA, J. C.;\u00a0MIRANDA, M. A.; GARCIA, F. S.; MCCHESNEY, J. D.;\u00a0BENTLEY, M. V. L. B.;\u00a0BASTOS, J. K. A validated HPLC analytical method for the analysis of solasonine and solamargine in in vitro skin penetration studies. Qu\u00edmica Nova (Impresso) , v. 35, p. 2312-2316, 2012.<\/p>\n<p>ISSA, J. P. M.; DEFINO, H. L. A.; SEBALD, W.; COUTINHO-NETTO, J.;\u00a0IYOMASA, M. M.;\u00a0SHIMANO, A. C.;\u00a0BENTLEY, M. V. L. B.; PITOL, D. L. Biological evaluation of the bone healing process after application of two potentially osteogenic proteins: an animal experimental model. Gerodontology , v. 29, p. 258-264, 2012.<\/p>\n<p>____________________________________________________________<\/p>\n<p><strong>2011<\/strong><\/p>\n<p>VICENTINI, F. T. M. C.\u00a0;\u00a0VAZ, M. M. O. L. L.;\u00a0FONSECA, Y. M.;\u00a0BENTLEY, M. V. L. B.; FONSECA, M. J. V. Characterization and stability study of a water-in-oil microemulsion incorporating quercetin. Drug Development and Industrial Pharmacy (Print) , v. 37, p. 47-55, 2011.<\/p>\n<p>ROSSETTI, F\u00e1bia Cristina\u00a0;\u00a0Fantini, M\u00e1rcia C. A.\u00a0;\u00a0Carollo, Aline Regina H.\u00a0;\u00a0TEDESCO, Ant\u00f4nio Cl\u00e1udio\u00a0; Lopes Badra Bentley, Maria Vit\u00f3ria ;\u00a0BENTLEY, Maria Vit\u00f3ria Lopes Badra\u00a0. Analysis of liquid crystalline nanoparticles by small angle X-ray diffraction: Evaluation of drug and pharmaceutical additives influence on the internal structure. Journal of Pharmaceutical Sciences , v. 100, p. 2849-2857, 2011.<\/p>\n","protected":false},"excerpt":{"rendered":"<p>2021 MIRANDA, M. A.; MARCATO, P. D.; MONDAL, A.; CHOWDHURY, N.; GEBEYEHU, A.; SURAPANENI, S. K.;\u00a0BENTLEY, M. V. L. B.; AMARAL, R.; PAN, C.-X.; SINGH, M. Cytotoxic and chemosensitizing effects of glycoalkaloidic extract on 2D and 3D models using RT4 and patient derived xenografts bladder cancer cells. Materials Science &amp; Engineering C-Materials for Biological Applications v. 119, p. 111460, 2021. LEITE, M. N.; VIEGAS, J. S. R.; PRA\u00c7A, F.G.; PAULA, N. A.;\u00a0BENTLEY, M.V. L. B.; FRADE, M. A. C.. Ex vivo model of human skin (hOSEC) for assessing the dermatokinetics of the anti-melanoma drug Dacarbazine. European Journal of Pharmaceutical Sciences, v. 160, p. 105769, 2021. SUZUKI, I. L.; ARAUJO, M. M. de; BAGNATO, V. S.;\u00a0BENTLEY, M. V. L. B. TNF\u03b1 siRNA delivery by nanoparticles and photochemical internalization for psoriasis topical therapy. Journal of Controlled Release, v. 338, p. 316-329, 2021. ____________________________________________________________ 2020 PRA\u00c7A, F. G.; VIEGAS, J. S. R.; PEH, H. Y.; GARBIN, T. N.; MEDINA, W. S. G.;\u00a0BENTLEY, M. V. L. B. Microemulsion co-delivering vitamin A and vitamin E as a new platform for topical treatment of acute skin inflammation. Materials Science &amp; Engineering C-Materials for Biological Applications, v. 110, p. 110639, 2020. DHARMASASAI; MANDAL, A.; QI, Q. M.; [&#8230;]<\/p>\n","protected":false},"author":1066,"featured_media":0,"parent":0,"menu_order":4,"comment_status":"closed","ping_status":"closed","template":"","meta":{"footnotes":"","_links_to":"","_links_to_target":""},"class_list":["post-924","page","type-page","status-publish","hentry"],"_links":{"self":[{"href":"https:\/\/sites.usp.br\/nanogeneskin\/wp-json\/wp\/v2\/pages\/924","targetHints":{"allow":["GET"]}}],"collection":[{"href":"https:\/\/sites.usp.br\/nanogeneskin\/wp-json\/wp\/v2\/pages"}],"about":[{"href":"https:\/\/sites.usp.br\/nanogeneskin\/wp-json\/wp\/v2\/types\/page"}],"author":[{"embeddable":true,"href":"https:\/\/sites.usp.br\/nanogeneskin\/wp-json\/wp\/v2\/users\/1066"}],"replies":[{"embeddable":true,"href":"https:\/\/sites.usp.br\/nanogeneskin\/wp-json\/wp\/v2\/comments?post=924"}],"version-history":[{"count":4,"href":"https:\/\/sites.usp.br\/nanogeneskin\/wp-json\/wp\/v2\/pages\/924\/revisions"}],"predecessor-version":[{"id":961,"href":"https:\/\/sites.usp.br\/nanogeneskin\/wp-json\/wp\/v2\/pages\/924\/revisions\/961"}],"wp:attachment":[{"href":"https:\/\/sites.usp.br\/nanogeneskin\/wp-json\/wp\/v2\/media?parent=924"}],"curies":[{"name":"wp","href":"https:\/\/api.w.org\/{rel}","templated":true}]}}