{"id":2806,"date":"2022-07-25T16:29:45","date_gmt":"2022-07-25T19:29:45","guid":{"rendered":"https:\/\/sites.usp.br\/nap_emocoes\/?page_id=2806"},"modified":"2022-09-06T14:47:43","modified_gmt":"2022-09-06T17:47:43","slug":"sobre","status":"publish","type":"page","link":"https:\/\/sites.usp.br\/nap_emocoes\/sobre\/","title":{"rendered":"Sobre o NAP Emo\u00e7\u00f5es"},"content":{"rendered":"\t\t<div data-elementor-type=\"wp-page\" data-elementor-id=\"2806\" class=\"elementor elementor-2806\" data-elementor-post-type=\"page\">\n\t\t\t\t\t\t<section class=\"elementor-section elementor-top-section elementor-element elementor-element-3100032 elementor-section-boxed elementor-section-height-default elementor-section-height-default\" data-id=\"3100032\" data-element_type=\"section\">\n\t\t\t\t\t\t<div class=\"elementor-container elementor-column-gap-default\">\n\t\t\t\t\t<div class=\"elementor-column elementor-col-100 elementor-top-column elementor-element elementor-element-bdbabf7\" data-id=\"bdbabf7\" data-element_type=\"column\">\n\t\t\t<div class=\"elementor-widget-wrap elementor-element-populated\">\n\t\t\t\t\t\t<div class=\"elementor-element elementor-element-73c1b5f elementor-headline--style-highlight elementor-widget elementor-widget-animated-headline\" data-id=\"73c1b5f\" data-element_type=\"widget\" data-settings=\"{&quot;marker&quot;:&quot;double_underline&quot;,&quot;highlighted_text&quot;:&quot;EMO\\u00c7\\u00d5ES&quot;,&quot;highlight_animation_duration&quot;:1255,&quot;headline_style&quot;:&quot;highlight&quot;}\" data-widget_type=\"animated-headline.default\">\n\t\t\t\t<div class=\"elementor-widget-container\">\n\t\t\t\t\t<h3 class=\"elementor-headline\">\n\t\t\t\t\t<span class=\"elementor-headline-plain-text elementor-headline-text-wrapper\">N\u00daCLEO DE APOIO \u00c0 PESQUISA EM EXPRESS\u00c3O DAS <\/span>\n\t\t\t\t<span class=\"elementor-headline-dynamic-wrapper elementor-headline-text-wrapper\">\n\t\t\t\t\t<span class=\"elementor-headline-dynamic-text elementor-headline-text-active\">EMO\u00c7\u00d5ES<\/span>\n\t\t\t\t<\/span>\n\t\t\t\t\t<span class=\"elementor-headline-plain-text elementor-headline-text-wrapper\">NO HOMEM E NOS ANIMAIS <\/span>\n\t\t\t\t\t<\/h3>\n\t\t\t\t<\/div>\n\t\t\t\t<\/div>\n\t\t\t\t<div class=\"elementor-element elementor-element-acb4b3e elementor-widget elementor-widget-spacer\" data-id=\"acb4b3e\" data-element_type=\"widget\" data-widget_type=\"spacer.default\">\n\t\t\t\t<div class=\"elementor-widget-container\">\n\t\t\t\t\t<div class=\"elementor-spacer\">\n\t\t\t<div class=\"elementor-spacer-inner\"><\/div>\n\t\t<\/div>\n\t\t\t\t<\/div>\n\t\t\t\t<\/div>\n\t\t\t\t\t<\/div>\n\t\t<\/div>\n\t\t\t\t\t<\/div>\n\t\t<\/section>\n\t\t\t\t<section class=\"elementor-section elementor-top-section elementor-element elementor-element-6590f08 elementor-section-boxed elementor-section-height-default elementor-section-height-default\" data-id=\"6590f08\" data-element_type=\"section\">\n\t\t\t\t\t\t<div class=\"elementor-container elementor-column-gap-default\">\n\t\t\t\t\t<div class=\"elementor-column elementor-col-100 elementor-top-column elementor-element elementor-element-587851a\" data-id=\"587851a\" data-element_type=\"column\" data-settings=\"{&quot;background_background&quot;:&quot;classic&quot;}\">\n\t\t\t<div class=\"elementor-widget-wrap elementor-element-populated\">\n\t\t\t\t\t\t<div class=\"elementor-element elementor-element-1bb8c77 elementor-widget elementor-widget-heading\" data-id=\"1bb8c77\" data-element_type=\"widget\" data-widget_type=\"heading.default\">\n\t\t\t\t<div class=\"elementor-widget-container\">\n\t\t\t<h2 class=\"elementor-heading-title elementor-size-default\">Nosso objetivo<\/h2>\t\t<\/div>\n\t\t\t\t<\/div>\n\t\t\t\t<div class=\"elementor-element elementor-element-78aa8fc elementor-widget elementor-widget-text-editor\" data-id=\"78aa8fc\" data-element_type=\"widget\" data-widget_type=\"text-editor.default\">\n\t\t\t\t<div class=\"elementor-widget-container\">\n\t\t\t\t\t\t\t<p><span class=\"JsGRdQ\">O NAP Emo\u00e7\u00f5es tem como objetivo promover a interdisciplinaridade na organiza\u00e7\u00e3o da pesquisa cient\u00edfica com \u00eanfase na tem\u00e1tica das emo\u00e7\u00f5es, associando pesquisadores de compet\u00eancias complementares.<\/span><\/p>\t\t\t\t\t\t<\/div>\n\t\t\t\t<\/div>\n\t\t\t\t\t<\/div>\n\t\t<\/div>\n\t\t\t\t\t<\/div>\n\t\t<\/section>\n\t\t\t\t<section class=\"elementor-section elementor-top-section elementor-element elementor-element-62b23fb elementor-section-boxed elementor-section-height-default elementor-section-height-default\" data-id=\"62b23fb\" data-element_type=\"section\">\n\t\t\t\t\t\t<div class=\"elementor-container elementor-column-gap-default\">\n\t\t\t\t\t<div class=\"elementor-column elementor-col-100 elementor-top-column elementor-element elementor-element-83c1efa\" data-id=\"83c1efa\" data-element_type=\"column\">\n\t\t\t<div class=\"elementor-widget-wrap elementor-element-populated\">\n\t\t\t\t\t\t<div class=\"elementor-element elementor-element-b4410d1 elementor-widget elementor-widget-spacer\" data-id=\"b4410d1\" data-element_type=\"widget\" data-widget_type=\"spacer.default\">\n\t\t\t\t<div class=\"elementor-widget-container\">\n\t\t\t\t\t<div class=\"elementor-spacer\">\n\t\t\t<div class=\"elementor-spacer-inner\"><\/div>\n\t\t<\/div>\n\t\t\t\t<\/div>\n\t\t\t\t<\/div>\n\t\t\t\t<div class=\"elementor-element elementor-element-64d5552 elementor-widget elementor-widget-heading\" data-id=\"64d5552\" data-element_type=\"widget\" data-widget_type=\"heading.default\">\n\t\t\t\t<div class=\"elementor-widget-container\">\n\t\t\t<h2 class=\"elementor-heading-title elementor-size-default\">Nossa inspira\u00e7\u00e3o<\/h2>\t\t<\/div>\n\t\t\t\t<\/div>\n\t\t\t\t<div class=\"elementor-element elementor-element-7083c66 elementor-widget elementor-widget-text-editor\" data-id=\"7083c66\" data-element_type=\"widget\" data-widget_type=\"text-editor.default\">\n\t\t\t\t<div class=\"elementor-widget-container\">\n\t\t\t\t\t\t\t<p><span class=\"JsGRdQ\">Darwin foi um pioneiro no estudo das emo\u00e7\u00f5es, tendo publicado em 1872 o livro A express\u00e3o das emo\u00e7\u00f5es no homem e nos animais. A nossa proposta de um N\u00facleo de Apoio \u00e0 Pesquisa em Express\u00e3o das Emo\u00e7\u00f5es no Homem e nos Animais tem como base o legado de Darwin sobre o valor comunicativo das emo\u00e7\u00f5es. Os projetos que integram a nossa proposta baseiam-se na teoria darwiniana e em novos conhecimentos possibilitados por metodologias inovadoras e avan\u00e7os tecnol\u00f3gicos, no que diz respeito \u00e0s tr\u00eas dimens\u00f5es das emo\u00e7\u00f5es: express\u00e3o, compreens\u00e3o e regula\u00e7\u00e3o.<\/span><\/p>\t\t\t\t\t\t<\/div>\n\t\t\t\t<\/div>\n\t\t\t\t\t<\/div>\n\t\t<\/div>\n\t\t\t\t\t<\/div>\n\t\t<\/section>\n\t\t\t\t<section class=\"elementor-section elementor-top-section elementor-element elementor-element-3bf7eb2 elementor-section-boxed elementor-section-height-default elementor-section-height-default\" data-id=\"3bf7eb2\" data-element_type=\"section\" data-settings=\"{&quot;background_background&quot;:&quot;classic&quot;}\">\n\t\t\t\t\t\t<div class=\"elementor-container elementor-column-gap-default\">\n\t\t\t\t\t<div class=\"elementor-column elementor-col-100 elementor-top-column elementor-element elementor-element-a6435e6\" data-id=\"a6435e6\" data-element_type=\"column\">\n\t\t\t<div class=\"elementor-widget-wrap elementor-element-populated\">\n\t\t\t\t\t\t<div class=\"elementor-element elementor-element-601a185 elementor-widget elementor-widget-spacer\" data-id=\"601a185\" data-element_type=\"widget\" data-widget_type=\"spacer.default\">\n\t\t\t\t<div class=\"elementor-widget-container\">\n\t\t\t\t\t<div class=\"elementor-spacer\">\n\t\t\t<div class=\"elementor-spacer-inner\"><\/div>\n\t\t<\/div>\n\t\t\t\t<\/div>\n\t\t\t\t<\/div>\n\t\t\t\t<div class=\"elementor-element elementor-element-acf1e4e elementor-widget elementor-widget-heading\" data-id=\"acf1e4e\" data-element_type=\"widget\" data-widget_type=\"heading.default\">\n\t\t\t\t<div class=\"elementor-widget-container\">\n\t\t\t<h2 class=\"elementor-heading-title elementor-size-default\">O que o N\u00facleo de Apoio a Pesquisa (NAP) faz?<\/h2>\t\t<\/div>\n\t\t\t\t<\/div>\n\t\t\t\t<div class=\"elementor-element elementor-element-6b4bab4 elementor-widget elementor-widget-text-editor\" data-id=\"6b4bab4\" data-element_type=\"widget\" data-widget_type=\"text-editor.default\">\n\t\t\t\t<div class=\"elementor-widget-container\">\n\t\t\t\t\t\t\t<p><span class=\"JsGRdQ\" style=\"color: #000000; font-weight: 400; font-style: normal;\">Desenvolvemos atividades em tr\u00eas frentes principais:&nbsp;<\/span><\/p><p><span class=\"JsGRdQ\" style=\"color: #000000; font-weight: 400; font-style: normal;\">(1) Estudos sobre comportamento animal e rela\u00e7\u00e3o humano-animal;<\/span><\/p><p><span class=\"JsGRdQ\" style=\"color: #000000; font-weight: 400; font-style: normal;\">(2) Estudos sobre etologia humana;&nbsp;<\/span><\/p><p><span class=\"JsGRdQ\" style=\"color: #000000; font-weight: 400; font-style: normal;\">(3) Educa\u00e7\u00e3o, Difus\u00e3o de Conhecimento e Extens\u00e3o Universit\u00e1ria.<\/span><\/p>\t\t\t\t\t\t<\/div>\n\t\t\t\t<\/div>\n\t\t\t\t\t<\/div>\n\t\t<\/div>\n\t\t\t\t\t<\/div>\n\t\t<\/section>\n\t\t\t\t<section class=\"elementor-section elementor-top-section elementor-element elementor-element-a81534f elementor-section-boxed elementor-section-height-default elementor-section-height-default\" data-id=\"a81534f\" data-element_type=\"section\">\n\t\t\t\t\t\t<div class=\"elementor-container elementor-column-gap-default\">\n\t\t\t\t\t<div class=\"elementor-column elementor-col-33 elementor-top-column elementor-element elementor-element-1e3758c\" data-id=\"1e3758c\" data-element_type=\"column\">\n\t\t\t<div class=\"elementor-widget-wrap elementor-element-populated\">\n\t\t\t\t\t\t<div class=\"elementor-element elementor-element-f7cc4a2 elementor-widget elementor-widget-spacer\" data-id=\"f7cc4a2\" data-element_type=\"widget\" data-widget_type=\"spacer.default\">\n\t\t\t\t<div class=\"elementor-widget-container\">\n\t\t\t\t\t<div class=\"elementor-spacer\">\n\t\t\t<div class=\"elementor-spacer-inner\"><\/div>\n\t\t<\/div>\n\t\t\t\t<\/div>\n\t\t\t\t<\/div>\n\t\t\t\t<div class=\"elementor-element elementor-element-27f0039 elementor-widget elementor-widget-image\" data-id=\"27f0039\" data-element_type=\"widget\" data-widget_type=\"image.default\">\n\t\t\t\t<div class=\"elementor-widget-container\">\n\t\t\t\t\t\t\t\t\t\t\t\t\t<img fetchpriority=\"high\" decoding=\"async\" width=\"1024\" height=\"646\" src=\"https:\/\/sites.usp.br\/nap_emocoes\/wp-content\/uploads\/sites\/1144\/2022\/09\/pesquisadores-1-1024x646.png\" class=\"attachment-large size-large wp-image-3284\" alt=\"\" srcset=\"https:\/\/sites.usp.br\/nap_emocoes\/wp-content\/uploads\/sites\/1144\/2022\/09\/pesquisadores-1-1024x646.png 1024w, https:\/\/sites.usp.br\/nap_emocoes\/wp-content\/uploads\/sites\/1144\/2022\/09\/pesquisadores-1-300x189.png 300w, https:\/\/sites.usp.br\/nap_emocoes\/wp-content\/uploads\/sites\/1144\/2022\/09\/pesquisadores-1-768x485.png 768w, https:\/\/sites.usp.br\/nap_emocoes\/wp-content\/uploads\/sites\/1144\/2022\/09\/pesquisadores-1-1536x969.png 1536w, https:\/\/sites.usp.br\/nap_emocoes\/wp-content\/uploads\/sites\/1144\/2022\/09\/pesquisadores-1-2048x1292.png 2048w, https:\/\/sites.usp.br\/nap_emocoes\/wp-content\/uploads\/sites\/1144\/2022\/09\/pesquisadores-1-400x252.png 400w\" sizes=\"(max-width: 1024px) 100vw, 1024px\" \/>\t\t\t\t\t\t\t\t\t\t\t\t\t<\/div>\n\t\t\t\t<\/div>\n\t\t\t\t\t<\/div>\n\t\t<\/div>\n\t\t\t\t<div class=\"elementor-column elementor-col-66 elementor-top-column elementor-element elementor-element-799df39\" data-id=\"799df39\" data-element_type=\"column\">\n\t\t\t<div class=\"elementor-widget-wrap elementor-element-populated\">\n\t\t\t\t\t\t<div class=\"elementor-element elementor-element-656d43f elementor-widget elementor-widget-spacer\" data-id=\"656d43f\" data-element_type=\"widget\" data-widget_type=\"spacer.default\">\n\t\t\t\t<div class=\"elementor-widget-container\">\n\t\t\t\t\t<div class=\"elementor-spacer\">\n\t\t\t<div class=\"elementor-spacer-inner\"><\/div>\n\t\t<\/div>\n\t\t\t\t<\/div>\n\t\t\t\t<\/div>\n\t\t\t\t<div class=\"elementor-element elementor-element-65f5113 elementor-widget elementor-widget-heading\" data-id=\"65f5113\" data-element_type=\"widget\" data-widget_type=\"heading.default\">\n\t\t\t\t<div class=\"elementor-widget-container\">\n\t\t\t<h2 class=\"elementor-heading-title elementor-size-default\"><a href=\"https:\/\/sites.usp.br\/nap_emocoes\/equipe\/\">Conhe\u00e7a a equipe do NAP emo\u00e7\u00f5es!<\/a><\/h2>\t\t<\/div>\n\t\t\t\t<\/div>\n\t\t\t\t\t<\/div>\n\t\t<\/div>\n\t\t\t\t\t<\/div>\n\t\t<\/section>\n\t\t\t\t<\/div>\n\t\t","protected":false},"excerpt":{"rendered":"<p>N\u00daCLEO DE APOIO \u00c0 PESQUISA EM EXPRESS\u00c3O DAS EMO\u00c7\u00d5ES NO HOMEM E NOS ANIMAIS Nosso objetivo O NAP Emo\u00e7\u00f5es tem como objetivo promover a interdisciplinaridade na organiza\u00e7\u00e3o da pesquisa cient\u00edfica com \u00eanfase na tem\u00e1tica das emo\u00e7\u00f5es, associando pesquisadores de compet\u00eancias complementares. Nossa inspira\u00e7\u00e3o Darwin foi um pioneiro no estudo das emo\u00e7\u00f5es, tendo publicado em 1872 [&hellip;]<\/p>\n","protected":false},"author":22291,"featured_media":0,"parent":0,"menu_order":0,"comment_status":"closed","ping_status":"closed","template":"","meta":{"_monsterinsights_skip_tracking":false,"_monsterinsights_sitenote_active":false,"_monsterinsights_sitenote_note":"","_monsterinsights_sitenote_category":0,"footnotes":"","_links_to":"","_links_to_target":""},"class_list":["post-2806","page","type-page","status-publish","hentry","entry"],"yoast_head":"<!-- This site is optimized with the Yoast SEO plugin v27.5 - https:\/\/yoast.com\/product\/yoast-seo-wordpress\/ -->\n<title>Sobre o NAP Emo\u00e7\u00f5es - nap_emocoes<\/title>\n<meta name=\"robots\" content=\"index, follow, max-snippet:-1, max-image-preview:large, max-video-preview:-1\" \/>\n<link rel=\"canonical\" href=\"https:\/\/sites.usp.br\/nap_emocoes\/sobre\/\" \/>\n<meta name=\"twitter:label1\" content=\"Est. tempo de leitura\" \/>\n\t<meta name=\"twitter:data1\" content=\"1 minuto\" \/>\n<script type=\"application\/ld+json\" class=\"yoast-schema-graph\">{\"@context\":\"https:\\\/\\\/schema.org\",\"@graph\":[{\"@type\":\"WebPage\",\"@id\":\"https:\\\/\\\/sites.usp.br\\\/nap_emocoes\\\/sobre\\\/\",\"url\":\"https:\\\/\\\/sites.usp.br\\\/nap_emocoes\\\/sobre\\\/\",\"name\":\"Sobre o NAP Emo\u00e7\u00f5es - nap_emocoes\",\"isPartOf\":{\"@id\":\"https:\\\/\\\/sites.usp.br\\\/nap_emocoes\\\/#website\"},\"primaryImageOfPage\":{\"@id\":\"https:\\\/\\\/sites.usp.br\\\/nap_emocoes\\\/sobre\\\/#primaryimage\"},\"image\":{\"@id\":\"https:\\\/\\\/sites.usp.br\\\/nap_emocoes\\\/sobre\\\/#primaryimage\"},\"thumbnailUrl\":\"https:\\\/\\\/sites.usp.br\\\/nap_emocoes\\\/wp-content\\\/uploads\\\/sites\\\/1144\\\/2022\\\/09\\\/pesquisadores-1-1024x646.png\",\"datePublished\":\"2022-07-25T19:29:45+00:00\",\"dateModified\":\"2022-09-06T17:47:43+00:00\",\"breadcrumb\":{\"@id\":\"https:\\\/\\\/sites.usp.br\\\/nap_emocoes\\\/sobre\\\/#breadcrumb\"},\"inLanguage\":\"pt-BR\",\"potentialAction\":[{\"@type\":\"ReadAction\",\"target\":[\"https:\\\/\\\/sites.usp.br\\\/nap_emocoes\\\/sobre\\\/\"]}]},{\"@type\":\"ImageObject\",\"inLanguage\":\"pt-BR\",\"@id\":\"https:\\\/\\\/sites.usp.br\\\/nap_emocoes\\\/sobre\\\/#primaryimage\",\"url\":\"https:\\\/\\\/sites.usp.br\\\/nap_emocoes\\\/wp-content\\\/uploads\\\/sites\\\/1144\\\/2022\\\/09\\\/pesquisadores-1.png\",\"contentUrl\":\"https:\\\/\\\/sites.usp.br\\\/nap_emocoes\\\/wp-content\\\/uploads\\\/sites\\\/1144\\\/2022\\\/09\\\/pesquisadores-1.png\",\"width\":2632,\"height\":1661},{\"@type\":\"BreadcrumbList\",\"@id\":\"https:\\\/\\\/sites.usp.br\\\/nap_emocoes\\\/sobre\\\/#breadcrumb\",\"itemListElement\":[{\"@type\":\"ListItem\",\"position\":1,\"name\":\"Home\",\"item\":\"https:\\\/\\\/sites.usp.br\\\/nap_emocoes\\\/\"},{\"@type\":\"ListItem\",\"position\":2,\"name\":\"Sobre o NAP Emo\u00e7\u00f5es\"}]},{\"@type\":\"WebSite\",\"@id\":\"https:\\\/\\\/sites.usp.br\\\/nap_emocoes\\\/#website\",\"url\":\"https:\\\/\\\/sites.usp.br\\\/nap_emocoes\\\/\",\"name\":\"nap_emocoes\",\"description\":\"Universidade de S\u00e3o Paulo\",\"potentialAction\":[{\"@type\":\"SearchAction\",\"target\":{\"@type\":\"EntryPoint\",\"urlTemplate\":\"https:\\\/\\\/sites.usp.br\\\/nap_emocoes\\\/?s={search_term_string}\"},\"query-input\":{\"@type\":\"PropertyValueSpecification\",\"valueRequired\":true,\"valueName\":\"search_term_string\"}}],\"inLanguage\":\"pt-BR\"}]}<\/script>\n<!-- \/ Yoast SEO plugin. -->","yoast_head_json":{"title":"Sobre o NAP Emo\u00e7\u00f5es - nap_emocoes","robots":{"index":"index","follow":"follow","max-snippet":"max-snippet:-1","max-image-preview":"max-image-preview:large","max-video-preview":"max-video-preview:-1"},"canonical":"https:\/\/sites.usp.br\/nap_emocoes\/sobre\/","twitter_misc":{"Est. tempo de leitura":"1 minuto"},"schema":{"@context":"https:\/\/schema.org","@graph":[{"@type":"WebPage","@id":"https:\/\/sites.usp.br\/nap_emocoes\/sobre\/","url":"https:\/\/sites.usp.br\/nap_emocoes\/sobre\/","name":"Sobre o NAP Emo\u00e7\u00f5es - nap_emocoes","isPartOf":{"@id":"https:\/\/sites.usp.br\/nap_emocoes\/#website"},"primaryImageOfPage":{"@id":"https:\/\/sites.usp.br\/nap_emocoes\/sobre\/#primaryimage"},"image":{"@id":"https:\/\/sites.usp.br\/nap_emocoes\/sobre\/#primaryimage"},"thumbnailUrl":"https:\/\/sites.usp.br\/nap_emocoes\/wp-content\/uploads\/sites\/1144\/2022\/09\/pesquisadores-1-1024x646.png","datePublished":"2022-07-25T19:29:45+00:00","dateModified":"2022-09-06T17:47:43+00:00","breadcrumb":{"@id":"https:\/\/sites.usp.br\/nap_emocoes\/sobre\/#breadcrumb"},"inLanguage":"pt-BR","potentialAction":[{"@type":"ReadAction","target":["https:\/\/sites.usp.br\/nap_emocoes\/sobre\/"]}]},{"@type":"ImageObject","inLanguage":"pt-BR","@id":"https:\/\/sites.usp.br\/nap_emocoes\/sobre\/#primaryimage","url":"https:\/\/sites.usp.br\/nap_emocoes\/wp-content\/uploads\/sites\/1144\/2022\/09\/pesquisadores-1.png","contentUrl":"https:\/\/sites.usp.br\/nap_emocoes\/wp-content\/uploads\/sites\/1144\/2022\/09\/pesquisadores-1.png","width":2632,"height":1661},{"@type":"BreadcrumbList","@id":"https:\/\/sites.usp.br\/nap_emocoes\/sobre\/#breadcrumb","itemListElement":[{"@type":"ListItem","position":1,"name":"Home","item":"https:\/\/sites.usp.br\/nap_emocoes\/"},{"@type":"ListItem","position":2,"name":"Sobre o NAP Emo\u00e7\u00f5es"}]},{"@type":"WebSite","@id":"https:\/\/sites.usp.br\/nap_emocoes\/#website","url":"https:\/\/sites.usp.br\/nap_emocoes\/","name":"nap_emocoes","description":"Universidade de S\u00e3o Paulo","potentialAction":[{"@type":"SearchAction","target":{"@type":"EntryPoint","urlTemplate":"https:\/\/sites.usp.br\/nap_emocoes\/?s={search_term_string}"},"query-input":{"@type":"PropertyValueSpecification","valueRequired":true,"valueName":"search_term_string"}}],"inLanguage":"pt-BR"}]}},"_links":{"self":[{"href":"https:\/\/sites.usp.br\/nap_emocoes\/wp-json\/wp\/v2\/pages\/2806","targetHints":{"allow":["GET"]}}],"collection":[{"href":"https:\/\/sites.usp.br\/nap_emocoes\/wp-json\/wp\/v2\/pages"}],"about":[{"href":"https:\/\/sites.usp.br\/nap_emocoes\/wp-json\/wp\/v2\/types\/page"}],"author":[{"embeddable":true,"href":"https:\/\/sites.usp.br\/nap_emocoes\/wp-json\/wp\/v2\/users\/22291"}],"replies":[{"embeddable":true,"href":"https:\/\/sites.usp.br\/nap_emocoes\/wp-json\/wp\/v2\/comments?post=2806"}],"version-history":[{"count":4,"href":"https:\/\/sites.usp.br\/nap_emocoes\/wp-json\/wp\/v2\/pages\/2806\/revisions"}],"predecessor-version":[{"id":3290,"href":"https:\/\/sites.usp.br\/nap_emocoes\/wp-json\/wp\/v2\/pages\/2806\/revisions\/3290"}],"wp:attachment":[{"href":"https:\/\/sites.usp.br\/nap_emocoes\/wp-json\/wp\/v2\/media?parent=2806"}],"curies":[{"name":"wp","href":"https:\/\/api.w.org\/{rel}","templated":true}]}}