{"id":890,"date":"2021-06-07T13:40:37","date_gmt":"2021-06-07T16:40:37","guid":{"rendered":"https:\/\/sites.usp.br\/napmineracao\/?page_id=890"},"modified":"2023-02-02T13:53:59","modified_gmt":"2023-02-02T16:53:59","slug":"regulamentos","status":"publish","type":"page","link":"https:\/\/sites.usp.br\/napmineracao\/regulamentos\/","title":{"rendered":"Regulamentos"},"content":{"rendered":"\t\t<div data-elementor-type=\"wp-page\" data-elementor-id=\"890\" class=\"elementor elementor-890\">\n\t\t\t\t\t\t<section class=\"elementor-section elementor-top-section elementor-element elementor-element-df53b61 elementor-section-boxed elementor-section-height-default elementor-section-height-default\" data-id=\"df53b61\" data-element_type=\"section\">\n\t\t\t\t\t\t<div class=\"elementor-container elementor-column-gap-default\">\n\t\t\t\t\t<div class=\"elementor-column elementor-col-100 elementor-top-column elementor-element elementor-element-52930da\" data-id=\"52930da\" data-element_type=\"column\">\n\t\t\t<div class=\"elementor-widget-wrap elementor-element-populated\">\n\t\t\t\t\t\t<section class=\"elementor-section elementor-inner-section elementor-element elementor-element-43243f0 elementor-section-boxed elementor-section-height-default elementor-section-height-default\" data-id=\"43243f0\" data-element_type=\"section\">\n\t\t\t\t\t\t<div class=\"elementor-container elementor-column-gap-default\">\n\t\t\t\t\t<div class=\"elementor-column elementor-col-50 elementor-inner-column elementor-element elementor-element-07dd91a\" data-id=\"07dd91a\" data-element_type=\"column\">\n\t\t\t<div class=\"elementor-widget-wrap elementor-element-populated\">\n\t\t\t\t\t\t<div class=\"elementor-element elementor-element-1b30e53 elementor-widget elementor-widget-image\" data-id=\"1b30e53\" data-element_type=\"widget\" data-widget_type=\"image.default\">\n\t\t\t\t<div class=\"elementor-widget-container\">\n\t\t\t\t\t\t\t\t\t\t\t\t\t<img decoding=\"async\" src=\"https:\/\/sites.usp.br\/napmineracao\/wp-content\/uploads\/sites\/975\/elementor\/thumbs\/zyro-image-1-q0kgzl2fbe1ztcdrl5tszga4xptflijn6wawm6s9kc.png\" title=\"zyro-image (1)\" alt=\"zyro-image (1)\" loading=\"lazy\" \/>\t\t\t\t\t\t\t\t\t\t\t\t\t<\/div>\n\t\t\t\t<\/div>\n\t\t\t\t\t<\/div>\n\t\t<\/div>\n\t\t\t\t<div class=\"elementor-column elementor-col-50 elementor-inner-column elementor-element elementor-element-de4fa4d\" data-id=\"de4fa4d\" data-element_type=\"column\">\n\t\t\t<div class=\"elementor-widget-wrap elementor-element-populated\">\n\t\t\t\t\t\t<div class=\"elementor-element elementor-element-68815db elementor-widget elementor-widget-heading\" data-id=\"68815db\" data-element_type=\"widget\" data-widget_type=\"heading.default\">\n\t\t\t\t<div class=\"elementor-widget-container\">\n\t\t\t<h2 class=\"elementor-heading-title elementor-size-small\">N\u00facleo de Pesquisa para Pequena Minera\u00e7\u00e3o Respons\u00e1vel<\/h2>\t\t<\/div>\n\t\t\t\t<\/div>\n\t\t\t\t\t<\/div>\n\t\t<\/div>\n\t\t\t\t\t<\/div>\n\t\t<\/section>\n\t\t\t\t\t<\/div>\n\t\t<\/div>\n\t\t\t\t\t<\/div>\n\t\t<\/section>\n\t\t\t\t<section class=\"elementor-section elementor-top-section elementor-element elementor-element-b7a6cea elementor-section-boxed elementor-section-height-default elementor-section-height-default\" data-id=\"b7a6cea\" data-element_type=\"section\">\n\t\t\t\t\t\t<div class=\"elementor-container elementor-column-gap-default\">\n\t\t\t\t\t<div class=\"elementor-column elementor-col-100 elementor-top-column elementor-element elementor-element-b7f674a\" data-id=\"b7f674a\" data-element_type=\"column\">\n\t\t\t<div class=\"elementor-widget-wrap elementor-element-populated\">\n\t\t\t\t\t\t<div class=\"elementor-element elementor-element-41324b0 hfe-nav-menu__align-justify hfe-submenu-icon-plus hfe-submenu-animation-none hfe-link-redirect-child hfe-nav-menu__breakpoint-tablet elementor-widget elementor-widget-navigation-menu\" data-id=\"41324b0\" data-element_type=\"widget\" data-settings=\"{&quot;padding_horizontal_menu_item&quot;:{&quot;unit&quot;:&quot;px&quot;,&quot;size&quot;:11,&quot;sizes&quot;:[]},&quot;padding_vertical_menu_item&quot;:{&quot;unit&quot;:&quot;px&quot;,&quot;size&quot;:10,&quot;sizes&quot;:[]},&quot;padding_horizontal_menu_item_tablet&quot;:{&quot;unit&quot;:&quot;px&quot;,&quot;size&quot;:&quot;&quot;,&quot;sizes&quot;:[]},&quot;padding_horizontal_menu_item_mobile&quot;:{&quot;unit&quot;:&quot;px&quot;,&quot;size&quot;:&quot;&quot;,&quot;sizes&quot;:[]},&quot;padding_vertical_menu_item_tablet&quot;:{&quot;unit&quot;:&quot;px&quot;,&quot;size&quot;:&quot;&quot;,&quot;sizes&quot;:[]},&quot;padding_vertical_menu_item_mobile&quot;:{&quot;unit&quot;:&quot;px&quot;,&quot;size&quot;:&quot;&quot;,&quot;sizes&quot;:[]},&quot;menu_space_between&quot;:{&quot;unit&quot;:&quot;px&quot;,&quot;size&quot;:&quot;&quot;,&quot;sizes&quot;:[]},&quot;menu_space_between_tablet&quot;:{&quot;unit&quot;:&quot;px&quot;,&quot;size&quot;:&quot;&quot;,&quot;sizes&quot;:[]},&quot;menu_space_between_mobile&quot;:{&quot;unit&quot;:&quot;px&quot;,&quot;size&quot;:&quot;&quot;,&quot;sizes&quot;:[]},&quot;menu_row_space&quot;:{&quot;unit&quot;:&quot;px&quot;,&quot;size&quot;:&quot;&quot;,&quot;sizes&quot;:[]},&quot;menu_row_space_tablet&quot;:{&quot;unit&quot;:&quot;px&quot;,&quot;size&quot;:&quot;&quot;,&quot;sizes&quot;:[]},&quot;menu_row_space_mobile&quot;:{&quot;unit&quot;:&quot;px&quot;,&quot;size&quot;:&quot;&quot;,&quot;sizes&quot;:[]},&quot;dropdown_border_radius&quot;:{&quot;unit&quot;:&quot;px&quot;,&quot;top&quot;:&quot;&quot;,&quot;right&quot;:&quot;&quot;,&quot;bottom&quot;:&quot;&quot;,&quot;left&quot;:&quot;&quot;,&quot;isLinked&quot;:true},&quot;dropdown_border_radius_tablet&quot;:{&quot;unit&quot;:&quot;px&quot;,&quot;top&quot;:&quot;&quot;,&quot;right&quot;:&quot;&quot;,&quot;bottom&quot;:&quot;&quot;,&quot;left&quot;:&quot;&quot;,&quot;isLinked&quot;:true},&quot;dropdown_border_radius_mobile&quot;:{&quot;unit&quot;:&quot;px&quot;,&quot;top&quot;:&quot;&quot;,&quot;right&quot;:&quot;&quot;,&quot;bottom&quot;:&quot;&quot;,&quot;left&quot;:&quot;&quot;,&quot;isLinked&quot;:true},&quot;width_dropdown_item&quot;:{&quot;unit&quot;:&quot;px&quot;,&quot;size&quot;:&quot;220&quot;,&quot;sizes&quot;:[]},&quot;width_dropdown_item_tablet&quot;:{&quot;unit&quot;:&quot;px&quot;,&quot;size&quot;:&quot;&quot;,&quot;sizes&quot;:[]},&quot;width_dropdown_item_mobile&quot;:{&quot;unit&quot;:&quot;px&quot;,&quot;size&quot;:&quot;&quot;,&quot;sizes&quot;:[]},&quot;padding_horizontal_dropdown_item&quot;:{&quot;unit&quot;:&quot;px&quot;,&quot;size&quot;:&quot;&quot;,&quot;sizes&quot;:[]},&quot;padding_horizontal_dropdown_item_tablet&quot;:{&quot;unit&quot;:&quot;px&quot;,&quot;size&quot;:&quot;&quot;,&quot;sizes&quot;:[]},&quot;padding_horizontal_dropdown_item_mobile&quot;:{&quot;unit&quot;:&quot;px&quot;,&quot;size&quot;:&quot;&quot;,&quot;sizes&quot;:[]},&quot;padding_vertical_dropdown_item&quot;:{&quot;unit&quot;:&quot;px&quot;,&quot;size&quot;:15,&quot;sizes&quot;:[]},&quot;padding_vertical_dropdown_item_tablet&quot;:{&quot;unit&quot;:&quot;px&quot;,&quot;size&quot;:&quot;&quot;,&quot;sizes&quot;:[]},&quot;padding_vertical_dropdown_item_mobile&quot;:{&quot;unit&quot;:&quot;px&quot;,&quot;size&quot;:&quot;&quot;,&quot;sizes&quot;:[]},&quot;distance_from_menu&quot;:{&quot;unit&quot;:&quot;px&quot;,&quot;size&quot;:&quot;&quot;,&quot;sizes&quot;:[]},&quot;distance_from_menu_tablet&quot;:{&quot;unit&quot;:&quot;px&quot;,&quot;size&quot;:&quot;&quot;,&quot;sizes&quot;:[]},&quot;distance_from_menu_mobile&quot;:{&quot;unit&quot;:&quot;px&quot;,&quot;size&quot;:&quot;&quot;,&quot;sizes&quot;:[]},&quot;toggle_size&quot;:{&quot;unit&quot;:&quot;px&quot;,&quot;size&quot;:&quot;&quot;,&quot;sizes&quot;:[]},&quot;toggle_size_tablet&quot;:{&quot;unit&quot;:&quot;px&quot;,&quot;size&quot;:&quot;&quot;,&quot;sizes&quot;:[]},&quot;toggle_size_mobile&quot;:{&quot;unit&quot;:&quot;px&quot;,&quot;size&quot;:&quot;&quot;,&quot;sizes&quot;:[]},&quot;toggle_border_width&quot;:{&quot;unit&quot;:&quot;px&quot;,&quot;size&quot;:&quot;&quot;,&quot;sizes&quot;:[]},&quot;toggle_border_width_tablet&quot;:{&quot;unit&quot;:&quot;px&quot;,&quot;size&quot;:&quot;&quot;,&quot;sizes&quot;:[]},&quot;toggle_border_width_mobile&quot;:{&quot;unit&quot;:&quot;px&quot;,&quot;size&quot;:&quot;&quot;,&quot;sizes&quot;:[]},&quot;toggle_border_radius&quot;:{&quot;unit&quot;:&quot;px&quot;,&quot;size&quot;:&quot;&quot;,&quot;sizes&quot;:[]},&quot;toggle_border_radius_tablet&quot;:{&quot;unit&quot;:&quot;px&quot;,&quot;size&quot;:&quot;&quot;,&quot;sizes&quot;:[]},&quot;toggle_border_radius_mobile&quot;:{&quot;unit&quot;:&quot;px&quot;,&quot;size&quot;:&quot;&quot;,&quot;sizes&quot;:[]},&quot;padding&quot;:{&quot;unit&quot;:&quot;px&quot;,&quot;top&quot;:&quot;&quot;,&quot;right&quot;:&quot;&quot;,&quot;bottom&quot;:&quot;&quot;,&quot;left&quot;:&quot;&quot;,&quot;isLinked&quot;:true},&quot;padding_tablet&quot;:{&quot;unit&quot;:&quot;px&quot;,&quot;top&quot;:&quot;&quot;,&quot;right&quot;:&quot;&quot;,&quot;bottom&quot;:&quot;&quot;,&quot;left&quot;:&quot;&quot;,&quot;isLinked&quot;:true},&quot;padding_mobile&quot;:{&quot;unit&quot;:&quot;px&quot;,&quot;top&quot;:&quot;&quot;,&quot;right&quot;:&quot;&quot;,&quot;bottom&quot;:&quot;&quot;,&quot;left&quot;:&quot;&quot;,&quot;isLinked&quot;:true}}\" data-widget_type=\"navigation-menu.default\">\n\t\t\t\t<div class=\"elementor-widget-container\">\n\t\t\t\t\t\t<div class=\"hfe-nav-menu hfe-layout-horizontal hfe-nav-menu-layout horizontal hfe-pointer__framed hfe-animation__corners\" data-layout=\"horizontal\" data-last-item=\"cta\">\n\t\t\t\t<div role=\"button\" class=\"hfe-nav-menu__toggle elementor-clickable\" tabindex=\"0\" aria-label=\"Menu Toggle\">\n\t\t\t\t\t<span class=\"screen-reader-text\">Menu<\/span>\n\t\t\t\t\t<div class=\"hfe-nav-menu-icon\">\n\t\t\t\t\t\t<i aria-hidden=\"true\"  class=\"fas fa-align-justify\"><\/i>\t\t\t\t\t<\/div>\n\t\t\t\t<\/div>\n\t\t\t\t<nav itemscope=\"itemscope\" itemtype=\"https:\/\/schema.org\/SiteNavigationElement\" class=\"hfe-nav-menu__layout-horizontal hfe-nav-menu__submenu-plus\" data-toggle-icon=\"&lt;i aria-hidden=&quot;true&quot; tabindex=&quot;0&quot; class=&quot;fas fa-align-justify&quot;&gt;&lt;\/i&gt;\" data-close-icon=\"&lt;i aria-hidden=&quot;true&quot; tabindex=&quot;0&quot; class=&quot;far fa-window-close&quot;&gt;&lt;\/i&gt;\" data-full-width=\"yes\">\n\t\t\t\t\t<ul id=\"menu-1-41324b0\" class=\"hfe-nav-menu\"><li id=\"menu-item-839\" itemprop=\"name\" class=\"menu-item menu-item-type-post_type menu-item-object-page menu-item-has-children parent hfe-has-submenu hfe-creative-menu\"><div class=\"hfe-has-submenu-container\" tabindex=\"0\" role=\"button\" aria-haspopup=\"true\" aria-expanded=\"false\"><a href=\"https:\/\/sites.usp.br\/napmineracao\/quem-somos\/\" itemprop=\"url\" class = \"hfe-menu-item\">QUEM SOMOS<span class='hfe-menu-toggle sub-arrow hfe-menu-child-0'><i class='fa'><\/i><\/span><\/a><\/div>\n<ul class=\"sub-menu\">\n\t<li id=\"menu-item-845\" itemprop=\"name\" class=\"menu-item menu-item-type-post_type menu-item-object-page hfe-creative-menu\"><a href=\"https:\/\/sites.usp.br\/nap_mineracao\/\" itemprop=\"url\" class = \"hfe-sub-menu-item\">O NAP.MINERA\u00c7\u00c3O<\/a><\/li>\n\t<li id=\"menu-item-848\" itemprop=\"name\" class=\"menu-item menu-item-type-post_type menu-item-object-page hfe-creative-menu\"><a href=\"https:\/\/sites.usp.br\/napmineracao\/conselho\/\" itemprop=\"url\" class = \"hfe-sub-menu-item\">Conselho<\/a><\/li>\n\t<li id=\"menu-item-1073\" itemprop=\"name\" class=\"menu-item menu-item-type-post_type menu-item-object-page hfe-creative-menu\"><a href=\"https:\/\/sites.usp.br\/napmineracao\/pesquisadores-colaboradores\/\" itemprop=\"url\" class = \"hfe-sub-menu-item\">Pesquisadores Colaboradores<\/a><\/li>\n\t<li id=\"menu-item-850\" itemprop=\"name\" class=\"menu-item menu-item-type-post_type menu-item-object-page hfe-creative-menu\"><a href=\"https:\/\/sites.usp.br\/napmineracao\/apoio-tecnico\/\" itemprop=\"url\" class = \"hfe-sub-menu-item\">PMO e Controladoria<\/a><\/li>\n<\/ul>\n<\/li>\n<li id=\"menu-item-840\" itemprop=\"name\" class=\"menu-item menu-item-type-post_type menu-item-object-page parent hfe-creative-menu\"><a href=\"https:\/\/sites.usp.br\/napmineracao\/producao-cientifica\/\" itemprop=\"url\" class = \"hfe-menu-item\">PRODU\u00c7\u00c3O CIENT\u00cdFICA<\/a><\/li>\n<li id=\"menu-item-841\" itemprop=\"name\" class=\"menu-item menu-item-type-post_type menu-item-object-page menu-item-has-children parent hfe-has-submenu hfe-creative-menu\"><div class=\"hfe-has-submenu-container\" tabindex=\"0\" role=\"button\" aria-haspopup=\"true\" aria-expanded=\"false\"><a href=\"https:\/\/sites.usp.br\/napmineracao\/linhas-de-atuacao\/\" itemprop=\"url\" class = \"hfe-menu-item\">LINHAS DE ATUA\u00c7\u00c3O<span class='hfe-menu-toggle sub-arrow hfe-menu-child-0'><i class='fa'><\/i><\/span><\/a><\/div>\n<ul class=\"sub-menu\">\n\t<li id=\"menu-item-1009\" itemprop=\"name\" class=\"menu-item menu-item-type-post_type menu-item-object-page hfe-creative-menu\"><a href=\"https:\/\/sites.usp.br\/napmineracao\/exploracao-mineral\/\" itemprop=\"url\" class = \"hfe-sub-menu-item\">EXPLORA\u00c7\u00c3O MINERAL<\/a><\/li>\n\t<li id=\"menu-item-853\" itemprop=\"name\" class=\"menu-item menu-item-type-post_type menu-item-object-page menu-item-has-children hfe-has-submenu hfe-creative-menu\"><div class=\"hfe-has-submenu-container\" tabindex=\"0\" role=\"button\" aria-haspopup=\"true\" aria-expanded=\"false\"><a href=\"https:\/\/sites.usp.br\/napmineracao\/lavra-de-minas\/\" itemprop=\"url\" class = \"hfe-sub-menu-item\">LAVRA E OPERA\u00c7\u00c3O DE MINA<span class='hfe-menu-toggle sub-arrow hfe-menu-child-1'><i class='fa'><\/i><\/span><\/a><\/div>\n\t<ul class=\"sub-menu\">\n\t\t<li id=\"menu-item-860\" itemprop=\"name\" class=\"menu-item menu-item-type-post_type menu-item-object-page hfe-creative-menu\"><a href=\"https:\/\/sites.usp.br\/napmineracao\/planejamento-de-lavra\/\" itemprop=\"url\" class = \"hfe-sub-menu-item\">Planejamento de Lavra<\/a><\/li>\n\t<\/ul>\n<\/li>\n\t<li id=\"menu-item-865\" itemprop=\"name\" class=\"menu-item menu-item-type-post_type menu-item-object-page hfe-creative-menu\"><a href=\"https:\/\/sites.usp.br\/napmineracao\/tratamento-de-minerios\/\" itemprop=\"url\" class = \"hfe-sub-menu-item\">TRATAMENTO DE MIN\u00c9RIOS<\/a><\/li>\n\t<li id=\"menu-item-866\" itemprop=\"name\" class=\"menu-item menu-item-type-post_type menu-item-object-page hfe-creative-menu\"><a title=\"ESG\" href=\"https:\/\/sites.usp.br\/napmineracao\/gestao-e-governanca\/\" itemprop=\"url\" class = \"hfe-sub-menu-item\">GEST\u00c3O E GOVERNAN\u00c7A &#8211; ESG<\/a><\/li>\n<\/ul>\n<\/li>\n<li id=\"menu-item-843\" itemprop=\"name\" class=\"menu-item menu-item-type-post_type menu-item-object-page menu-item-has-children parent hfe-has-submenu hfe-creative-menu\"><div class=\"hfe-has-submenu-container\" tabindex=\"0\" role=\"button\" aria-haspopup=\"true\" aria-expanded=\"false\"><a href=\"https:\/\/sites.usp.br\/napmineracao\/projetos\/\" itemprop=\"url\" class = \"hfe-menu-item\">PROJETOS<span class='hfe-menu-toggle sub-arrow hfe-menu-child-0'><i class='fa'><\/i><\/span><\/a><\/div>\n<ul class=\"sub-menu\">\n\t<li id=\"menu-item-2382\" itemprop=\"name\" class=\"menu-item menu-item-type-post_type menu-item-object-page menu-item-has-children hfe-has-submenu hfe-creative-menu\"><div class=\"hfe-has-submenu-container\" tabindex=\"0\" role=\"button\" aria-haspopup=\"true\" aria-expanded=\"false\"><a href=\"https:\/\/sites.usp.br\/napmineracao\/rede-de-mineracao-sustentavel1\/\" itemprop=\"url\" class = \"hfe-sub-menu-item\">REDE DE MINERA\u00c7\u00c3O SUSTENTAVEL<span class='hfe-menu-toggle sub-arrow hfe-menu-child-1'><i class='fa'><\/i><\/span><\/a><\/div>\n\t<ul class=\"sub-menu\">\n\t\t<li id=\"menu-item-2379\" itemprop=\"name\" class=\"menu-item menu-item-type-post_type menu-item-object-page hfe-creative-menu\"><a href=\"https:\/\/sites.usp.br\/napmineracao\/membros-e-objetivos\/\" itemprop=\"url\" class = \"hfe-sub-menu-item\">EQUIPE DE COORDENA\u00c7\u00c3O E OBJETIVOS<\/a><\/li>\n\t\t<li id=\"menu-item-2380\" itemprop=\"name\" class=\"menu-item menu-item-type-post_type menu-item-object-page hfe-creative-menu\"><a href=\"https:\/\/sites.usp.br\/napmineracao\/parceiros-2\/\" itemprop=\"url\" class = \"hfe-sub-menu-item\">PARCEIROS<\/a><\/li>\n\t\t<li id=\"menu-item-2381\" itemprop=\"name\" class=\"menu-item menu-item-type-post_type menu-item-object-page hfe-creative-menu\"><a href=\"https:\/\/sites.usp.br\/napmineracao\/mapa-interativo\/\" itemprop=\"url\" class = \"hfe-sub-menu-item\">MAPA INTERATIVO<\/a><\/li>\n\t<\/ul>\n<\/li>\n\t<li id=\"menu-item-908\" itemprop=\"name\" class=\"menu-item menu-item-type-post_type menu-item-object-page hfe-creative-menu\"><a href=\"https:\/\/sites.usp.br\/napmineracao\/projetos-gold-matters\/\" itemprop=\"url\" class = \"hfe-sub-menu-item\">PROJETOS GOLD MATTERS<\/a><\/li>\n\t<li id=\"menu-item-907\" itemprop=\"name\" class=\"menu-item menu-item-type-post_type menu-item-object-page hfe-creative-menu\"><a href=\"https:\/\/sites.usp.br\/napmineracao\/projeto-meta-mpe-mme\/\" itemprop=\"url\" class = \"hfe-sub-menu-item\">PROJETO META MPE \/ MME<\/a><\/li>\n\t<li id=\"menu-item-867\" itemprop=\"name\" class=\"menu-item menu-item-type-post_type menu-item-object-page hfe-creative-menu\"><a href=\"https:\/\/sites.usp.br\/napmineracao\/elaboracao-de-artigos-cientificos\/\" itemprop=\"url\" class = \"hfe-sub-menu-item\">ELABORA\u00c7\u00c3O DE ARTIGOS CIENT\u00cdFICOS<\/a><\/li>\n\t<li id=\"menu-item-868\" itemprop=\"name\" class=\"menu-item menu-item-type-post_type menu-item-object-page menu-item-has-children hfe-has-submenu hfe-creative-menu\"><div class=\"hfe-has-submenu-container\" tabindex=\"0\" role=\"button\" aria-haspopup=\"true\" aria-expanded=\"false\"><a href=\"https:\/\/sites.usp.br\/napmineracao\/projetos-de-pesquisa\/\" itemprop=\"url\" class = \"hfe-sub-menu-item\">PROJETOS DE PESQUISA<span class='hfe-menu-toggle sub-arrow hfe-menu-child-1'><i class='fa'><\/i><\/span><\/a><\/div>\n\t<ul class=\"sub-menu\">\n\t\t<li id=\"menu-item-883\" itemprop=\"name\" class=\"menu-item menu-item-type-post_type menu-item-object-page hfe-creative-menu\"><a href=\"https:\/\/sites.usp.br\/napmineracao\/graduacao\/\" itemprop=\"url\" class = \"hfe-sub-menu-item\">Gradua\u00e7\u00e3o<\/a><\/li>\n\t\t<li id=\"menu-item-884\" itemprop=\"name\" class=\"menu-item menu-item-type-post_type menu-item-object-page hfe-creative-menu\"><a href=\"https:\/\/sites.usp.br\/napmineracao\/mestrado\/\" itemprop=\"url\" class = \"hfe-sub-menu-item\">Mestrado<\/a><\/li>\n\t\t<li id=\"menu-item-885\" itemprop=\"name\" class=\"menu-item menu-item-type-post_type menu-item-object-page hfe-creative-menu\"><a href=\"https:\/\/sites.usp.br\/napmineracao\/doutorado\/\" itemprop=\"url\" class = \"hfe-sub-menu-item\">Doutorado<\/a><\/li>\n\t\t<li id=\"menu-item-886\" itemprop=\"name\" class=\"menu-item menu-item-type-post_type menu-item-object-page hfe-creative-menu\"><a href=\"https:\/\/sites.usp.br\/napmineracao\/pesquisa-aplicada\/\" itemprop=\"url\" class = \"hfe-sub-menu-item\">Pesquisa Aplicada<\/a><\/li>\n\t<\/ul>\n<\/li>\n<\/ul>\n<\/li>\n<li id=\"menu-item-250\" itemprop=\"name\" class=\"menu-item menu-item-type-post_type menu-item-object-page parent hfe-creative-menu\"><a href=\"https:\/\/sites.usp.br\/napmineracao\/contato\/\" itemprop=\"url\" class = \"hfe-menu-item\">CONTATO<\/a><\/li>\n<li id=\"menu-item-1882\" itemprop=\"name\" class=\"qtranxs-lang-menu qtranxs-lang-menu-pb menu-item menu-item-type-custom menu-item-object-custom menu-item-has-children parent hfe-has-submenu hfe-creative-menu\"><div class=\"hfe-has-submenu-container\" tabindex=\"0\" role=\"button\" aria-haspopup=\"true\" aria-expanded=\"false\"><a title=\"Portugu\u00eas do Brasil\" href=\"#\" itemprop=\"url\" class = \"hfe-menu-item\">Idioma:&nbsp;<img decoding=\"async\" src=\"https:\/\/sites.usp.br\/napmineracao\/wp-content\/plugins\/qtranslate-x\/flags\/br.png\" alt=\"Portugu\u00eas do Brasil\" \/><span class='hfe-menu-toggle sub-arrow hfe-menu-child-0'><i class='fa'><\/i><\/span><\/a><\/div>\n<ul class=\"sub-menu\">\n\t<li id=\"menu-item-2383\" itemprop=\"name\" class=\"qtranxs-lang-menu-item qtranxs-lang-menu-item-pb menu-item menu-item-type-custom menu-item-object-custom hfe-creative-menu\"><a title=\"Portugu\u00eas do Brasil\" href=\"https:\/\/sites.usp.br\/napmineracao\/pb\/wp-json\/wp\/v2\/pages\/890\" itemprop=\"url\" class = \"hfe-sub-menu-item\"><img decoding=\"async\" src=\"https:\/\/sites.usp.br\/napmineracao\/wp-content\/plugins\/qtranslate-x\/flags\/br.png\" alt=\"Portugu\u00eas do Brasil\" \/>&nbsp;Portugu\u00eas do Brasil<\/a><\/li>\n\t<li id=\"menu-item-2384\" itemprop=\"name\" class=\"qtranxs-lang-menu-item qtranxs-lang-menu-item-en menu-item menu-item-type-custom menu-item-object-custom hfe-creative-menu\"><a title=\"English\" href=\"https:\/\/sites.usp.br\/napmineracao\/en\/wp-json\/wp\/v2\/pages\/890\" itemprop=\"url\" class = \"hfe-sub-menu-item\"><img decoding=\"async\" src=\"https:\/\/sites.usp.br\/napmineracao\/wp-content\/plugins\/qtranslate-x\/flags\/gb.png\" alt=\"English\" \/>&nbsp;English<\/a><\/li>\n<\/ul>\n<\/li>\n<\/ul> \n\t\t\t\t<\/nav>\n\t\t\t<\/div>\n\t\t\t\t\t<\/div>\n\t\t\t\t<\/div>\n\t\t\t\t\t<\/div>\n\t\t<\/div>\n\t\t\t\t\t<\/div>\n\t\t<\/section>\n\t\t\t\t<section class=\"elementor-section elementor-top-section elementor-element elementor-element-1416ab6 elementor-section-boxed elementor-section-height-default elementor-section-height-default\" data-id=\"1416ab6\" data-element_type=\"section\">\n\t\t\t\t\t\t<div class=\"elementor-container elementor-column-gap-default\">\n\t\t\t\t\t<div class=\"elementor-column elementor-col-100 elementor-top-column elementor-element elementor-element-965bcb9\" data-id=\"965bcb9\" data-element_type=\"column\">\n\t\t\t<div class=\"elementor-widget-wrap elementor-element-populated\">\n\t\t\t\t\t\t<div class=\"elementor-element elementor-element-02971ff elementor-widget elementor-widget-text-editor\" data-id=\"02971ff\" data-element_type=\"widget\" data-widget_type=\"text-editor.default\">\n\t\t\t\t<div class=\"elementor-widget-container\">\n\t\t\t\t\t\t\t<h1>Regulamentos em andamento<\/h1>\t\t\t\t\t\t<\/div>\n\t\t\t\t<\/div>\n\t\t\t\t\t<\/div>\n\t\t<\/div>\n\t\t\t\t\t<\/div>\n\t\t<\/section>\n\t\t\t\t<\/div>\n\t\t","protected":false},"excerpt":{"rendered":"<p>N\u00facleo de Pesquisa para Pequena Minera\u00e7\u00e3o Respons\u00e1vel HOME QUEM SOMOS O NAP.MINERA\u00c7\u00c3O Conselho Pesquisadores Associados Pesquisadores Colaboradores PMO e Controladoria Inicia\u00e7\u00e3o Cient\u00edfica PRODU\u00c7\u00c3O CIENT\u00cdFICA LINHAS DE ATUA\u00c7\u00c3O EXPLORA\u00c7\u00c3O MINERAL LAVRA E OPERA\u00c7\u00c3O DE MINA Planejamento de Lavra TRATAMENTO DE MIN\u00c9RIOS GEST\u00c3O E GOVERNAN\u00c7A &#8211; ESG REDE DE MINERA\u00c7\u00c3O SUSTENTAVEL EQUIPE DE COORDENA\u00c7\u00c3O E OBJETIVOS PARCEIROS&hellip;<\/p>\n","protected":false},"author":1324,"featured_media":0,"parent":0,"menu_order":0,"comment_status":"closed","ping_status":"closed","template":"elementor_canvas","meta":{"footnotes":"","_links_to":"","_links_to_target":""},"categories":[],"tags":[],"class_list":["post-890","page","type-page","status-publish","hentry","post"],"_links":{"self":[{"href":"https:\/\/sites.usp.br\/napmineracao\/wp-json\/wp\/v2\/pages\/890","targetHints":{"allow":["GET"]}}],"collection":[{"href":"https:\/\/sites.usp.br\/napmineracao\/wp-json\/wp\/v2\/pages"}],"about":[{"href":"https:\/\/sites.usp.br\/napmineracao\/wp-json\/wp\/v2\/types\/page"}],"author":[{"embeddable":true,"href":"https:\/\/sites.usp.br\/napmineracao\/wp-json\/wp\/v2\/users\/1324"}],"replies":[{"embeddable":true,"href":"https:\/\/sites.usp.br\/napmineracao\/wp-json\/wp\/v2\/comments?post=890"}],"version-history":[{"count":4,"href":"https:\/\/sites.usp.br\/napmineracao\/wp-json\/wp\/v2\/pages\/890\/revisions"}],"predecessor-version":[{"id":2739,"href":"https:\/\/sites.usp.br\/napmineracao\/wp-json\/wp\/v2\/pages\/890\/revisions\/2739"}],"wp:attachment":[{"href":"https:\/\/sites.usp.br\/napmineracao\/wp-json\/wp\/v2\/media?parent=890"}],"wp:term":[{"taxonomy":"category","embeddable":true,"href":"https:\/\/sites.usp.br\/napmineracao\/wp-json\/wp\/v2\/categories?post=890"},{"taxonomy":"post_tag","embeddable":true,"href":"https:\/\/sites.usp.br\/napmineracao\/wp-json\/wp\/v2\/tags?post=890"}],"curies":[{"name":"wp","href":"https:\/\/api.w.org\/{rel}","templated":true}]}}