{"id":64,"date":"2014-02-12T11:28:54","date_gmt":"2014-02-12T13:28:54","guid":{"rendered":"http:\/\/sites.usp.br\/neat\/?page_id=64"},"modified":"2022-05-04T18:20:31","modified_gmt":"2022-05-04T21:20:31","slug":"linhas","status":"publish","type":"page","link":"https:\/\/sites.usp.br\/neat\/linhas\/","title":{"rendered":"Linhas de pesquisa"},"content":{"rendered":"<h3>1. Administra\u00e7\u00e3o de neg\u00f3cios e destinos tur\u00edsticos<\/h3>\n<p>Linhas voltada para o estudo de estrat\u00e9gias e pr\u00e1ticas de administra\u00e7\u00e3o de neg\u00f3cios e destinos tur\u00edsticos.<\/p>\n<h3>2. Economia do Turismo<\/h3>\n<p>Estuda a organiza\u00e7\u00e3o e din\u00e2mica das atividades tur\u00edsticas e os impactos destas na economia do destino. Inclui especialmente pesquisas sobre demanda tur\u00edstica, economia comportamental, competitividade de destinos e impactos econ\u00f4micos do turismo.<\/p>\n<h3>3. Comportamento do consumidor de turismo<\/h3>\n<p>Estuda o comportamento do consumidor de turismo. Inclui sobretudo pesquisas acerca de percep\u00e7\u00f5es, julgamentos e escolhas de servi\u00e7os e destinos tur\u00edsticos.<\/p>\n<h3>4. Ci\u00eancia de dados em turismo<\/h3>\n<p>Linha voltada para a explora\u00e7\u00e3o das possibilidades de produ\u00e7\u00e3o de conhecimento sobre turismo baseadas na disponibilidade de dados abertos e big data.<\/p>\n","protected":false},"excerpt":{"rendered":"<p>1. Administra\u00e7\u00e3o de neg\u00f3cios e destinos tur\u00edsticos Linhas voltada para o estudo de estrat\u00e9gias e pr\u00e1ticas de administra\u00e7\u00e3o de neg\u00f3cios e destinos tur\u00edsticos. 2. Economia do Turismo Estuda a organiza\u00e7\u00e3o e din\u00e2mica das atividades tur\u00edsticas e os impactos destas na economia do destino. Inclui especialmente pesquisas sobre demanda tur\u00edstica, economia comportamental, competitividade de destinos e [&hellip;]<\/p>\n","protected":false},"author":1,"featured_media":0,"parent":0,"menu_order":0,"comment_status":"closed","ping_status":"closed","template":"","meta":{"footnotes":"","_links_to":"","_links_to_target":""},"class_list":["post-64","page","type-page","status-publish","hentry"],"_links":{"self":[{"href":"https:\/\/sites.usp.br\/neat\/wp-json\/wp\/v2\/pages\/64","targetHints":{"allow":["GET"]}}],"collection":[{"href":"https:\/\/sites.usp.br\/neat\/wp-json\/wp\/v2\/pages"}],"about":[{"href":"https:\/\/sites.usp.br\/neat\/wp-json\/wp\/v2\/types\/page"}],"author":[{"embeddable":true,"href":"https:\/\/sites.usp.br\/neat\/wp-json\/wp\/v2\/users\/1"}],"replies":[{"embeddable":true,"href":"https:\/\/sites.usp.br\/neat\/wp-json\/wp\/v2\/comments?post=64"}],"version-history":[{"count":4,"href":"https:\/\/sites.usp.br\/neat\/wp-json\/wp\/v2\/pages\/64\/revisions"}],"predecessor-version":[{"id":262,"href":"https:\/\/sites.usp.br\/neat\/wp-json\/wp\/v2\/pages\/64\/revisions\/262"}],"wp:attachment":[{"href":"https:\/\/sites.usp.br\/neat\/wp-json\/wp\/v2\/media?parent=64"}],"curies":[{"name":"wp","href":"https:\/\/api.w.org\/{rel}","templated":true}]}}