{"id":79,"date":"2022-02-24T16:51:20","date_gmt":"2022-02-24T19:51:20","guid":{"rendered":"http:\/\/sites.usp.br\/neat\/?page_id=79"},"modified":"2022-09-05T14:37:34","modified_gmt":"2022-09-05T17:37:34","slug":"pagina-inicial","status":"publish","type":"page","link":"https:\/\/sites.usp.br\/neat\/","title":{"rendered":"Apresenta\u00e7\u00e3o"},"content":{"rendered":"<p>O N\u00facleo de Pesquisa em Economia e Administra\u00e7\u00e3o do Turismo (NEAT-USP) \u00e9 um grupo de pesquisa d<span style=\"font-weight: 400;\">o Programa de P\u00f3s-Gradua\u00e7\u00e3o em Turismo da Escola de Artes, Ci\u00eancias e Humanidades da Universidade de S\u00e3o Paulo.<\/span><\/p>\n<h3>Miss\u00e3o<\/h3>\n<p><span style=\"font-weight: 400;\">Promover a pesquisa cient\u00edfica de qualidade na \u00e1rea de economia e administra\u00e7\u00e3o do turismo no Programa de P\u00f3s-Gradua\u00e7\u00e3o em Turismo da EACH-USP, fortalecendo as colabora\u00e7\u00f5es entre pesquisadores, favorecendo o desenvolvimento de pesquisas relevantes e consistentes, ampliando a publica\u00e7\u00e3o de trabalhos em peri\u00f3dicos cient\u00edficos prestigiados, contribuindo para o impacto do conhecimento cient\u00edfico em turismo na economia e sociedade, e consolidando a imagem do PPGTUR-USP na pesquisa cient\u00edfica em gest\u00e3o do turismo.<\/span><\/p>\n<h3>Publica\u00e7\u00f5es em destaque<\/h3>\n\r\n\t<div class=\"slideshow_container slideshow_container_style-light\" style=\"height: 292px; \" data-slideshow-id=\"318\" data-style-name=\"style-light\" data-style-version=\"2.3.1\" >\r\n\r\n\t\t\t\t\t<div class=\"slideshow_loading_icon\"><\/div>\r\n\t\t\r\n\t\t<div class=\"slideshow_content\" style=\"display: none;\">\r\n\r\n\t\t\t<div class=\"slideshow_view\">\r\n\t\t\t\t<div class=\"slideshow_slide slideshow_slide_image\">\r\n\t\t\t\t\t\t\t\t\t\t\t<img src=\"https:\/\/sites.usp.br\/neat\/wp-content\/uploads\/sites\/1101\/2023\/02\/Screenshot_7.png\" alt=\"Cinco mitos sobre a pesquisa cient\u00edfica em turismo\" width=\"795\" height=\"402\" \/>\r\n\t\t\t\t\t\t\t\t\t\t<div class=\"slideshow_description_box slideshow_transparent\">\r\n\t\t\t\t\t\t<div class=\"slideshow_title\">Cinco mitos sobre a pesquisa cient\u00edfica em turismo<\/div>\t\t\t\t\t\t\t\t\t\t\t<\/div>\r\n\t\t\t\t<\/div>\r\n\r\n\t\t\t\t\t\t<div style=\"clear: both;\"><\/div><\/div><div class=\"slideshow_view\">\r\n\t\t\t\t<div class=\"slideshow_slide slideshow_slide_image\">\r\n\t\t\t\t\t\t\t\t\t\t\t<img src=\"https:\/\/sites.usp.br\/neat\/wp-content\/uploads\/sites\/1101\/2023\/02\/Service-quality.png\" alt=\"Service quality determinants in historic centers\" width=\"650\" height=\"323\" \/>\r\n\t\t\t\t\t\t\t\t\t\t<div class=\"slideshow_description_box slideshow_transparent\">\r\n\t\t\t\t\t\t<div class=\"slideshow_title\">Service quality determinants in historic centers<\/div>\t\t\t\t\t\t\t\t\t\t\t<\/div>\r\n\t\t\t\t<\/div>\r\n\r\n\t\t\t\t\t\t<div style=\"clear: both;\"><\/div><\/div><div class=\"slideshow_view\">\r\n\t\t\t\t<div class=\"slideshow_slide slideshow_slide_image\">\r\n\t\t\t\t\t\t\t\t\t\t\t<img src=\"https:\/\/sites.usp.br\/neat\/wp-content\/uploads\/sites\/1101\/2023\/02\/WhatsApp-Image-2023-02-08-at-17.35.48.jpeg\" alt=\"Value co-creation in tourism and hospitality: A systematic literature review\" width=\"593\" height=\"436\" \/>\r\n\t\t\t\t\t\t\t\t\t\t<div class=\"slideshow_description_box slideshow_transparent\">\r\n\t\t\t\t\t\t<div class=\"slideshow_title\">Value co-creation in tourism and hospitality: A systematic literature review<\/div>\t\t\t\t\t\t\t\t\t\t\t<\/div>\r\n\t\t\t\t<\/div>\r\n\r\n\t\t\t\t\t\t<div style=\"clear: both;\"><\/div><\/div><div class=\"slideshow_view\">\r\n\t\t\t\t<div class=\"slideshow_slide slideshow_slide_image\">\r\n\t\t\t\t\t<a href=\"https:\/\/doi.org\/10.1016\/j.jhtm.2022.09.006\" target=\"_self\" >\t\t\t\t\t\t<img src=\"https:\/\/sites.usp.br\/neat\/wp-content\/uploads\/sites\/1101\/2022\/11\/Screenshot_1.png\" alt=\"Spasojevic, B., &amp; Lohmann, G. (2022). What role do tourism stakeholders play in air route development\" width=\"625\" height=\"253\" \/>\r\n\t\t\t\t\t<\/a>\t\t\t\t\t<div class=\"slideshow_description_box slideshow_transparent\">\r\n\t\t\t\t\t\t<div class=\"slideshow_title\"><a href=\"https:\/\/doi.org\/10.1016\/j.jhtm.2022.09.006\" target=\"_self\" >Spasojevic, B., &amp; Lohmann, G. (2022). What role do tourism stakeholders play in air route development<\/a><\/div>\t\t\t\t\t\t\t\t\t\t\t<\/div>\r\n\t\t\t\t<\/div>\r\n\r\n\t\t\t\t\t\t<div style=\"clear: both;\"><\/div><\/div><div class=\"slideshow_view\">\r\n\t\t\t\t<div class=\"slideshow_slide slideshow_slide_image\">\r\n\t\t\t\t\t\t\t\t\t\t\t<img src=\"https:\/\/sites.usp.br\/neat\/wp-content\/uploads\/sites\/1101\/2022\/08\/Screenshot_10.png\" alt=\"Spasojevic &amp; Lohmann (2022) Air route development - Lessons from Australia\" width=\"617\" height=\"204\" \/>\r\n\t\t\t\t\t\t\t\t\t\t<div class=\"slideshow_description_box slideshow_transparent\">\r\n\t\t\t\t\t\t<div class=\"slideshow_title\">Spasojevic &amp; Lohmann (2022) Air route development - Lessons from Australia<\/div>\t\t\t\t\t\t\t\t\t\t\t<\/div>\r\n\t\t\t\t<\/div>\r\n\r\n\t\t\t\t\t\t<div style=\"clear: both;\"><\/div><\/div><div class=\"slideshow_view\">\r\n\t\t\t\t<div class=\"slideshow_slide slideshow_slide_image\">\r\n\t\t\t\t\t<a href=\"https:\/\/doi.org\/10.1080\/02614367.2022.2099002\" target=\"_blank\" >\t\t\t\t\t\t<img src=\"https:\/\/sites.usp.br\/neat\/wp-content\/uploads\/sites\/1101\/2022\/07\/Screenshot_1.png\" alt=\"Stoppa et al. (2022) Inequalities in access to consumption of leisure goods and services in Brazil\" width=\"1078\" height=\"463\" \/>\r\n\t\t\t\t\t<\/a>\t\t\t\t\t<div class=\"slideshow_description_box slideshow_transparent\">\r\n\t\t\t\t\t\t<div class=\"slideshow_title\"><a href=\"https:\/\/doi.org\/10.1080\/02614367.2022.2099002\" target=\"_blank\" >Stoppa et al. (2022) Inequalities in access to consumption of leisure goods and services in Brazil<\/a><\/div>\t\t\t\t\t\t\t\t\t\t\t<\/div>\r\n\t\t\t\t<\/div>\r\n\r\n\t\t\t\t\t\t<div style=\"clear: both;\"><\/div><\/div><div class=\"slideshow_view\">\r\n\t\t\t\t<div class=\"slideshow_slide slideshow_slide_image\">\r\n\t\t\t\t\t<a href=\"https:\/\/doi.org\/10.1177\/00187208221113614\" target=\"_blank\" >\t\t\t\t\t\t<img src=\"https:\/\/sites.usp.br\/neat\/wp-content\/uploads\/sites\/1101\/2022\/07\/Mizzi-Lohmann-Carim-Junior-2022.png\" alt=\"Mizzi, Lohmann, &amp; Carim Junior (2022) The Role of Self-Study in Addressing Competency Decline Among Airline Pilots During the COVID-19 Pandemic\" width=\"1116\" height=\"442\" \/>\r\n\t\t\t\t\t<\/a>\t\t\t\t\t<div class=\"slideshow_description_box slideshow_transparent\">\r\n\t\t\t\t\t\t<div class=\"slideshow_title\"><a href=\"https:\/\/doi.org\/10.1177\/00187208221113614\" target=\"_blank\" >Mizzi, Lohmann, &amp; Carim Junior (2022) The Role of Self-Study in Addressing Competency Decline Among Airline Pilots During the COVID-19 Pandemic<\/a><\/div>\t\t\t\t\t\t\t\t\t\t\t<\/div>\r\n\t\t\t\t<\/div>\r\n\r\n\t\t\t\t\t\t<div style=\"clear: both;\"><\/div><\/div><div class=\"slideshow_view\">\r\n\t\t\t\t<div class=\"slideshow_slide slideshow_slide_image\">\r\n\t\t\t\t\t<a href=\"https:\/\/doi.org\/10.1016\/j.ijis.2022.05.001\" target=\"_blank\" >\t\t\t\t\t\t<img src=\"https:\/\/sites.usp.br\/neat\/wp-content\/uploads\/sites\/1101\/2022\/06\/Screenshot_16.png\" alt=\"Pereira, Lohmann, &amp; Houghton (2022) Technology trajectory in aviation\" width=\"620\" height=\"245\" \/>\r\n\t\t\t\t\t<\/a>\t\t\t\t\t<div class=\"slideshow_description_box slideshow_transparent\">\r\n\t\t\t\t\t\t<div class=\"slideshow_title\"><a href=\"https:\/\/doi.org\/10.1016\/j.ijis.2022.05.001\" target=\"_blank\" >Pereira, Lohmann, &amp; Houghton (2022) Technology trajectory in aviation<\/a><\/div>\t\t\t\t\t\t\t\t\t\t\t<\/div>\r\n\t\t\t\t<\/div>\r\n\r\n\t\t\t\t\t\t<div style=\"clear: both;\"><\/div><\/div><div class=\"slideshow_view\">\r\n\t\t\t\t<div class=\"slideshow_slide slideshow_slide_image\">\r\n\t\t\t\t\t<a href=\"https:\/\/doi.org\/10.1016\/j.tourman.2022.104563\" target=\"_blank\" >\t\t\t\t\t\t<img src=\"https:\/\/sites.usp.br\/neat\/wp-content\/uploads\/sites\/1101\/2022\/06\/Screenshot_15.png\" alt=\"Santos (2022) On the validity and meaningfulness of higher-order reflective constructs: A reply to Mikuli\u0107\" width=\"629\" height=\"249\" \/>\r\n\t\t\t\t\t<\/a>\t\t\t\t\t<div class=\"slideshow_description_box slideshow_transparent\">\r\n\t\t\t\t\t\t<div class=\"slideshow_title\"><a href=\"https:\/\/doi.org\/10.1016\/j.tourman.2022.104563\" target=\"_blank\" >Santos (2022) On the validity and meaningfulness of higher-order reflective constructs: A reply to Mikuli\u0107<\/a><\/div>\t\t\t\t\t\t\t\t\t\t\t<\/div>\r\n\t\t\t\t<\/div>\r\n\r\n\t\t\t\t\t\t<div style=\"clear: both;\"><\/div><\/div><div class=\"slideshow_view\">\r\n\t\t\t\t<div class=\"slideshow_slide slideshow_slide_image\">\r\n\t\t\t\t\t<a href=\"https:\/\/doi.org\/10.1016\/j.jairtraman.2012.10.005\" target=\"_blank\" >\t\t\t\t\t\t<img src=\"https:\/\/sites.usp.br\/neat\/wp-content\/uploads\/sites\/1101\/2022\/05\/spectrum.png\" alt=\"Lohmann &amp; Koo (2013) The airline business model spectrum\" width=\"683\" height=\"248\" \/>\r\n\t\t\t\t\t<\/a>\t\t\t\t\t<div class=\"slideshow_description_box slideshow_transparent\">\r\n\t\t\t\t\t\t<div class=\"slideshow_title\"><a href=\"https:\/\/doi.org\/10.1016\/j.jairtraman.2012.10.005\" target=\"_blank\" >Lohmann &amp; Koo (2013) The airline business model spectrum<\/a><\/div>\t\t\t\t\t\t\t\t\t\t\t<\/div>\r\n\t\t\t\t<\/div>\r\n\r\n\t\t\t\t\t\t<div style=\"clear: both;\"><\/div><\/div><div class=\"slideshow_view\">\r\n\t\t\t\t<div class=\"slideshow_slide slideshow_slide_image\">\r\n\t\t\t\t\t<a href=\"https:\/\/doi.org\/10.1016\/j.jdmm.2015.03.005\" target=\"_blank\" >\t\t\t\t\t\t<img src=\"https:\/\/sites.usp.br\/neat\/wp-content\/uploads\/sites\/1101\/2022\/05\/leadership.png\" alt=\"Leadership\" width=\"682\" height=\"251\" \/>\r\n\t\t\t\t\t<\/a>\t\t\t\t\t<div class=\"slideshow_description_box slideshow_transparent\">\r\n\t\t\t\t\t\t<div class=\"slideshow_title\"><a href=\"https:\/\/doi.org\/10.1016\/j.jdmm.2015.03.005\" target=\"_blank\" >Leadership<\/a><\/div>\t\t\t\t\t\t\t\t\t\t\t<\/div>\r\n\t\t\t\t<\/div>\r\n\r\n\t\t\t\t\t\t<div style=\"clear: both;\"><\/div><\/div><div class=\"slideshow_view\">\r\n\t\t\t\t<div class=\"slideshow_slide slideshow_slide_image\">\r\n\t\t\t\t\t<a href=\"https:\/\/doi.org\/10.1016\/j.jairtraman.2008.07.004\" target=\"_blank\" >\t\t\t\t\t\t<img src=\"https:\/\/sites.usp.br\/neat\/wp-content\/uploads\/sites\/1101\/2022\/05\/hub.png\" alt=\"hub\" width=\"682\" height=\"306\" \/>\r\n\t\t\t\t\t<\/a>\t\t\t\t\t<div class=\"slideshow_description_box slideshow_transparent\">\r\n\t\t\t\t\t\t<div class=\"slideshow_title\"><a href=\"https:\/\/doi.org\/10.1016\/j.jairtraman.2008.07.004\" target=\"_blank\" >hub<\/a><\/div>\t\t\t\t\t\t\t\t\t\t\t<\/div>\r\n\t\t\t\t<\/div>\r\n\r\n\t\t\t\t\t\t<div style=\"clear: both;\"><\/div><\/div><div class=\"slideshow_view\">\r\n\t\t\t\t<div class=\"slideshow_slide slideshow_slide_image\">\r\n\t\t\t\t\t<a href=\"https:\/\/www.emerald.com\/insight\/content\/doi\/10.1108\/TR-07-2020-0323\/full\/html?utm_source=rss&amp;utm_medium=feed&amp;utm_campaign=rss_journalLatest\" target=\"_blank\" >\t\t\t\t\t\t<img src=\"https:\/\/sites.usp.br\/neat\/wp-content\/uploads\/sites\/1101\/2022\/05\/brazil.png\" alt=\"brazil\" width=\"1103\" height=\"361\" \/>\r\n\t\t\t\t\t<\/a>\t\t\t\t\t<div class=\"slideshow_description_box slideshow_transparent\">\r\n\t\t\t\t\t\t<div class=\"slideshow_title\"><a href=\"https:\/\/www.emerald.com\/insight\/content\/doi\/10.1108\/TR-07-2020-0323\/full\/html?utm_source=rss&amp;utm_medium=feed&amp;utm_campaign=rss_journalLatest\" target=\"_blank\" >brazil<\/a><\/div>\t\t\t\t\t\t\t\t\t\t\t<\/div>\r\n\t\t\t\t<\/div>\r\n\r\n\t\t\t\t\t\t<div style=\"clear: both;\"><\/div><\/div><div class=\"slideshow_view\">\r\n\t\t\t\t<div class=\"slideshow_slide slideshow_slide_image\">\r\n\t\t\t\t\t<a href=\"https:\/\/doi.org\/10.1080\/09669582.2022.2036170\" target=\"_blank\" >\t\t\t\t\t\t<img src=\"https:\/\/sites.usp.br\/neat\/wp-content\/uploads\/sites\/1101\/2022\/05\/lowering.png\" alt=\"Lowering the harm of tourist activities\" width=\"784\" height=\"257\" \/>\r\n\t\t\t\t\t<\/a>\t\t\t\t\t<div class=\"slideshow_description_box slideshow_transparent\">\r\n\t\t\t\t\t\t<div class=\"slideshow_title\"><a href=\"https:\/\/doi.org\/10.1080\/09669582.2022.2036170\" target=\"_blank\" >Lowering the harm of tourist activities<\/a><\/div>\t\t\t\t\t\t\t\t\t\t\t<\/div>\r\n\t\t\t\t<\/div>\r\n\r\n\t\t\t\t\t\t<div style=\"clear: both;\"><\/div><\/div><div class=\"slideshow_view\">\r\n\t\t\t\t<div class=\"slideshow_slide slideshow_slide_image\">\r\n\t\t\t\t\t<a href=\"https:\/\/journals.sagepub.com\/doi\/full\/10.1177\/13548166211056390\" target=\"_blank\" >\t\t\t\t\t\t<img src=\"https:\/\/sites.usp.br\/neat\/wp-content\/uploads\/sites\/1101\/2022\/05\/saopaulo.png\" alt=\"saopaulo\" width=\"701\" height=\"231\" \/>\r\n\t\t\t\t\t<\/a>\t\t\t\t\t<div class=\"slideshow_description_box slideshow_transparent\">\r\n\t\t\t\t\t\t<div class=\"slideshow_title\"><a href=\"https:\/\/journals.sagepub.com\/doi\/full\/10.1177\/13548166211056390\" target=\"_blank\" >saopaulo<\/a><\/div>\t\t\t\t\t\t\t\t\t\t\t<\/div>\r\n\t\t\t\t<\/div>\r\n\r\n\t\t\t\t\t\t<div style=\"clear: both;\"><\/div><\/div><div class=\"slideshow_view\">\r\n\t\t\t\t<div class=\"slideshow_slide slideshow_slide_image\">\r\n\t\t\t\t\t<a href=\"https:\/\/journals.sagepub.com\/doi\/full\/10.1177\/0047287520957419\" target=\"_blank\" >\t\t\t\t\t\t<img src=\"https:\/\/sites.usp.br\/neat\/wp-content\/uploads\/sites\/1101\/2022\/05\/overloaded.png\" alt=\"overloaded\" width=\"770\" height=\"230\" \/>\r\n\t\t\t\t\t<\/a>\t\t\t\t\t<div class=\"slideshow_description_box slideshow_transparent\">\r\n\t\t\t\t\t\t<div class=\"slideshow_title\"><a href=\"https:\/\/journals.sagepub.com\/doi\/full\/10.1177\/0047287520957419\" target=\"_blank\" >overloaded<\/a><\/div>\t\t\t\t\t\t\t\t\t\t\t<\/div>\r\n\t\t\t\t<\/div>\r\n\r\n\t\t\t\t\t\t<div style=\"clear: both;\"><\/div><\/div><div class=\"slideshow_view\">\r\n\t\t\t\t<div class=\"slideshow_slide slideshow_slide_image\">\r\n\t\t\t\t\t<a href=\"https:\/\/www.tandfonline.com\/doi\/abs\/10.1080\/02642069.2019.1600671?journalCode=fsij20\" target=\"_blank\" >\t\t\t\t\t\t<img src=\"https:\/\/sites.usp.br\/neat\/wp-content\/uploads\/sites\/1101\/2022\/05\/mixed.png\" alt=\"mixed\" width=\"753\" height=\"259\" \/>\r\n\t\t\t\t\t<\/a>\t\t\t\t\t<div class=\"slideshow_description_box slideshow_transparent\">\r\n\t\t\t\t\t\t<div class=\"slideshow_title\"><a href=\"https:\/\/www.tandfonline.com\/doi\/abs\/10.1080\/02642069.2019.1600671?journalCode=fsij20\" target=\"_blank\" >mixed<\/a><\/div>\t\t\t\t\t\t\t\t\t\t\t<\/div>\r\n\t\t\t\t<\/div>\r\n\r\n\t\t\t\t\t\t<div style=\"clear: both;\"><\/div><\/div><div class=\"slideshow_view\">\r\n\t\t\t\t<div class=\"slideshow_slide slideshow_slide_image\">\r\n\t\t\t\t\t<a href=\"https:\/\/www.sciencedirect.com\/science\/article\/pii\/S0261517717300602\" target=\"_blank\" >\t\t\t\t\t\t<img src=\"https:\/\/sites.usp.br\/neat\/wp-content\/uploads\/sites\/1101\/2022\/05\/reciprocal.png\" alt=\"reciprocal\" width=\"683\" height=\"265\" \/>\r\n\t\t\t\t\t<\/a>\t\t\t\t\t<div class=\"slideshow_description_box slideshow_transparent\">\r\n\t\t\t\t\t\t<div class=\"slideshow_title\"><a href=\"https:\/\/www.sciencedirect.com\/science\/article\/pii\/S0261517717300602\" target=\"_blank\" >reciprocal<\/a><\/div>\t\t\t\t\t\t\t\t\t\t\t<\/div>\r\n\t\t\t\t<\/div>\r\n\r\n\t\t\t\t\t\t<div style=\"clear: both;\"><\/div><\/div><div class=\"slideshow_view\">\r\n\t\t\t\t<div class=\"slideshow_slide slideshow_slide_image\">\r\n\t\t\t\t\t<a href=\"https:\/\/www.sciencedirect.com\/science\/article\/pii\/S0261517715001545\" target=\"_blank\" >\t\t\t\t\t\t<img src=\"https:\/\/sites.usp.br\/neat\/wp-content\/uploads\/sites\/1101\/2022\/05\/hedonic.png\" alt=\"hedonic\" width=\"684\" height=\"265\" \/>\r\n\t\t\t\t\t<\/a>\t\t\t\t\t<div class=\"slideshow_description_box slideshow_transparent\">\r\n\t\t\t\t\t\t<div class=\"slideshow_title\"><a href=\"https:\/\/www.sciencedirect.com\/science\/article\/pii\/S0261517715001545\" target=\"_blank\" >hedonic<\/a><\/div>\t\t\t\t\t\t\t\t\t\t\t<\/div>\r\n\t\t\t\t<\/div>\r\n\r\n\t\t\t\t\t\t<div style=\"clear: both;\"><\/div><\/div><div class=\"slideshow_view\">\r\n\t\t\t\t<div class=\"slideshow_slide slideshow_slide_image\">\r\n\t\t\t\t\t<a href=\"https:\/\/journals.sagepub.com\/doi\/full\/10.1177\/0047287514532370\" target=\"_blank\" >\t\t\t\t\t\t<img src=\"https:\/\/sites.usp.br\/neat\/wp-content\/uploads\/sites\/1101\/2022\/05\/length.png\" alt=\"length\" width=\"706\" height=\"198\" \/>\r\n\t\t\t\t\t<\/a>\t\t\t\t\t<div class=\"slideshow_description_box slideshow_transparent\">\r\n\t\t\t\t\t\t<div class=\"slideshow_title\"><a href=\"https:\/\/journals.sagepub.com\/doi\/full\/10.1177\/0047287514532370\" target=\"_blank\" >length<\/a><\/div>\t\t\t\t\t\t\t\t\t\t\t<\/div>\r\n\t\t\t\t<\/div>\r\n\r\n\t\t\t\t\t\t<div style=\"clear: both;\"><\/div><\/div><div class=\"slideshow_view\">\r\n\t\t\t\t<div class=\"slideshow_slide slideshow_slide_image\">\r\n\t\t\t\t\t\t\t\t\t\t\t<img src=\"https:\/\/sites.usp.br\/neat\/wp-content\/uploads\/sites\/1101\/2022\/05\/carrying.png\" alt=\"carrying\" width=\"684\" height=\"350\" \/>\r\n\t\t\t\t\t\t\t\t\t\t<div class=\"slideshow_description_box slideshow_transparent\">\r\n\t\t\t\t\t\t<div class=\"slideshow_title\">carrying<\/div>\t\t\t\t\t\t\t\t\t\t\t<\/div>\r\n\t\t\t\t<\/div>\r\n\r\n\t\t\t\t\t\t<div style=\"clear: both;\"><\/div><\/div><div class=\"slideshow_view\">\r\n\t\t\t\t<div class=\"slideshow_slide slideshow_slide_image\">\r\n\t\t\t\t\t<a href=\"https:\/\/doi.org\/10.1016\/j.annals.2021.103348\" target=\"_blank\" >\t\t\t\t\t\t<img src=\"https:\/\/sites.usp.br\/neat\/wp-content\/uploads\/sites\/1101\/2022\/05\/authenticity.png\" alt=\"authenticity\" width=\"688\" height=\"269\" \/>\r\n\t\t\t\t\t<\/a>\t\t\t\t\t<div class=\"slideshow_description_box slideshow_transparent\">\r\n\t\t\t\t\t\t<div class=\"slideshow_title\"><a href=\"https:\/\/doi.org\/10.1016\/j.annals.2021.103348\" target=\"_blank\" >authenticity<\/a><\/div>\t\t\t\t\t\t\t\t\t\t\t<\/div>\r\n\t\t\t\t<\/div>\r\n\r\n\t\t\t\t\t\t<div style=\"clear: both;\"><\/div><\/div><div class=\"slideshow_view\">\r\n\t\t\t\t<div class=\"slideshow_slide slideshow_slide_image\">\r\n\t\t\t\t\t<a href=\"https:\/\/doi.org\/10.1016\/j.tourman.2018.12.015\" target=\"_blank\" >\t\t\t\t\t\t<img src=\"https:\/\/sites.usp.br\/neat\/wp-content\/uploads\/sites\/1101\/2022\/05\/interorganizational.png\" alt=\"Wilke et al. (2019) Interorganizational cooperation in tourist destination\" width=\"689\" height=\"331\" \/>\r\n\t\t\t\t\t<\/a>\t\t\t\t\t<div class=\"slideshow_description_box slideshow_transparent\">\r\n\t\t\t\t\t\t<div class=\"slideshow_title\"><a href=\"https:\/\/doi.org\/10.1016\/j.tourman.2018.12.015\" target=\"_blank\" >Wilke et al. (2019) Interorganizational cooperation in tourist destination<\/a><\/div>\t\t\t\t\t\t\t\t\t\t\t<\/div>\r\n\t\t\t\t<\/div>\r\n\r\n\t\t\t\t\t\t<div style=\"clear: both;\"><\/div><\/div>\r\n\t\t<\/div>\r\n\r\n\t\t<div class=\"slideshow_controlPanel slideshow_transparent\" style=\"display: none;\"><ul><li class=\"slideshow_togglePlay\" data-play-text=\"Acionar\" data-pause-text=\"Pausar\"><\/li><\/ul><\/div>\r\n\r\n\t\t<div class=\"slideshow_button slideshow_previous slideshow_transparent\" role=\"button\" data-previous-text=\"Anterior\" style=\"display: none;\"><\/div>\r\n\t\t<div class=\"slideshow_button slideshow_next slideshow_transparent\" role=\"button\" data-next-text=\"Pr\u00f3ximo\" style=\"display: none;\"><\/div>\r\n\r\n\t\t<div class=\"slideshow_pagination\" style=\"display: none;\" data-go-to-text=\"Ir para o slide\"><div class=\"slideshow_pagination_center\"><\/div><\/div>\r\n\r\n\t\t<!-- WordPress Slideshow Version 2.3.1 -->\r\n\r\n\t\t\t<\/div>\r\n\r\n\n","protected":false},"excerpt":{"rendered":"<p>O N\u00facleo de Pesquisa em Economia e Administra\u00e7\u00e3o do Turismo (NEAT-USP) \u00e9 um grupo de pesquisa do Programa de P\u00f3s-Gradua\u00e7\u00e3o em Turismo da Escola de Artes, Ci\u00eancias e Humanidades da Universidade de S\u00e3o Paulo. Miss\u00e3o Promover a pesquisa cient\u00edfica de qualidade na \u00e1rea de economia e administra\u00e7\u00e3o do turismo no Programa de P\u00f3s-Gradua\u00e7\u00e3o em Turismo [&hellip;]<\/p>\n","protected":false},"author":1,"featured_media":0,"parent":0,"menu_order":0,"comment_status":"closed","ping_status":"closed","template":"","meta":{"footnotes":"","_links_to":"","_links_to_target":""},"class_list":["post-79","page","type-page","status-publish","hentry"],"_links":{"self":[{"href":"https:\/\/sites.usp.br\/neat\/wp-json\/wp\/v2\/pages\/79","targetHints":{"allow":["GET"]}}],"collection":[{"href":"https:\/\/sites.usp.br\/neat\/wp-json\/wp\/v2\/pages"}],"about":[{"href":"https:\/\/sites.usp.br\/neat\/wp-json\/wp\/v2\/types\/page"}],"author":[{"embeddable":true,"href":"https:\/\/sites.usp.br\/neat\/wp-json\/wp\/v2\/users\/1"}],"replies":[{"embeddable":true,"href":"https:\/\/sites.usp.br\/neat\/wp-json\/wp\/v2\/comments?post=79"}],"version-history":[{"count":5,"href":"https:\/\/sites.usp.br\/neat\/wp-json\/wp\/v2\/pages\/79\/revisions"}],"predecessor-version":[{"id":400,"href":"https:\/\/sites.usp.br\/neat\/wp-json\/wp\/v2\/pages\/79\/revisions\/400"}],"wp:attachment":[{"href":"https:\/\/sites.usp.br\/neat\/wp-json\/wp\/v2\/media?parent=79"}],"curies":[{"name":"wp","href":"https:\/\/api.w.org\/{rel}","templated":true}]}}