{"id":274,"date":"2020-11-07T04:00:47","date_gmt":"2020-11-07T06:00:47","guid":{"rendered":"https:\/\/sites.usp.br\/neepp\/?page_id=274"},"modified":"2022-03-26T23:19:02","modified_gmt":"2022-03-27T01:19:02","slug":"sobre-o-neepp","status":"publish","type":"page","link":"https:\/\/sites.usp.br\/neepp\/sobre-o-neepp\/","title":{"rendered":"Sobre o NEEPP"},"content":{"rendered":"<p style=\"text-align: justify;\">O N\u00facleo de Estudos em Economia e Pol\u00edticas P\u00fablicas (NEEPP) foi criado em agosto de 2018 no \u00e2mbito do curso de Gest\u00e3o de Pol\u00edticas P\u00fablicas (GPP) na Escola de Artes Ci\u00eancias e Humanidades (EACH) da Universidade de S\u00e3o Paulo (USP). A principal miss\u00e3o do NEEPP \u00e9 desenvolver pesquisas que integrem o estudo das pol\u00edticas econ\u00f4micas com a an\u00e1lise de pol\u00edticas p\u00fablicas.<\/p>\n<p><a href=\"https:\/\/sites.usp.br\/neepp\/wp-content\/uploads\/sites\/820\/2020\/11\/neepp-2.png\"><img loading=\"lazy\" decoding=\"async\" class=\" wp-image-147 aligncenter\" src=\"https:\/\/sites.usp.br\/neepp\/wp-content\/uploads\/sites\/820\/2020\/11\/neepp-2-300x224.png\" alt=\"\" width=\"325\" height=\"243\" srcset=\"https:\/\/sites.usp.br\/neepp\/wp-content\/uploads\/sites\/820\/2020\/11\/neepp-2-300x224.png 300w, https:\/\/sites.usp.br\/neepp\/wp-content\/uploads\/sites\/820\/2020\/11\/neepp-2-80x60.png 80w, https:\/\/sites.usp.br\/neepp\/wp-content\/uploads\/sites\/820\/2020\/11\/neepp-2-400x298.png 400w, https:\/\/sites.usp.br\/neepp\/wp-content\/uploads\/sites\/820\/2020\/11\/neepp-2.png 677w\" sizes=\"auto, (max-width: 325px) 100vw, 325px\" \/><\/a><\/p>\n<p style=\"text-align: justify;\">As atividades de pesquisa do N\u00facleo t\u00eam contado com a participa\u00e7\u00e3o de alunos da EACH\/USP e tem se mostrado um importante espa\u00e7o de forma\u00e7\u00e3o acad\u00eamica para estudantes com temas de estudo que dialogam com a dimens\u00e3o econ\u00f4mica das pol\u00edticas p\u00fablicas. Este grupo de pesquisa \u00e9 vinculado ao Observat\u00f3rio Interdisciplinar de Pol\u00edticas P\u00fablicas \u201cProf. Dr. Jos\u00e9 Renato de Campos Ara\u00fajo\u201d (OIPP), que \u00e9 um grupo interdisciplinar j\u00e1 consolidado na EACH que visa pesquisar e difundir conhecimento sobre pol\u00edticas p\u00fablicas e gest\u00e3o governamental.<\/p>\n<p style=\"text-align: justify;\">O NEEPP nasceu a partir da experi\u00eancia das disciplinas de Economia vinculadas ao curso de Gest\u00e3o de Pol\u00edticas P\u00fablicas da Universidade de S\u00e3o Paulo (GPP\/USP). Nesta perspectiva, o ensino e a pesquisa de temas econ\u00f4micos requerem um tratamento voltado \u00e0s pol\u00edticas p\u00fablicas, em di\u00e1logo com outras \u00e1reas do conhecimento, em especial com aspectos pol\u00edticos que condicionam as a\u00e7\u00f5es econ\u00f4micas. Este tipo de \u00eanfase \u00e9 distinto da abordagem dos cursos tradicionais de Ci\u00eancias Econ\u00f4micas. \u00a0O N\u00facleo tem se constitu\u00eddo como um espa\u00e7o de pesquisa, debate e apresenta\u00e7\u00e3o de semin\u00e1rios sobre Economia e Pol\u00edticas P\u00fablicas.<\/p>\n<p>&nbsp;<\/p>\n<p>&nbsp;<\/p>\n","protected":false},"excerpt":{"rendered":"<p>O N\u00facleo de Estudos em Economia e Pol\u00edticas P\u00fablicas (NEEPP) foi criado em agosto de 2018 no \u00e2mbito do curso de Gest\u00e3o de Pol\u00edticas P\u00fablicas (GPP) na Escola de Artes Ci\u00eancias e Humanidades (EACH) da Universidade de S\u00e3o Paulo (USP). A principal miss\u00e3o do NEEPP \u00e9 desenvolver pesquisas que integrem o estudo das pol\u00edticas econ\u00f4micas<a href=\"https:\/\/sites.usp.br\/neepp\/sobre-o-neepp\/\">[&#8230;]<\/a><\/p>\n","protected":false},"author":22000,"featured_media":0,"parent":0,"menu_order":0,"comment_status":"closed","ping_status":"closed","template":"","meta":{"footnotes":"","_links_to":"","_links_to_target":""},"class_list":["post-274","page","type-page","status-publish","hentry"],"_links":{"self":[{"href":"https:\/\/sites.usp.br\/neepp\/wp-json\/wp\/v2\/pages\/274","targetHints":{"allow":["GET"]}}],"collection":[{"href":"https:\/\/sites.usp.br\/neepp\/wp-json\/wp\/v2\/pages"}],"about":[{"href":"https:\/\/sites.usp.br\/neepp\/wp-json\/wp\/v2\/types\/page"}],"author":[{"embeddable":true,"href":"https:\/\/sites.usp.br\/neepp\/wp-json\/wp\/v2\/users\/22000"}],"replies":[{"embeddable":true,"href":"https:\/\/sites.usp.br\/neepp\/wp-json\/wp\/v2\/comments?post=274"}],"version-history":[{"count":5,"href":"https:\/\/sites.usp.br\/neepp\/wp-json\/wp\/v2\/pages\/274\/revisions"}],"predecessor-version":[{"id":481,"href":"https:\/\/sites.usp.br\/neepp\/wp-json\/wp\/v2\/pages\/274\/revisions\/481"}],"wp:attachment":[{"href":"https:\/\/sites.usp.br\/neepp\/wp-json\/wp\/v2\/media?parent=274"}],"curies":[{"name":"wp","href":"https:\/\/api.w.org\/{rel}","templated":true}]}}