{"id":394,"date":"2021-09-26T21:53:50","date_gmt":"2021-09-26T23:53:50","guid":{"rendered":"https:\/\/sites.usp.br\/neepp\/?page_id=394"},"modified":"2022-03-30T16:48:07","modified_gmt":"2022-03-30T18:48:07","slug":"economistas","status":"publish","type":"page","link":"https:\/\/sites.usp.br\/neepp\/economistas\/","title":{"rendered":"Economistas no Campo de P\u00fablicas no Brasil"},"content":{"rendered":"<p>A Economia \u00e9 um dos componentes do Campo de P\u00fablicas no Brasil, tanto do ponto vista do ensino de gradua\u00e7\u00e3o e p\u00f3s-gradua\u00e7\u00e3o, da pesquisa acad\u00eamica, bem como na presen\u00e7a de economistas na administra\u00e7\u00e3o p\u00fablica. O NEEPP tem investigado a inser\u00e7\u00e3o de docentes economistas que atuam no Campo de P\u00fablicas no Brasil a partir da an\u00e1lise da sua trajet\u00f3ria acad\u00eamica e da sua produ\u00e7\u00e3o cient\u00edfica.<\/p>\n<p>Algumas perguntas norteiam esta linha de pesquisa:<\/p>\n<p>(i) economistas que lecionam em cursos de Administra\u00e7\u00e3o P\u00fablica, Gest\u00e3o P\u00fablica ou outros cursos do Campo de P\u00fablicas no Brasil, possuem forma\u00e7\u00e3o\u00a0disciplinar (toda forma\u00e7\u00e3o em Economia) ou interdisciplinar (pelo menos uma formacao nao econ\u00f4mica)?<\/p>\n<p>(ii) economistas que lecionam em cursos do Campo de P\u00fablicas no Brasil desenvolvem pesquisa com coautores de outras \u00e1reas ou, ao contr\u00e1rio, se envolvem em redes de pesquisadores com outros economistas?<\/p>\n<p>(iii) economistas que lecionam em cursos do Campo de P\u00fablicas no Brasil submetem sua produ\u00e7\u00e3o acad\u00eamica em congressos e peri\u00f3dicos especializados em Economia ou em eventos e revistas voltados aos profissionais do Campo de P\u00fablicas de forma geral?<\/p>\n<p>Dada a multidisciplinaridade formativa do Campo de P\u00fablicas, esta linha de pesquisa \u00e9 relevante na medida em que a produ\u00e7\u00e3o acad\u00eamica de tais pesquisadores do Campo pode ocorrer de forma interdisciplinar ou, ao contr\u00e1rio, de forma isolada em ilhas desconexas. No caso da Economia esse problema \u00e9 potencialmente mais complexo, pois a atua\u00e7\u00e3o de economistas na administra\u00e7\u00e3o p\u00fablica muitas vezes envolve conflitos com profissionais de \u00e1reas final\u00edsticas, como educa\u00e7\u00e3o, sa\u00fade e assist\u00eancia. Desta forma, a integra\u00e7\u00e3o de economistas no Campo de P\u00fablicas pode facilitar a formula\u00e7\u00e3o e implementa\u00e7\u00e3o de pol\u00edticas p\u00fablicas nestas \u00e1reas.<\/p>\n<p>&nbsp;<\/p>\n<p>&nbsp;<\/p>\n","protected":false},"excerpt":{"rendered":"<p>A Economia \u00e9 um dos componentes do Campo de P\u00fablicas no Brasil, tanto do ponto vista do ensino de gradua\u00e7\u00e3o e p\u00f3s-gradua\u00e7\u00e3o, da pesquisa acad\u00eamica, bem como na presen\u00e7a de economistas na administra\u00e7\u00e3o p\u00fablica. O NEEPP tem investigado a inser\u00e7\u00e3o de docentes economistas que atuam no Campo de P\u00fablicas no Brasil a partir da an\u00e1lise<a href=\"https:\/\/sites.usp.br\/neepp\/economistas\/\">[&#8230;]<\/a><\/p>\n","protected":false},"author":22000,"featured_media":0,"parent":0,"menu_order":0,"comment_status":"closed","ping_status":"closed","template":"","meta":{"footnotes":"","_links_to":"","_links_to_target":""},"class_list":["post-394","page","type-page","status-publish","hentry"],"_links":{"self":[{"href":"https:\/\/sites.usp.br\/neepp\/wp-json\/wp\/v2\/pages\/394","targetHints":{"allow":["GET"]}}],"collection":[{"href":"https:\/\/sites.usp.br\/neepp\/wp-json\/wp\/v2\/pages"}],"about":[{"href":"https:\/\/sites.usp.br\/neepp\/wp-json\/wp\/v2\/types\/page"}],"author":[{"embeddable":true,"href":"https:\/\/sites.usp.br\/neepp\/wp-json\/wp\/v2\/users\/22000"}],"replies":[{"embeddable":true,"href":"https:\/\/sites.usp.br\/neepp\/wp-json\/wp\/v2\/comments?post=394"}],"version-history":[{"count":4,"href":"https:\/\/sites.usp.br\/neepp\/wp-json\/wp\/v2\/pages\/394\/revisions"}],"predecessor-version":[{"id":506,"href":"https:\/\/sites.usp.br\/neepp\/wp-json\/wp\/v2\/pages\/394\/revisions\/506"}],"wp:attachment":[{"href":"https:\/\/sites.usp.br\/neepp\/wp-json\/wp\/v2\/media?parent=394"}],"curies":[{"name":"wp","href":"https:\/\/api.w.org\/{rel}","templated":true}]}}