{"id":503,"date":"2022-03-30T16:42:29","date_gmt":"2022-03-30T18:42:29","guid":{"rendered":"https:\/\/sites.usp.br\/neepp\/?page_id=503"},"modified":"2022-03-30T16:43:25","modified_gmt":"2022-03-30T18:43:25","slug":"economia-do-meio-ambiente-e-mudancas-climaticas","status":"publish","type":"page","link":"https:\/\/sites.usp.br\/neepp\/economia-do-meio-ambiente-e-mudancas-climaticas\/","title":{"rendered":"Economia do meio ambiente e mudan\u00e7as clim\u00e1ticas"},"content":{"rendered":"<p>Essa linha de pesquisa busca responder quest\u00f5es relacionadas \u00e0 rela\u00e7\u00e3o entre meio ambiente, recursos naturais, mudan\u00e7as clim\u00e1ticas, economia e o desenho de pol\u00edticas de mitiga\u00e7\u00e3o, adapta\u00e7\u00e3o e preserva\u00e7\u00e3o. Para tanto, utiliza t\u00e9cnicas de valora\u00e7\u00e3o ambiental, an\u00e1lise de custo benef\u00edcio e custo efetividade al\u00e9m de ser poss\u00edvel mensurar efeitos atrav\u00e9s de an\u00e1lise de regress\u00e3o.<\/p>\n<p>Entre os principais bens e servi\u00e7os provenientes do meio ambiente aos seres humanos e suas atividades econ\u00f4micas podemos citar:<\/p>\n<ul>\n<li>fonte de energia e insumos para a produ\u00e7\u00e3o: combust\u00edveis f\u00f3sseis, madeira, min\u00e9rios, \u00e1gua, peixes, etc.<\/li>\n<li>dep\u00f3sito final de res\u00edduos e emiss\u00f5es;<\/li>\n<li>servi\u00e7os ecossist\u00eamicos e biodiversidade: atmosfera respir\u00e1vel, \u00e1gua limpa, regime clim\u00e1tico habit\u00e1vel, ciclagem de nutrientes, etc;<\/li>\n<li>recrea\u00e7\u00e3o\/comodidades: observa\u00e7\u00e3o da vida selvagem, praia, paisagem, etc.<\/li>\n<li>reposit\u00f3rio de informa\u00e7\u00f5es gen\u00e9ticas: ajuda a determinar a estabilidade e resili\u00eancia do sistema ambiental.<\/li>\n<\/ul>\n<p>Nesse contexto, a atribui\u00e7\u00e3o de valores monet\u00e1rios ao meio ambiente auxilia na elabora\u00e7\u00e3o de pol\u00edticas p\u00fablicas de conserva\u00e7\u00e3o, compara\u00e7\u00e3o entre diferentes aloca\u00e7\u00f5es ou pol\u00edticas ambientais e na gera\u00e7\u00e3o de aloca\u00e7\u00f5es socialmente desej\u00e1veis\/ eficientes.<\/p>\n<p>Por sua vez, a economia das mudan\u00e7as clim\u00e1ticas procura fazer uma ponte entre ci\u00eancia e pol\u00edtica ao traduzir previs\u00f5es cient\u00edficas sobre os sistemas f\u00edsicos (clima, temperatura, precipita\u00e7\u00e3o, emiss\u00f5es de gases efeito estufa, etc) em proje\u00e7\u00f5es sobre o crescimento econ\u00f4mico e bem-estar, de forma acess\u00edvel aos formuladores de pol\u00edticas p\u00fablicas. Adicionalmente, d\u00e1 maior enfoque aos aspectos relacionados \u00e0 incerteza, impactos intergeracionais, mudan\u00e7as tecnol\u00f3gicas de longo prazo, entre outros, oferecendo insights te\u00f3ricos e emp\u00edricos relevantes para o desenho de pol\u00edticas para reduzir, evitar ou adaptar \u00e0s mudan\u00e7as clim\u00e1ticas.<\/p>\n<p>Dessa forma, algumas quest\u00f5es que podem ser respondidas nesta linha de pesquisa s\u00e3o:<\/p>\n<ul>\n<li>valora\u00e7\u00e3o de biodiversidade, servi\u00e7os ecossist\u00eamicos e pagamentos por servi\u00e7os ambientais;<\/li>\n<li>an\u00e1lise de custo-benef\u00edcio de recupera\u00e7\u00e3o florestal, ado\u00e7\u00e3o de energias limpas, etc;<\/li>\n<li>estudo de mecanismos de mercado como impostos sobre emiss\u00e3o de CO2 (<em>carbon tax<\/em>) ou licen\u00e7as de emiss\u00e3o (ETS <em>emission trading scheme<\/em>);<\/li>\n<li>estimativas de benef\u00edcios de mitiga\u00e7\u00e3o e avalia\u00e7\u00f5es aprimoradas dos custos de tais pol\u00edticas;<\/li>\n<li>mensura\u00e7\u00e3o dos impactos econ\u00f4micos e sociais das mudan\u00e7as clim\u00e1ticas na produ\u00e7\u00e3o, agricultura, sa\u00fade, educa\u00e7\u00e3o, desigualdade, etc;<\/li>\n<li>impactos econ\u00f4micos e sociais de desastres naturais;<\/li>\n<li>impactos de pol\u00edticas de mitiga\u00e7\u00e3o e adapta\u00e7\u00e3o sobre o PIB, balan\u00e7a comercial, empregos, custos, etc;<\/li>\n<\/ul>\n","protected":false},"excerpt":{"rendered":"<p>Essa linha de pesquisa busca responder quest\u00f5es relacionadas \u00e0 rela\u00e7\u00e3o entre meio ambiente, recursos naturais, mudan\u00e7as clim\u00e1ticas, economia e o desenho de pol\u00edticas de mitiga\u00e7\u00e3o, adapta\u00e7\u00e3o e preserva\u00e7\u00e3o. Para tanto, utiliza t\u00e9cnicas de valora\u00e7\u00e3o ambiental, an\u00e1lise de custo benef\u00edcio e custo efetividade al\u00e9m de ser poss\u00edvel mensurar efeitos atrav\u00e9s de an\u00e1lise de regress\u00e3o. Entre os<a href=\"https:\/\/sites.usp.br\/neepp\/economia-do-meio-ambiente-e-mudancas-climaticas\/\">[&#8230;]<\/a><\/p>\n","protected":false},"author":22000,"featured_media":0,"parent":0,"menu_order":0,"comment_status":"closed","ping_status":"closed","template":"","meta":{"footnotes":"","_links_to":"","_links_to_target":""},"class_list":["post-503","page","type-page","status-publish","hentry"],"_links":{"self":[{"href":"https:\/\/sites.usp.br\/neepp\/wp-json\/wp\/v2\/pages\/503","targetHints":{"allow":["GET"]}}],"collection":[{"href":"https:\/\/sites.usp.br\/neepp\/wp-json\/wp\/v2\/pages"}],"about":[{"href":"https:\/\/sites.usp.br\/neepp\/wp-json\/wp\/v2\/types\/page"}],"author":[{"embeddable":true,"href":"https:\/\/sites.usp.br\/neepp\/wp-json\/wp\/v2\/users\/22000"}],"replies":[{"embeddable":true,"href":"https:\/\/sites.usp.br\/neepp\/wp-json\/wp\/v2\/comments?post=503"}],"version-history":[{"count":1,"href":"https:\/\/sites.usp.br\/neepp\/wp-json\/wp\/v2\/pages\/503\/revisions"}],"predecessor-version":[{"id":504,"href":"https:\/\/sites.usp.br\/neepp\/wp-json\/wp\/v2\/pages\/503\/revisions\/504"}],"wp:attachment":[{"href":"https:\/\/sites.usp.br\/neepp\/wp-json\/wp\/v2\/media?parent=503"}],"curies":[{"name":"wp","href":"https:\/\/api.w.org\/{rel}","templated":true}]}}