{"id":193,"date":"2020-05-31T16:00:50","date_gmt":"2020-05-31T18:00:50","guid":{"rendered":"https:\/\/sites.usp.br\/nehilp\/?page_id=193"},"modified":"2020-07-13T00:28:22","modified_gmt":"2020-07-13T02:28:22","slug":"creditos","status":"publish","type":"page","link":"https:\/\/sites.usp.br\/nehilp\/creditos\/","title":{"rendered":"Cr\u00e9ditos"},"content":{"rendered":"<h3>Cr\u00e9ditos<\/h3>\n<h2>NEHiLP<\/h2>\n<p><strong>N\u00facleo de apoio \u00e0 pesquisa em Etimologia e Hist\u00f3ria da L\u00edngua Portuguesa<\/strong><\/p>\n<p>Coordena\u00e7\u00e3o: Profa. Dra. Vanessa Martins do Monte (DLCV-FFLCH\/USP)<\/p>\n<p>Vice-Coordena\u00e7\u00e3o: Prof. Dr. M\u00e1rio Eduardo Viaro (DLCV-FFLCH\/USP)<\/p>\n<p>Av. Prof. Luciano Gualberto, 403<br \/>\nPr\u00e9dio de Letras &#8211; sala 01 &#8211; 3\u00ba andar<br \/>\n05508-900 Cidade Universit\u00e1ria &#8211; S\u00e3o Paulo\/SP (Brasil)<br \/>\nhttp:\/\/www.nehilp.org<br \/>\ne-mail: nehilp@usp.br<br \/>\nFone: +55(11)3091-4294<\/p>\n<p>Pr\u00f3-Reitoria de Pesquisa<br \/>\nRua da Reitoria, 374 &#8211; 3\u00ba andar<br \/>\nCEP 05508-220 Cidade Universit\u00e1ria &#8211; S\u00e3o Paulo\/SP (Brasil)<br \/>\nhttp:\/\/www.prp.usp.br<\/p>\n<h3>Programa\u00e7\u00e3o<\/h3>\n<p><strong>RESPONS\u00c1VEL:\u00a0<\/strong>Prof. Dr. Marco Dimas Gubitoso (IME-USP)<\/p>\n<p><strong>Metaplasmador:\u00a0<\/strong>Marcelo Li Koga (POLI-USP)<\/p>\n<h3>Manual do NEHiLP<\/h3>\n<p>2014-2015 Prof. Dr. M\u00e1rio Eduardo Viaro (FFLCH-USP)<br \/>\n2014 Profa. Dra. Mariana Giacomini Botta (P\u00f3s-doutorado, FFLCH-USP)<br \/>\n2014 Prof. Dr. Aldo Luiz Bizzocchi (P\u00f3s-doutorado, FFLCH-USP)<\/p>\n<h3>P\u00e1gina<\/h3>\n<p>2018 Profa. Dra. Maria Clara Paix\u00e3o de Sousa<br \/>\n2015 Ludmila Tavares Credie (Design)<br \/>\n2015-2016 Yuri Roberto Amaral Gaspar (Gradua\u00e7\u00e3o, POLI-USP)<br \/>\n2014-2016 Ant\u00f4nio Augusto Abello (Gradua\u00e7\u00e3o, IME-USP)<br \/>\n2014 Evandro Uehara Viaro (Design)<br \/>\n2012 Profa. Dra. Nilsa Are\u00e1n-Garc\u00eda (FFLCH-USP)<\/p>\n<h3>Semin\u00e1rios NEHiLP\/GMHP<\/h3>\n<p><a href=\"http:\/\/www.usp.br\/gmhp\" target=\"_blank\" rel=\"noopener noreferrer\">www.usp.br\/gmhp<\/a><\/p>\n<div>2016-atual Prof. Dr. M\u00e1rio Eduardo Viaro<br \/>\n2014-2015 Profa. Dra.\u00a0<span class=\"il\">\u00c9rica<\/span>\u00a0Santos Soares\u00a0<span class=\"il\">de<\/span>\u00a0<span class=\"il\">Freitas<\/span><br \/>\n2012-2013 Profa. Dra. Nilsa Are\u00e1n Garc\u00eda<\/div>\n<div><\/div>\n<h3>Revista ARQUIVOS DO NEHiLP<\/h3>\n<p><strong>COORDENA\u00c7\u00c3O:\u00a0<\/strong>Prof. Dr. M\u00e1rio Eduardo Viaro (FFLCH-USP)<\/p>\n<p><strong>EDI\u00c7\u00c3O, PREPARA\u00c7\u00c3O\/REVIS\u00c3O E DIAGRAMA\u00c7\u00c3O:<\/strong><\/p>\n<p>2014-atual Profa. Dra. \u00c9rica Santos Soares de Freitas (FFLCH-USP)<br \/>\n2014 Heloisa Ribeiro Koster Guimar\u00e3es<br \/>\n2013 Dorly Hiroko Yamaoka (FFLCH-USP)<\/p>\n","protected":false},"excerpt":{"rendered":"<p>Cr\u00e9ditos NEHiLP N\u00facleo de apoio \u00e0 pesquisa em Etimologia e Hist\u00f3ria da L\u00edngua Portuguesa Coordena\u00e7\u00e3o: [&hellip;]<\/p>\n","protected":false},"author":1240,"featured_media":0,"parent":0,"menu_order":0,"comment_status":"closed","ping_status":"closed","template":"","meta":{"footnotes":"","_links_to":"","_links_to_target":""},"class_list":["post-193","page","type-page","status-publish","hentry"],"_links":{"self":[{"href":"https:\/\/sites.usp.br\/nehilp\/wp-json\/wp\/v2\/pages\/193","targetHints":{"allow":["GET"]}}],"collection":[{"href":"https:\/\/sites.usp.br\/nehilp\/wp-json\/wp\/v2\/pages"}],"about":[{"href":"https:\/\/sites.usp.br\/nehilp\/wp-json\/wp\/v2\/types\/page"}],"author":[{"embeddable":true,"href":"https:\/\/sites.usp.br\/nehilp\/wp-json\/wp\/v2\/users\/1240"}],"replies":[{"embeddable":true,"href":"https:\/\/sites.usp.br\/nehilp\/wp-json\/wp\/v2\/comments?post=193"}],"version-history":[{"count":2,"href":"https:\/\/sites.usp.br\/nehilp\/wp-json\/wp\/v2\/pages\/193\/revisions"}],"predecessor-version":[{"id":311,"href":"https:\/\/sites.usp.br\/nehilp\/wp-json\/wp\/v2\/pages\/193\/revisions\/311"}],"wp:attachment":[{"href":"https:\/\/sites.usp.br\/nehilp\/wp-json\/wp\/v2\/media?parent=193"}],"curies":[{"name":"wp","href":"https:\/\/api.w.org\/{rel}","templated":true}]}}