{"id":195,"date":"2020-05-31T16:00:50","date_gmt":"2020-05-31T18:00:50","guid":{"rendered":"https:\/\/sites.usp.br\/nehilp\/?page_id=195"},"modified":"2020-07-13T00:26:54","modified_gmt":"2020-07-13T02:26:54","slug":"contato","status":"publish","type":"page","link":"https:\/\/sites.usp.br\/nehilp\/contato\/","title":{"rendered":"Contato"},"content":{"rendered":"<h2>Contato<\/h2>\n<p><a title=\"USP - Universidade de S\u00e3o Paulo\" href=\"http:\/\/www.usp.br\/\"><b>UNIVERSIDADE DE S\u00c3O PAULO<\/b><\/a><b><\/p>\n<p>N\u00facleo de Apoio \u00e0 Pesquisa em Etimologia e Hist\u00f3ria da L\u00edngua Portuguesa<\/p>\n<p>A\/C Prof. Dr. M\u00e1rio Eduardo Viaro<\/b><\/p>\n<p>Av. Prof. Luciano Gualberto, 403<br \/>\nPr\u00e9dio de Letras<br \/>\nCidade Universit\u00e1ria &#8211; CEP 05508-900<br \/>\nS\u00e3o Paulo &#8211; SP &#8211; Brasil<\/p>\n<p>Fax: (11) 3091-5035<\/p>\n<p><a title=\"e-mail de contato com o NEHiLP\" href=\"mailto:gmhp@usp.br\">nehilp@usp.br<\/a><\/p>\n","protected":false},"excerpt":{"rendered":"<p>Contato UNIVERSIDADE DE S\u00c3O PAULO N\u00facleo de Apoio \u00e0 Pesquisa em Etimologia e Hist\u00f3ria da [&hellip;]<\/p>\n","protected":false},"author":1240,"featured_media":0,"parent":0,"menu_order":0,"comment_status":"closed","ping_status":"closed","template":"","meta":{"footnotes":"","_links_to":"","_links_to_target":""},"class_list":["post-195","page","type-page","status-publish","hentry"],"_links":{"self":[{"href":"https:\/\/sites.usp.br\/nehilp\/wp-json\/wp\/v2\/pages\/195","targetHints":{"allow":["GET"]}}],"collection":[{"href":"https:\/\/sites.usp.br\/nehilp\/wp-json\/wp\/v2\/pages"}],"about":[{"href":"https:\/\/sites.usp.br\/nehilp\/wp-json\/wp\/v2\/types\/page"}],"author":[{"embeddable":true,"href":"https:\/\/sites.usp.br\/nehilp\/wp-json\/wp\/v2\/users\/1240"}],"replies":[{"embeddable":true,"href":"https:\/\/sites.usp.br\/nehilp\/wp-json\/wp\/v2\/comments?post=195"}],"version-history":[{"count":2,"href":"https:\/\/sites.usp.br\/nehilp\/wp-json\/wp\/v2\/pages\/195\/revisions"}],"predecessor-version":[{"id":309,"href":"https:\/\/sites.usp.br\/nehilp\/wp-json\/wp\/v2\/pages\/195\/revisions\/309"}],"wp:attachment":[{"href":"https:\/\/sites.usp.br\/nehilp\/wp-json\/wp\/v2\/media?parent=195"}],"curies":[{"name":"wp","href":"https:\/\/api.w.org\/{rel}","templated":true}]}}