{"id":246,"date":"2020-06-07T14:12:39","date_gmt":"2020-06-07T16:12:39","guid":{"rendered":"https:\/\/sites.usp.br\/nehilp\/?page_id=246"},"modified":"2020-08-14T00:29:32","modified_gmt":"2020-08-14T02:29:32","slug":"retrodatacao","status":"publish","type":"page","link":"https:\/\/sites.usp.br\/nehilp\/retrodatacao\/","title":{"rendered":"RETRODATA\u00c7\u00c3O"},"content":{"rendered":"<h2>O Projeto Retrodata\u00e7\u00e3o<\/h2>\n<h3>Descri\u00e7\u00e3o<\/h3>\n<p>Uma das tarefas do etim\u00f3logo \u00e9 coletar contextos em determinadas obras e associ\u00e1-los \u00e0 data de publica\u00e7\u00e3o da mesma obra, que, necessariamente deve ser uma edi\u00e7\u00e3o confi\u00e1vel. Por meio dessas data\u00e7\u00f5es, \u00e9 poss\u00edvel estabelecer o terminus a quo da palavra e estabelecer etimologias. Tradicionalmente, o etim\u00f3logo \u00e9 entendido como uma pessoa extremamente erudita, que sabe onde localizar as melhores fontes e n\u00e3o raro conhece detalhes de conte\u00fado das obras que consulta\/cita. Obviamente, ter erudi\u00e7\u00e3o e ser organizado s\u00e3o qualidades sempre desej\u00e1veis para o pesquisador desse trabalho, mas n\u00e3o \u00e9 o ponto principal. O ideal \u00e9 que o menor n\u00famero de erros seja cometido. Erros que dependam apenas das propens\u00f5es humanas sempre existir\u00e3o, mas h\u00e1 alguns tipos de erros que podem ser evitados, como os motivados por cansa\u00e7o e pela falta de aten\u00e7\u00e3o, dado o manuseio de um grande n\u00famero de informa\u00e7\u00f5es . Nesse ponto, acredita-se que um programa que fa\u00e7a a compara\u00e7\u00e3o autom\u00e1tica de um determinado terminus a quo com a data da obra analisada auxiliaria muito as pesquisas.<\/p>\n<p>As vantagens desse programa sobre a pesquisa manual seriam v\u00e1rias:<\/p>\n<p>(a) numa pesquisa manual, o pesquisador n\u00e3o tem dispon\u00edveis em sua erudi\u00e7\u00e3o todos os termini a quo de todas as palavras de uma l\u00edngua, de modo que suas descobertas se pautam, na maioria das vezes, apenas pela \u201csensa\u00e7\u00e3o\u201d de que a palavra \u201cn\u00e3o deveria estar naquele texto\u201d, por ele supor (baseado exclusivamente na sua experi\u00eancia de falante e\/ou pesquisador) que a palavra seja mais recente do que a data do texto investigado;<\/p>\n<p>(b) para sanar a impossibilidade de uma investiga\u00e7\u00e3o exaustiva, o pesquisador acaba por se especializar, seja na forma (palavras com um determinado sufixo, por exemplo), seja no significado (por exemplo, palavras de um determinado campo sem\u00e2ntico), seja numa suposta origem (por exemplo, palavras de origem africana). Desse modo, o texto precisaria ser revisto por uma quantidade indefinida de pesquisadores para dele serem extra\u00eddas todas as informa\u00e7\u00f5es que possam ser interessantes para os estudos etimol\u00f3gicos.<\/p>\n<p>Um programa que tivesse idealmente a lista de todas as palavras da l\u00edngua portuguesa com seus respectivos termini a quo poderia teoricamente apresentar ao pesquisador todas as ocorr\u00eancias em que a data do texto processado for menor que a do terminus a quo, sem que ele recorresse \u00e0 sua erudi\u00e7\u00e3o e sanaria os problemas do item (a) acima, ao mesmo tempo que faria uma varredura integral, anulando tamb\u00e9m a parcialidade indesej\u00e1vel de (b).<\/p>\n<p>O projeto inicial do programa Moedor foi encaminhado \u00e0 Pr\u00f3-Reitoria de Pesquisa da Universidade de S\u00e3o Paulo em 2012, juntamente com a cria\u00e7\u00e3o do NEHiLP e foi desenvolvido pelo NEHiLP entre 2013-2014<\/p>\n<h3>O problema do corpus<\/h3>\n<p>Embora trabalhe com dados, o NEHiLP n\u00e3o tem por objetivo criar um corpus pr\u00f3prio para divulga\u00e7\u00e3o, mas, antes, vale-se da colabora\u00e7\u00e3o de dados de outros grupos de pesquisa que trabalham com corpora para manter um banco sempre dispon\u00edvel e usado apenas por uma parcela dos pesquisadores que elaboram as fichas do DELPo, que podem manipular o programa concordanciador, dispon\u00edvel apenas para quem tem login. Desse modo, forma-se a figura do concedente, pesquisador que fornece material, cuja pesquisa ser\u00e1 citada toda vez que dela se obtiver um verbete para o DELPo tanto nos lemas, quanto nas diversas acep\u00e7\u00f5es sem\u00e2nticas sob o mesmo lema. Por meio do programa Moedor e do Concordanciador, tamb\u00e9m ser\u00e1 poss\u00edvel ter a data\u00e7\u00e3o de flex\u00f5es e de variantes ortogr\u00e1ficas. O NEHiLP se compromete a divulga as pesquisas dos grupos concedentes na sua p\u00e1gina e nas abona\u00e7\u00f5es de seus dados, obtidas pelas pesquisas de busca presentes na vers\u00e3o com login. Resguarda-se, assim, a originalidade das pesquisas das quais os textos foram obtidos, ao mesmo tempo em que se atribui as responsabilidades e direitos de edi\u00e7\u00e3o a esses mesmos grupos. Autores concedentes, se tiverem interesse de integrar-se \u00e0 equipe do NEHiLP, ser\u00e3o considerados coautores do DELPo.<\/p>\n<p>Estimula-se tamb\u00e9m que textos in\u00e9ditos gerados pelos pr\u00f3prios integrantes do NEHiLP sejam doados aos grupos de pesquisas concedentes que se interessarem por eles. Com essa pol\u00edtica, o NEHiLP pretende dar um passo adiante no desenvolvimento e no aprimoramento da quest\u00e3o etimol\u00f3gica da L\u00edngua Portuguesa, que atualmente se encontra estagnada e muito incompleta e sem a qual a pesquisa da Lingu\u00edstica Hist\u00f3rica se revela muito parcial.<\/p>\n","protected":false},"excerpt":{"rendered":"<p>O Projeto Retrodata\u00e7\u00e3o Descri\u00e7\u00e3o Uma das tarefas do etim\u00f3logo \u00e9 coletar contextos em determinadas obras [&hellip;]<\/p>\n","protected":false},"author":21854,"featured_media":0,"parent":0,"menu_order":0,"comment_status":"closed","ping_status":"closed","template":"","meta":{"footnotes":"","_links_to":"","_links_to_target":""},"class_list":["post-246","page","type-page","status-publish","hentry"],"_links":{"self":[{"href":"https:\/\/sites.usp.br\/nehilp\/wp-json\/wp\/v2\/pages\/246","targetHints":{"allow":["GET"]}}],"collection":[{"href":"https:\/\/sites.usp.br\/nehilp\/wp-json\/wp\/v2\/pages"}],"about":[{"href":"https:\/\/sites.usp.br\/nehilp\/wp-json\/wp\/v2\/types\/page"}],"author":[{"embeddable":true,"href":"https:\/\/sites.usp.br\/nehilp\/wp-json\/wp\/v2\/users\/21854"}],"replies":[{"embeddable":true,"href":"https:\/\/sites.usp.br\/nehilp\/wp-json\/wp\/v2\/comments?post=246"}],"version-history":[{"count":2,"href":"https:\/\/sites.usp.br\/nehilp\/wp-json\/wp\/v2\/pages\/246\/revisions"}],"predecessor-version":[{"id":331,"href":"https:\/\/sites.usp.br\/nehilp\/wp-json\/wp\/v2\/pages\/246\/revisions\/331"}],"wp:attachment":[{"href":"https:\/\/sites.usp.br\/nehilp\/wp-json\/wp\/v2\/media?parent=246"}],"curies":[{"name":"wp","href":"https:\/\/api.w.org\/{rel}","templated":true}]}}