{"id":261,"date":"2020-06-07T14:16:43","date_gmt":"2020-06-07T16:16:43","guid":{"rendered":"https:\/\/sites.usp.br\/nehilp\/?page_id=261"},"modified":"2020-08-14T00:37:09","modified_gmt":"2020-08-14T02:37:09","slug":"reunioes","status":"publish","type":"page","link":"https:\/\/sites.usp.br\/nehilp\/reunioes\/","title":{"rendered":"REUNI\u00d5ES"},"content":{"rendered":"<h2>Reuni\u00f5es<\/h2>\n<p><strong>I Reuni\u00e3o (11\/11\/2015)<\/strong><\/p>\n<p><strong><a href=\"https:\/\/nehilp.prp.usp.br\/~nehilp\/arquivos\/AtaI.pdf\" target=\"_blank\" rel=\"noopener noreferrer\">Ata<\/a><\/strong><\/p>\n<p>&nbsp;<\/p>\n<p><strong>II Reuni\u00e3o (16\/12\/2015)<\/strong><\/p>\n<p><strong><a href=\"https:\/\/nehilp.prp.usp.br\/~nehilp\/arquivos\/AtaII.pdf\" target=\"_blank\" rel=\"noopener noreferrer\">Ata<\/a><\/strong><\/p>\n<p><strong><a href=\"https:\/\/nehilp.prp.usp.br\/~nehilp\/arquivos\/ReuniaoII.ppsx\">Apresenta\u00e7\u00e3o Powerpoint<\/a><\/strong><\/p>\n<p>&nbsp;<\/p>\n<p><strong>III Reuni\u00e3o (24\/02\/2016)<\/strong><\/p>\n<p><strong><a href=\"https:\/\/nehilp.prp.usp.br\/~nehilp\/arquivos\/AtaIII.pdf\">Ata<\/a><\/strong><\/p>\n<p><strong><a href=\"https:\/\/nehilp.prp.usp.br\/~nehilp\/arquivos\/ReuniaoIII.ppsx\">Apresenta\u00e7\u00e3o Powerpoint<\/a><\/strong><\/p>\n<p>&nbsp;<\/p>\n<p><strong>IV Reuni\u00e3o (30\/03\/2016)<\/strong><\/p>\n<p><strong><a href=\"https:\/\/nehilp.prp.usp.br\/~nehilp\/arquivos\/AtaIV.pdf\">Ata<\/a><\/strong><\/p>\n<p><strong><a href=\"https:\/\/nehilp.prp.usp.br\/~nehilp\/arquivos\/ReuniaoIV.ppsx\">Apresenta\u00e7\u00e3o Powerpoint<\/a><\/strong><\/p>\n<p>&nbsp;<\/p>\n<p><strong>V Reuni\u00e3o (20\/04\/2016)<\/strong><\/p>\n<p><strong><u><a href=\"https:\/\/nehilp.prp.usp.br\/~nehilp\/arquivos\/AtaV.pdf\">Ata<\/a><\/u><\/strong><\/p>\n<p><strong><u><a href=\"https:\/\/nehilp.prp.usp.br\/~nehilp\/arquivos\/ReuniaoV.ppsx\">Apresenta\u00e7\u00e3o Powerpoint<\/a><\/u><\/strong><\/p>\n<p>&nbsp;<\/p>\n<p><strong>VI Reuni\u00e3o (18\/05\/2016)<\/strong><\/p>\n<p><strong><u><a href=\"https:\/\/nehilp.prp.usp.br\/~nehilp\/arquivos\/AtaVI.pdf\">Ata<\/a><\/u><\/strong><\/p>\n<blockquote><p>&nbsp;<\/p><\/blockquote>\n<p><strong>VII Reuni\u00e3o (17\/08\/2016)<\/strong><\/p>\n<p><strong><u><a href=\"https:\/\/nehilp.prp.usp.br\/~nehilp\/arquivos\/AtaVII.pdf\">Ata<\/a><\/u><\/strong><\/p>\n","protected":false},"excerpt":{"rendered":"<p>Reuni\u00f5es I Reuni\u00e3o (11\/11\/2015) Ata &nbsp; II Reuni\u00e3o (16\/12\/2015) Ata Apresenta\u00e7\u00e3o Powerpoint &nbsp; III Reuni\u00e3o [&hellip;]<\/p>\n","protected":false},"author":21854,"featured_media":0,"parent":0,"menu_order":0,"comment_status":"closed","ping_status":"closed","template":"","meta":{"footnotes":"","_links_to":"","_links_to_target":""},"class_list":["post-261","page","type-page","status-publish","hentry"],"_links":{"self":[{"href":"https:\/\/sites.usp.br\/nehilp\/wp-json\/wp\/v2\/pages\/261","targetHints":{"allow":["GET"]}}],"collection":[{"href":"https:\/\/sites.usp.br\/nehilp\/wp-json\/wp\/v2\/pages"}],"about":[{"href":"https:\/\/sites.usp.br\/nehilp\/wp-json\/wp\/v2\/types\/page"}],"author":[{"embeddable":true,"href":"https:\/\/sites.usp.br\/nehilp\/wp-json\/wp\/v2\/users\/21854"}],"replies":[{"embeddable":true,"href":"https:\/\/sites.usp.br\/nehilp\/wp-json\/wp\/v2\/comments?post=261"}],"version-history":[{"count":2,"href":"https:\/\/sites.usp.br\/nehilp\/wp-json\/wp\/v2\/pages\/261\/revisions"}],"predecessor-version":[{"id":335,"href":"https:\/\/sites.usp.br\/nehilp\/wp-json\/wp\/v2\/pages\/261\/revisions\/335"}],"wp:attachment":[{"href":"https:\/\/sites.usp.br\/nehilp\/wp-json\/wp\/v2\/media?parent=261"}],"curies":[{"name":"wp","href":"https:\/\/api.w.org\/{rel}","templated":true}]}}