{"id":274,"date":"2020-06-07T14:20:54","date_gmt":"2020-06-07T16:20:54","guid":{"rendered":"https:\/\/sites.usp.br\/nehilp\/?page_id=274"},"modified":"2020-07-13T00:25:32","modified_gmt":"2020-07-13T02:25:32","slug":"arquivos-do-nehilp","status":"publish","type":"page","link":"https:\/\/sites.usp.br\/nehilp\/arquivos-do-nehilp\/","title":{"rendered":"ARQUIVOS DO NEHILP"},"content":{"rendered":"<h2>Arquivos do NEHiLP<br \/>\nISSN 2318-2032<\/h2>\n<h3>Apresenta\u00e7\u00e3o<\/h3>\n<p>Uma s\u00e9rie bibliogr\u00e1fica da Faculdade de Filosofia, Letras e Ci\u00eancias Humanas que visa \u00e0 divulga\u00e7\u00e3o de textos in\u00e9ditos ou extremamente raros, utilizados pelo NEHiLP, N\u00facleo de Apoio \u00e0 Pesquisa em Etimologia e Hist\u00f3ria da L\u00edngua Portuguesa, e por pesquisas similares com vistas \u00e0 investiga\u00e7\u00e3o da primeira data\u00e7\u00e3o das palavras em l\u00edngua portuguesa. Tem como objetivo divulgar edi\u00e7\u00f5es cr\u00edticas e diplom\u00e1ticas de textos antigos ou especiais, bem como l\u00e9xicos e estudos que reflitam a diversidade da l\u00edngua portuguesa (n\u00e3o s\u00f3 em suas varia\u00e7\u00f5es diacr\u00f4nicas, diastr\u00e1ticas, diat\u00f3picas e diastr\u00e1ticas, mas tamb\u00e9m estil\u00edsticas).<\/p>\n<h4>UNIVERSIDADE DE S\u00c3O PAULO<\/h4>\n<p><strong>REITOR:\u00a0<\/strong>Prof. Dr. Marco Antonio Zago<br \/>\n<strong>VICE-REITOR:\u00a0<\/strong>Prof. Dr. Vahan Agopyan<\/p>\n<h4>FACULDADE DE FILOSOFIA, LETRAS E CIENCIAS HUMANAS<\/h4>\n<p><strong>DIRETOR:\u00a0<\/strong>Profa. Dra. Maria Arminda do Nascimento Arruda<br \/>\n<strong>VICE-DIRETOR:\u00a0<\/strong>Prof. Dr. Paulo Martins<\/p>\n<h4>CORPO EDITORIAL<\/h4>\n<p><strong>PRESIDENTE:\u00a0<\/strong>M\u00e1rio Eduardo Viaro<br \/>\n<strong>PREPARA\u00c7\u00c3O, REVIS\u00c3O E DIAGRAMA\u00c7\u00c3O:\u00a0<\/strong>\u00c9rica Santos Soares de Freitas<\/p>\n<h4>Conselho editorial:<\/h4>\n<p>Aldo Luiz Bizzocchi<br \/>\nArtur Costrino<br \/>\nBruno Oliveira Maroneze<br \/>\nCarlos Eduardo Mendes de Moraes<br \/>\nClotilde de Almeida Azevedo Murakawa<br \/>\nDaniel K\u00f6lligan<br \/>\nElis de Almeida Cardoso Caretta<br \/>\nFederico Corriente<br \/>\nFrancisco da Silva Xavier<br \/>\nGra\u00e7a Maria Rio-Torto<br \/>\nJos\u00e9 Marcos Mariani de Macedo<br \/>\nJoseni Alc\u00e2ntara de Oliveira<br \/>\nMamede Mustafa Jarouche<br \/>\nMaria Clara Paix\u00e3o de Sousa<br \/>\nManoel Mourivaldo Santiago Almeida<br \/>\nMarcelo M\u00f3dolo<br \/>\nMarco Dimas Gubitoso<br \/>\nMargarida Maria Taddoni Petter<br \/>\nMariana Giacomini Botta<br \/>\nMaria Filomena Gon\u00e7alves<br \/>\nM\u00e1rio Eduardo Viaro<br \/>\nMartin Becker<br \/>\nMichael J. Ferreira<br \/>\nNelson Papavero<br \/>\nNilsa Are\u00e1n-Garc\u00eda<br \/>\nPaulo Chagas de Souza<br \/>\nPhablo Roberto Marchis Fachin<br \/>\nSafa Alferd Abou Chahla Jubran<br \/>\nSandra Aparecida Ferreira<br \/>\nS\u00edlvio de Almeida Toledo Neto<br \/>\nSolange Peixe Pinheiro de Carvalho<br \/>\nVal\u00e9ria Gil Cond\u00e9<br \/>\nVolker Noll<\/p>\n<h3>FICHA CATALOGR\u00c1FICA<\/h3>\n<p><img decoding=\"async\" src=\"https:\/\/nehilp.prp.usp.br\/~nehilp\/img\/ficha.png\" \/><\/p>\n","protected":false},"excerpt":{"rendered":"<p>Arquivos do NEHiLP ISSN 2318-2032 Apresenta\u00e7\u00e3o Uma s\u00e9rie bibliogr\u00e1fica da Faculdade de Filosofia, Letras e [&hellip;]<\/p>\n","protected":false},"author":21854,"featured_media":0,"parent":0,"menu_order":0,"comment_status":"closed","ping_status":"closed","template":"","meta":{"footnotes":"","_links_to":"","_links_to_target":""},"class_list":["post-274","page","type-page","status-publish","hentry"],"_links":{"self":[{"href":"https:\/\/sites.usp.br\/nehilp\/wp-json\/wp\/v2\/pages\/274","targetHints":{"allow":["GET"]}}],"collection":[{"href":"https:\/\/sites.usp.br\/nehilp\/wp-json\/wp\/v2\/pages"}],"about":[{"href":"https:\/\/sites.usp.br\/nehilp\/wp-json\/wp\/v2\/types\/page"}],"author":[{"embeddable":true,"href":"https:\/\/sites.usp.br\/nehilp\/wp-json\/wp\/v2\/users\/21854"}],"replies":[{"embeddable":true,"href":"https:\/\/sites.usp.br\/nehilp\/wp-json\/wp\/v2\/comments?post=274"}],"version-history":[{"count":2,"href":"https:\/\/sites.usp.br\/nehilp\/wp-json\/wp\/v2\/pages\/274\/revisions"}],"predecessor-version":[{"id":307,"href":"https:\/\/sites.usp.br\/nehilp\/wp-json\/wp\/v2\/pages\/274\/revisions\/307"}],"wp:attachment":[{"href":"https:\/\/sites.usp.br\/nehilp\/wp-json\/wp\/v2\/media?parent=274"}],"curies":[{"name":"wp","href":"https:\/\/api.w.org\/{rel}","templated":true}]}}