{"id":275,"date":"2020-06-07T14:20:54","date_gmt":"2020-06-07T16:20:54","guid":{"rendered":"https:\/\/sites.usp.br\/nehilp\/?page_id=275"},"modified":"2020-08-14T00:34:47","modified_gmt":"2020-08-14T02:34:47","slug":"livros","status":"publish","type":"page","link":"https:\/\/sites.usp.br\/nehilp\/livros\/","title":{"rendered":"LIVROS"},"content":{"rendered":"<h1>Livros<\/h1>\n<div class=\"falsetable\">\n<div class=\"false-td-small\">\n<p align=\"center\"><a title=\"Gloss\u00e1rio de palavras portuguesas sufixadas em -mento\" href=\"http:\/\/www.livrosabertos.sibi.usp.br\/portaldelivrosUSP\/catalog\/view\/220\/200\/922-1\" target=\"_blank\" rel=\"noopener noreferrer\"><img decoding=\"async\" class=\"capa\" src=\"http:\/\/www.usp.br\/nehilp\/img\/Freitas.png\" \/><\/a><\/p>\n<\/div>\n<div class=\"false-td-large\">\n<p>FREITAS, \u00c9rica Santos Soares de.<em>\u00a0Gloss\u00e1rio de palavras portuguesas sufixadas em -mento\u00a0<\/em>S\u00e3o Paulo: NEHiLP\/FFLCH\/USP, 2018.<\/p>\n<p>ISBN: 978-85-7506-313-2<\/p>\n<p>DOI 10.11606\/9788575063132<\/p>\n<p>Dispon\u00edvel em:<br \/>\n<a class=\"wraplink\" title=\"Gloss\u00e1rio de palavras portuguesas sufixadas em -mento\" href=\"http:\/\/www.livrosabertos.sibi.usp.br\/portaldelivrosUSP\/catalog\/view\/220\/200\/922-1\">Portal de Livros Abertos da USP<\/a><\/p>\n<\/div>\n<div class=\"false-td-small\">\n<p align=\"center\"><a title=\"Pelas veredas da Etimologia\" href=\"http:\/\/www.livrosabertos.sibi.usp.br\/portaldelivrosUSP\/catalog\/view\/121\/102\/517-1\" target=\"_blank\" rel=\"noopener noreferrer\"><img decoding=\"async\" class=\"capa\" src=\"https:\/\/nehilp.prp.usp.br\/~nehilp\/img\/Veredas.png\" \/><\/a><\/p>\n<\/div>\n<div class=\"false-td-large\">\n<p>DUCHOWNY, Al\u00e9xia Teles (org.)\u00a0<em>Pelas veredas da Etimologia.\u00a0<\/em>S\u00e3o Paulo: NEHiLP\/FFLCH\/USP, 2016.<\/p>\n<p>ISBN: 978-85-7506-286-9<\/p>\n<p>DOI 10.11606\/9788575062869<\/p>\n<p>Dispon\u00edvel em:<br \/>\n<a class=\"wraplink\" title=\"Pelas veredas da Etimologia\" href=\"http:\/\/www.livrosabertos.sibi.usp.br\/portaldelivrosUSP\/catalog\/view\/121\/102\/517-1\">Portal de Livros Abertos da USP<\/a><\/p>\n<\/div>\n<div class=\"false-td-small\">\n<p align=\"center\"><a title=\"Carolina Micha\u00eblis de Vasconcelos: uma homenagem\" href=\"http:\/\/www.livrosabertos.sibi.usp.br\/portaldelivrosUSP\/catalog\/view\/15\/11\/65-1\" target=\"_blank\" rel=\"noopener noreferrer\"><img decoding=\"async\" class=\"capa\" src=\"https:\/\/nehilp.prp.usp.br\/~nehilp\/img\/Carolina_Michaelis.png\" \/><\/a><\/p>\n<\/div>\n<div class=\"false-td-large\">\n<p>COND\u00c9, Val\u00e9ria G.; MONGELLI, L\u00eania M.; FRATESCHI, Yara F. V. (org.)\u00a0<em>Carolina Micha\u00eblis de Vasconcelos: uma homenagem.<\/em>\u00a0S\u00e3o Paulo: NEHiLP\/FFLCH\/USP, 2015.<\/p>\n<p>ISBN: 978-85-7506-249-4<\/p>\n<p>Dispon\u00edvel em:<br \/>\n<a class=\"wraplink\" title=\"Carolina Micha\u00eblis de Vasconcelos: uma homenagem\" href=\"http:\/\/www.livrosabertos.sibi.usp.br\/portaldelivrosUSP\/catalog\/view\/15\/11\/65-1\">Portal de Livros Abertos da USP<\/a><\/p>\n<\/div>\n<div class=\"false-td-small\">\n<p align=\"center\"><a title=\"Dicion\u00e1rio etimol\u00f3gico do Portugu\u00eas arcaico\" href=\"http:\/\/www.edufba.ufba.br\/2014\/04\/dicionario-etimologico-do-portugues-arcaico\/\" target=\"_blank\" rel=\"noopener noreferrer\"><img decoding=\"async\" class=\"capa\" src=\"https:\/\/nehilp.prp.usp.br\/~nehilp\/img\/americo.png\" \/><\/a><\/p>\n<\/div>\n<div class=\"false-td-large\">\n<p>MACHADO FILHO, Am\u00e9rico V. L.\u00a0<em>Dicion\u00e1rio etimol\u00f3gico do portugu\u00eas arcaico.<\/em>\u00a0Salvador: Edufba, 2013.<\/p>\n<p>ISBN: 978-85-232-1124-0<\/p>\n<\/div>\n<div class=\"false-td-small\">\n<p align=\"center\"><a title=\"Manual de Etimologia do Portugu\u00eas\" href=\"http:\/\/globolivros.globo.com\/livros\/manual-de-etimologia-do-portugues\" target=\"_blank\" rel=\"noopener noreferrer\"><img decoding=\"async\" class=\"capa\" src=\"https:\/\/nehilp.prp.usp.br\/~nehilp\/img\/manualetimo.png\" \/><\/a><\/p>\n<\/div>\n<div class=\"false-td-large\">\n<p>VIARO, M\u00e1rio E.\u00a0<em>Manual de Etimologia do portugu\u00eas.<\/em>\u00a0S\u00e3o Paulo: Globo, 2013.<\/p>\n<p>eISBN: 978-85-2505-525-5<\/p>\n<\/div>\n<div class=\"false-td-small\">\n<p align=\"center\"><a title=\"Filologia e Lingu\u00edstica Portuguesa vol. 15 (especial): Etimologia do portugu\u00eas\" href=\"http:\/\/revistas.usp.br\/flp\/issue\/view\/6348\" target=\"_blank\" rel=\"noopener noreferrer\"><img decoding=\"async\" class=\"capa\" src=\"https:\/\/nehilp.prp.usp.br\/~nehilp\/img\/FLP15e.png\" \/><\/a><\/p>\n<\/div>\n<div class=\"false-td-large\">\n<p>Filologia e Lingu\u00edstica Portuguesa vol. 15 (especial). S\u00e3o Paulo: FFLCH-USP, 2013. ISSN 2176-9419<\/p>\n<p>VIARO, M\u00e1rio E. Uma breve hist\u00f3ria da Etimologia, p.22-67.<\/p>\n<p>CORRIENTE, Federico. Los arabismos y otras voces medio-orientales del Dicion\u00e1rio Houaiss da L\u00edngua Portuguesa, p. 69-184.<\/p>\n<p>Dispon\u00edvel em:<br \/>\n<a class=\"wraplink\" title=\"Filologia e Lingu\u00edstica Portuguesa\" href=\"http:\/\/revistas.usp.br\/flp\/issue\/view\/6348\">Revista Filologia e L\u00edngua Portuguesa<\/a><\/p>\n<\/div>\n<div class=\"false-td-small\">\n<p align=\"center\"><a title=\"Morfologia Hist\u00f3rica\" href=\"http:\/\/www.cortezeditora.com.br\/DetalheProduto.aspx?ProdutoId=%7B18846F9F-37A5-E311-A9E2-842B2B1656E4%7D\" target=\"_blank\" rel=\"noopener noreferrer\"><img decoding=\"async\" class=\"capa\" src=\"https:\/\/nehilp.prp.usp.br\/~nehilp\/img\/morfhist.png\" \/><\/a><\/p>\n<\/div>\n<div class=\"false-td-large\">\n<p>VIARO, M\u00e1rio E.\u00a0<em>Morfologia Hist\u00f3rica.\u00a0<\/em>S\u00e3o Paulo: Cortez, 2013.<\/p>\n<p>ISBN 978-85-2492-166-7<\/p>\n<\/div>\n<div class=\"false-td-small\">\n<p align=\"center\"><a title=\"Etimologia\" href=\"http:\/\/www.editoracontexto.com.br\/etimologia.html\" target=\"_blank\" rel=\"noopener noreferrer\"><img decoding=\"async\" class=\"capa\" src=\"https:\/\/nehilp.prp.usp.br\/~nehilp\/img\/etimologia.png\" \/><\/a><\/p>\n<\/div>\n<div class=\"false-td-large\">\n<p>VIARO, M\u00e1rio E.\u00a0<em>Etimologia.<\/em>\u00a0S\u00e3o Paulo: Contexto, 2011.<\/p>\n<p>ISBN 978-85-7244-541-2<\/p>\n<\/div>\n<div class=\"false-td-small\">\n<p align=\"center\"><a title=\"Por tr\u00e1s das palavras\" href=\"http:\/\/books.google.com.br\/books\/about\/Por_tr%C3%A1s_das_palavras.html?id=sq4C403IwWIC&amp;redir_esc=y\" target=\"_blank\" rel=\"noopener noreferrer\"><img decoding=\"async\" class=\"capa\" src=\"https:\/\/nehilp.prp.usp.br\/~nehilp\/img\/portras.png\" \/><\/a><\/p>\n<\/div>\n<div class=\"false-td-large\">\n<p>VIARO, M\u00e1rio E.\u00a0<em>Por tr\u00e1s das palavras: manual de Etimologia do portugu\u00eas.<\/em>\u00a0S\u00e3o Paulo: Globo, 2004.<\/p>\n<p>ISBN 852-5038-61-X<\/p>\n<\/div>\n<div class=\"false-td-small\">\n<p align=\"center\"><a title=\"L\u00e9xico e Ideologia\" href=\"http:\/\/books.google.com.br\/books?id=bwd9n9uru0cC&amp;printsec=frontcover&amp;dq=l%C3%A9xico+e+ideologia+na+europa&amp;hl=pt-BR&amp;sa=X&amp;ei=HfgiVKPXCMG1ggTQioCIAg&amp;ved=0CB4Q6AEwAA#v=onepage&amp;q=l%C3%A9xico%20e%20ideologia%20na%20europa&amp;f=false\" target=\"_blank\" rel=\"noopener noreferrer\"><img decoding=\"async\" class=\"capa\" src=\"https:\/\/nehilp.prp.usp.br\/~nehilp\/img\/ideologia.jpg\" \/><\/a><\/p>\n<\/div>\n<div class=\"false-td-large\">\n<p>BIZZOCCHI, Aldo L.\u00a0<em>L\u00e9xico e Ideologia na Europa Ocidental.\u00a0<\/em>S\u00e3o Paulo: Anneblume, 1997.<\/p>\n<p>ISBN 85-85596-97-X<\/p>\n<\/div>\n<\/div>\n","protected":false},"excerpt":{"rendered":"<p>Livros FREITAS, \u00c9rica Santos Soares de.\u00a0Gloss\u00e1rio de palavras portuguesas sufixadas em -mento\u00a0S\u00e3o Paulo: NEHiLP\/FFLCH\/USP, 2018. [&hellip;]<\/p>\n","protected":false},"author":21854,"featured_media":0,"parent":0,"menu_order":0,"comment_status":"closed","ping_status":"closed","template":"","meta":{"footnotes":"","_links_to":"","_links_to_target":""},"class_list":["post-275","page","type-page","status-publish","hentry"],"_links":{"self":[{"href":"https:\/\/sites.usp.br\/nehilp\/wp-json\/wp\/v2\/pages\/275","targetHints":{"allow":["GET"]}}],"collection":[{"href":"https:\/\/sites.usp.br\/nehilp\/wp-json\/wp\/v2\/pages"}],"about":[{"href":"https:\/\/sites.usp.br\/nehilp\/wp-json\/wp\/v2\/types\/page"}],"author":[{"embeddable":true,"href":"https:\/\/sites.usp.br\/nehilp\/wp-json\/wp\/v2\/users\/21854"}],"replies":[{"embeddable":true,"href":"https:\/\/sites.usp.br\/nehilp\/wp-json\/wp\/v2\/comments?post=275"}],"version-history":[{"count":2,"href":"https:\/\/sites.usp.br\/nehilp\/wp-json\/wp\/v2\/pages\/275\/revisions"}],"predecessor-version":[{"id":334,"href":"https:\/\/sites.usp.br\/nehilp\/wp-json\/wp\/v2\/pages\/275\/revisions\/334"}],"wp:attachment":[{"href":"https:\/\/sites.usp.br\/nehilp\/wp-json\/wp\/v2\/media?parent=275"}],"curies":[{"name":"wp","href":"https:\/\/api.w.org\/{rel}","templated":true}]}}